{"id":658,"date":"2011-02-13T00:02:21","date_gmt":"2011-02-12T22:02:21","guid":{"rendered":"https:\/\/vana.mybrand.ee"},"modified":"2016-11-17T14:00:25","modified_gmt":"2016-11-17T12:00:25","slug":"my-brand-rare-stone-rose","status":"publish","type":"page","link":"https:\/\/vana.mybrand.ee\/et\/about-us\/koerad-minevikust\/my-brand-rare-stone-rose\/","title":{"rendered":"My Brand Rare Stone Rose"},"content":{"rendered":"<p><img loading=\"lazy\" decoding=\"async\" class=\"ngg-singlepic ngg-none\" src=\"https:\/\/vana.mybrand.ee\/\/wp-content\/gallery\/my-brand-rare-stone-rose\/ranya-2y.jpg\" alt=\"My Brand Rare Stone Rose\" width=\"640\" height=\"480\" \/><\/p>\n<h3>&#8220;Ranya&#8221;<\/h3>\n<p><em>* pildil 2-aastane.<\/em><\/p>\n<p>must emane (BBEe, j\u00e4tab kollast)<br \/>\ns\u00fcnd: 28.04.2010<br \/>\nOmanik Jaana Railamaa, <a href=\"http:\/\/www.advlabs.net\/\" target=\"_blank\">kennel Adventurer&#8217;s<\/a> (FIN)<\/p>\n<h4>TERVISEUURINGUD<\/h4>\n<ul>\n<li>puusad B\/C,<\/li>\n<li>k\u00fc\u00fcnarliigesed 0:0,<\/li>\n<li>silmad puhtad (aprill&#8217;12)<\/li>\n<li>Optigen prcd\/PRA vanemad puhtad<\/li>\n<li>EIC Clear (N\/N) vanemad puhtad<\/li>\n<li>HNPK (kuiv nina) = Normal<\/li>\n<li><a href=\"http:\/\/register.kennelliit.ee\/reg\/index.php?page=dogCard&amp;dogId=127109\" target=\"_blank\">EKL andmebaasis \u00bb<\/a><\/li>\n<\/ul>\n<h4>ELUST RANYAGA<\/h4>\n<p>Ranja on p\u00e4rit AM BISS CH Big Sky Stone Kutteri ja Rocheby Liberty Belle pesakonnast ja elab kaasomandis Soomes, kennelis Adventurer&#8217;s.<\/p>\n<p>See pesakond on meile olnud \u00e4\u00e4retult t\u00e4htis ja kordumatu. Sally ei saa rohkem kutsikaid ja ka Masonil ei ole Euroopas siiani olnud \u00fchtegi pesakonda. Olen v\u00e4ga t\u00e4nulik Maureenile, Stevenile, Sharile ja Helenile, kes olid abiks selle pesakonna teostamisel ja kellele v\u00f5lgneme t\u00e4nu Ranya ja tema \u00f5dede-vendade eest.<\/p>\n<p>Ranya on saavutanud Soome n\u00e4itustelt juba 3 serti ja selleks, et saada Soome t\u0161empioniks, peab ta veel l\u00e4bima t\u00f5ukatsed. Hoiame p\u00f6idlaid, et k\u00fcllap ka see \u00f5nnestub!<\/p>\n<p>Ranyal s\u00fcndis meie juures suvel 2012 tore pesakond, isaks Tabatha&#8217;s Caffu Queijeiro.<\/p>\n<h4>TEMA SUGUPUU<\/h4>\n<table class=\"tree\" border=\"1\">\n<tbody>\n<tr>\n<td style=\"width: 25%;\" rowspan=\"8\">BISS CH Big Sky&#8217;s Stone Kutter<br \/>\n(USA)<\/td>\n<td rowspan=\"4\">AM CH Paradoc&#8217;s Tabatha Stonehenge<br \/>\n(USA)<\/td>\n<td rowspan=\"2\">AM CAN CH Tabatha&#8217;s Rollick at Carowby CD JH<\/td>\n<td>AM CH Dickendall Arnold<\/td>\n<\/tr>\n<tr>\n<td>Tabatha&#8217;s Siren<\/td>\n<\/tr>\n<tr>\n<td rowspan=\"2\">AM CH Tabatha&#8217;s Tassel<\/td>\n<td>AM CH Linray&#8217;s Unforgetable<\/td>\n<\/tr>\n<tr>\n<td>AM CH Tabatha&#8217;s Dazzle WC<\/td>\n<\/tr>\n<tr>\n<td style=\"width: 25%;\" rowspan=\"4\">Big Sky&#8217;s Sable<br \/>\n(USA)<\/td>\n<td style=\"width: 25%;\" rowspan=\"2\">AM CH Empress Big Sky&#8217;s Blood &amp; Guts!!<\/td>\n<td style=\"width: 25%;\">Tabatha&#8217;s Brown Tuxedo<\/td>\n<\/tr>\n<tr>\n<td>AM CH Tabatha&#8217;s Sizzle<\/td>\n<\/tr>\n<tr>\n<td rowspan=\"2\">Tabatha&#8217;s Token Talent<\/td>\n<td>Am CH Tabatha&#8217;s Genuine Risk<\/td>\n<\/tr>\n<tr>\n<td>Tabatha&#8217;s Token WC<\/td>\n<\/tr>\n<tr>\n<td rowspan=\"8\">EST LV LTU BALT CH EST LV RUS JCH BALT JW&#8217;06 Rocheby Liberty Belle<br \/>\n(UK)<\/td>\n<td rowspan=\"4\">GB SH CH Rocheby Whisky Mac<br \/>\n(UK)<\/td>\n<td rowspan=\"2\">Poolstead Pretentious At Rocheby<\/td>\n<td>GB SH CH Poolstead Preferential<\/td>\n<\/tr>\n<tr>\n<td>Poolstead Precious Pearl<\/td>\n<\/tr>\n<tr>\n<td rowspan=\"2\">GB SH CH Rocheby Acorn<\/td>\n<td>Playmate of Bensondale<\/td>\n<\/tr>\n<tr>\n<td>Rocheby Polished Oak<\/td>\n<\/tr>\n<tr>\n<td rowspan=\"4\">Waterbrook Gentle Breeze Over Rocheby<br \/>\n(UK)<\/td>\n<td rowspan=\"2\">Rocheby Old Smokey<\/td>\n<td>Rocheby Navy Blue<\/td>\n<\/tr>\n<tr>\n<td>GB SH CH Rocheby Polkadot<\/td>\n<\/tr>\n<tr>\n<td rowspan=\"2\">Waterbrook Morning Breeze<\/td>\n<td>Poolstead Pretentious At Rocheby<\/td>\n<\/tr>\n<tr>\n<td>Morning Light Over Waterbrook<\/td>\n<\/tr>\n<\/tbody>\n<\/table>\n<p>&nbsp;<\/p>\n<h4>N\u00c4ITUSETULEMUSED<\/h4>\n<p>Esiteks tahan t\u00e4nada Jaanat ja Sannat, et nad on Ranyat n\u00e4itustele viinud!<\/p>\n<ul>\n<li>Tampere rahvusvaheline 12.05.2012: parim emane, VSP, SERT, CACIB (Satu Yl\u00e4-Mononen, FIN)<\/li>\n<li>Turu 13.08.2011: SERT (Seamus Oates, IR)<\/li>\n<li>Lammi r\u00fchman\u00e4itus 9.07.2011: juuniorklassi II koht, SA, parim emane-4.<\/li>\n<li>Kotka INT 18.06.2011: parim emane, SERT, VSP (Lykourgos Zouboulidis, KRE).<\/li>\n<li>INT Helsinki 21.05.2011: juuniorklassi v\u00f5itja, parim emane-3, reserv-sert (Satu Yl\u00e4-Mononen, FIN)<\/li>\n<li>Soome labradoride erin\u00e4itus 6.02.2011: &#8220;suurep\u00e4rane&#8221; suures juuniorklassis (35 koera)(&#8230;)<\/li>\n<li>Tampere kutsikashow 27.11.2010: parim emane, t\u00f5u parim ja r\u00fchmas II koht! (Harto Stockmari, FIN).<\/li>\n<li>Lahti kutsikashow\u00a0 24.10.2010:\u00a0 parim emane 3 kutsikas (Saara Sampakoski, FIN).<\/li>\n<li>Hyvink\u00e4\u00e4 retriiverite erin\u00e4itus 10.10.2010: vastassoo parim kutsikas (Kirsi Luomanen, FIN).<\/li>\n<li>Lohja kutsikashow 2.10.2010: parim emane 2 kutsikas ja BIS-4 paar koos Wizard&#8217;s Creek B&amp;B At Adventurer&#8217;s (Riitta Niemel\u00e4, FIN).<\/li>\n<li>Labradoride Puppy &amp; Veteran Show Kirkonummi 26.09.2010: Best In Show kutsikas! (Eva Vilamo, FIN).<\/li>\n<\/ul>\n<h4>KOHTUNIKUD RANYAST<\/h4>\n<p><strong>Eva Vilamo<\/strong> (FIN, kennel Waterline&#8217;s)<em> &#8220;<\/em>Hyv\u00e4n tyyppinen pentu. Hyv\u00e4t mittasuhteet. Hyv\u00e4 luusto. Hyvin kulmautunut takaa. Hyv\u00e4 eturinta. Kaunis yl\u00e4linja. Kaunis p\u00e4\u00e4. Hivenen py\u00f6re\u00e4t silm\u00e4t. Erinomainen karvanlaatu. Liikkuu hyvin. Miellytt\u00e4v\u00e4 luonne. Kerrassan suloinen pentu.&#8221; (BIS-kutsikas Labrador Puppy &amp; Veteran Show).<\/p>\n<p><a name=\"gallery\"><\/a>ngg_shortcode_1_placeholder<\/p>","protected":false},"excerpt":{"rendered":"<p>&#8220;Ranya&#8221; * pildil 2-aastane. must emane (BBEe, j\u00e4tab kollast) s\u00fcnd: 28.04.2010 Omanik Jaana Railamaa, kennel Adventurer&#8217;s (FIN) TERVISEUURINGUD puusad B\/C, k\u00fc\u00fcnarliigesed 0:0, silmad puhtad (aprill&#8217;12) Optigen prcd\/PRA vanemad puhtad EIC Clear (N\/N) vanemad puhtad HNPK (kuiv nina) = Normal EKL andmebaasis \u00bb ELUST RANYAGA Ranja on p\u00e4rit AM BISS CH Big Sky Stone Kutteri ja [&hellip;]<\/p>\n","protected":false},"author":1,"featured_media":0,"parent":5477,"menu_order":0,"comment_status":"closed","ping_status":"closed","template":"","meta":{"ngg_post_thumbnail":0,"footnotes":""},"class_list":["post-658","page","type-page","status-publish","hentry"],"_links":{"self":[{"href":"https:\/\/vana.mybrand.ee\/et\/wp-json\/wp\/v2\/pages\/658","targetHints":{"allow":["GET"]}}],"collection":[{"href":"https:\/\/vana.mybrand.ee\/et\/wp-json\/wp\/v2\/pages"}],"about":[{"href":"https:\/\/vana.mybrand.ee\/et\/wp-json\/wp\/v2\/types\/page"}],"author":[{"embeddable":true,"href":"https:\/\/vana.mybrand.ee\/et\/wp-json\/wp\/v2\/users\/1"}],"replies":[{"embeddable":true,"href":"https:\/\/vana.mybrand.ee\/et\/wp-json\/wp\/v2\/comments?post=658"}],"version-history":[{"count":0,"href":"https:\/\/vana.mybrand.ee\/et\/wp-json\/wp\/v2\/pages\/658\/revisions"}],"up":[{"embeddable":true,"href":"https:\/\/vana.mybrand.ee\/et\/wp-json\/wp\/v2\/pages\/5477"}],"wp:attachment":[{"href":"https:\/\/vana.mybrand.ee\/et\/wp-json\/wp\/v2\/media?parent=658"}],"curies":[{"name":"wp","href":"https:\/\/api.w.org\/{rel}","templated":true}]}}