{"id":6766,"date":"2018-07-22T02:16:04","date_gmt":"2018-07-22T00:16:04","guid":{"rendered":"https:\/\/vana.mybrand.ee\/?page_id=6766"},"modified":"2021-12-17T13:24:17","modified_gmt":"2021-12-17T11:24:17","slug":"my-brand-star-alliance","status":"publish","type":"page","link":"https:\/\/vana.mybrand.ee\/et\/about-us\/koerad-minevikust\/my-brand-star-alliance\/","title":{"rendered":"My Brand Star Alliance &#8220;Feya&#8221;"},"content":{"rendered":"<p><img loading=\"lazy\" decoding=\"async\" class=\"alignnone\" src=\"https:\/\/vana.mybrand.ee\/my-brand-star-alliance\/MB-Star-Alliance-veebr2020.jpg\" alt=\"\" width=\"1379\" height=\"919\"><\/p>\n<h2>&#8220;Feya&#8221;<\/h2>\n<p><em>* fotol 21-kuune.<\/em><\/p>\n<p>kollane emane (bbEE, ei p\u00e4randa pruuni)<br \/>\ns\u00fcnd 7.5.2018<br \/>\nKaasomanik Keiju-Karin Rinne, Eesti.<\/p>\n<h4>TERVISEUURINGUD<\/h4>\n<ul>\n<li>puusad A\/A<\/li>\n<li>k\u00fc\u00fcnarliigesed 0:0<\/li>\n<li>silmad puhtad (oktoober 2019)<\/li>\n<li>prcd-PRA puhas (vanemad puhtad)<\/li>\n<li>HNPK puhas (vanemad puhtad)<\/li>\n<li>EIC kandja (N\/EIC)<\/li>\n<li><a href=\"https:\/\/register.kennelliit.ee\/index.php?page=dogCard&amp;dogId=269537\" target=\"_blank\" rel=\"noopener noreferrer\">EKL registris \u00bb<\/a><\/li>\n<\/ul>\n<p><img decoding=\"async\" class=\"aligncenter\" title=\"\" src=\"https:\/\/vana.mybrand.ee\/wp-content\/gallery\/web\/title-bg.png\" alt=\"\"><\/p>\n<p>Feyal on kiiret taipu ja ta on alati seiklusteks valmis. Koos omanikuga treenivad nad mitmel alal, sealhulgas retriiverite tasemekatseks ning vetelp\u00e4\u00e4steks. Hoiame p\u00f6idlad pihus!<\/p>\n<h4>SUGUPUU<\/h4>\n<table class=\"tree\" border=\"1\">\n<tbody>\n<tr>\n<td class=\"tree\" style=\"width: 25%;\" rowspan=\"8\">isa: EST JCH EST JW&#8217;18 EST W&#8217;18 My Brand Sky Wizard<br \/>\nHD A\/A ED 0:0 Eyes Clear<br \/>\nEIC, HNPK, prcd-PRA Normal\/Clear<br \/>\n(EST)<\/td>\n<td class=\"tree\" style=\"width: 25%;\" rowspan=\"4\">World Winner\u201916 EUR Winner\u201916 CIB CIE RUS JCH RUS FIN LTU KZS RKF CH<br \/>\nWest Sib Story Idaho<br \/>\nHD A\/A ED 0:0<br \/>\nPRA-prcd Normal\/Clear<br \/>\nEIC Carrier<br \/>\n(RUS)<\/td>\n<td class=\"tree\" style=\"width: 25%;\" rowspan=\"2\">Larkspur Lynx<\/td>\n<td class=\"tree\">CH Larkspur\u2019s Lothario<\/td>\n<\/tr>\n<tr>\n<td class=\"tree\" style=\"width: 25%;\">Nirvana\u2019s Jade Gate<\/td>\n<\/tr>\n<tr>\n<td class=\"tree\" rowspan=\"2\">INT RUS USB KAZ GR RKF CH Lab\u2019Spb Alabama Girl<\/td>\n<td class=\"tree\">CH Gateway\u2019s Nothin\u2019 But Trouble<\/td>\n<\/tr>\n<tr>\n<td class=\"tree\">CH Mallorn\u2019s Esencia<\/td>\n<\/tr>\n<tr>\n<td class=\"tree\" rowspan=\"4\">Arctic Sky Aquarelle<br \/>\nHD C\/C ED 0:0 Eyes Clear<br \/>\nprcd-PRA Clear By Parentage<br \/>\nEIC Normal\/Clear<br \/>\nHNPK Clear By Parentage<br \/>\n(POL)<\/td>\n<td class=\"tree\" rowspan=\"2\">POL CH JCH LUX JCH JCW\u201911 Arthus Sarracenia Majestic Chameleon<\/td>\n<td class=\"tree\">Buttonwood McIntosh<\/td>\n<\/tr>\n<tr>\n<td class=\"tree\">Wenie Malmesbury Sable Blues<\/td>\n<\/tr>\n<tr>\n<td class=\"tree\" rowspan=\"2\">POL EST LTU CH My Brand Ebony At Aquarelle<\/td>\n<td class=\"tree\"><span lang=\"en-us\">NORD SW &amp; NORW CH Licithas Terje Vigen<\/span><\/td>\n<\/tr>\n<tr>\n<td class=\"tree\">FIN EST LV LTU BALT CH EST LV CH EST LV LTU BALT JCH BALT JW\u201904 9 x BISS Mallorn\u2019s Elysee<\/td>\n<\/tr>\n<tr>\n<td class=\"tree\" rowspan=\"8\">ema: My Brand First Class Five Star<br \/>\nHD A\/A ED 0:0 Eyes Clear<br \/>\nHNPK, prcd-PRA Normal\/Clear, EIC Carrier<br \/>\n(EST)<\/td>\n<td class=\"tree\" rowspan=\"4\">MEX EST CH Tabatha\u2019s Caffu Queijeiro HD OFA good, ED OFA normal, Eyes Clear, prcd-PRA Normal\/Clear<br \/>\n(USA)<\/td>\n<td class=\"tree\" rowspan=\"2\">MEX CH Dickendall Bucky<\/td>\n<td class=\"tree\">NL CH NLV CW \u201999 NW \u201999 Trendmaker\u2019s Tycoon<\/td>\n<\/tr>\n<tr>\n<td class=\"tree\">Dickendall Barbie<\/td>\n<\/tr>\n<tr>\n<td class=\"tree\" rowspan=\"2\">AM CH Tabatha\u2019s Gala WC<\/td>\n<td class=\"tree\">AM CH Dickendall Davaron Gable<\/td>\n<\/tr>\n<tr>\n<td class=\"tree\">AM CH Tabatha\u2019s Giggle WC<\/td>\n<\/tr>\n<tr>\n<td class=\"tree\" rowspan=\"4\">Tweedledum Baila Baila<br \/>\nHD A\/A ED 0:0, Eyes Clear, prcd-PRA Clear<br \/>\n(FIN)<\/td>\n<td class=\"tree\" rowspan=\"2\">FIN CH Devonshires London Edition<\/td>\n<td class=\"tree\">Am Ch Devonshires Limited Edition WC<\/td>\n<\/tr>\n<tr>\n<td class=\"tree\">AM CH Devonshires Darjeeling<\/td>\n<\/tr>\n<tr>\n<td class=\"tree\" rowspan=\"2\">Tweedledum Give N Take<\/td>\n<td class=\"tree\">Mallorn\u2019s Ursus Arctos<\/td>\n<\/tr>\n<tr>\n<td class=\"tree\">FIN EST CH Tweedledum Purple Evening<\/td>\n<\/tr>\n<\/tbody>\n<\/table>\n<p><img loading=\"lazy\" decoding=\"async\" src=\"https:\/\/vana.mybrand.ee\/my-brand-star-alliance\/AKA05231-web.jpg\" alt=\"My Brand Star Alliance at training. Photo by Aleksandr Kozulin.\" width=\"1379\" height=\"920\"><\/p>\n<p><em>My Brand Star Alliance koolitusel. Foto: Aleksandr Kozulin.<\/em><\/p>\n<h4><img decoding=\"async\" class=\"aligncenter\" title=\"\" src=\"https:\/\/vana.mybrand.ee\/wp-content\/gallery\/web\/title-bg.png\" alt=\"\"><\/h4>\n<h4>N\u00c4ITUSTE TULEMUSED<\/h4>\n<ul>\n<li>Loodetavasti peagi.<\/li>\n<\/ul>\n<h4>KOHTUNIKUD TEMAST<\/h4>\n<ul>\n<li>Loodetavasti peagi.<\/li>\n<\/ul>\n<h4>KATSETE TULEMUSED<\/h4>\n<p>RETRIIVERITE T\u00d5UKATSED:<\/p>\n<ul style=\"list-style-type: square;\">\n<li>21.06.2020 Sooritatud retriiverite t\u00f5ukatse J\u00f5gevamaal, kohtunik Riin Kooli-K\u00f5nnussaar, koerajuht Keiju-Karin Rinne<\/li>\n<\/ul>\n<p>VETELP\u00c4\u00c4STE:<\/p>\n<ul style=\"list-style-type: square;\">\n<li>19.07.2020 VP v\u00f5istlus, kohtunik Monika Rusing: VP2 75 punkti<\/li>\n<li>20.07.2019 VP v\u00f5istlus, kohtunik Danielle Richard: VP1 75 punkti<\/li>\n<\/ul>\n<h4>GALERII<\/h4>\n<p>ngg_shortcode_1_placeholder<\/p>","protected":false},"excerpt":{"rendered":"<p>&#8220;Feya&#8221; * fotol 21-kuune. kollane emane (bbEE, ei p\u00e4randa pruuni) s\u00fcnd 7.5.2018 Kaasomanik Keiju-Karin Rinne, Eesti. TERVISEUURINGUD puusad A\/A k\u00fc\u00fcnarliigesed 0:0 silmad puhtad (oktoober 2019) prcd-PRA puhas (vanemad puhtad) HNPK puhas (vanemad puhtad) EIC kandja (N\/EIC) EKL registris \u00bb Feyal on kiiret taipu ja ta on alati seiklusteks valmis. Koos omanikuga treenivad nad mitmel alal, [&hellip;]<\/p>\n","protected":false},"author":1,"featured_media":0,"parent":5477,"menu_order":0,"comment_status":"closed","ping_status":"closed","template":"","meta":{"ngg_post_thumbnail":0,"footnotes":""},"class_list":["post-6766","page","type-page","status-publish","hentry"],"_links":{"self":[{"href":"https:\/\/vana.mybrand.ee\/et\/wp-json\/wp\/v2\/pages\/6766","targetHints":{"allow":["GET"]}}],"collection":[{"href":"https:\/\/vana.mybrand.ee\/et\/wp-json\/wp\/v2\/pages"}],"about":[{"href":"https:\/\/vana.mybrand.ee\/et\/wp-json\/wp\/v2\/types\/page"}],"author":[{"embeddable":true,"href":"https:\/\/vana.mybrand.ee\/et\/wp-json\/wp\/v2\/users\/1"}],"replies":[{"embeddable":true,"href":"https:\/\/vana.mybrand.ee\/et\/wp-json\/wp\/v2\/comments?post=6766"}],"version-history":[{"count":0,"href":"https:\/\/vana.mybrand.ee\/et\/wp-json\/wp\/v2\/pages\/6766\/revisions"}],"up":[{"embeddable":true,"href":"https:\/\/vana.mybrand.ee\/et\/wp-json\/wp\/v2\/pages\/5477"}],"wp:attachment":[{"href":"https:\/\/vana.mybrand.ee\/et\/wp-json\/wp\/v2\/media?parent=6766"}],"curies":[{"name":"wp","href":"https:\/\/api.w.org\/{rel}","templated":true}]}}