{"id":6773,"date":"2018-09-04T20:47:56","date_gmt":"2018-09-04T18:47:56","guid":{"rendered":"https:\/\/vana.mybrand.ee\/?page_id=6773"},"modified":"2025-09-15T20:31:19","modified_gmt":"2025-09-15T18:31:19","slug":"kaasomand","status":"publish","type":"page","link":"https:\/\/vana.mybrand.ee\/et\/library\/kaasomand\/","title":{"rendered":"Koer kaasomandisse &#8211; mida see t\u00e4hendab?"},"content":{"rendered":"<p><img loading=\"lazy\" decoding=\"async\" class=\"alignleft size-full wp-image-6570\" src=\"http:\/\/vana.mybrand.ee\/wp-content\/uploads\/2018\/03\/32497710183_ae040fe5e1_o.jpg\" alt=\"\" width=\"3511\" height=\"2345\" srcset=\"https:\/\/vana.mybrand.ee\/wp-content\/uploads\/2018\/03\/32497710183_ae040fe5e1_o.jpg 1600w, https:\/\/vana.mybrand.ee\/wp-content\/uploads\/2018\/03\/32497710183_ae040fe5e1_o-300x200.jpg 300w, https:\/\/vana.mybrand.ee\/wp-content\/uploads\/2018\/03\/32497710183_ae040fe5e1_o-768x513.jpg 768w, https:\/\/vana.mybrand.ee\/wp-content\/uploads\/2018\/03\/32497710183_ae040fe5e1_o-1024x684.jpg 1024w\" sizes=\"auto, (max-width: 3511px) 100vw, 3511px\" \/><\/p>\n<h3>&nbsp;<\/h3>\n<p>Koera kaasomand t\u00e4hendab, et kasvataja annab lootustandva kutsika perele, kus koer elab kogu oma elu, saades piiramatut isikliku t\u00e4helepanu. Samal ajal s\u00e4ilib kasvatajal \u00f5igus koera aretuses kasutada, juhul kui koera tervis, temperament ja muud omadused seda v\u00f5imaldavad.<\/p>\n<p>Pere ei maksa kutsika eest t\u00e4ishinda, vaid tagatismaksu (tavaliselt poole kutsika hinnast). Kui koer saab pesakonna, tagastab kasvataja perele tagatismaksu ja omandi\u00f5igus l\u00e4heb t\u00e4ielikult perele \u00fcle. Kui koera aretuses ei kasutata, l\u00f5peb kaasomandileping ja tagatismaksu ei tagastata. Kaasomand annab kasvatajale v\u00f5imaluse oma aretust\u00f6\u00f6d j\u00e4tkata, ilma et ta peaks kodus suurt koertekarja pidama.<\/p>\n<p><em>*Artiklis k\u00e4sitletakse Soome Kennelliidu lepingu alusel tehtud kaasomandi lepingut, mida kasutame oma kennelis. Kui s\u00f5lmid kaasomandilepingu mujal, uuri hoolikalt kasvatajalt ja lepingust, millised on kaasnevad \u00f5igused ja kohustused.<\/em><\/p>\n<h4>Miks kaasomand? Miks kasvataja lihtsalt ei j\u00e4ta pesakonna parimat kutsikat endale ja m\u00fc\u00fc \u00fclej\u00e4\u00e4nuid?<\/h4>\n<p>Aretuse eesm\u00e4rk on tavaliselt s\u00e4ilitada v\u00f5i parandada t\u00f5u taset. J\u00e4rglasi peaksid saama need koerad, kes on v\u00e4hemalt sama terved ja t\u00f5ut\u00fc\u00fcbilised kui nende vanemad. Labradori retriiverite puhul hinnatakse aretuses koera temperamenti, n\u00e4rvikava, t\u00f6\u00f6omadusi, tervist, terviseuuringute tulemusi, geeniuuringuid ja arvesse v\u00f5etakse ka koera l\u00e4hisugulaste omadusi ning tervist. K\u00f5ik need kriteeriumid v\u00e4hendavad aretuseks sobivate koerte hulka, mist\u00f5ttu vaid v\u00e4ike osa paljulubavatest kutsikatest j\u00f5uab aretusse.<\/p>\n<p>Seda, kas koer sobib aretusse ja milline on tema aretusv\u00e4\u00e4rtus, saab kahjuks hinnata alles siis, kui koer on juba t\u00e4iskasvanud. Paljusid terviseuuringuid saab ametlikult teha vaid 12-kuuseks saanud koerale, nende seas n\u00e4ites puusad, silmad, s\u00fcda ja k\u00fc\u00fcnarliigesed. Samuti kujuneb koera iseloom ja temperament suures osas esimeste aastate jooksul. Paljud haigused annavad endast&nbsp; esimest korda m\u00e4rku alles siis, kui kutsikast on saanud t\u00e4iskasvanud ja suguk\u00fcps koer (allergiad, epilepsia jne).&nbsp;<\/p>\n<p>Kui kasvataja tahab olla aretuses valiv, peaks ta j\u00e4tma endale kasvama mitu kutsikat, et aastate m\u00f6\u00f6dudes valida neist parim. Suurtes kennelis on sageli koerte eest hoolitsemise jaoks selleks eraldi meeskond, kuid P\u00f5hjamaades kasvatatakse koeri tavaliselt kodukennelites. Seet\u00f5ttu antakse paljulubavad kutsikad kaasomandisse ja hiljem valitakse neist aretuseks k\u00f5ige sobivamad. Nii tagatakse ka see, et igal koeral on oma pere, piisavalt t\u00e4helepanu ja aktiivne elu.<\/p>\n<h3>Kes kannab millised kulud?<\/h3>\n<p>Pere katab koera igap\u00e4evaeluga seotud kulud: toit, vaktsineerimised, hooldus, varustus, koolitus jm. Kasvataja katab aretuskulud, nagu terviseuuringud, geenitestid, paaritusmaksud, viljastuskulud, poegimise ja kutsikate hooldusega seotud kulud.<\/p>\n<p>Kaasomandilepingu tingimused tuleks kirjalikult kokku leppida, sealhulgas kaasomandi kehtivusaeg v\u00f5i pesakondade arv. Tavaliselt on emase kutsika puhul kokkulepitud 1-2 pesakonda, isastel koertel m\u00e4\u00e4ratakse aretus\u00f5iguse l\u00f5ppemine vanuse v\u00f5i pesakondade arvu j\u00e4rgi.<\/p>\n<h3>Kui kaua kestab kaasomand?<\/h3>\n<p>Kui koer mingil p\u00f5hjusel aretusse ei sobi, l\u00f5peb kaasomand tavaliselt 1-2-aastaselt ja koera omandi\u00f5igus l\u00e4heb perele \u00fcle. Kui koer sobib aretusse ja saab \u00fche v\u00f5i kaks pesakonda, l\u00e4heb omandi\u00f5igus perele \u00fcle tavaliselt 3-5-aastaselt.<\/p>\n<h3>Kas kaasomanik peab kutsikatega tegelema?<\/h3>\n<p>Emase kaasomandikoera pesakond v\u00f5ib s\u00fcndida kas pere juures v\u00f5i kasvataja juures. Kuna kasvatajal on enamasti rohkem kogemusi, l\u00e4heb emane sageli n\u00e4dal enne poegimist kasvatajale ja tuleb tagasi 5-6 n\u00e4dala p\u00e4rast, kui kutsikad on v\u00f5\u00f5rutatud.<\/p>\n<h3>Kas kaasomanik peab osalema n\u00e4itustel v\u00f5i aretuses?<\/h3>\n<p>Ei, kui seda pole eraldi kokku lepitud. Meie kaasomandikutsikad elavad perekoertena, kes v\u00f5ivad aeg-ajalt kasvatajaga n\u00e4itusel v\u00f5i katsel osaleda. Kui sul on aga huvi n\u00e4ituste ja aretuse vastu, v\u00f5ib kaasomand olla ainuke viis saada heast liinist aretuspotentsiaaliga kutsikas ning leida kasvatajas mentor, kes tutvustab t\u00f5u ja aretuse n\u00fcansse.<\/p>\n<h3>Kas kaasomandikutsika v\u00f5ib \u00e4ra osta?<\/h3>\n<p>Kaasomandikutsikad ei ole m\u00fc\u00fcgiks. Kasvataja, kes otsib kaasomandikodu, seisab valiku ees \u201ej\u00e4tta koju v\u00f5i anda kaasomandisse\u201c. Konkreetne kaasomandikutsikas v\u00f5ib olla aastatepikkuse aretust\u00f6\u00f6 vili v\u00f5i ainus v\u00f5imalus liini j\u00e4tkamiseks, mist\u00f5ttu tema v\u00e4\u00e4rtus kasvataja jaoks ei seisne hinnas.<\/p>\n<h3>Kas emapuhkus teises kodus v\u00f5ib koerale stressi p\u00f5hjustada?<\/h3>\n<p>H\u00e4sti sotsialiseeritud ja tasakaaluka n\u00e4rvikavaga labrador kohaneb tavaliselt kergesti. Kasvataja juures on tuttavad inimesed ja koerad, kellega kutsikas juba varakult harjub. M\u00f5ned kasvatajad pakuvad koerale ka hoiukodu, mis v\u00f5ib olla koerale nagu \u201evanaema juurde puhkusele minek\u201c.<\/p>\n<h3>Kas kasvataja v\u00f5ib koera tagasi v\u00f5tta?<\/h3>\n<p>Lepingu kohaselt ei ole kasvatajal sellist \u00f5igust. Probleemide korral lahendatakse olukord l\u00e4bir\u00e4\u00e4kimiste v\u00f5i n\u00f5ustajate abil.<\/p>\n<p><img loading=\"lazy\" decoding=\"async\" class=\"alignleft size-full wp-image-3983\" src=\"http:\/\/vana.mybrand.ee\/wp-content\/uploads\/2015\/11\/8.jpg\" alt=\"\" width=\"3088\" height=\"2056\" srcset=\"https:\/\/vana.mybrand.ee\/wp-content\/uploads\/2015\/11\/8.jpg 1600w, https:\/\/vana.mybrand.ee\/wp-content\/uploads\/2015\/11\/8-300x200.jpg 300w, https:\/\/vana.mybrand.ee\/wp-content\/uploads\/2015\/11\/8-1024x682.jpg 1024w\" sizes=\"auto, (max-width: 3088px) 100vw, 3088px\" \/><\/p>\n<h4>Millal mitte v\u00f5tta kutsikat kaasomandisse?<\/h4>\n<p>Kindlasti ei peaks kutsikat kaasomandisse v\u00f5tma juhul, kui:<\/p>\n<ul>\n<li>Midagi j\u00e4\u00e4b ebaselgeks v\u00f5i tingimused tunduvad eba\u00f5iglased. Kaasomandileping peab selgelt m\u00e4\u00e4ratlema, millal omandi\u00f5igus perele \u00fcle l\u00e4heb ja kes vastutab erinevate kulude eest.<\/li>\n<li>Sind h\u00e4irib m\u00f5te, et su koer saab tulevikus pesakonna kasvataja juures.<\/li>\n<li>Sa ei ole valmis j\u00e4rgima kasvataja juhiseid kutsika kasvatamisel ja arendamisel.<\/li>\n<li>Sa ei tunne kasvatajaga sidet. Kutsikat vaatama minnes peaksid k\u00f5ik su k\u00fcsimused saama vastatud ning peaks j\u00e4\u00e4ma tunne, et teeksid selle inimesega meelsasti koost\u00f6\u00f6d.<\/li>\n<li>Ainus p\u00f5hjus kaasomandikutsika v\u00f5tmiseks on odavam hind. Olgu kutsika hind milline tahes, igasugune koerapidamine eeldab t\u00e4isv\u00e4\u00e4rtuslikku toitu, hooldus- ja treeningvahendeid, ning kutsika esimese eluaasta kulud v\u00f5ivad \u00fcletada isegi kutsika t\u00e4ishinna.<\/li>\n<\/ul>\n<p>Siin on <a href=\"https:\/\/drive.google.com\/file\/d\/11UbPSBbUouvqKDH-vLuPfW9OCTMtPS6Z\/view?usp=sharing\" target=\"_blank\" rel=\"noopener\">link t\u00fc\u00fcpilisele emase koera kaasomandilepingule<\/a>, mida paljud kasvatajad kasutavad. Isaste puhul on kaasomandilepingus tavaliselt m\u00e4\u00e4ratud vanus v\u00f5i paarituste arv, p\u00e4rast mida l\u00e4heb omandi\u00f5igus perele \u00fcle.<\/p>\n<h3>Kogemusi kaasomanike silme l\u00e4bi:<\/h3>\n<p><strong>Kristin<\/strong>:<\/p>\n<blockquote><p><em>&#8220;<span id=\"cch_f15ecc14dc09f8\" class=\"_mh6 _wsc\"><span class=\"_3oh- _58nk\">Meie kaasomandi kogemus on olnud v\u00e4ga positiivne. Lisaks selle, et saime endale supertoreda koerat\u00fcdruku, saime ka v\u00e4ga hea tugiv\u00f5rgu, mis meie jaoks on olnud v\u00e4ga oluline, kuna koerapidamises on olnud paus ja paljusid asju kohe kas ei oska v\u00f5i ei m\u00e4leta. Tekkis palju k\u00fcsimusi, mida ja kuidas \u00f5petada\/sotsialiseerida\/hakkama saada &#8211; kaasomand andis juurde enesekindlust ja s\u00fcdamerahu, et alati on meie jaoks olemas laia kogemusega kasvataja, kelle k\u00e4est k\u00fcsida n\u00f5u, kui k\u00fcsimusi tekib ja et koera heaolu eest seisab rohkem kui \u00fcks inimene. Boonusena oleme n\u00e4itustelt (mitte et ma eriline n\u00e4itustehai oleks &#8211; vastupidi, esialgselt ei olnud \u00fcldse huvi n\u00e4ituste vastu) juurde saanud ka palju lahedaid kogemusi ja toredaid s\u00f5pru\/tuttavaid.&#8221;<\/span><\/span><\/em><\/p><\/blockquote>\n<p><strong>Anneliis: <\/strong><\/p>\n<blockquote><p><em>&#8220;Oma esimese labradori retriiveri v\u00f5tmise ajal tundus mulle kaasomand natukene \u201ckahtlasena\u201d (kuigi uurisin ka Kennelliidust selle kohta ja midagi kahtlast selles ei ole) ning palju kindlam tundus kutsikas kohe v\u00e4lja osta ja olla ainuomanik. Esimene koer tekitas minus s\u00fcgavama huvi labradori retriiveri t\u00f5u vastu ning j\u00e4lgisin erinevate kasvatajate aretust\u00f6\u00f6d ja hoidsin tulevastel pesakondadel silma peal. Oma m\u00f5tetes teadsin, et tulevikus tuleb meie perre veel teinegi labradori retriiver ja siis juba kaasomandis. Natuke v\u00e4hem kui kolm aastat hiljem oligi kaasomandikodu otsimas minu soovidele vastav kutsikas. <\/em><\/p>\n<p><em>Miks ma seekord soovisin koera kaasomandis? Sest see annab mulle suurep\u00e4rase v\u00f5imaluse \u00f5ppida ja n\u00e4ha kasvatajaks olemist l\u00e4hemalt, ilma, et ma ise peaksin hakkama aretusega tegelema. (T\u00f5u)koera entusiastina on see hea v\u00f5imalus teha koost\u00f6\u00f6d ja saada osa pikaajalise kogemusega kasvataja teadmistest ja kogemustest. Kaasomanikuks olemine ei ole igap\u00e4evases elus kuidagi erinev ainuomanikuks olemisest ja tegelikult on minu kogemus lausa nii positiivne, et ma ei n\u00e4e \u00fchtegi p\u00f5hjust, miks ma edaspidi ei peaks v\u00f5tma koera kaasomandisse. See k\u00fcll eeldab kasvataja teadmiste ja kogemuste usaldamist, tahet koost\u00f6\u00f6ks ja avatud meelt, kuid vastu saan koera, kellest v\u00f5ib sirguda oma t\u00f5u silmapaistvamaid ja suurep\u00e4rasemaid esindajaid.&#8221;<\/em><\/p><\/blockquote>\n<p><strong>\u27a1\ufe0f <\/strong><a href=\"http:\/\/www.retriiverid.ee\/kutsikad\/koer-rendilepinguga\/\">Sini Lindroosi artikkel rendi\/kaasomandilepingu teemal Eesti Retriiverite t\u00f5u\u00fchingu lehel<\/a><\/p>","protected":false},"excerpt":{"rendered":"<p>&nbsp; Koera kaasomand t\u00e4hendab, et kasvataja annab lootustandva kutsika perele, kus koer elab kogu oma elu, saades piiramatut isikliku t\u00e4helepanu. Samal ajal s\u00e4ilib kasvatajal \u00f5igus koera aretuses kasutada, juhul kui koera tervis, temperament ja muud omadused seda v\u00f5imaldavad. Pere ei maksa kutsika eest t\u00e4ishinda, vaid tagatismaksu (tavaliselt poole kutsika hinnast). Kui koer saab pesakonna, tagastab [&hellip;]<\/p>\n","protected":false},"author":1,"featured_media":0,"parent":177,"menu_order":0,"comment_status":"closed","ping_status":"closed","template":"","meta":{"ngg_post_thumbnail":0,"footnotes":""},"class_list":["post-6773","page","type-page","status-publish","hentry"],"_links":{"self":[{"href":"https:\/\/vana.mybrand.ee\/et\/wp-json\/wp\/v2\/pages\/6773","targetHints":{"allow":["GET"]}}],"collection":[{"href":"https:\/\/vana.mybrand.ee\/et\/wp-json\/wp\/v2\/pages"}],"about":[{"href":"https:\/\/vana.mybrand.ee\/et\/wp-json\/wp\/v2\/types\/page"}],"author":[{"embeddable":true,"href":"https:\/\/vana.mybrand.ee\/et\/wp-json\/wp\/v2\/users\/1"}],"replies":[{"embeddable":true,"href":"https:\/\/vana.mybrand.ee\/et\/wp-json\/wp\/v2\/comments?post=6773"}],"version-history":[{"count":0,"href":"https:\/\/vana.mybrand.ee\/et\/wp-json\/wp\/v2\/pages\/6773\/revisions"}],"up":[{"embeddable":true,"href":"https:\/\/vana.mybrand.ee\/et\/wp-json\/wp\/v2\/pages\/177"}],"wp:attachment":[{"href":"https:\/\/vana.mybrand.ee\/et\/wp-json\/wp\/v2\/media?parent=6773"}],"curies":[{"name":"wp","href":"https:\/\/api.w.org\/{rel}","templated":true}]}}