{"id":6834,"date":"2018-12-01T21:50:10","date_gmt":"2018-12-01T19:50:10","guid":{"rendered":"https:\/\/vana.mybrand.ee\/?page_id=6834"},"modified":"2022-04-29T13:14:46","modified_gmt":"2022-04-29T11:14:46","slug":"bridgestella-charm-girl-power","status":"publish","type":"page","link":"https:\/\/vana.mybrand.ee\/et\/about-us\/koerad-minevikust\/bridgestella-charm-girl-power\/","title":{"rendered":"Bridgestella Charm Girl Power ~Camilla~"},"content":{"rendered":"<p><img loading=\"lazy\" decoding=\"async\" src=\"https:\/\/vana.mybrand.ee\/brigdestella-charm-girl-power\/Camilla-web-00.jpg\" alt=\"\" width=\"1000\" height=\"750\"><\/p>\n<h3>&#8220;Camilla&#8221;<\/h3>\n<p>kollane emane (BBee, ei kanna pruuni v\u00e4rvi)<br \/>\ns\u00fcnd: 27.03.2018<br \/>\nkasvataja Birgit Truus, kennel Bridgestella<\/p>\n<p><em>* 8-kuune pildil.<\/em><\/p>\n<h4>TERVISEUURINGUTE TULEMUSED:<\/h4>\n<ul>\n<li>puusad A\/A<\/li>\n<li>k\u00fc\u00fcnarliigesed 0:0<\/li>\n<li>silmad puhtad (oktoober 2019)<\/li>\n<li>prcd-PRA puhas (Normal\/Clear)<\/li>\n<li>HNPK puhas (Normal\/Clear)<\/li>\n<li>EIC puhas (N\/N)<\/li>\n<li><a href=\"https:\/\/register.kennelliit.ee\/index.php?page=dogCard&amp;dogId=265352\" target=\"_blank\" rel=\"noopener noreferrer\">EKL andmebaasis \u00bb<\/a><\/li>\n<\/ul>\n<p><img loading=\"lazy\" decoding=\"async\" class=\"aligncenter\" src=\"https:\/\/vana.mybrand.ee\/wp-content\/gallery\/web\/title-bg.png\" alt=\"title-bg\" width=\"466\" height=\"17\"><\/p>\n<p>See noor labradorineiu on p\u00e4rit Tawastway&#8217;s Snowholicu pesakonnast, mille emaks on My Brand Good Glory. Ait\u00e4h usalduse eest, Birgit! Hoiame Camillale ja tema pesakonnakaaslastele p\u00f6ialt!<\/p>\n<h4>SUGUPUU:<\/h4>\n<table class=\"tree\" border=\"1\">\n<tbody>\n<tr>\n<td class=\"tree\" rowspan=\"8\">EST RUS JCH JTWC\u201915 TWC\u201915 Tawastway\u2019s Snowholic<br \/>\nHD A\/A, ED 0:0, Optigen prcd-PRA Normal\/Clear, EIC Clear (N\/N)<br \/>\n(FIN)<\/td>\n<td class=\"tree\" rowspan=\"4\">SW SH CH POL JCH JW\u201911 NL CH C.I.B. Seawinds Polish Poker<br \/>\nHD A\/A, ED 0:0, Optigen prcd-PRA Normal\/Clear, EIC Clear (N\/N)<br \/>\n(USA)<\/td>\n<td class=\"tree\" rowspan=\"2\">BISS CH Wit\u2019s End Jacks Or Better At Blackwing<\/td>\n<td class=\"tree\">BISS CH Blackwing Superfine<\/td>\n<\/tr>\n<tr>\n<td class=\"tree\">AM CH Wit\u2019s End Vegas Showgirl<\/td>\n<\/tr>\n<tr>\n<td class=\"tree\" rowspan=\"2\">AM CH Allegheny\u2019s Belles Of Ireland<\/td>\n<td class=\"tree\">Dickendall Buckstone Superman JH<\/td>\n<\/tr>\n<tr>\n<td class=\"tree\">AM CH Allegheny\u2019s Gem Of Caer Bren JH<\/td>\n<\/tr>\n<tr>\n<td class=\"tree\" rowspan=\"4\">C.I.B FI SW&nbsp; EST CH Tealway Early Bird<br \/>\nHD A\/A ED 0:0 eyes clear, prcd-PRA Normal\/Clear, EIC Clear (N\/N)<br \/>\n(FIN)<\/td>\n<td class=\"tree\" rowspan=\"2\">INT &amp; SWISS CH Utter Nonsense of Tintagel Winds<\/td>\n<td class=\"tree\">Lembas To The Moon And Back JW<\/td>\n<\/tr>\n<tr>\n<td class=\"tree\">GB SH CH INT FR SWISS CH&nbsp; Poole\u2019s Memory of Tintagel Winds<\/td>\n<\/tr>\n<tr>\n<td class=\"tree\" rowspan=\"2\">FIN CH Bubbling Savannah<\/td>\n<td class=\"tree\">C.I.B GB SH CH NORD FIN NO CH Carpenny Walpole<\/td>\n<\/tr>\n<tr>\n<td class=\"tree\">FIN CH&nbsp; Bubbling Me-Oh-My<\/td>\n<\/tr>\n<tr>\n<td class=\"tree\" rowspan=\"8\">EST LV LTU BALT JCH My Brand Good Glory<br \/>\nHD A\/A ED 0:0, Eyes Clear,<br \/>\nprcd-PRA Clear, HNPK N\/N Clear, EIC Carrier<br \/>\n(EST)<\/td>\n<td class=\"tree\" rowspan=\"4\">FIN CH Devonshires London Edition<br \/>\nHD A\/A ED 0:0, Eyes Clear<br \/>\nprcd-PRA Normal\/Clear, EIC Clear, HNPK Clear<br \/>\n(USA)<\/td>\n<td class=\"tree\" rowspan=\"2\">Am Ch Devonshires Limited Edition WC<\/td>\n<td class=\"tree\">Timberland Woodsman At Lor-Al<\/td>\n<\/tr>\n<tr>\n<td class=\"tree\">Devonshire Abbey Lane<\/td>\n<\/tr>\n<tr>\n<td class=\"tree\" rowspan=\"2\">AM CH Devonshires Darjeeling<\/td>\n<td class=\"tree\">AM CH Lobuff Bobwhite At Chucklebrook<\/td>\n<\/tr>\n<tr>\n<td class=\"tree\">Devonshires Jasmine<\/td>\n<\/tr>\n<tr>\n<td class=\"tree\" rowspan=\"4\">POL EST LT CH My Brand Ebony At Aquarelle<br \/>\nHD A\/A ED 0:0, Eyes Clear,<br \/>\nprcd-PRA Clear, EIC Carrier (N\/EIC)<br \/>\n(EST)<\/td>\n<td class=\"tree\" rowspan=\"2\">NORD SW &amp; NORW CH Licithas Terje Vigen<\/td>\n<td class=\"tree\">FIN Winner\u201903 Mailiksen Gentleman<\/td>\n<\/tr>\n<tr>\n<td class=\"tree\">NORW CH Licithas Symfoni Norah<\/td>\n<\/tr>\n<tr>\n<td class=\"tree\" rowspan=\"2\">FIN EST LV LTU BALT CH EST LV CH EST LV LTU BALT JCH BALT JW\u201904<br \/>\n9 x BISS Mallorn\u2019s Elysee<\/td>\n<td class=\"tree\">SW CH NORW CH NW\u201997 Mambrinos Triumph<\/td>\n<\/tr>\n<tr>\n<td class=\"tree\">FIN CH Mallorn\u2019s Xanadu<\/td>\n<\/tr>\n<\/tbody>\n<\/table>\n<p><img loading=\"lazy\" decoding=\"async\" class=\"ngg-singlepic ngg-none\" src=\"https:\/\/vana.mybrand.ee\/brigdestella-charm-girl-power\/Camilla-web-03.jpg\" alt=\"Bridgestella Charm Girl Power\" width=\"1400\" height=\"933\"><\/p>\n<h4>N\u00c4ITUSETULEMUSED:<\/h4>\n<ul>\n<li>Loodetavasti varsti.<\/li>\n<\/ul>\n<h4>KOHTUNIKUD TEMAST:<\/h4>\n<ul>\n<li>Loodetavasti varsti.<\/li>\n<\/ul>\n<h4>TEMA GALERII:<\/h4>\n<p>ngg_shortcode_1_placeholder<\/p>","protected":false},"excerpt":{"rendered":"<p>&#8220;Camilla&#8221; kollane emane (BBee, ei kanna pruuni v\u00e4rvi) s\u00fcnd: 27.03.2018 kasvataja Birgit Truus, kennel Bridgestella * 8-kuune pildil. TERVISEUURINGUTE TULEMUSED: puusad A\/A k\u00fc\u00fcnarliigesed 0:0 silmad puhtad (oktoober 2019) prcd-PRA puhas (Normal\/Clear) HNPK puhas (Normal\/Clear) EIC puhas (N\/N) EKL andmebaasis \u00bb See noor labradorineiu on p\u00e4rit Tawastway&#8217;s Snowholicu pesakonnast, mille emaks on My Brand Good Glory. [&hellip;]<\/p>\n","protected":false},"author":1,"featured_media":6835,"parent":5477,"menu_order":0,"comment_status":"closed","ping_status":"closed","template":"","meta":{"ngg_post_thumbnail":0,"footnotes":""},"class_list":["post-6834","page","type-page","status-publish","has-post-thumbnail","hentry"],"_links":{"self":[{"href":"https:\/\/vana.mybrand.ee\/et\/wp-json\/wp\/v2\/pages\/6834","targetHints":{"allow":["GET"]}}],"collection":[{"href":"https:\/\/vana.mybrand.ee\/et\/wp-json\/wp\/v2\/pages"}],"about":[{"href":"https:\/\/vana.mybrand.ee\/et\/wp-json\/wp\/v2\/types\/page"}],"author":[{"embeddable":true,"href":"https:\/\/vana.mybrand.ee\/et\/wp-json\/wp\/v2\/users\/1"}],"replies":[{"embeddable":true,"href":"https:\/\/vana.mybrand.ee\/et\/wp-json\/wp\/v2\/comments?post=6834"}],"version-history":[{"count":0,"href":"https:\/\/vana.mybrand.ee\/et\/wp-json\/wp\/v2\/pages\/6834\/revisions"}],"up":[{"embeddable":true,"href":"https:\/\/vana.mybrand.ee\/et\/wp-json\/wp\/v2\/pages\/5477"}],"wp:featuredmedia":[{"embeddable":true,"href":"https:\/\/vana.mybrand.ee\/et\/wp-json\/wp\/v2\/media\/6835"}],"wp:attachment":[{"href":"https:\/\/vana.mybrand.ee\/et\/wp-json\/wp\/v2\/media?parent=6834"}],"curies":[{"name":"wp","href":"https:\/\/api.w.org\/{rel}","templated":true}]}}