{"id":7127,"date":"2019-06-29T23:48:40","date_gmt":"2019-06-29T21:48:40","guid":{"rendered":"https:\/\/vana.mybrand.ee\/?page_id=7127"},"modified":"2022-04-29T19:15:09","modified_gmt":"2022-04-29T17:15:09","slug":"my-brand-three-thousand-reasons","status":"publish","type":"page","link":"https:\/\/vana.mybrand.ee\/et\/about-us\/koerad-minevikust\/my-brand-three-thousand-reasons\/","title":{"rendered":"My Brand Three Thousand Reasons ~Kimi~"},"content":{"rendered":"<p><img loading=\"lazy\" decoding=\"async\" class=\"alignnone\" src=\"https:\/\/vana.mybrand.ee\/my-brand-three-thousand-reasons\/MB-THREE-THOUSAND-REASONS-1y.jpg\" alt=\"My Brand Three Thousand Reasons\" width=\"1400\" height=\"934\"><\/p>\n<h2>My Brand Three Thousand Reasons &#8220;Kimi&#8221;<\/h2>\n<p><em>* fotol aastane<br \/>\n<\/em><\/p>\n<p>must emane (BBEe? BBEE?)<br \/>\ns\u00fcnd 23.7.2018<br \/>\nOmanik Guna Ri\u017ee, <a href=\"http:\/\/www.reveriestream.lv\/\" target=\"_blank\" rel=\"noopener noreferrer\">kennel Reverie Stream<\/a>, L\u00e4ti<br \/>\n<a href=\"https:\/\/register.kennelliit.ee\/index.php?page=dogCard&amp;dogId=272363\" target=\"_blank\" rel=\"noopener noreferrer\">Eesti Kennelliidu registris \u00bb<\/a><\/p>\n<h4>TERVISEUURINGUD<\/h4>\n<ul>\n<li>Puusad, k\u00fc\u00fcnarliigesed ja silmad uuritakse 2019<\/li>\n<li>prcd-PRA puhas (vanemad puhtad)<\/li>\n<li>HNPK puhas (vanemad puhtad)<\/li>\n<li>EIC puhas (vanemad puhtad)<\/li>\n<\/ul>\n<h4>SUGUPUU<\/h4>\n<table class=\"tree\" style=\"width: 100%; height: 441px;\" border=\"1\">\n<tbody>\n<tr style=\"height: 24px;\">\n<td style=\"width: 25%;\" rowspan=\"8\">AM BISS GCH Mtn Meadow Buckeye Brutus OFA good, ED OFA normal, Eyes Clear, prcd-PRA Normal\/Clear Heart OFA Normal<br \/>\n(USA)<\/td>\n<td style=\"width: 25%;\" rowspan=\"4\">AM CH Mtn Meadow Black Eye Affair<br \/>\n(USA)<\/td>\n<td style=\"width: 25%;\" rowspan=\"2\">AM CH Kai Den\u00b4s Black Tie Affair JH<\/td>\n<td style=\"width: 25%;\">CH Guideline\u2019s Master Card<\/td>\n<\/tr>\n<tr style=\"height: 24px;\">\n<td style=\"width: 25%;\">CH Hennings Mill Hase\u2019N to Kai Den WC<\/td>\n<\/tr>\n<tr style=\"height: 24px;\">\n<td style=\"width: 25%;\" rowspan=\"2\">AM CH Mtn Meadow It\u2019s About Time<\/td>\n<td style=\"width: 25%;\">AM CH Dickendall Arnold<\/td>\n<\/tr>\n<tr style=\"height: 24px;\">\n<td style=\"width: 25%;\">Mnt Meadow Party Time<\/td>\n<\/tr>\n<tr style=\"height: 24px;\">\n<td style=\"width: 25%;\" rowspan=\"4\">AM CH Mtn Meadow What a Sight<br \/>\n(USA)<\/td>\n<td style=\"width: 25%;\" rowspan=\"2\">AM CH Springbok\u2019s Out\u2019A-Sight<\/td>\n<td style=\"width: 25%;\">BISS CH Lobuff\u2019s Bare Necessities CD JH<\/td>\n<\/tr>\n<tr style=\"height: 24px;\">\n<td style=\"width: 25%;\">AM CH Blackthorn Springbok Mujaji<\/td>\n<\/tr>\n<tr style=\"height: 33px;\">\n<td style=\"width: 25%;\" rowspan=\"2\">AM CH Mtn Meadow Lady Godiva<\/td>\n<td style=\"width: 25%;\">AM CH Mtn Meadow Romeo<\/td>\n<\/tr>\n<tr style=\"height: 24px;\">\n<td style=\"width: 25%;\">Classic Mt Meadow Lady Luck<\/td>\n<\/tr>\n<tr style=\"height: 48px;\">\n<td style=\"width: 25%;\" rowspan=\"8\">EST JCH EST JW&#8217;17 TLN JW&#8217;17<br \/>\nMy Brand Last Minute Delivery<br \/>\nHD B\/C ED 0:0 Eyes Clear<br \/>\nHNPK Clear, prcd-PRA Clear, EIC Clear<br \/>\n(EST)<\/td>\n<td style=\"width: 25%;\" rowspan=\"4\">Vegas Night Bella Mare<br \/>\nHD A\/A ED 0:0 Eyes Clear<br \/>\nprcd-PRA Normal\/Clear<br \/>\nAlso Normal\/Clear on EIC, HNPK, CNM &amp; Narcolepsia<br \/>\n(POL)<\/td>\n<td style=\"width: 25%;\" rowspan=\"2\">AM CH POL CH Dickendall Buckstone Three Dog Night<\/td>\n<td style=\"width: 25%;\">MBISS AM GRCH CAN CH Saddlehill Late Knight Scramble<\/td>\n<\/tr>\n<tr style=\"height: 24px;\">\n<td style=\"width: 25%;\">CH Dickendall Princess Phoebe<\/td>\n<\/tr>\n<tr style=\"height: 24px;\">\n<td style=\"width: 25%;\" rowspan=\"2\">JCH PL Sandamar HySpire I\u2019m So Vain<\/td>\n<td style=\"width: 25%;\">CH Buttonwood Stone Cliff True Grit<\/td>\n<\/tr>\n<tr style=\"height: 24px;\">\n<td style=\"width: 25%;\">Hyspire It Had To Be You<\/td>\n<\/tr>\n<tr style=\"height: 24px;\">\n<td style=\"width: 25%;\" rowspan=\"4\">My Brand Kiss From A Rose<br \/>\nHD B\/B ED 0:0 Eyes Clear<br \/>\nprcd-PRA Normal\/Clear<br \/>\nHNPK Clear by Parentage<br \/>\nfull dentition<br \/>\n(EST)<\/td>\n<td style=\"width: 25%;\" rowspan=\"2\">MEX EST CH Tabatha\u2019s Caffu Queijeiro<\/td>\n<td style=\"width: 25%;\">CH Dickendall Bucky<\/td>\n<\/tr>\n<tr style=\"height: 24px;\">\n<td style=\"width: 25%;\">CH Tabatha\u2019s Gala WC<\/td>\n<\/tr>\n<tr style=\"height: 24px;\">\n<td style=\"width: 25%;\" rowspan=\"2\">My Brand Rare Stone Rose<\/td>\n<td style=\"width: 25%;\">BISS CH Big Sky\u2019s Stone Kutter<\/td>\n<\/tr>\n<tr style=\"height: 48px;\">\n<td style=\"width: 25%;\">EST LV RUS JCH BALT JW\u201906 Rocheby Liberty Belle<\/td>\n<\/tr>\n<\/tbody>\n<\/table>\n<h4>N\u00c4ITUSTE TULEMUSED<\/h4>\n<table style=\"width: 100%;\">\n<tbody>\n<tr>\n<th style=\"width: 9.17431%;\">Kuup\u00e4ev<\/th>\n<th style=\"width: 33.8303%;\">N\u00e4itus<\/th>\n<th style=\"width: 25%;\">Kohtunik<\/th>\n<th style=\"width: 11.4679%;\">Klass<\/th>\n<th style=\"width: 19.0367%;\">Tulemused<\/th>\n<\/tr>\n<tr>\n<td style=\"width: 9.17431%;\">11.05.2019<\/td>\n<td style=\"width: 33.8303%;\">Jahikoerte erin\u00e4itus, S\u00e4revere, J\u00e4rvamaa<\/td>\n<td style=\"width: 25%;\">Tatyana Chumakina (Belarus)<\/td>\n<td style=\"width: 11.4679%;\">Juunioriklass<\/td>\n<td style=\"width: 19.0367%;\">SP 1 SK TPJ Jun SERT<\/td>\n<\/tr>\n<\/tbody>\n<\/table>\n<h4>GALERII<\/h4>\n<p>ngg_shortcode_1_placeholder<\/p>","protected":false},"excerpt":{"rendered":"<p>My Brand Three Thousand Reasons &#8220;Kimi&#8221; * fotol aastane must emane (BBEe? BBEE?) s\u00fcnd 23.7.2018 Omanik Guna Ri\u017ee, kennel Reverie Stream, L\u00e4ti Eesti Kennelliidu registris \u00bb TERVISEUURINGUD Puusad, k\u00fc\u00fcnarliigesed ja silmad uuritakse 2019 prcd-PRA puhas (vanemad puhtad) HNPK puhas (vanemad puhtad) EIC puhas (vanemad puhtad) SUGUPUU AM BISS GCH Mtn Meadow Buckeye Brutus OFA good, [&hellip;]<\/p>\n","protected":false},"author":1,"featured_media":0,"parent":5477,"menu_order":0,"comment_status":"closed","ping_status":"closed","template":"","meta":{"ngg_post_thumbnail":0,"footnotes":""},"class_list":["post-7127","page","type-page","status-publish","hentry"],"_links":{"self":[{"href":"https:\/\/vana.mybrand.ee\/et\/wp-json\/wp\/v2\/pages\/7127","targetHints":{"allow":["GET"]}}],"collection":[{"href":"https:\/\/vana.mybrand.ee\/et\/wp-json\/wp\/v2\/pages"}],"about":[{"href":"https:\/\/vana.mybrand.ee\/et\/wp-json\/wp\/v2\/types\/page"}],"author":[{"embeddable":true,"href":"https:\/\/vana.mybrand.ee\/et\/wp-json\/wp\/v2\/users\/1"}],"replies":[{"embeddable":true,"href":"https:\/\/vana.mybrand.ee\/et\/wp-json\/wp\/v2\/comments?post=7127"}],"version-history":[{"count":0,"href":"https:\/\/vana.mybrand.ee\/et\/wp-json\/wp\/v2\/pages\/7127\/revisions"}],"up":[{"embeddable":true,"href":"https:\/\/vana.mybrand.ee\/et\/wp-json\/wp\/v2\/pages\/5477"}],"wp:attachment":[{"href":"https:\/\/vana.mybrand.ee\/et\/wp-json\/wp\/v2\/media?parent=7127"}],"curies":[{"name":"wp","href":"https:\/\/api.w.org\/{rel}","templated":true}]}}