{"id":7280,"date":"2019-11-15T14:44:32","date_gmt":"2019-11-15T12:44:32","guid":{"rendered":"https:\/\/vana.mybrand.ee\/?page_id=7280"},"modified":"2025-02-12T09:19:26","modified_gmt":"2025-02-12T07:19:26","slug":"my-brand-night-is-still-young","status":"publish","type":"page","link":"https:\/\/vana.mybrand.ee\/et\/about-us\/koerad-minevikust\/my-brand-night-is-still-young\/","title":{"rendered":"My Brand Night Is Still Young ~Ronda~"},"content":{"rendered":"<p><img loading=\"lazy\" decoding=\"async\" class=\"alignnone\" src=\"https:\/\/vana.mybrand.ee\/wp-content\/gallery\/my-brand-night-is-still-young\/MB-Night-Is-Still-Young.jpg\" alt=\"\" width=\"1000\" height=\"750\"><\/p>\n<h2>My Brand Night Is Still Young &#8220;Ronda&#8221;<\/h2>\n<p><em>* fotol 3-aastane ja vahetamas karva, foto My Brand Labradors<br \/>\n<\/em><\/p>\n<p>must emane (BBEe? BBEE?)<br \/>\ns\u00fcnd 7.7.2019<br \/>\nkaasomanik Rando Lapsanit, Eesti<\/p>\n<h4>TERVISEUURINGUD<\/h4>\n<ul>\n<li>puusad A\/A<\/li>\n<li>k\u00fc\u00fcnarliigesed 0:0<\/li>\n<li>silmad puhtad (juuli 2020)<\/li>\n<li>s\u00fcda ECHO Doppler puhas (sept 2022)<\/li>\n<li><a href=\"https:\/\/register.kennelliit.ee\/index.php?page=dogCard&amp;dogId=292143\" target=\"_blank\" rel=\"noopener noreferrer\">EKL andmebaasis \u00bb<\/a><\/li>\n<\/ul>\n<h4>GEENITESTID<\/h4>\n<ul>\n<li>prcd-PRA Normal\/Clear (vanemad puhtad)<\/li>\n<li>HNPK N\/N puhas (vanemad puhtad)<\/li>\n<li>EIC N\/N puhas (vanemad puhtad)<\/li>\n<\/ul>\n<h4>SUGUPUU<\/h4>\n<table class=\"tree\" border=\"1\">\n<tbody>\n<tr>\n<td class=\"tree\" rowspan=\"8\">MBISJ MX CH PR CH Maroma&#8217;s Captain Cove<br \/>\nHD A\/A ED 0:0 Eyes Clear (AVCO)<br \/>\nHeart: Clear by Doppler<br \/>\nprcd-PRA Normal\/Clear<br \/>\nCNM N\/N (Clear)<br \/>\nHNPK N\/N (Clear)<br \/>\nEIC N\/N (Clear)<br \/>\nlong coat N\/N (Clear)<br \/>\n(MEX)<\/td>\n<td class=\"tree\" rowspan=\"4\">AM GCH Lakeside Memoir Of Gallivant<\/td>\n<td class=\"tree\" rowspan=\"2\">Gallivant Big Pine Out of Africa<\/td>\n<td class=\"tree\">AM GCH Paradocs Bellwether Heath<\/td>\n<\/tr>\n<tr>\n<td class=\"tree\">AM GCH Big Pine Faith in Africa<\/td>\n<\/tr>\n<tr>\n<td class=\"tree\" rowspan=\"2\">AM CH Meredith Herbu Zadora<\/td>\n<td class=\"tree\">POL CH Kimleigh\u2019s New Moon Rising<\/td>\n<\/tr>\n<tr>\n<td class=\"tree\">Yunta Yara Herbu Zadora<\/td>\n<\/tr>\n<tr>\n<td class=\"tree\" rowspan=\"4\">The Princess Of Oz (Concha)<\/td>\n<td class=\"tree\" rowspan=\"2\">AM CH Lobuff Hollyridge Wizard of Oz<\/td>\n<td class=\"tree\">AM CH Lobuff Hollyridge Osprey<\/td>\n<\/tr>\n<tr>\n<td class=\"tree\">Rocheby Replica<\/td>\n<\/tr>\n<tr>\n<td class=\"tree\" rowspan=\"2\">Belquest Princess Maya<\/td>\n<td class=\"tree\">Summerlin Call of Duty<\/td>\n<\/tr>\n<tr>\n<td class=\"tree\">AM CH Belquest Lovely Lady Lumps<\/td>\n<\/tr>\n<tr>\n<td class=\"tree\" rowspan=\"8\">My Brand Last Night At Cheyas<br \/>\nHD A\/A ED 0:0 Eyes Clear<br \/>\nprcd-PRA Normal\/Clear<br \/>\nHNPK N\/N (Clear)<br \/>\nEIC N\/N (Clear)<br \/>\n(EST)<\/td>\n<td class=\"tree\" rowspan=\"4\">Vegas Night Bella Mare<br \/>\nHD A\/A ED 0:0 Eyes Clear<br \/>\nprcd-PRA Normal\/Clear<br \/>\nAlso Normal\/Clear on EIC, HNPK, CNM &amp; Narcolepsia<br \/>\n(POL)<\/td>\n<td class=\"tree\" rowspan=\"2\">AM CH POL CH Dickendall Buckstone Three Dog Night<\/td>\n<td class=\"tree\">MBISS AM GRCH CAN CH Saddlehill Late Knight Scramble<\/td>\n<\/tr>\n<tr>\n<td class=\"tree\">CH Dickendall Princess Phoebe<\/td>\n<\/tr>\n<tr>\n<td class=\"tree\" rowspan=\"2\">JCH PL Sandamar HySpire I\u2019m So Vain<\/td>\n<td class=\"tree\">CH Buttonwood Stone Cliff True Grit<\/td>\n<\/tr>\n<tr>\n<td class=\"tree\">Hyspire It Had To Be You<\/td>\n<\/tr>\n<tr>\n<td class=\"tree\" rowspan=\"4\">My Brand Kiss From A Rose<br \/>\nHD B\/B ED 0:0 Eyes Clear<br \/>\nprcd-PRA Normal\/Clear<br \/>\nHNPK Clear by Parentage<br \/>\nfull dentition<br \/>\n(EST)<\/td>\n<td class=\"tree\" rowspan=\"2\">MEX EST CH Tabatha\u2019s Caffu Queijeiro<\/td>\n<td class=\"tree\">CH Dickendall Bucky<\/td>\n<\/tr>\n<tr>\n<td class=\"tree\">CH Tabatha\u2019s Gala WC<\/td>\n<\/tr>\n<tr>\n<td class=\"tree\" rowspan=\"2\">My Brand Rare Stone Rose<\/td>\n<td class=\"tree\">BISS CH Big Sky\u2019s Stone Kutter<\/td>\n<\/tr>\n<tr>\n<td class=\"tree\">EST LV RUS JCH BALT JW\u201906 Rocheby Liberty Belle<\/td>\n<\/tr>\n<\/tbody>\n<\/table>\n<h4>&nbsp;<img decoding=\"async\" class=\"aligncenter\" title=\"\" src=\"https:\/\/vana.mybrand.ee\/wp-content\/gallery\/web\/title-bg.png\" alt=\"\"><\/h4>\n<h4>KATSETE TULEMUSED<\/h4>\n<p>9.10.2021 <strong>Retriiverite t\u00f6\u00f6katse <\/strong>P\u00e4rnumaal, II j\u00e4rk algklassis, kohtunik Martin Incedi<br \/>\n31.07.2021 <strong>Retriiverite t\u00f5ukatse <\/strong>Ellamaal <strong>= sooritatud<\/strong>, kohtunik Riin Kooli-K\u00f5nnussaar<\/p>\n<h4>GALERII<\/h4>\n<p>ngg_shortcode_1_placeholder<\/p>","protected":false},"excerpt":{"rendered":"<p>My Brand Night Is Still Young &#8220;Ronda&#8221; * fotol 3-aastane ja vahetamas karva, foto My Brand Labradors must emane (BBEe? BBEE?) s\u00fcnd 7.7.2019 kaasomanik Rando Lapsanit, Eesti TERVISEUURINGUD puusad A\/A k\u00fc\u00fcnarliigesed 0:0 silmad puhtad (juuli 2020) s\u00fcda ECHO Doppler puhas (sept 2022) EKL andmebaasis \u00bb GEENITESTID prcd-PRA Normal\/Clear (vanemad puhtad) HNPK N\/N puhas (vanemad puhtad) [&hellip;]<\/p>\n","protected":false},"author":1,"featured_media":0,"parent":5477,"menu_order":0,"comment_status":"closed","ping_status":"closed","template":"","meta":{"ngg_post_thumbnail":0,"footnotes":""},"class_list":["post-7280","page","type-page","status-publish","hentry"],"_links":{"self":[{"href":"https:\/\/vana.mybrand.ee\/et\/wp-json\/wp\/v2\/pages\/7280","targetHints":{"allow":["GET"]}}],"collection":[{"href":"https:\/\/vana.mybrand.ee\/et\/wp-json\/wp\/v2\/pages"}],"about":[{"href":"https:\/\/vana.mybrand.ee\/et\/wp-json\/wp\/v2\/types\/page"}],"author":[{"embeddable":true,"href":"https:\/\/vana.mybrand.ee\/et\/wp-json\/wp\/v2\/users\/1"}],"replies":[{"embeddable":true,"href":"https:\/\/vana.mybrand.ee\/et\/wp-json\/wp\/v2\/comments?post=7280"}],"version-history":[{"count":0,"href":"https:\/\/vana.mybrand.ee\/et\/wp-json\/wp\/v2\/pages\/7280\/revisions"}],"up":[{"embeddable":true,"href":"https:\/\/vana.mybrand.ee\/et\/wp-json\/wp\/v2\/pages\/5477"}],"wp:attachment":[{"href":"https:\/\/vana.mybrand.ee\/et\/wp-json\/wp\/v2\/media?parent=7280"}],"curies":[{"name":"wp","href":"https:\/\/api.w.org\/{rel}","templated":true}]}}