{"id":7306,"date":"2020-02-16T21:32:12","date_gmt":"2020-02-16T19:32:12","guid":{"rendered":"https:\/\/vana.mybrand.ee\/?page_id=7306"},"modified":"2022-09-10T01:20:07","modified_gmt":"2022-09-09T23:20:07","slug":"my-brand-night-of-perfect-dreams","status":"publish","type":"page","link":"https:\/\/vana.mybrand.ee\/et\/males\/my-brand-night-of-perfect-dreams\/","title":{"rendered":"My Brand Night Of Perfect Dreams ~Archie~"},"content":{"rendered":"<p><div style=\"width: 1210px\" class=\"wp-caption alignnone\"><img loading=\"lazy\" decoding=\"async\" src=\"https:\/\/vana.mybrand.ee\/wp-content\/gallery\/my-brand-night-of-perfect-dreams\/IMG_9199-web.jpg\" alt=\"\" width=\"1200\" height=\"800\"><p class=\"wp-caption-text\">My Brand Night Of Perfect Dreams &#8216;Archie&#8217; at the age of 1 year<\/p><\/div><\/p>\n<h2>&#8220;Archie&#8221;<\/h2>\n<p>kollane isane (BBee, ei kanna pruuni)<br \/>\ns\u00fcnd 7.7.2019<\/p>\n<h4>TERVISEUURINGUD<\/h4>\n<ul>\n<li>puusad A\/A,<\/li>\n<li>k\u00fc\u00fcnarliigesed 0:0<\/li>\n<li>silmad puhtad (Juuli 2020)<\/li>\n<li>s\u00fcdameuuring puhas (Echo Doppler)<\/li>\n<li>prcd-PRA Normal\/Clear (vanemad puhtad)<\/li>\n<li>HNPK Normal\/Clear (vanemad puhtad)<\/li>\n<li>EIC Clear (N\/N) (vanemad puhtad)<\/li>\n<li><a href=\"https:\/\/register.kennelliit.ee\/index.php?page=dogCard&amp;dogId=292142\" target=\"_blank\" rel=\"noopener noreferrer\">EKL andmebaasis \u00bb<\/a><\/li>\n<\/ul>\n<p><img decoding=\"async\" class=\"aligncenter\" title=\"\" src=\"https:\/\/vana.mybrand.ee\/wp-content\/gallery\/web\/title-bg.png\" alt=\"\"><\/p>\n<p>Archie isa on noor ja edukas CH Maroma&#8217;s Captains Cove ning emaks on My Brand Last Night At Cheyas. Hoiame Archiele ja tema pesakonnakaaslastele p\u00f6ialt!<\/p>\n<h4>SUGUPUU<\/h4>\n<table class=\"tree\" border=\"1\">\n<tbody>\n<tr>\n<td class=\"tree\" rowspan=\"8\">MBISJ MX CH PR CH Maroma&#8217;s Captain Cove<br \/>\nHD A\/A ED 0:0 Eyes Clear (AVCO)<br \/>\nprcd-PRA, CNM, HNPK, long coat &amp; EIC Heart: Clear by Doppler<br \/>\n(MEX)<\/td>\n<td class=\"tree\" rowspan=\"4\">AM GCH Lakeside Memoir Of Gallivant<\/td>\n<td class=\"tree\" rowspan=\"2\">Gallivant Big Pine Out of Africa<\/td>\n<td class=\"tree\">AM GCH Paradocs Bellwether Heath<\/td>\n<\/tr>\n<tr>\n<td class=\"tree\">AM GCH Big Pine Faith in Africa<\/td>\n<\/tr>\n<tr>\n<td class=\"tree\" rowspan=\"2\">AM CH Meredith Herbu Zadora<\/td>\n<td class=\"tree\">POL CH Kimleigh\u2019s New Moon Rising<\/td>\n<\/tr>\n<tr>\n<td class=\"tree\">Yunta Yara Herbu Zadora<\/td>\n<\/tr>\n<tr>\n<td class=\"tree\" rowspan=\"4\">The Princess Of Oz (Concha)<\/td>\n<td class=\"tree\" rowspan=\"2\">AM CH Lobuff Hollyridge Wizard of Oz<\/td>\n<td class=\"tree\">AM CH Lobuff Hollyridge Osprey<\/td>\n<\/tr>\n<tr>\n<td class=\"tree\">Rocheby Replica<\/td>\n<\/tr>\n<tr>\n<td class=\"tree\" rowspan=\"2\">Belquest Princess Maya<\/td>\n<td class=\"tree\">Summerlin Call of Duty<\/td>\n<\/tr>\n<tr>\n<td class=\"tree\">AM CH Belquest Lovely Lady Lumps<\/td>\n<\/tr>\n<tr>\n<td class=\"tree\" rowspan=\"8\">My Brand Last Night At Cheyas<br \/>\nHD A\/A ED 0:0 Eyes Clear<br \/>\nprcd-PRA, HNPK &amp; EIC Normal\/Clear<br \/>\n(EST)<\/td>\n<td class=\"tree\" rowspan=\"4\">Vegas Night Bella Mare<br \/>\nHD A\/A ED 0:0 Eyes Clear<br \/>\nprcd-PRA Normal\/Clear<br \/>\nAlso Normal\/Clear on EIC, HNPK, CNM &amp; Narcolepsia<br \/>\n(POL)<\/td>\n<td class=\"tree\" rowspan=\"2\">AM CH POL CH Dickendall Buckstone Three Dog Night<\/td>\n<td class=\"tree\">MBISS AM GRCH CAN CH Saddlehill Late Knight Scramble<\/td>\n<\/tr>\n<tr>\n<td class=\"tree\">CH Dickendall Princess Phoebe<\/td>\n<\/tr>\n<tr>\n<td class=\"tree\" rowspan=\"2\">JCH PL Sandamar HySpire I\u2019m So Vain<\/td>\n<td class=\"tree\">CH Buttonwood Stone Cliff True Grit<\/td>\n<\/tr>\n<tr>\n<td class=\"tree\">Hyspire It Had To Be You<\/td>\n<\/tr>\n<tr>\n<td class=\"tree\" rowspan=\"4\">My Brand Kiss From A Rose<br \/>\nHD B\/B ED 0:0 Eyes Clear<br \/>\nprcd-PRA Normal\/Clear<br \/>\nHNPK Clear by Parentage<br \/>\nfull dentition<br \/>\n(EST)<\/td>\n<td class=\"tree\" rowspan=\"2\">MEX EST CH Tabatha\u2019s Caffu Queijeiro<\/td>\n<td class=\"tree\">CH Dickendall Bucky<\/td>\n<\/tr>\n<tr>\n<td class=\"tree\">CH Tabatha\u2019s Gala WC<\/td>\n<\/tr>\n<tr>\n<td class=\"tree\" rowspan=\"2\">My Brand Rare Stone Rose<\/td>\n<td class=\"tree\">BISS CH Big Sky\u2019s Stone Kutter<\/td>\n<\/tr>\n<tr>\n<td class=\"tree\">EST LV RUS JCH BALT JW\u201906 Rocheby Liberty Belle<\/td>\n<\/tr>\n<\/tbody>\n<\/table>\n<h4>&nbsp;<img decoding=\"async\" class=\"aligncenter\" title=\"\" src=\"https:\/\/vana.mybrand.ee\/wp-content\/gallery\/web\/title-bg.png\" alt=\"\"><\/h4>\n<h4>N\u00c4ITUSETULEMUSED<\/h4>\n<table style=\"width: 100%;\">\n<tbody>\n<tr>\n<th style=\"width: 17.6591%;\">Kuup\u00e4ev<\/th>\n<th style=\"width: 20.3285%;\">N\u00e4itus<\/th>\n<th style=\"width: 19.0965%;\">Kohtunik<\/th>\n<th style=\"width: 20.5339%;\">Klass<\/th>\n<th style=\"width: 19.5072%;\">Tulemused<\/th>\n<\/tr>\n<tr>\n<td style=\"width: 17.6591%;\">26.07.2020<\/td>\n<td style=\"width: 20.3285%;\"><a href=\"https:\/\/online.kennelliit.ee\/show\/show.php?lang=0&amp;show=791\">Rahvuslik n\u00e4itus, Saku Suurhall, Tallinn<\/a><\/td>\n<td style=\"width: 19.0965%;\">Renata Petkevi\u010diene (Lithuania)<\/td>\n<td style=\"width: 20.5339%;\">Juunioriklass<\/td>\n<td style=\"width: 19.5072%;\">SP 1 SK PI4 VSPJ Jun SERT<\/td>\n<\/tr>\n<tr>\n<td style=\"width: 17.6591%;\">15.02.2020<\/td>\n<td style=\"width: 20.3285%;\"><a href=\"https:\/\/online.kennelliit.ee\/show\/show.php?lang=0&amp;show=725\">8 ja 9 r\u00fchman\u00e4itus, sh kuldsete retriiverite erin\u00e4itus, T1 Mall of Tallinn<\/a><\/td>\n<td style=\"width: 19.0965%;\">Doron Rachlin (Israel)<\/td>\n<td style=\"width: 20.5339%;\">Kutsikaklass<\/td>\n<td style=\"width: 19.5072%;\">2 EAH<\/td>\n<\/tr>\n<\/tbody>\n<\/table>\n<h4>KOHTUNIKUD TEMA KOHTA<\/h4>\n<p>Loodetavasti peagi<\/p>\n<h4>GALERII<\/h4>\n<p>ngg_shortcode_1_placeholder<\/p>","protected":false},"excerpt":{"rendered":"<p>&#8220;Archie&#8221; kollane isane (BBee, ei kanna pruuni) s\u00fcnd 7.7.2019 TERVISEUURINGUD puusad A\/A, k\u00fc\u00fcnarliigesed 0:0 silmad puhtad (Juuli 2020) s\u00fcdameuuring puhas (Echo Doppler) prcd-PRA Normal\/Clear (vanemad puhtad) HNPK Normal\/Clear (vanemad puhtad) EIC Clear (N\/N) (vanemad puhtad) EKL andmebaasis \u00bb Archie isa on noor ja edukas CH Maroma&#8217;s Captains Cove ning emaks on My Brand Last Night [&hellip;]<\/p>\n","protected":false},"author":1,"featured_media":0,"parent":6,"menu_order":8,"comment_status":"closed","ping_status":"closed","template":"","meta":{"ngg_post_thumbnail":0,"footnotes":""},"class_list":["post-7306","page","type-page","status-publish","hentry"],"_links":{"self":[{"href":"https:\/\/vana.mybrand.ee\/et\/wp-json\/wp\/v2\/pages\/7306","targetHints":{"allow":["GET"]}}],"collection":[{"href":"https:\/\/vana.mybrand.ee\/et\/wp-json\/wp\/v2\/pages"}],"about":[{"href":"https:\/\/vana.mybrand.ee\/et\/wp-json\/wp\/v2\/types\/page"}],"author":[{"embeddable":true,"href":"https:\/\/vana.mybrand.ee\/et\/wp-json\/wp\/v2\/users\/1"}],"replies":[{"embeddable":true,"href":"https:\/\/vana.mybrand.ee\/et\/wp-json\/wp\/v2\/comments?post=7306"}],"version-history":[{"count":0,"href":"https:\/\/vana.mybrand.ee\/et\/wp-json\/wp\/v2\/pages\/7306\/revisions"}],"up":[{"embeddable":true,"href":"https:\/\/vana.mybrand.ee\/et\/wp-json\/wp\/v2\/pages\/6"}],"wp:attachment":[{"href":"https:\/\/vana.mybrand.ee\/et\/wp-json\/wp\/v2\/media?parent=7306"}],"curies":[{"name":"wp","href":"https:\/\/api.w.org\/{rel}","templated":true}]}}