{"id":7327,"date":"2020-02-17T10:57:32","date_gmt":"2020-02-17T08:57:32","guid":{"rendered":"https:\/\/vana.mybrand.ee\/?page_id=7327"},"modified":"2024-08-24T12:53:55","modified_gmt":"2024-08-24T10:53:55","slug":"my-brand-night-to-remember","status":"publish","type":"page","link":"https:\/\/vana.mybrand.ee\/et\/males\/my-brand-night-to-remember\/","title":{"rendered":"CH My Brand Night To Remember ~Touho~"},"content":{"rendered":"<p><div style=\"width: 1389px\" class=\"wp-caption alignnone\"><img loading=\"lazy\" decoding=\"async\" src=\"https:\/\/vana.mybrand.ee\/wp-content\/gallery\/my-brand-night-to-remember\/MB-NIGHT-TO-REMEMBER.jpg\" alt=\"\" width=\"1379\" height=\"920\"><p class=\"wp-caption-text\"><em>Touho on fotol kolme aasta vanune<\/em><\/p><\/div><\/p>\n<p><strong>C.I.B. C.I.E.<br \/>\nNORRA T\u0160EMPION<br \/>\nSOOME T\u0160EMPION<br \/>\nEESTI T\u0160EMPION<br \/>\nL\u00c4TI T\u0160EMPION<br \/>\nLEEDU T\u0160EMPION<br \/>\nBALTI T\u0160EMPION<br \/>\nLVW-23<br \/>\nTLNW-24<br \/>\n<\/strong><\/p>\n<p><strong>L\u00e4binud t\u00f5ukatsed = rahvusvaheline t\u00f6\u00f6sertifikaat<\/strong><\/p>\n<h2>My Brand Night To Remember &#8220;Touho&#8221;<\/h2>\n<p>must isane (BBEE, dominantmust, ei p\u00e4randa kollast ega pruuni)<br \/>\ns\u00fcnd 7.7.2019<br \/>\nKaasomanik Virve J\u00e4ntti, Soome<br \/>\n<a href=\"https:\/\/register.kennelliit.ee\/index.php?page=dogCard&amp;dogId=292141\" target=\"_blank\" rel=\"noopener noreferrer\">Eesti kennelliidu andmebaas \u00bb<\/a><br \/>\n<a href=\"https:\/\/jalostus.kennelliitto.fi\/frmKoira.aspx?RekNo=EST-03694\/19&amp;R=122\" target=\"_blank\" rel=\"noopener noreferrer\">Soome kennelliidu andmebaas \u00bb<\/a><\/p>\n<h4>TERVISEUURINGUD<\/h4>\n<ul>\n<li>puusad B\/B<\/li>\n<li>k\u00fc\u00fcnarliigesed 0:0<\/li>\n<li>silmad puhtad (juuli 2020)<\/li>\n<li>s\u00fcda puhas (auskultatsioon 2020)<\/li>\n<li>turjak\u00f5rgus 57 cm<\/li>\n<\/ul>\n<h4>GEENITESTID<\/h4>\n<ul>\n<li>prcd-PRA Normal\/Clear<\/li>\n<li>HNPK puhas (N\/N)<\/li>\n<li>EIC puhas (N\/N)<\/li>\n<li>CM puhas (N\/N)<\/li>\n<li>Narkolepsia puhas (N\/N)<\/li>\n<li>pikakarvasus puhas (N\/N)<\/li>\n<li>kiharakarvasus puhas (N\/N)<\/li>\n<\/ul>\n<p><img decoding=\"async\" class=\"aligncenter\" title=\"\" src=\"https:\/\/vana.mybrand.ee\/wp-content\/gallery\/web\/title-bg.png\" alt=\"\"><\/p>\n<h4>SUGUPUU<\/h4>\n<table class=\"tree\" border=\"1\">\n<tbody>\n<tr>\n<td class=\"tree\" rowspan=\"8\">MBISJ MX CH PR CH Maroma&#8217;s Captain Cove<br \/>\nHD A\/A ED 0:0 Eyes Clear (AVCO)<br \/>\nprcd-PRA, CNM, HNPK, long coat &amp; EIC Heart: Clear by Doppler<br \/>\n(MEX)<\/td>\n<td class=\"tree\" rowspan=\"4\">AM GCH Lakeside Memoir Of Gallivant<\/td>\n<td class=\"tree\" rowspan=\"2\">Gallivant Big Pine Out of Africa<\/td>\n<td class=\"tree\">AM GCH Paradocs Bellwether Heath<\/td>\n<\/tr>\n<tr>\n<td class=\"tree\">AM GCH Big Pine Faith in Africa<\/td>\n<\/tr>\n<tr>\n<td class=\"tree\" rowspan=\"2\">AM CH Meredith Herbu Zadora<\/td>\n<td class=\"tree\">POL CH Kimleigh\u2019s New Moon Rising<\/td>\n<\/tr>\n<tr>\n<td class=\"tree\">Yunta Yara Herbu Zadora<\/td>\n<\/tr>\n<tr>\n<td class=\"tree\" rowspan=\"4\">The Princess Of Oz (Concha)<\/td>\n<td class=\"tree\" rowspan=\"2\">AM CH Lobuff Hollyridge Wizard of Oz<\/td>\n<td class=\"tree\">AM CH Lobuff Hollyridge Osprey<\/td>\n<\/tr>\n<tr>\n<td class=\"tree\">Rocheby Replica<\/td>\n<\/tr>\n<tr>\n<td class=\"tree\" rowspan=\"2\">Belquest Princess Maya<\/td>\n<td class=\"tree\">Summerlin Call of Duty<\/td>\n<\/tr>\n<tr>\n<td class=\"tree\">AM CH Belquest Lovely Lady Lumps<\/td>\n<\/tr>\n<tr>\n<td class=\"tree\" rowspan=\"8\">My Brand Last Night At Cheyas<br \/>\nHD A\/A ED 0:0 Eyes Clear<br \/>\nprcd-PRA, HNPK &amp; EIC Normal\/Clear<br \/>\n(EST)<\/td>\n<td class=\"tree\" rowspan=\"4\">Vegas Night Bella Mare<br \/>\nHD A\/A ED 0:0 Eyes Clear<br \/>\nprcd-PRA Normal\/Clear<br \/>\nAlso Normal\/Clear on EIC, HNPK, CNM &amp; Narcolepsia<br \/>\n(POL)<\/td>\n<td class=\"tree\" rowspan=\"2\">AM CH POL CH Dickendall Buckstone Three Dog Night<\/td>\n<td class=\"tree\">MBISS AM GRCH CAN CH Saddlehill Late Knight Scramble<\/td>\n<\/tr>\n<tr>\n<td class=\"tree\">CH Dickendall Princess Phoebe<\/td>\n<\/tr>\n<tr>\n<td class=\"tree\" rowspan=\"2\">JCH PL Sandamar HySpire I\u2019m So Vain<\/td>\n<td class=\"tree\">CH Buttonwood Stone Cliff True Grit<\/td>\n<\/tr>\n<tr>\n<td class=\"tree\">Hyspire It Had To Be You<\/td>\n<\/tr>\n<tr>\n<td class=\"tree\" rowspan=\"4\">My Brand Kiss From A Rose<br \/>\nHD B\/B ED 0:0 Eyes Clear<br \/>\nprcd-PRA Normal\/Clear<br \/>\nHNPK Clear by Parentage<br \/>\nfull dentition<br \/>\n(EST)<\/td>\n<td class=\"tree\" rowspan=\"2\">MEX EST CH Tabatha\u2019s Caffu Queijeiro<\/td>\n<td class=\"tree\">CH Dickendall Bucky<\/td>\n<\/tr>\n<tr>\n<td class=\"tree\">CH Tabatha\u2019s Gala WC<\/td>\n<\/tr>\n<tr>\n<td class=\"tree\" rowspan=\"2\">My Brand Rare Stone Rose<\/td>\n<td class=\"tree\">BISS CH Big Sky\u2019s Stone Kutter<\/td>\n<\/tr>\n<tr>\n<td class=\"tree\">EST LV RUS JCH BALT JW\u201906 Rocheby Liberty Belle<\/td>\n<\/tr>\n<\/tbody>\n<\/table>\n<h4>&nbsp;<img decoding=\"async\" class=\"aligncenter\" title=\"\" src=\"https:\/\/vana.mybrand.ee\/wp-content\/gallery\/web\/title-bg.png\" alt=\"\"><\/h4>\n<h4>N\u00c4ITUSETULEMUSED EESTIS<\/h4>\n<table>\n<tbody>\n<tr>\n<th>Kuup\u00e4ev<\/th>\n<th>N\u00e4itus<\/th>\n<th>Kohtunik<\/th>\n<th>Klass<\/th>\n<th>Tulemused<\/th>\n<\/tr>\n<tr>\n<td>01.08.2021<\/td>\n<td><a href=\"https:\/\/online.kennelliit.ee\/show\/show.php?lang=0&amp;show=915\">Rahvuslik k\u00f5ikide t\u00f5ugude koerten\u00e4itus, Harjumaa<\/a><\/td>\n<td>Bo Skalin (Sweden)<\/td>\n<td>Kasutusklass<\/td>\n<td>SP 1 SK PI1 TP SERT<\/td>\n<\/tr>\n<tr>\n<td>31.07.2021<\/td>\n<td><a href=\"https:\/\/online.kennelliit.ee\/show\/show.php?lang=0&amp;show=914\">Rahvuslik k\u00f5ikide t\u00f5ugude koeran\u00e4itus, Luige, Harjumaa<\/a><\/td>\n<td>Alar M\u00fc\u00fcrisepp (Eesti)<\/td>\n<td>Kasutusklass<\/td>\n<td>SP 1 SK PI2<\/td>\n<\/tr>\n<tr>\n<td>15.08.2020<\/td>\n<td><a href=\"https:\/\/online.kennelliit.ee\/show\/show.php?lang=0&amp;show=792\">Rahvusvaheline n\u00e4itus &#8220;Tallinna V\u00f5itja 2020&#8221;, Harju mk<\/a><\/td>\n<td>Marit Sunde (Norway)<\/td>\n<td>Juunioriklass<\/td>\n<td>SP 3<\/td>\n<\/tr>\n<tr>\n<td>12.01.2020<\/td>\n<td><a href=\"https:\/\/online.kennelliit.ee\/show\/show.php?lang=0&amp;show=722\">Rahvuslik k\u00f5ikide t\u00f5ugude n\u00e4itus, Tartumaa<\/a><\/td>\n<td>Eddie Patterson (Ireland)<\/td>\n<td>Kutsikaklass<\/td>\n<td>1 EAH TPK<\/td>\n<\/tr>\n<tr>\n<td>11.01.2020<\/td>\n<td><a href=\"https:\/\/online.kennelliit.ee\/show\/show.php?lang=0&amp;show=721\">Rahvuslik k\u00f5ikide t\u00f5ugude n\u00e4itus, Tartumaa<\/a><\/td>\n<td>Valentinas Stiklius (Lithuania)<\/td>\n<td>Kutsikaklass<\/td>\n<td>1 EAH TPK<\/td>\n<\/tr>\n<\/tbody>\n<\/table>\n<h4>T\u00d6\u00d6 JA KATSED<\/h4>\n<p><strong>J\u00e4ljekatsed Soomes (MEJ\u00c4)<\/strong><\/p>\n<p>29.7.2021, Hollola, avaklassis 1 j\u00e4rk (40 punkti), kohtunik Hannu Palonen<br \/>\n25.7.2021, Kouvola, avaklassis 1 j\u00e4rk (43 punkti), kohtunik Annikki Henttu-Torckell Tuovi<\/p>\n<p>19.09.2020 Retriever qualification test in Soodaj\u00e4rve, <strong>qualified<\/strong>, judge Riin Kooli-K\u00f5nnussaar<\/p>\n<h4>KOHTUNIKUD TEMA KOHTA<\/h4>\n<p><strong>Adriana Gait\u00e1n Villegas, Colombia:<\/strong><\/p>\n<blockquote><p>&#8220;2 years old black male. Symmetrical. Nice type. Broad skull. Nice muzzle. Correct neck and chest. Strong loin. Correct tail. Quite nice movement. Excellent temperament.&#8221;<\/p><\/blockquote>\n<p><strong>Giuseppe Masia, Italy:<\/strong><\/p>\n<blockquote><p>&#8220;2 years. Compact black lab with good proportions back and front. Lovely temperament. Good proportion of head, scull and muzzle. Beautiful insert of the neck to the shoulder. Correct topline and tailset. Correct underline. Beautiful angulation specially in the back. Move with power. Excellent.&#8221;<\/p><\/blockquote>\n<p><strong>Sven Slettedal, kennel Fieldvalley, Norway:<\/strong><\/p>\n<blockquote><p>&#8220;Masculine dog. Nice proportions. Balanced. Correct size. Masculine head. Correct neck and angulations. Lovely topline. Correct coat. Moves very well. Excellent temperament.&#8221;<\/p><\/blockquote>\n<h4>GALERII<\/h4>\n<p>ngg_shortcode_1_placeholder<\/p>","protected":false},"excerpt":{"rendered":"<p>C.I.B. C.I.E. NORRA T\u0160EMPION SOOME T\u0160EMPION EESTI T\u0160EMPION L\u00c4TI T\u0160EMPION LEEDU T\u0160EMPION BALTI T\u0160EMPION LVW-23 TLNW-24 L\u00e4binud t\u00f5ukatsed = rahvusvaheline t\u00f6\u00f6sertifikaat My Brand Night To Remember &#8220;Touho&#8221; must isane (BBEE, dominantmust, ei p\u00e4randa kollast ega pruuni) s\u00fcnd 7.7.2019 Kaasomanik Virve J\u00e4ntti, Soome Eesti kennelliidu andmebaas \u00bb Soome kennelliidu andmebaas \u00bb TERVISEUURINGUD puusad B\/B k\u00fc\u00fcnarliigesed 0:0 [&hellip;]<\/p>\n","protected":false},"author":1,"featured_media":0,"parent":6,"menu_order":7,"comment_status":"closed","ping_status":"closed","template":"","meta":{"ngg_post_thumbnail":0,"footnotes":""},"class_list":["post-7327","page","type-page","status-publish","hentry"],"_links":{"self":[{"href":"https:\/\/vana.mybrand.ee\/et\/wp-json\/wp\/v2\/pages\/7327","targetHints":{"allow":["GET"]}}],"collection":[{"href":"https:\/\/vana.mybrand.ee\/et\/wp-json\/wp\/v2\/pages"}],"about":[{"href":"https:\/\/vana.mybrand.ee\/et\/wp-json\/wp\/v2\/types\/page"}],"author":[{"embeddable":true,"href":"https:\/\/vana.mybrand.ee\/et\/wp-json\/wp\/v2\/users\/1"}],"replies":[{"embeddable":true,"href":"https:\/\/vana.mybrand.ee\/et\/wp-json\/wp\/v2\/comments?post=7327"}],"version-history":[{"count":0,"href":"https:\/\/vana.mybrand.ee\/et\/wp-json\/wp\/v2\/pages\/7327\/revisions"}],"up":[{"embeddable":true,"href":"https:\/\/vana.mybrand.ee\/et\/wp-json\/wp\/v2\/pages\/6"}],"wp:attachment":[{"href":"https:\/\/vana.mybrand.ee\/et\/wp-json\/wp\/v2\/media?parent=7327"}],"curies":[{"name":"wp","href":"https:\/\/api.w.org\/{rel}","templated":true}]}}