{"id":7335,"date":"2020-02-17T11:43:34","date_gmt":"2020-02-17T09:43:34","guid":{"rendered":"https:\/\/vana.mybrand.ee\/?page_id=7335"},"modified":"2025-08-04T13:57:43","modified_gmt":"2025-08-04T11:57:43","slug":"my-brand-soul-sister","status":"publish","type":"page","link":"https:\/\/vana.mybrand.ee\/et\/females\/my-brand-soul-sister\/","title":{"rendered":"CH My Brand Soul Sister ~Missy~"},"content":{"rendered":"<p><img loading=\"lazy\" decoding=\"async\" class=\"alignnone size-full\" src=\"https:\/\/vana.mybrand.ee\/wp-content\/gallery\/my-brand-soul-sister\/IMG_6327-web.jpg\" width=\"1800\" height=\"1200\"><\/p>\n<p><strong>EESTI JUUNIORT\u0160EMPION<br \/>\nEESTI T\u0160EMPION<br \/>\n<\/strong><\/p>\n<h3>My Brand Soul Sister &#8220;Missy&#8221;<\/h3>\n<p>kollane emane (BBee, ei kanna pruuni v\u00e4rvi)<br \/>\ns\u00fcnd 24.06.2019<\/p>\n<h4>TERVISEUURINGUD<\/h4>\n<ul>\n<li>puusad A\/A<\/li>\n<li>k\u00fc\u00fcnarliigesed 0:0<\/li>\n<li>Silmad puhtad (nov&#8217;24)<\/li>\n<li>S\u00fcdameuuring puhas (mai 2022)<\/li>\n<li><a href=\"https:\/\/register.kennelliit.ee\/index.php?page=dogCard&amp;dogId=289781\">EKL andmebaasis \u00bb<\/a><\/li>\n<\/ul>\n<h4>GEENITESTID<\/h4>\n<ul>\n<li>prcd-PRA puhas (vanemad puhtad)<\/li>\n<li>EIC N\/EIC kandja<\/li>\n<li>HNPK puhas (vanemad puhtad)<\/li>\n<li>pikakarvasuse geeni kandja<\/li>\n<\/ul>\n<p><img decoding=\"async\" class=\"aligncenter\" title=\"\" src=\"https:\/\/vana.mybrand.ee\/wp-content\/gallery\/web\/title-bg.png\" alt=\"\"><\/p>\n<h4>SUGUPUU<\/h4>\n<table class=\"tree\" border=\"1\">\n<tbody>\n<tr>\n<td class=\"tree\" style=\"width: 25%;\" rowspan=\"8\">POL LTU CH POL JCH JW JUN Club\u2019W GDR JUN Club\u2019W Bloomwood Royal Major Globtrotter<br \/>\nHD A\/A ED 0:0 Eyes Clear<br \/>\nprcd-PRA Normal\/Clear, EIC Clear HNPK Clear<br \/>\n(POL)<\/td>\n<td class=\"tree\" style=\"width: 25%;\" rowspan=\"4\">DK CH Lobuff-Shannon US Major Attraction<br \/>\nHD A\/A ED 0:0 Eyes Clear<br \/>\nprcd-PRA Normal\/Clear, EIC Clear HNPK Clear CNM Clear<br \/>\n(USA)<\/td>\n<td class=\"tree\" style=\"width: 25%;\" rowspan=\"2\"><span class=\"\u0441\u0442\u0438\u043b\u044c7\">AM CAN CH Lobuff Hollyridge The Aviator WC<\/span><\/td>\n<td class=\"tree\" style=\"width: 25%;\">AM CH Rozzay Hunt Club Clayview Grady<\/td>\n<\/tr>\n<tr>\n<td class=\"tree\"><span class=\"style118\">CH BISS Lobuffs Sandpiper At Hollyridge<\/span><\/td>\n<\/tr>\n<tr>\n<td class=\"tree\" rowspan=\"2\">Shannon\u2019s Amethyst Dreams<\/td>\n<td class=\"tree\">AM CH Ridge View Bugs Bunny<\/td>\n<\/tr>\n<tr>\n<td class=\"tree\">Shannon&#8217;s Rainbow In The Mist<\/td>\n<\/tr>\n<tr>\n<td class=\"tree\" rowspan=\"4\">POL RUS UZ MAC CH Merci Herbu Zadora<br \/>\nHD A\/A ED 0:0 Eyes Clear<br \/>\nprcd-PRA Normal\/Clear, EIC Clear<br \/>\n(POL)<\/td>\n<td class=\"tree\" rowspan=\"2\">POL CH Kimleigh\u2019s New Moon Rising<\/td>\n<td class=\"tree\">BISS AM CH Windfall&#8217;s Pipe Major<\/td>\n<\/tr>\n<tr>\n<td class=\"tree\">AM CH Kimleigh&#8217;s Once In A Blue Moon<\/td>\n<\/tr>\n<tr>\n<td class=\"tree\" rowspan=\"2\">Yunta Yara Herbu Zadora<\/td>\n<td class=\"tree\">Nimloth Logan At Herbu Zadora<\/td>\n<\/tr>\n<tr>\n<td class=\"tree\">Zebu Zadziora Herbu Zadora<\/td>\n<\/tr>\n<tr>\n<td class=\"tree\" rowspan=\"8\">Touch My Soul Reverie Stream<br \/>\nHD A\/A ED 0:0 Eyes Clear<br \/>\nprcd-PRA Clear by Parentage, EIC Carrier, HNPK Clear, long coat carrier<br \/>\n(LV)<\/td>\n<td class=\"tree\" rowspan=\"4\">FI CH Strongline&#8217;s Money For Nothing<br \/>\nHD A\/A, ED 0:0, prcd-PRA Normal\/Clear, EIC Clear (N\/N)<br \/>\n(FIN)<\/td>\n<td class=\"tree\" rowspan=\"2\">LCD JGD CH Flying Firecracker v.d.Weeward<\/td>\n<td class=\"tree\">Hunt Club Clayview Super Nova At Belquest<\/td>\n<\/tr>\n<tr>\n<td class=\"tree\">Xtra Ordinairy Xara V.d. Weeward<\/td>\n<\/tr>\n<tr>\n<td class=\"tree\" rowspan=\"2\">FI EST CH Strongline&#8217;s Xantamaria<\/td>\n<td class=\"tree\">Sidewild Northern Frost<\/td>\n<\/tr>\n<tr>\n<td class=\"tree\">FI CH Strongline&#8217;s Quantanamera<\/td>\n<\/tr>\n<tr>\n<td class=\"tree\" rowspan=\"4\">LV CH My Brand Rose Is A Rose<br \/>\nHD A\/A ED 0:0, Eyes Clear,<br \/>\nprcd-PRA Clear, HNPK Clear<br \/>\nEIC Carrier<br \/>\n(EST)<\/td>\n<td class=\"tree\" rowspan=\"2\">EST RUS JCH JTWC\u201915 TWC\u201915 Tawastway\u2019s Snowholic<\/td>\n<td class=\"tree\">SW SH CH POL JCH JW\u201911 NL CH C.I.B. Seawinds Polish Poker<\/td>\n<\/tr>\n<tr>\n<td class=\"tree\">C.I.B FI SW&nbsp; EST CH Tealway Early Bird<\/td>\n<\/tr>\n<tr>\n<td class=\"tree\" rowspan=\"2\">My Brand Kiss From A Rose<\/td>\n<td class=\"tree\">MEX EST CH Tabatha\u2019s Caffu Queijeiro<\/td>\n<\/tr>\n<tr>\n<td class=\"tree\">My Brand Rare Stone Rose<\/td>\n<\/tr>\n<\/tbody>\n<\/table>\n<h4>T\u00d6\u00d6 JA KATSED<\/h4>\n<p><strong>RETRIIVERITE T\u00d5UKATSE (NOU)<\/strong><\/p>\n<ul>\n<li>11.09.2020 Retriiverite t\u00f5ukatse Saarj\u00e4rvel, sooritatud, kohtunik Riin Kooli-K\u00f5nnussaar<\/li>\n<\/ul>\n<p><strong>RETRIIVERITE TASEMEKATSE (NOME-B)<\/strong><\/p>\n<ul>\n<li>29.06.2024 Linnam\u00e4e Eesti retriiverite meistriv\u00f5istlused, v\u00f5itjaklassi I j\u00e4rk, kohtunik Ari-Pekka Fontell<\/li>\n<li>30.09.2023 Remte, L\u00e4ti, v\u00f5itjaklassi II j\u00e4rk, kohtunik Ari-Pekka Fontell<\/li>\n<li>18.06.2023 Retriiverite tasemekatse (NOME-B) Viljandimaal, I j\u00e4rk AVA klassis, kohtunikud Vesa Turunen ja Pasi Majuri<\/li>\n<li>26.09.2021 Retriiverite tasemekatse (NOME-B) Saarj\u00e4rvel, I j\u00e4rk ALG klassis, kohtunik Ari-Pekka Fontell<\/li>\n<\/ul>\n<p><strong>RETRIIVERITE T\u00d6\u00d6KATSE (WT)<\/strong><\/p>\n<table width=\"100%\">\n<tbody>\n<tr>\n<td><strong>Kuup\u00e4ev<\/strong><\/td>\n<td><strong>Koht<\/strong><\/td>\n<td><strong>Klass <\/strong><\/td>\n<td><strong>Tulemus<\/strong><\/td>\n<td><strong>Kohtunik<\/strong><\/td>\n<\/tr>\n<tr>\n<td>6.07.2025<\/td>\n<td>Upmali, L\u00e4ti<\/td>\n<td>v\u00f5itjaklass<\/td>\n<td>I j\u00e4rk, 2.koht<\/td>\n<td>Maria Kacsalova (HU)<\/td>\n<\/tr>\n<tr>\n<td>28.06.2025<\/td>\n<td>Metsaj\u00f5e<\/td>\n<td>v\u00f5itjaklass<\/td>\n<td>II j\u00e4rk, 7. koht<\/td>\n<td>Maarit Saarinen (FIN), Minja Vitikka (FIN)<\/td>\n<\/tr>\n<tr>\n<td>19.04.2025<\/td>\n<td>Maria talu, P\u00e4rnumaa<\/td>\n<td>v\u00f5itjaklass<\/td>\n<td>II j\u00e4rk<\/td>\n<td>Ronnie Farrelly (IRE), Imre Csaba Varasdy (HU)<\/td>\n<\/tr>\n<tr>\n<td>18.08.2024<\/td>\n<td>Kauksi, BaltRetCamp 2024<\/td>\n<td>avaklass, dummy trial<\/td>\n<td>I j\u00e4rk<\/td>\n<td>Maarit Saarinen (FIN) ja Maria Kacsalova (HU)<\/td>\n<\/tr>\n<tr>\n<td>6.04.2024<\/td>\n<td>Maria talu, P\u00e4rnumaa<\/td>\n<td>avaklass<\/td>\n<td>II j\u00e4rk<\/td>\n<td>P\u00e9ter Yand\u00f3 (HU) ja Keld J\u00f8rgensen (DK)<\/td>\n<\/tr>\n<tr>\n<td>12.08.2023<\/td>\n<td>Kauksi, BaltRetCamp 2023<\/td>\n<td>avaklass<\/td>\n<td>II j\u00e4rk<\/td>\n<td>Anja M\u00f6ller<\/td>\n<\/tr>\n<tr>\n<td>9.10.2021<\/td>\n<td>J\u00f5ulum\u00e4e, P\u00e4rnumaa<\/td>\n<td>algklass<\/td>\n<td>I j\u00e4rk<\/td>\n<td>Martin Incedi<\/td>\n<\/tr>\n<tr>\n<td>&nbsp;<\/td>\n<td>&nbsp;<\/td>\n<td>&nbsp;<\/td>\n<td>&nbsp;<\/td>\n<td>&nbsp;<\/td>\n<\/tr>\n<\/tbody>\n<\/table>\n<p>&nbsp;<\/p>\n<p><img loading=\"lazy\" decoding=\"async\" class=\"alignnone\" src=\"https:\/\/vana.mybrand.ee\/wp-content\/gallery\/my-brand-soul-sister\/IMG_6120.JPG\" alt=\"My Brand Soul Sister (photo by Mari-Liis Rihkrand)\" width=\"1800\" height=\"1200\"><\/p>\n<h4>N\u00c4ITUSETULEMUSED<\/h4>\n<table style=\"width: 100%;\">\n<tbody>\n<tr>\n<th>Aeg<\/th>\n<th>N\u00e4itus<\/th>\n<th>Kohtunik<\/th>\n<th>Klass<\/th>\n<th>Tulemus<\/th>\n<\/tr>\n<tr>\n<td>26.07.2020<\/td>\n<td>National Show, Saku Suurhall, Tallinn<\/td>\n<td>Renata Petkevi\u010diene (Lithuania)<\/td>\n<td>Juunior<\/td>\n<td>SP 1 SK PE2 TPJ Jun SERT<\/td>\n<\/tr>\n<tr>\n<td>25.07.2020<\/td>\n<td>National Show, Saku Suurhall, Tallinn<\/td>\n<td>Dina Korna (Eesti)<\/td>\n<td>Juunior<\/td>\n<td>SP 1 SK PE2 VSPJ Jun SERT<\/td>\n<\/tr>\n<tr>\n<td>15.02.2020<\/td>\n<td>8 &amp; 9 Group Show, T1 Mall of Tallinn<\/td>\n<td>Doron Rachlin (Israel)<\/td>\n<td>Kutsikaklass<\/td>\n<td>1 EAH VSPK<\/td>\n<\/tr>\n<\/tbody>\n<\/table>\n<h4 class=\"wpview-selection-before\">GALERII<\/h4>\n<p>ngg_shortcode_1_placeholder<\/p>","protected":false},"excerpt":{"rendered":"<p>EESTI JUUNIORT\u0160EMPION EESTI T\u0160EMPION My Brand Soul Sister &#8220;Missy&#8221; kollane emane (BBee, ei kanna pruuni v\u00e4rvi) s\u00fcnd 24.06.2019 TERVISEUURINGUD puusad A\/A k\u00fc\u00fcnarliigesed 0:0 Silmad puhtad (nov&#8217;24) S\u00fcdameuuring puhas (mai 2022) EKL andmebaasis \u00bb GEENITESTID prcd-PRA puhas (vanemad puhtad) EIC N\/EIC kandja HNPK puhas (vanemad puhtad) pikakarvasuse geeni kandja SUGUPUU POL LTU CH POL JCH JW [&hellip;]<\/p>\n","protected":false},"author":1,"featured_media":0,"parent":39,"menu_order":2,"comment_status":"closed","ping_status":"closed","template":"","meta":{"ngg_post_thumbnail":0,"footnotes":""},"class_list":["post-7335","page","type-page","status-publish","hentry"],"_links":{"self":[{"href":"https:\/\/vana.mybrand.ee\/et\/wp-json\/wp\/v2\/pages\/7335","targetHints":{"allow":["GET"]}}],"collection":[{"href":"https:\/\/vana.mybrand.ee\/et\/wp-json\/wp\/v2\/pages"}],"about":[{"href":"https:\/\/vana.mybrand.ee\/et\/wp-json\/wp\/v2\/types\/page"}],"author":[{"embeddable":true,"href":"https:\/\/vana.mybrand.ee\/et\/wp-json\/wp\/v2\/users\/1"}],"replies":[{"embeddable":true,"href":"https:\/\/vana.mybrand.ee\/et\/wp-json\/wp\/v2\/comments?post=7335"}],"version-history":[{"count":0,"href":"https:\/\/vana.mybrand.ee\/et\/wp-json\/wp\/v2\/pages\/7335\/revisions"}],"up":[{"embeddable":true,"href":"https:\/\/vana.mybrand.ee\/et\/wp-json\/wp\/v2\/pages\/39"}],"wp:attachment":[{"href":"https:\/\/vana.mybrand.ee\/et\/wp-json\/wp\/v2\/media?parent=7335"}],"curies":[{"name":"wp","href":"https:\/\/api.w.org\/{rel}","templated":true}]}}