{"id":7525,"date":"2020-05-07T09:11:50","date_gmt":"2020-05-07T07:11:50","guid":{"rendered":"https:\/\/vana.mybrand.ee\/?page_id=7525"},"modified":"2023-01-18T10:17:08","modified_gmt":"2023-01-18T08:17:08","slug":"my-brand-discover-the-world","status":"publish","type":"page","link":"https:\/\/vana.mybrand.ee\/et\/about-us\/koerad-minevikust\/my-brand-discover-the-world\/","title":{"rendered":"CH My Brand Discover The World ~Uba~"},"content":{"rendered":"<p><div style=\"width: 1810px\" class=\"wp-caption alignnone\"><img loading=\"lazy\" decoding=\"async\" src=\"https:\/\/vana.mybrand.ee\/wp-content\/gallery\/my-brand-discover-the-world\/IMG_3655-web.jpg\" alt=\"\" width=\"1800\" height=\"1200\"><p class=\"wp-caption-text\">My Brand Discover The World fotol 3-aastane<\/p><\/div><\/p>\n<p><strong>EESTI JUUNIORT\u0160EMPION<\/strong><br \/>\n<strong>L\u00c4TI JUUNIORT\u0160EMPION<\/strong><br \/>\n<strong>LEEDU JUUNIORT\u0160EMPION<\/strong><br \/>\n<strong>BALTI JUUNIORT\u0160EMPION<br \/>\nEESTI T\u0160EMPION<br \/>\nL\u00c4TI T\u0160EMPION<br \/>\n<\/strong><strong>LEEDU T\u0160EMPION<br \/>\nBALTI T\u0160EMPION<br \/>\n<\/strong><\/p>\n<h2>My Brand Discover The World &#8220;Uba&#8221;<\/h2>\n<p>pruun emane (bbEE)<br \/>\ns\u00fcnd 19.12.2018<br \/>\nOmanik Kersti Kuusk, Eesti<br \/>\n<a href=\"https:\/\/register.kennelliit.ee\/index.php?page=dogCard&amp;dogId=279079\" target=\"_blank\" rel=\"noopener noreferrer\">Eesti Kennelliidu andmebaas \u00bb<\/a><\/p>\n<h4>TERVISEUURINGUD<\/h4>\n<ul>\n<li>puusad A\/A<\/li>\n<li>k\u00fc\u00fcnarliigesed 0:0<\/li>\n<li>silmad puhtad (mai 2020)<\/li>\n<\/ul>\n<h4>GEENITESTID<\/h4>\n<ul>\n<li>PRA-prcd Normal\/Clear (vanemad puhtad)<\/li>\n<li>EIC kandja<\/li>\n<li>HNPK Normal\/Clear<\/li>\n<\/ul>\n<h4>SUGUPUU<\/h4>\n<table class=\"tree\" style=\"width: 100%; height: 408px;\" border=\"1\">\n<tbody>\n<tr style=\"height: 24px;\">\n<td class=\"tree\" style=\"height: 192px; width: 25%;\" rowspan=\"8\">SW SH CH Windleaf Disco<strong><br \/>\n<\/strong>HD A\/A ED 0:0 Eyes Clear<br \/>\nEIC, HNPK, prcd-PRA Normal\/Clear<br \/>\n(SW)<\/td>\n<td class=\"tree\" style=\"height: 96px; width: 25%;\" rowspan=\"4\">CAN CH Madabout\u2019s Rideon to Handyhill<br \/>\n(USA)<\/td>\n<td class=\"tree\" style=\"height: 48px; width: 25%;\" rowspan=\"2\"><span class=\"\u0441\u0442\u0438\u043b\u044c7\">BISS AM CH Lor-Als Hot Diggity JH WC<\/span><\/td>\n<td class=\"tree\" style=\"height: 24px;\">Huntmor&#8217;s Work Of Art<\/td>\n<\/tr>\n<tr style=\"height: 24px;\">\n<td class=\"tree\" style=\"height: 24px;\">Lor-Als June Bug<\/td>\n<\/tr>\n<tr style=\"height: 24px;\">\n<td class=\"tree\" style=\"height: 48px; width: 25%;\" rowspan=\"2\">Madabout\u2019s Juno My Name<\/td>\n<td class=\"tree\" style=\"height: 24px;\">AM CH Venetian&#8217;s Copy That<\/td>\n<\/tr>\n<tr style=\"height: 24px;\">\n<td class=\"tree\" style=\"height: 24px; width: 25%;\">CH Staghorn&#8217;s Hot Toddy At Madabouts<\/td>\n<\/tr>\n<tr style=\"height: 24px;\">\n<td class=\"tree\" style=\"height: 96px; width: 25%;\" rowspan=\"4\">SW SH CH NO CH Aquador Morgana<br \/>\n(SW)<\/td>\n<td class=\"tree\" style=\"height: 48px; width: 25%;\" rowspan=\"2\">NO CH Labry Berry Scherbet at Play Mor<\/td>\n<td class=\"tree\" style=\"height: 24px; width: 25%;\">CH Gilbron Pride Olaf Baltic Rock<\/td>\n<\/tr>\n<tr style=\"height: 24px;\">\n<td class=\"tree\" style=\"height: 24px; width: 25%;\">Labry Berry Zenta Prima<\/td>\n<\/tr>\n<tr style=\"height: 24px;\">\n<td class=\"tree\" style=\"height: 48px; width: 25%;\" rowspan=\"2\">Aquador Ilythia<\/td>\n<td class=\"tree\" style=\"height: 24px; width: 25%;\">CH Tjotte&#8217;s Lover Under Cover<\/td>\n<\/tr>\n<tr style=\"height: 24px;\">\n<td class=\"tree\" style=\"height: 24px; width: 25%;\">Askrikes Winchat<\/td>\n<\/tr>\n<tr style=\"height: 24px;\">\n<td class=\"tree\" style=\"height: 216px; width: 25%;\" rowspan=\"8\">My Brand Special Indeed<br \/>\nHD A\/A ED 0:0 Eyes Clear<br \/>\nPRA-prcd Normal\/Clear<br \/>\nEIC Carrier<br \/>\n(EST)<\/td>\n<td class=\"tree\" style=\"height: 120px; width: 25%;\" rowspan=\"4\">RUS RKF BLR UKR FIN INT CH Stenveyz Get Popular<br \/>\nHD A\/A, ED 0:0, eyes clear<br \/>\n(RUS)<\/td>\n<td class=\"tree\" style=\"height: 48px; width: 25%;\" rowspan=\"2\">FIN EST RUS CH Palabras Keep On Movin\u2019<\/td>\n<td class=\"tree\" style=\"height: 24px; width: 25%;\">N CH NV-01 Birchbrook Barley Wine of Charway<\/td>\n<\/tr>\n<tr style=\"height: 24px;\">\n<td class=\"tree\" style=\"height: 24px; width: 25%;\">FIN CH Tweedledum Palabras Kleo<\/td>\n<\/tr>\n<tr style=\"height: 24px;\">\n<td class=\"tree\" style=\"height: 72px; width: 25%;\" rowspan=\"2\">Stenveyz Part of Million<\/td>\n<td class=\"tree\" style=\"height: 24px; width: 25%;\">FIN CH Follies Rule of Thumb<\/td>\n<\/tr>\n<tr style=\"height: 48px;\">\n<td class=\"tree\" style=\"height: 48px; width: 25%;\">INT GRAND RUS LT UKR BLR RKF CH CLUB W\u201901 \u201903 Evellan\u2019s Halfmillion Kisses For Stenveyz<\/td>\n<\/tr>\n<tr style=\"height: 24px;\">\n<td class=\"tree\" style=\"height: 96px; width: 25%;\" rowspan=\"4\">My Brand Mademoiselle<br \/>\nHD A\/A ED 0:0 silmad puhtad<br \/>\n(EST)<\/td>\n<td class=\"tree\" style=\"height: 48px; width: 25%;\" rowspan=\"2\">Mallorn\u2019s Romeo<\/td>\n<td class=\"tree\" style=\"height: 24px; width: 25%;\">Visions I\u2019m Able<\/td>\n<\/tr>\n<tr style=\"height: 24px;\">\n<td class=\"tree\" style=\"height: 24px; width: 25%;\">Rosanan La Rosa<\/td>\n<\/tr>\n<tr style=\"height: 24px;\">\n<td class=\"tree\" style=\"height: 48px; width: 25%;\" rowspan=\"2\">FIN EST LV LTU BALT RUS CH FIN JW\u201903 Mallorn\u2019s Terracotta<\/td>\n<td class=\"tree\" style=\"height: 24px; width: 25%;\">SW W\u201901 NORW FIN SW SH CH Tjotte\u2019s Broken Arrow<\/td>\n<\/tr>\n<tr style=\"height: 24px;\">\n<td class=\"tree\" style=\"height: 24px; width: 25%;\">Mallorn\u2019s MMM Marabou<\/td>\n<\/tr>\n<\/tbody>\n<\/table>\n<h4>&nbsp;<img decoding=\"async\" class=\"aligncenter\" title=\"\" src=\"https:\/\/vana.mybrand.ee\/wp-content\/gallery\/web\/title-bg.png\" alt=\"\"><\/h4>\n<h4>N\u00c4ITUSTE TULEMUSED<\/h4>\n<table style=\"width: 100%;\">\n<tbody>\n<tr>\n<th>Kuup\u00e4ev<\/th>\n<th>N\u00e4itus<\/th>\n<th>Kohtunik<\/th>\n<th>Klass<\/th>\n<th>Tulemused<\/th>\n<\/tr>\n<tr>\n<td>26.01.2020<\/td>\n<td>Rahvuslik n\u00e4itus Narva Winter Cup 2020 &#8211; II, Narva<\/td>\n<td>Sergei Zaretski (Belarus)<\/td>\n<td>Juunioriklass<\/td>\n<td>SP 1 SK PE3 TPJ Jun SERT<\/td>\n<\/tr>\n<tr>\n<td>25.01.2020<\/td>\n<td>Rahvuslik n\u00e4itus Narva Winter Cup 2020 &#8211; I, Narva<\/td>\n<td>Zlatko Jojkic (Serbia)<\/td>\n<td>Juunioriklass<\/td>\n<td>SP 1 SK VSPJ Jun SERT<\/td>\n<\/tr>\n<tr>\n<td>19.01.2020<\/td>\n<td>8 ja 9 r\u00fchma n\u00e4itus, Pisisaare Spordihoone J\u00f5gevamaa<\/td>\n<td>Tamara Sarmont (Belarus)<\/td>\n<td>Juunioriklass<\/td>\n<td>SP 1 SK PE3 VSPJ Jun SERT<\/td>\n<\/tr>\n<tr>\n<td>18.01.2020<\/td>\n<td>8 ja 9 r\u00fchma n\u00e4itus, Pisisaare Spordihoone J\u00f5gevamaa<\/td>\n<td>Livija Zizevske (Lithuania)<\/td>\n<td>Juunioriklass<\/td>\n<td>SP 3 SK PE4<\/td>\n<\/tr>\n<tr>\n<td>28.07.2019<\/td>\n<td>Rahvuslik k\u00f5ikide t\u00f5ugude koerten\u00e4itus, Harjumaa<\/td>\n<td>Martin Johansson (Sweden)<\/td>\n<td>Kutsikaklass<\/td>\n<td>1 EAH TPK<\/td>\n<\/tr>\n<tr>\n<td>27.07.2019<\/td>\n<td>Rahvuslik k\u00f5ikide t\u00f5ugude koerten\u00e4itus, Harjumaa<\/td>\n<td>Jetta Tschokkinen (Finland)<\/td>\n<td>Kutsikaklass<\/td>\n<td>1 EAH TPK<\/td>\n<\/tr>\n<\/tbody>\n<\/table>\n<h4>KATSETE TULEMUSED<\/h4>\n<p><strong>RETRIIVERITE T\u00d5UKATSE<\/strong><\/p>\n<ul>\n<li>11.09.2020 Sooritatud retriiverite t\u00f5ukatse J\u00f5gevamaal, kohtunik Riin Kooli-K\u00f5nnussaar, koerajuht Kersti Kuusk.<\/li>\n<\/ul>\n<p><strong>VEEP\u00c4\u00c4STE<\/strong><\/p>\n<ul style=\"list-style-type: square;\">\n<li><strong><span class=\"x193iq5w xeuugli x13faqbe x1vvkbs x1xmvt09 x1lliihq x1s928wv xhkezso x1gmr53x x1cpjm7i x1fgarty x1943h6x xudqn12 x3x7a5m x6prxxf xvq8zen xo1l8bm xzsf02u x1yc453h\" dir=\"auto\">EKL 2022 Aasta Parimate Sportkoerte hulgas Veep\u00e4\u00e4ste kategoorias III koht!<\/span><\/strong><\/li>\n<li>\n<div dir=\"auto\">10.07.2022 VP v\u00f5istlus 92 punkti ja II koht, kohtunik Margot Luukas, Eesti<\/div>\n<\/li>\n<li>\n<div dir=\"auto\">30.07.2022 EMV veep\u00e4\u00e4stes 86 punkti ja IV koht, kohtunik Koen Vanlanduyt, Belgia<\/div>\n<\/li>\n<li>\n<div dir=\"auto\">31.07.2022 VP v\u00f5istlus 94 punkti ja II koht, kohtunik Koen Vanlanduyt, Belgia<\/div>\n<\/li>\n<li>21.06.2020 Veep\u00e4\u00e4ste eksam L\u00e4tis: 93 punkti 100-st ja 4. koht;<\/li>\n<li>20.06.2020 Rahvuslik veep\u00e4\u00e4ste eksam: koolitustulemus VP1.<\/li>\n<\/ul>\n<h4>GALERII<\/h4>\n<p>ngg_shortcode_1_placeholder<\/p>","protected":false},"excerpt":{"rendered":"<p>EESTI JUUNIORT\u0160EMPION L\u00c4TI JUUNIORT\u0160EMPION LEEDU JUUNIORT\u0160EMPION BALTI JUUNIORT\u0160EMPION EESTI T\u0160EMPION L\u00c4TI T\u0160EMPION LEEDU T\u0160EMPION BALTI T\u0160EMPION My Brand Discover The World &#8220;Uba&#8221; pruun emane (bbEE) s\u00fcnd 19.12.2018 Omanik Kersti Kuusk, Eesti Eesti Kennelliidu andmebaas \u00bb TERVISEUURINGUD puusad A\/A k\u00fc\u00fcnarliigesed 0:0 silmad puhtad (mai 2020) GEENITESTID PRA-prcd Normal\/Clear (vanemad puhtad) EIC kandja HNPK Normal\/Clear SUGUPUU SW [&hellip;]<\/p>\n","protected":false},"author":1,"featured_media":7526,"parent":5477,"menu_order":13,"comment_status":"closed","ping_status":"closed","template":"","meta":{"ngg_post_thumbnail":0,"footnotes":""},"class_list":["post-7525","page","type-page","status-publish","has-post-thumbnail","hentry"],"_links":{"self":[{"href":"https:\/\/vana.mybrand.ee\/et\/wp-json\/wp\/v2\/pages\/7525","targetHints":{"allow":["GET"]}}],"collection":[{"href":"https:\/\/vana.mybrand.ee\/et\/wp-json\/wp\/v2\/pages"}],"about":[{"href":"https:\/\/vana.mybrand.ee\/et\/wp-json\/wp\/v2\/types\/page"}],"author":[{"embeddable":true,"href":"https:\/\/vana.mybrand.ee\/et\/wp-json\/wp\/v2\/users\/1"}],"replies":[{"embeddable":true,"href":"https:\/\/vana.mybrand.ee\/et\/wp-json\/wp\/v2\/comments?post=7525"}],"version-history":[{"count":0,"href":"https:\/\/vana.mybrand.ee\/et\/wp-json\/wp\/v2\/pages\/7525\/revisions"}],"up":[{"embeddable":true,"href":"https:\/\/vana.mybrand.ee\/et\/wp-json\/wp\/v2\/pages\/5477"}],"wp:featuredmedia":[{"embeddable":true,"href":"https:\/\/vana.mybrand.ee\/et\/wp-json\/wp\/v2\/media\/7526"}],"wp:attachment":[{"href":"https:\/\/vana.mybrand.ee\/et\/wp-json\/wp\/v2\/media?parent=7525"}],"curies":[{"name":"wp","href":"https:\/\/api.w.org\/{rel}","templated":true}]}}