{"id":7595,"date":"2020-07-13T08:28:51","date_gmt":"2020-07-13T06:28:51","guid":{"rendered":"https:\/\/vana.mybrand.ee\/?page_id=7595"},"modified":"2025-02-12T09:55:35","modified_gmt":"2025-02-12T07:55:35","slug":"my-brand-golden-dream","status":"publish","type":"page","link":"https:\/\/vana.mybrand.ee\/et\/females\/my-brand-golden-dream\/","title":{"rendered":"My Brand Golden Dream ~Roxi~"},"content":{"rendered":"<p><div style=\"width: 1810px\" class=\"wp-caption alignnone\"><img loading=\"lazy\" decoding=\"async\" src=\"https:\/\/vana.mybrand.ee\/wp-content\/gallery\/my-brand-golden-dream\/IMG_9276-web.jpg\" alt=\"My Brand Golden Dream\" width=\"1800\" height=\"1200\"><p class=\"wp-caption-text\">My Brand Golden Dream &#8220;Roxi&#8221; 3,5-aastaselt. Foto My Brand Labradors<\/p><\/div><\/p>\n<h2>My Brand Golden Dream &#8220;Roxi&#8221;<\/h2>\n<p>kollane emane<br \/>\ns\u00fcnd 17.04.2020<br \/>\nkaasomanik Guna Bluma, Reverie Stream kennel, Latvia<br \/>\n<a href=\"https:\/\/register.kennelliit.ee\/index.php?page=dogCard&amp;dogId=303511\" target=\"_blank\" rel=\"noopener noreferrer\">Eesti Kennelliidu andmebaas \u00bb<\/a><\/p>\n<h4>TERVISEUURINGUD<\/h4>\n<ul>\n<li>puusad A\/A<\/li>\n<li>k\u00fc\u00fcnarliigesed 0:0<\/li>\n<li>silmauuring leiuta\/puhas (juuni 2022)<\/li>\n<li>s\u00fcdameuuring leiuta\/puhas (ECHO Doppler juuni 2022)<\/li>\n<li>korrektne hambumus, olemas k\u00f5ik hambad<\/li>\n<\/ul>\n<h4>GEENITESTID<\/h4>\n<ul>\n<li>HNPK puhas (N\/N)<\/li>\n<li>EIC puhas (N\/N)<\/li>\n<li>CM puhas (N\/N)<\/li>\n<li>DM puhas (N\/N)<\/li>\n<li>STGD puhas (N\/N)<\/li>\n<li>Narcolepsia puhas (N\/N)<\/li>\n<li>prcd-PRA puhas (N\/N)<\/li>\n<li>ei kanna pikakarvalisuse ega kiharakarvalisuse geeni<\/li>\n<li><a href=\"https:\/\/www.wisdompanel.com\/app\/s\/ly7zpqw\" target=\"_blank\" rel=\"noopener\">geeniuuringute t\u00e4ielikud tulemused Wisdom Paneli lehel \u00bb <\/a><\/li>\n<\/ul>\n<h4>SUGUPUU<\/h4>\n<table class=\"tree\" border=\"1\">\n<tbody>\n<tr>\n<td class=\"tree\" style=\"width: 25%;\" rowspan=\"8\">POL LTU CH POL JCH JW JUN Club\u2019W, GDR JUN Club\u2019W Bloomwood Royal Major Globtrotter<br \/>\nHD A\/A ED 0:0 Eyes Clear<br \/>\nEIC, HNPK, CNM prcd-PRA Normal\/Clear<\/td>\n<td class=\"tree\" style=\"width: 25%;\" rowspan=\"4\">DK CH Lobuff-Shannon US Major Attraction<br \/>\nHD A\/A ED 0:0 Eyes Clear<br \/>\nprcd-PRA Normal\/Clear, EIC Clear HNPK Clear CNM Clear<br \/>\n(USA)<\/td>\n<td class=\"tree\" style=\"width: 25%;\" rowspan=\"2\"><span class=\"\u0441\u0442\u0438\u043b\u044c7\">AM CAN CH Lobuff Hollyridge The Aviator WC<\/span><\/td>\n<td class=\"tree\" style=\"width: 25%;\">AM CH Rozzay Hunt Club Clayview Grady<\/td>\n<\/tr>\n<tr>\n<td class=\"tree\"><span class=\"style118\">CH BISS Lobuffs Sandpiper At Hollyridge<\/span><\/td>\n<\/tr>\n<tr>\n<td class=\"tree\" rowspan=\"2\">Shannon\u2019s Amethyst Dreams<\/td>\n<td class=\"tree\">AM CH Ridge View Bugs Bunny<\/td>\n<\/tr>\n<tr>\n<td class=\"tree\">Shannon\u2019s Rainbow In The Mist<\/td>\n<\/tr>\n<tr>\n<td class=\"tree\" rowspan=\"4\">POL RUS UZ MAC CH Merci Herbu Zadora<br \/>\nHD A\/A ED 0:0 Eyes Clear<br \/>\nprcd-PRA Normal\/Clear, EIC Clear<br \/>\n(POL)<\/td>\n<td class=\"tree\" rowspan=\"2\">POL CH Kimleigh\u2019s New Moon Rising<\/td>\n<td class=\"tree\">BISS AM CH Windfall\u2019s Pipe Major<\/td>\n<\/tr>\n<tr>\n<td class=\"tree\">AM CH Kimleigh\u2019s Once In A Blue Moon<\/td>\n<\/tr>\n<tr>\n<td class=\"tree\" rowspan=\"2\">Yunta Yara Herbu Zadora<\/td>\n<td class=\"tree\">Nimloth Logan At Herbu Zadora<\/td>\n<\/tr>\n<tr>\n<td class=\"tree\">Zebu Zadziora Herbu Zadora<\/td>\n<\/tr>\n<tr>\n<td class=\"tree\" rowspan=\"8\">Perfect Sweet Dream Midnight Blue<br \/>\nA\/A 0:0 Eyes Clear<br \/>\nprcd-PRA, HNPK &amp; EIC Normal\/Clear<\/td>\n<td class=\"tree\" rowspan=\"4\">EST JCH EST JW\u201918 EST W\u201918<br \/>\nMy Brand Sky Wizard<br \/>\nHD A\/A, ED 0:0, Optigen prcd-PRA Normal\/Clear, EIC Clear (N\/N), HNPK Normal\/Clear<br \/>\n(EST)<\/td>\n<td class=\"tree\" rowspan=\"2\">World Winner\u201916 European Winner\u201916 European Winner\u201917 CIB CIE RUS JCH RUS FIN LTU KZS RKF CH<br \/>\nWest Sib Story Aidaho<\/td>\n<td class=\"tree\">Larkspur Lynx<\/td>\n<\/tr>\n<tr>\n<td class=\"tree\">INT RUS USB KAZ GR RKF CH Lab\u2019Spb Alabama Girl<\/td>\n<\/tr>\n<tr>\n<td class=\"tree\" rowspan=\"2\">Arctic Sky Aquarelle<\/td>\n<td class=\"tree\">POL CH JCH LUX JCH JCW\u201911 Arthus Sarracenia Majestic Chameleon<\/td>\n<\/tr>\n<tr>\n<td class=\"tree\">POL EST LTU CH My Brand Ebony At Aquarelle<\/td>\n<\/tr>\n<tr>\n<td class=\"tree\" rowspan=\"4\">EST JCH Perfect Sweet Dream Rapunzel<br \/>\nHD A\/B ED 0:0, Eyes Clear<br \/>\n<span role=\"heading\" aria-level=\"4\">PRA clear, HNPK clear, EIC clear<\/span><br \/>\n(EST)<\/td>\n<td class=\"tree\" rowspan=\"2\">EST JCH LVA JW14 OgreW15 LTU LTU BALT JCH Lonely Without You Teczowy Gaj<\/td>\n<td class=\"tree\"><span class=\"style8\">CH Kimleigh New Moon Rising<\/span><\/td>\n<\/tr>\n<tr>\n<td class=\"tree\"><span class=\"style8\">CH Mirana Teczowy Gaj<\/span><\/td>\n<\/tr>\n<tr>\n<td class=\"tree\" rowspan=\"2\">EST JCH Perfect Sweet Dream N Makes Rules<\/td>\n<td class=\"tree\">FR NDL SW LUX VDH INT EST RUS LV RKF BUNDESSIEGER\u201906 Jahrhundertsieger\u201906 Amsterdam Winner\u201906 Aston de l\u2019Etang Balancet<\/td>\n<\/tr>\n<tr>\n<td class=\"tree\">EST J CH EST CH C.I.B C.I.E EurVetW18 POL Vet CH FIN CH LTU JCH CH Vet CH LVA CH LVA JCH EST Vet CH BALT CH BALT J CH Perfect Sweet Dream Break Every Rule<\/td>\n<\/tr>\n<\/tbody>\n<\/table>\n<p><img loading=\"lazy\" decoding=\"async\" class=\"alignnone\" src=\"https:\/\/vana.mybrand.ee\/wp-content\/gallery\/my-brand-golden-dream\/IMG_9100-web.jpg\" alt=\"IMG_9100-web\" width=\"1650\" height=\"1200\"><\/p>\n<h4>T\u00d6\u00d6 JA KATSED<\/h4>\n<ul>\n<li>Roxy on aktiivselt t\u00f6\u00f6tav jahikoer, kes toob m\u00e4rkimisv\u00e4\u00e4rse efektiivsusega \u00e4ra linnud igasugusest maastikust ja veest<\/li>\n<li>5.06.2022 retriiverite t\u00f5ukatse L\u00e4tis, <strong>sooritatud<\/strong>, kohtunik Irina Sokolova (LV)<\/li>\n<\/ul>\n<h4>GALERII<\/h4>\n<p>ngg_shortcode_1_placeholder<\/p>","protected":false},"excerpt":{"rendered":"<p>My Brand Golden Dream &#8220;Roxi&#8221; kollane emane s\u00fcnd 17.04.2020 kaasomanik Guna Bluma, Reverie Stream kennel, Latvia Eesti Kennelliidu andmebaas \u00bb TERVISEUURINGUD puusad A\/A k\u00fc\u00fcnarliigesed 0:0 silmauuring leiuta\/puhas (juuni 2022) s\u00fcdameuuring leiuta\/puhas (ECHO Doppler juuni 2022) korrektne hambumus, olemas k\u00f5ik hambad GEENITESTID HNPK puhas (N\/N) EIC puhas (N\/N) CM puhas (N\/N) DM puhas (N\/N) STGD puhas [&hellip;]<\/p>\n","protected":false},"author":1,"featured_media":0,"parent":39,"menu_order":3,"comment_status":"closed","ping_status":"closed","template":"","meta":{"ngg_post_thumbnail":0,"footnotes":""},"class_list":["post-7595","page","type-page","status-publish","hentry"],"_links":{"self":[{"href":"https:\/\/vana.mybrand.ee\/et\/wp-json\/wp\/v2\/pages\/7595","targetHints":{"allow":["GET"]}}],"collection":[{"href":"https:\/\/vana.mybrand.ee\/et\/wp-json\/wp\/v2\/pages"}],"about":[{"href":"https:\/\/vana.mybrand.ee\/et\/wp-json\/wp\/v2\/types\/page"}],"author":[{"embeddable":true,"href":"https:\/\/vana.mybrand.ee\/et\/wp-json\/wp\/v2\/users\/1"}],"replies":[{"embeddable":true,"href":"https:\/\/vana.mybrand.ee\/et\/wp-json\/wp\/v2\/comments?post=7595"}],"version-history":[{"count":0,"href":"https:\/\/vana.mybrand.ee\/et\/wp-json\/wp\/v2\/pages\/7595\/revisions"}],"up":[{"embeddable":true,"href":"https:\/\/vana.mybrand.ee\/et\/wp-json\/wp\/v2\/pages\/39"}],"wp:attachment":[{"href":"https:\/\/vana.mybrand.ee\/et\/wp-json\/wp\/v2\/media?parent=7595"}],"curies":[{"name":"wp","href":"https:\/\/api.w.org\/{rel}","templated":true}]}}