{"id":7610,"date":"2020-07-20T05:17:32","date_gmt":"2020-07-20T03:17:32","guid":{"rendered":"https:\/\/vana.mybrand.ee\/?page_id=7610"},"modified":"2021-12-29T12:45:30","modified_gmt":"2021-12-29T10:45:30","slug":"my-brand-golden-eagle","status":"publish","type":"page","link":"https:\/\/vana.mybrand.ee\/et\/males\/my-brand-golden-eagle\/","title":{"rendered":"My Brand Golden Eagle ~Miilo~"},"content":{"rendered":"<p><div style=\"width: 1810px\" class=\"wp-caption alignnone\"><img loading=\"lazy\" decoding=\"async\" src=\"https:\/\/vana.mybrand.ee\/wp-content\/gallery\/my-brand-golden-eagle\/IMG_8014.jpg\" alt=\"\" width=\"1800\" height=\"1200\"><p class=\"wp-caption-text\"><em>Fotol aastane, foto My Brand Labradors<\/em><\/p><\/div><\/p>\n<p><strong>EESTI JUUNIORT\u0160EMPION<\/strong><\/p>\n<h2>My Brand Golden Eagle &#8220;Miilo&#8221;<\/h2>\n<p>kollane isane (eeBB, ei kanna pruuni v\u00e4rvi)<br \/>\ns\u00fcnd 17.04.2020<br \/>\nkaasomanik K\u00fclli Lilleorg, Eesti<\/p>\n<h4>TERVISEUURINGUD<\/h4>\n<ul>\n<li>puusad A\/A<\/li>\n<li>k\u00fc\u00fcnarliigesed 0:0<\/li>\n<li>silmad puhtad (aprill 2021)<\/li>\n<li>s\u00fcda puhas (Echo Doppler)<\/li>\n<li><a href=\"https:\/\/register.kennelliit.ee\/index.php?page=dogCard&amp;dogId=303507\" target=\"_blank\" rel=\"noopener noreferrer\">Eesti kennelliidu andmebaas \u00bb<\/a><\/li>\n<\/ul>\n<h4>GEENITESTID<\/h4>\n<ul>\n<li>prcd-PRA puhas (N\/N)<\/li>\n<li>EIC puhas (N\/N)<\/li>\n<li>HNPK puhas (N\/N)<\/li>\n<li>DM puhas (N\/N)<\/li>\n<li>Cystinuria puhas (N\/N)<\/li>\n<li>Narkolepsia puhas (N\/N)<\/li>\n<li>pikakarvasus puhas (N\/N)<\/li>\n<li>kiharakarvasus puhas (N\/N)<br \/>\n<a href=\"https:\/\/www.wisdompanel.com\/app\/s\/2xmfgd\" target=\"_blank\" rel=\"noopener\"><em>(Miilo geeniuuringute t\u00e4ielikud tulemused Wisdom Paneli lehel<\/em><\/a><em>)<\/em><\/li>\n<\/ul>\n<p><img decoding=\"async\" class=\"aligncenter\" title=\"\" src=\"https:\/\/vana.mybrand.ee\/wp-content\/gallery\/web\/title-bg.png\" alt=\"\"><\/p>\n<p>Miilost on kasvanud n\u00e4gus ja terve noormees, kes loodetavasti teeb s\u00fcgisel oma n\u00e4itusedeb\u00fc\u00fcdi juuniorklassides. Hoiame talle ja tema pesakonnakaaslastele p\u00f6ialt.<\/p>\n<h4>SUGUPUU<\/h4>\n<table class=\"tree\" border=\"1\">\n<tbody>\n<tr>\n<td class=\"tree\" style=\"width: 25%;\" rowspan=\"8\">POL LTU CH POL JCH JW JUN Club\u2019W, GDR JUN Club\u2019W Bloomwood Royal Major Globtrotter<br \/>\nHD A\/A ED 0:0 Eyes Clear<br \/>\nEIC, HNPK, CNM prcd-PRA Normal\/Clear<\/td>\n<td class=\"tree\" style=\"width: 25%;\" rowspan=\"4\">DK CH Lobuff-Shannon US Major Attraction<br \/>\nHD A\/A ED 0:0 Eyes Clear<br \/>\nprcd-PRA Normal\/Clear, EIC Clear HNPK Clear CNM Clear<br \/>\n(USA)<\/td>\n<td class=\"tree\" style=\"width: 25%;\" rowspan=\"2\"><span class=\"\u0441\u0442\u0438\u043b\u044c7\">AM CAN CH Lobuff Hollyridge The Aviator WC<\/span><\/td>\n<td class=\"tree\" style=\"width: 25%;\">AM CH Rozzay Hunt Club Clayview Grady<\/td>\n<\/tr>\n<tr>\n<td class=\"tree\"><span class=\"style118\">CH BISS Lobuffs Sandpiper At Hollyridge<\/span><\/td>\n<\/tr>\n<tr>\n<td class=\"tree\" rowspan=\"2\">Shannon\u2019s Amethyst Dreams<\/td>\n<td class=\"tree\">AM CH Ridge View Bugs Bunny<\/td>\n<\/tr>\n<tr>\n<td class=\"tree\">Shannon\u2019s Rainbow In The Mist<\/td>\n<\/tr>\n<tr>\n<td class=\"tree\" rowspan=\"4\">POL RUS UZ MAC CH Merci Herbu Zadora<br \/>\nHD A\/A ED 0:0 Eyes Clear<br \/>\nprcd-PRA Normal\/Clear, EIC Clear<br \/>\n(POL)<\/td>\n<td class=\"tree\" rowspan=\"2\">POL CH Kimleigh\u2019s New Moon Rising<\/td>\n<td class=\"tree\">BISS AM CH Windfall\u2019s Pipe Major<\/td>\n<\/tr>\n<tr>\n<td class=\"tree\">AM CH Kimleigh\u2019s Once In A Blue Moon<\/td>\n<\/tr>\n<tr>\n<td class=\"tree\" rowspan=\"2\">Yunta Yara Herbu Zadora<\/td>\n<td class=\"tree\">Nimloth Logan At Herbu Zadora<\/td>\n<\/tr>\n<tr>\n<td class=\"tree\">Zebu Zadziora Herbu Zadora<\/td>\n<\/tr>\n<tr>\n<td class=\"tree\" rowspan=\"8\">Perfect Sweet Dream Midnight Blue<br \/>\nA\/A 0:0 Eyes Clear<br \/>\nprcd-PRA, HNPK &amp; EIC Normal\/Clear<\/td>\n<td class=\"tree\" rowspan=\"4\">EST JCH EST JW\u201918 EST W\u201918<br \/>\nMy Brand Sky Wizard<br \/>\nHD A\/A, ED 0:0, Optigen prcd-PRA Normal\/Clear, EIC Clear (N\/N), HNPK Normal\/Clear<br \/>\n(EST)<\/td>\n<td class=\"tree\" rowspan=\"2\">World Winner\u201916 European Winner\u201916 European Winner\u201917 CIB CIE RUS JCH RUS FIN LTU KZS RKF CH<br \/>\nWest Sib Story Aidaho<\/td>\n<td class=\"tree\">Larkspur Lynx<\/td>\n<\/tr>\n<tr>\n<td class=\"tree\">INT RUS USB KAZ GR RKF CH Lab\u2019Spb Alabama Girl<\/td>\n<\/tr>\n<tr>\n<td class=\"tree\" rowspan=\"2\">Arctic Sky Aquarelle<\/td>\n<td class=\"tree\">POL CH JCH LUX JCH JCW\u201911 Arthus Sarracenia Majestic Chameleon<\/td>\n<\/tr>\n<tr>\n<td class=\"tree\">POL EST LTU CH My Brand Ebony At Aquarelle<\/td>\n<\/tr>\n<tr>\n<td class=\"tree\" rowspan=\"4\">EST JCH Perfect Sweet Dream Rapunzel<br \/>\nHD A\/B ED 0:0, Eyes Clear<br \/>\n<span role=\"heading\" aria-level=\"4\">PRA clear, HNPK clear, EIC clear<\/span><br \/>\n(EST)<\/td>\n<td class=\"tree\" rowspan=\"2\">EST JCH LVA JW14 OgreW15 LTU LTU BALT JCH Lonely Without You Teczowy Gaj<\/td>\n<td class=\"tree\"><span class=\"style8\">CH Kimleigh New Moon Rising<\/span><\/td>\n<\/tr>\n<tr>\n<td class=\"tree\"><span class=\"style8\">CH Mirana Teczowy Gaj<\/span><\/td>\n<\/tr>\n<tr>\n<td class=\"tree\" rowspan=\"2\">EST JCH Perfect Sweet Dream N Makes Rules<\/td>\n<td class=\"tree\">FR NDL SW LUX VDH INT EST RUS LV RKF BUNDESSIEGER\u201906 Jahrhundertsieger\u201906 Amsterdam Winner\u201906 Aston de l\u2019Etang Balancet<\/td>\n<\/tr>\n<tr>\n<td class=\"tree\">EST J CH EST CH C.I.B C.I.E EurVetW18 POL Vet CH FIN CH LTU JCH CH Vet CH LVA CH LVA JCH EST Vet CH BALT CH BALT J CH Perfect Sweet Dream Break Every Rule<\/td>\n<\/tr>\n<\/tbody>\n<\/table>\n<p><img decoding=\"async\" src=\"https:\/\/vana.mybrand.ee\/wp-content\/gallery\/my-brand-golden-eagle\/MB-Golden-Eagle_18.jpg\" alt=\"\"><\/p>\n<h4>N\u00c4ITUSTE TULEMUSED<\/h4>\n<table>\n<tbody>\n<tr>\n<th>Kuup\u00e4ev<\/th>\n<th>N\u00e4itus<\/th>\n<th>Kohtunik<\/th>\n<th>Klass<\/th>\n<th>Tulemused<\/th>\n<\/tr>\n<tr>\n<td>04.09.2021<\/td>\n<td><a href=\"https:\/\/online.kennelliit.ee\/show\/show.php?lang=0&amp;show=881\">II &amp; VIII R\u00fchma n\u00e4itus, Harjumaa<\/a><\/td>\n<td>Yvonne Jaussi (Sw)<\/td>\n<td>Juunioriklass<\/td>\n<td>TPJ Jun SERT<\/td>\n<\/tr>\n<tr>\n<td>20.08.2021<\/td>\n<td><a href=\"https:\/\/online.kennelliit.ee\/show\/show.php?lang=0&amp;show=917\">Labrador retriiverite erin\u00e4itus,&nbsp; Harjumaa<\/a><\/td>\n<td>Yulia Novak (Rus)<\/td>\n<td>Juunioriklass<\/td>\n<td>SP 1 SK VSPJ Jun SERT<\/td>\n<\/tr>\n<tr>\n<td>06.09.2020<\/td>\n<td><a href=\"https:\/\/online.kennelliit.ee\/show\/show.php?lang=0&amp;show=841\">Retriiverite erin\u00e4itus, Harjumaa<\/a><\/td>\n<td>Viveca Lahokoski (Fin)<\/td>\n<td>Beebiklass<\/td>\n<td>4<\/td>\n<\/tr>\n<\/tbody>\n<\/table>\n<h4>GALERII<\/h4>\n<p>ngg_shortcode_1_placeholder<\/p>","protected":false},"excerpt":{"rendered":"<p>EESTI JUUNIORT\u0160EMPION My Brand Golden Eagle &#8220;Miilo&#8221; kollane isane (eeBB, ei kanna pruuni v\u00e4rvi) s\u00fcnd 17.04.2020 kaasomanik K\u00fclli Lilleorg, Eesti TERVISEUURINGUD puusad A\/A k\u00fc\u00fcnarliigesed 0:0 silmad puhtad (aprill 2021) s\u00fcda puhas (Echo Doppler) Eesti kennelliidu andmebaas \u00bb GEENITESTID prcd-PRA puhas (N\/N) EIC puhas (N\/N) HNPK puhas (N\/N) DM puhas (N\/N) Cystinuria puhas (N\/N) Narkolepsia puhas [&hellip;]<\/p>\n","protected":false},"author":1,"featured_media":0,"parent":6,"menu_order":9,"comment_status":"closed","ping_status":"closed","template":"","meta":{"ngg_post_thumbnail":0,"footnotes":""},"class_list":["post-7610","page","type-page","status-publish","hentry"],"_links":{"self":[{"href":"https:\/\/vana.mybrand.ee\/et\/wp-json\/wp\/v2\/pages\/7610","targetHints":{"allow":["GET"]}}],"collection":[{"href":"https:\/\/vana.mybrand.ee\/et\/wp-json\/wp\/v2\/pages"}],"about":[{"href":"https:\/\/vana.mybrand.ee\/et\/wp-json\/wp\/v2\/types\/page"}],"author":[{"embeddable":true,"href":"https:\/\/vana.mybrand.ee\/et\/wp-json\/wp\/v2\/users\/1"}],"replies":[{"embeddable":true,"href":"https:\/\/vana.mybrand.ee\/et\/wp-json\/wp\/v2\/comments?post=7610"}],"version-history":[{"count":0,"href":"https:\/\/vana.mybrand.ee\/et\/wp-json\/wp\/v2\/pages\/7610\/revisions"}],"up":[{"embeddable":true,"href":"https:\/\/vana.mybrand.ee\/et\/wp-json\/wp\/v2\/pages\/6"}],"wp:attachment":[{"href":"https:\/\/vana.mybrand.ee\/et\/wp-json\/wp\/v2\/media?parent=7610"}],"curies":[{"name":"wp","href":"https:\/\/api.w.org\/{rel}","templated":true}]}}