{"id":7675,"date":"2020-10-28T21:04:02","date_gmt":"2020-10-28T19:04:02","guid":{"rendered":"https:\/\/vana.mybrand.ee\/?page_id=7675"},"modified":"2021-12-17T20:09:48","modified_gmt":"2021-12-17T18:09:48","slug":"my-brand-van-damme","status":"publish","type":"page","link":"https:\/\/vana.mybrand.ee\/et\/males\/my-brand-van-damme\/","title":{"rendered":"My Brand Van Damme ~Rufus~"},"content":{"rendered":"<p><\/p>\n<ul>\n<li><strong>EESTI JUUNIORT\u0160EMPION<\/strong><\/li>\n<li><strong>L\u00c4TI JUUNIORT\u0160EMPION<br \/>\n<\/strong><\/li>\n<li><strong>LEEDU JUUNIORT\u0160EMPION<br \/>\n<\/strong><\/li>\n<li><strong>BALTI JUUNIORT\u0160EMPION<\/strong><\/li>\n<li><strong>LABRADOR CLUB SHOW BEST IN SHOW<\/strong><\/li>\n<\/ul>\n<p><img loading=\"lazy\" decoding=\"async\" src=\"https:\/\/vana.mybrand.ee\/wp-content\/gallery\/my-brand-van-damme\/My-Brand-Van-Damme-mai-2021_5.jpg\" alt=\"\" width=\"1800\" height=\"1200\"><\/p>\n<h3>&#8220;Rufus&#8221;<\/h3>\n<p>must isane (BBEE, dominantmust)<br \/>\ns\u00fcnd: 4.5.2017<br \/>\nOmanik Mirja-Helen J\u00e4rvel, Estonia.<\/p>\n<p><em>* fotol 4-aastane.<\/em><\/p>\n<h4>TERVISEUURINGUD<\/h4>\n<ul>\n<li>puusad A\/A<\/li>\n<li>k\u00fc\u00fcnarliigesed 0:0<\/li>\n<li>silmad puhtad (jaan&#8217;19)<\/li>\n<li>s\u00fcdameuuring puhas, leiuta (m\u00e4rts&#8217;21)<\/li>\n<li>prcd-PRA Normal\/Clear<\/li>\n<li>DM Normal\/Clear<\/li>\n<li>CY Normal\/Clear<\/li>\n<li>EIC kandja (N\/EIC)<\/li>\n<li>HNPK kandja (N\/HNPK)<\/li>\n<li><a href=\"https:\/\/register.kennelliit.ee\/index.php?page=dogCard&amp;dogId=248284\" target=\"_blank\" rel=\"noopener noreferrer\">EKL andmebaasis \u00bb<\/a><\/li>\n<\/ul>\n<p><img decoding=\"async\" class=\"aligncenter\" title=\"\" src=\"https:\/\/vana.mybrand.ee\/wp-content\/gallery\/web\/title-bg.png\" alt=\"\"><\/p>\n<p>Rufus on heatahtlik ja \u00f5nnelik noor isane, kes on p\u00e4rit Markados Pordios Aragorni ja Velvetline&#8217;s Zsanetti pesakonnast. Tema sugupuu \u00fchendab nii mitmeid koeri, kellega meil on au olnud oma elu jagada. Rufus v\u00f5itis 2019 aastal labradoride erin\u00e4itusel t\u00f5u parima tiitli.<\/p>\n<h4>SUGUPUU<\/h4>\n<table class=\"tree\" border=\"1\">\n<tbody>\n<tr>\n<td class=\"tree\" style=\"width: 25%;\" rowspan=\"8\">EST LTU LVA BALT RUS JCH BALT JW16 EST LTU SW CH BALT W17 Markados Pordios Aragorn<br \/>\nHD A\/A, ED 0:0, prcd-PRA Clear<br \/>\n(RUS)<\/td>\n<td class=\"tree\" style=\"width: 25%;\" rowspan=\"4\">Inamorato Gitane Smoker<br \/>\nHD A\/A, ED 0:0, prcd-PRA Normal\/Clear, EIC Clear (N\/N), HNPK Clear<br \/>\n(RUS)<\/td>\n<td class=\"tree\" style=\"width: 25%;\" rowspan=\"2\">AZ RUS CH Tiger Paws Herbu Zadora<\/td>\n<td class=\"tree\">AM GCH Hyspire Shalih Hotter&#8217;N Blazes<\/td>\n<\/tr>\n<tr>\n<td class=\"tree\">Yunta Yara Herbu Zadora<\/td>\n<\/tr>\n<tr>\n<td class=\"tree\" rowspan=\"2\">RUS GR CH RUS CH RUS JCH Miliy Drug Arina<\/td>\n<td class=\"tree\">INT LT POL RUS GR JCH POL CH Lab Treasure&#8217;s Indeed<\/td>\n<\/tr>\n<tr>\n<td class=\"tree\">CH Chablais Gipsy<\/td>\n<\/tr>\n<tr>\n<td class=\"tree\" rowspan=\"4\">Del Prado X&amp;E Nota Bene<\/td>\n<td class=\"tree\" rowspan=\"2\">RUS BLR LTU CH Follies Mason<\/td>\n<td class=\"tree\">AM BISS CH Lubberline Martingale<\/td>\n<\/tr>\n<tr>\n<td class=\"tree\">Tweedledum Folies Bergerer<\/td>\n<\/tr>\n<tr>\n<td class=\"tree\" rowspan=\"2\">RUS CH JCH Talliar Shikary Slep Ap Sultana<\/td>\n<td class=\"tree\">RUS GCH UKR CH Stenveyz Fahrenheit FT-Duck<\/td>\n<\/tr>\n<tr>\n<td class=\"tree\">RUS RKF CH Stenveyz Charcoal FT-Duck<\/td>\n<\/tr>\n<tr>\n<td class=\"tree\" rowspan=\"8\">EST JCH Velvetline&#8217;s Zsanett<br \/>\nHD B\/B ED 0:0, Eyes Clear, prcd-PRA Clear<br \/>\n(SLO)<\/td>\n<td class=\"tree\" rowspan=\"4\">GB SH CH EST CH EST JCH Follies Ivar<br \/>\nHD A\/A ED 0:0, Optigen prcd-PRA Normal\/Clear<br \/>\n(FIN)<\/td>\n<td class=\"tree\" rowspan=\"2\">Queijeiro Da Vinci<\/td>\n<td class=\"tree\">Picasso Queijeiro<\/td>\n<\/tr>\n<tr>\n<td class=\"tree\">Luciana Queijeiro-Toca<\/td>\n<\/tr>\n<tr>\n<td class=\"tree\" rowspan=\"2\">Follies Big Bertha<\/td>\n<td class=\"tree\">CIB FIN EST LT CH W-06 Follies Mon Oncle<\/td>\n<\/tr>\n<tr>\n<td class=\"tree\">Saskian Twix<\/td>\n<\/tr>\n<tr>\n<td class=\"tree\" rowspan=\"4\">SLO JCH My Brand Black Velvet<br \/>\nHD (HD A\/A ED 0:0 prcd-PRA Clear<br \/>\n(EST)<\/td>\n<td class=\"tree\" rowspan=\"2\">EST JCH Bubbling Xerox<\/td>\n<td class=\"tree\">Mallorn\u2019s Toblerone<\/td>\n<\/tr>\n<tr>\n<td class=\"tree\">Bubbling Me-Oh-My<\/td>\n<\/tr>\n<tr>\n<td class=\"tree\" rowspan=\"2\">My Brand Love Story<\/td>\n<td class=\"tree\">EST LV LTU BALT BLR CH Loresho Love Mail<\/td>\n<\/tr>\n<tr>\n<td class=\"tree\">My Brand Design By Angestel<\/td>\n<\/tr>\n<\/tbody>\n<\/table>\n<h4>&nbsp;<img decoding=\"async\" class=\"aligncenter\" title=\"\" src=\"https:\/\/vana.mybrand.ee\/wp-content\/gallery\/web\/title-bg.png\" alt=\"\"><\/h4>\n<h4><img loading=\"lazy\" decoding=\"async\" src=\"https:\/\/vana.mybrand.ee\/wp-content\/gallery\/my-brand-van-damme\/My-Brand-Van-Damme-mai-2021.jpg\" alt=\"\" width=\"1379\" height=\"919\"><\/h4>\n<h4>KATSETE TULEMUSED<\/h4>\n<ul>\n<li>Loodetavasti varsti<\/li>\n<\/ul>\n<h4>N\u00c4ITUSTE TULEMUSED<\/h4>\n<table style=\"width: 100%;\">\n<tbody>\n<tr style=\"height: 24px;\">\n<th style=\"height: 24px;\">Kuup\u00e4ev<\/th>\n<th style=\"height: 24px;\">N\u00e4itus<\/th>\n<th style=\"height: 24px;\">Kohtunik<\/th>\n<th style=\"height: 24px;\">Klass<\/th>\n<th style=\"height: 24px;\">Tulemused<\/th>\n<\/tr>\n<tr style=\"height: 24px;\">\n<td style=\"height: 24px;\">16.02.2020<\/td>\n<td style=\"height: 24px;\"><a href=\"https:\/\/online.kennelliit.ee\/show\/show.php?lang=0&amp;show=724\">INT Tln Winter Cup&#8217;20, Tallinn<\/a><\/td>\n<td style=\"height: 24px;\">Inga Siil (Eesti)<\/td>\n<td style=\"height: 24px;\">Avaklass<\/td>\n<td style=\"height: 24px;\">SP 3 SK<\/td>\n<\/tr>\n<tr style=\"height: 24px;\">\n<td style=\"height: 24px;\">08.09.2019<\/td>\n<td style=\"height: 24px;\"><a href=\"https:\/\/online.kennelliit.ee\/show\/show.php?lang=0&amp;show=682\">Retriiverite erin\u00e4itus, Kumna<\/a><\/td>\n<td style=\"height: 24px;\">Siv Sand\u00f8 (Norway)<\/td>\n<td style=\"height: 24px;\">Avaklass<\/td>\n<td style=\"height: 24px;\">SP 3<\/td>\n<\/tr>\n<tr style=\"height: 24px;\">\n<td style=\"height: 24px;\">16.08.2019<\/td>\n<td style=\"height: 24px;\"><a href=\"https:\/\/online.kennelliit.ee\/show\/show.php?lang=0&amp;show=694\">Labrador Club Winner 2019, Harjumaa<\/a><\/td>\n<td style=\"height: 24px;\">Lotta Vuorinen (Finland)<\/td>\n<td style=\"height: 24px;\">Avaklass<\/td>\n<td style=\"height: 24px;\">SP 1 SK PI1 VSP SERT<\/td>\n<\/tr>\n<tr style=\"height: 24px;\">\n<td style=\"height: 24px;\">10.02.2019<\/td>\n<td style=\"height: 24px;\"><a href=\"https:\/\/online.kennelliit.ee\/show\/show.php?lang=0&amp;show=629\">INT Tallinn Winter Cup 2019, Tallinn<\/a><\/td>\n<td style=\"height: 24px;\">Bo Skalin (Sweden)<\/td>\n<td style=\"height: 24px;\">Noorteklass<\/td>\n<td style=\"height: 24px;\">SP 3<\/td>\n<\/tr>\n<tr style=\"height: 24px;\">\n<td style=\"height: 24px;\">09.02.2019<\/td>\n<td style=\"height: 24px;\"><a href=\"https:\/\/online.kennelliit.ee\/show\/show.php?lang=0&amp;show=621\">8. ja 9. r\u00fchmade n\u00e4itus, Tallinn<\/a><\/td>\n<td style=\"height: 24px;\">Maja Bubalo (Croatia)<\/td>\n<td style=\"height: 24px;\">Noorteklass<\/td>\n<td style=\"height: 24px;\">SP 1 SK PI3<\/td>\n<\/tr>\n<tr style=\"height: 24px;\">\n<td style=\"height: 24px;\">19.01.2019<\/td>\n<td style=\"height: 24px;\"><a href=\"https:\/\/online.kennelliit.ee\/show\/show.php?lang=0&amp;show=619\">8 ja 9 ruhman\u00e4itus, J\u00f5gevamaa<\/a><\/td>\n<td style=\"height: 24px;\">Vera Alifirenko (Russia)<\/td>\n<td style=\"height: 24px;\">Noorteklass<\/td>\n<td style=\"height: 24px;\">SP 1 SK PI1 VSP<\/td>\n<\/tr>\n<tr style=\"height: 24px;\">\n<td style=\"height: 24px;\">09.09.2018<\/td>\n<td style=\"height: 24px;\"><a href=\"https:\/\/online.kennelliit.ee\/show\/show.php?lang=0&amp;show=594\">Retriiverite erin\u00e4itus, Kumna<\/a><\/td>\n<td style=\"height: 24px;\">Sergio Scarpellini (Italy)<\/td>\n<td style=\"height: 24px;\">Juunioriklass<\/td>\n<td style=\"height: 24px;\">SP 2 SK<\/td>\n<\/tr>\n<tr style=\"height: 24px;\">\n<td style=\"height: 24px;\">19.08.2018<\/td>\n<td style=\"height: 24px;\"><a href=\"https:\/\/online.kennelliit.ee\/show\/show.php?lang=0&amp;show=586\">INT Balti V\u00f5itja 2018 Harjumaa<\/a><\/td>\n<td style=\"height: 24px;\">Judit Beke (Hungary)<\/td>\n<td style=\"height: 24px;\">Juunioriklass<\/td>\n<td style=\"height: 24px;\">SP<\/td>\n<\/tr>\n<tr style=\"height: 24px;\">\n<td style=\"height: 24px;\">18.08.2018<\/td>\n<td style=\"height: 24px;\"><a href=\"https:\/\/online.kennelliit.ee\/show\/show.php?lang=0&amp;show=591\">Retriiverite erin\u00e4itus, Luige<\/a><\/td>\n<td style=\"height: 24px;\">Sven Slettedal (Norway)<\/td>\n<td style=\"height: 24px;\">Juunioriklass<\/td>\n<td style=\"height: 24px;\">SP 1 SK PI4 VSPJ Jun SERT<\/td>\n<\/tr>\n<tr style=\"height: 24px;\">\n<td style=\"height: 24px;\">17.08.2018<\/td>\n<td style=\"height: 24px;\"><a href=\"https:\/\/online.kennelliit.ee\/show\/show.php?lang=0&amp;show=588\">Labradoride erin\u00e4itus, Harjumaa<\/a><\/td>\n<td style=\"height: 24px;\">Frank Gilroy (UK)<\/td>\n<td style=\"height: 24px;\">Juunioriklass<\/td>\n<td style=\"height: 24px;\">SP 4 SK<\/td>\n<\/tr>\n<tr style=\"height: 24px;\">\n<td style=\"height: 24px;\">28.07.2018<\/td>\n<td style=\"height: 24px;\"><a href=\"https:\/\/online.kennelliit.ee\/show\/show.php?lang=0&amp;show=557\">Rahvuslik n\u00e4itus, Imavere, J\u00e4rvamaa<\/a><\/td>\n<td style=\"height: 24px;\">Peter Machetanz (Germany)<\/td>\n<td style=\"height: 24px;\">Juunioriklass<\/td>\n<td style=\"height: 24px;\">SP 2 SK PI2<\/td>\n<\/tr>\n<tr style=\"height: 24px;\">\n<td style=\"height: 24px;\">22.07.2018<\/td>\n<td style=\"height: 24px;\"><a href=\"https:\/\/online.kennelliit.ee\/show\/show.php?lang=0&amp;show=566\">Rahvuslik n\u00e4itus, Tartumaa<\/a><\/td>\n<td style=\"height: 24px;\">Jonathan Mesach (Indonesia)<\/td>\n<td style=\"height: 24px;\">Juunioriklass<\/td>\n<td style=\"height: 24px;\">SP 1<\/td>\n<\/tr>\n<tr style=\"height: 24px;\">\n<td style=\"height: 24px;\">21.07.2018<\/td>\n<td style=\"height: 24px;\"><a href=\"https:\/\/online.kennelliit.ee\/show\/show.php?lang=0&amp;show=565\">Rahvuslik n\u00e4itus, Tartumaa<\/a><\/td>\n<td style=\"height: 24px;\">Dina Korna (Eesti)<\/td>\n<td style=\"height: 24px;\">Juunioriklass<\/td>\n<td style=\"height: 24px;\">SP 1 SK PI3 VSPJ Jun SERT<\/td>\n<\/tr>\n<tr style=\"height: 24px;\">\n<td style=\"height: 24px;\">15.07.2018<\/td>\n<td style=\"height: 24px;\"><a href=\"https:\/\/online.kennelliit.ee\/show\/show.php?lang=0&amp;show=552\">Rahvuslik n\u00e4itus, Harjumaa<\/a><\/td>\n<td style=\"height: 24px;\">Jelena Kruus (Eesti)<\/td>\n<td style=\"height: 24px;\">Juunioriklass<\/td>\n<td style=\"height: 24px;\">SP 1 SK PI1 VSPJ Jun SERT VSP<\/td>\n<\/tr>\n<tr style=\"height: 24px;\">\n<td style=\"height: 24px;\">14.07.2018<\/td>\n<td style=\"height: 24px;\"><a href=\"https:\/\/online.kennelliit.ee\/show\/show.php?lang=0&amp;show=551\">Rahvuslik , Harjumaa<\/a><\/td>\n<td style=\"height: 24px;\">Avi Mallach (Isr)<\/td>\n<td style=\"height: 24px;\">Juunioriklass<\/td>\n<td style=\"height: 24px;\">SP 2<\/td>\n<\/tr>\n<\/tbody>\n<\/table>\n<h4>KOHTUNIKUD TEMAST:<\/h4>\n<p><strong>Siv Sando (NOR):<\/strong><\/p>\n<blockquote><p>&#8220;Very good type and size, lovely head and expression, good neck and shoulders, good proportions and body, in excellent condition, super coat structure, well angulated behind, nice feet, moves very well, excellent temperament.&#8221;<\/p><\/blockquote>\n<p><strong>Frank Gilroy (UK):<\/strong><\/p>\n<blockquote><p>&#8220;Nice black of good type, like his head neck and shoulders, good brisket, topline and tailset, good barrel rib, deep in chest, good rear angulations, moves well and settled.&#8221;<\/p><\/blockquote>\n<p><strong>Jelena Kruus (EST): <\/strong><\/p>\n<blockquote><p>&#8220;Excellent type, strong, very well developed for age, masculine head, correct expression, correct earset and carriage, powerful neck, excellent topline, typical tailset and correct angulations front and rear, good turn of ribs, plenty space for heart, moves very well.&#8221;<\/p><\/blockquote>\n<p><strong>Peter Machetanz (GER): <\/strong><\/p>\n<blockquote><p>&#8220;14 months old, typical for the breed at this age, head with brown eyes, correct bite and pigmentation, correct body, very good front and angulations, correct coat and color, friendly temperament, very good movement.&#8221;<\/p><\/blockquote>\n<h4>GALERII<\/h4>\n<p>ngg_shortcode_1_placeholder<\/p>","protected":false},"excerpt":{"rendered":"<p>EESTI JUUNIORT\u0160EMPION L\u00c4TI JUUNIORT\u0160EMPION LEEDU JUUNIORT\u0160EMPION BALTI JUUNIORT\u0160EMPION LABRADOR CLUB SHOW BEST IN SHOW &#8220;Rufus&#8221; must isane (BBEE, dominantmust) s\u00fcnd: 4.5.2017 Omanik Mirja-Helen J\u00e4rvel, Estonia. * fotol 4-aastane. TERVISEUURINGUD puusad A\/A k\u00fc\u00fcnarliigesed 0:0 silmad puhtad (jaan&#8217;19) s\u00fcdameuuring puhas, leiuta (m\u00e4rts&#8217;21) prcd-PRA Normal\/Clear DM Normal\/Clear CY Normal\/Clear EIC kandja (N\/EIC) HNPK kandja (N\/HNPK) EKL andmebaasis \u00bb [&hellip;]<\/p>\n","protected":false},"author":1,"featured_media":0,"parent":6,"menu_order":4,"comment_status":"closed","ping_status":"closed","template":"","meta":{"ngg_post_thumbnail":0,"footnotes":""},"class_list":["post-7675","page","type-page","status-publish","hentry"],"_links":{"self":[{"href":"https:\/\/vana.mybrand.ee\/et\/wp-json\/wp\/v2\/pages\/7675","targetHints":{"allow":["GET"]}}],"collection":[{"href":"https:\/\/vana.mybrand.ee\/et\/wp-json\/wp\/v2\/pages"}],"about":[{"href":"https:\/\/vana.mybrand.ee\/et\/wp-json\/wp\/v2\/types\/page"}],"author":[{"embeddable":true,"href":"https:\/\/vana.mybrand.ee\/et\/wp-json\/wp\/v2\/users\/1"}],"replies":[{"embeddable":true,"href":"https:\/\/vana.mybrand.ee\/et\/wp-json\/wp\/v2\/comments?post=7675"}],"version-history":[{"count":0,"href":"https:\/\/vana.mybrand.ee\/et\/wp-json\/wp\/v2\/pages\/7675\/revisions"}],"up":[{"embeddable":true,"href":"https:\/\/vana.mybrand.ee\/et\/wp-json\/wp\/v2\/pages\/6"}],"wp:attachment":[{"href":"https:\/\/vana.mybrand.ee\/et\/wp-json\/wp\/v2\/media?parent=7675"}],"curies":[{"name":"wp","href":"https:\/\/api.w.org\/{rel}","templated":true}]}}