{"id":7732,"date":"2020-11-01T22:32:26","date_gmt":"2020-11-01T20:32:26","guid":{"rendered":"https:\/\/vana.mybrand.ee\/?page_id=7732"},"modified":"2022-10-30T13:20:35","modified_gmt":"2022-10-30T11:20:35","slug":"my-brand-twice-as-nice","status":"publish","type":"page","link":"https:\/\/vana.mybrand.ee\/et\/about-us\/koerad-minevikust\/my-brand-twice-as-nice\/","title":{"rendered":"My Brand Twice As Nice ~Elly~"},"content":{"rendered":"<p><img loading=\"lazy\" decoding=\"async\" class=\"alignnone\" src=\"https:\/\/vana.mybrand.ee\/wp-content\/gallery\/my-brand-twice-as-nice\/My-Brand-Twice-As-Nice.jpg\" width=\"1800\" height=\"1200\"><\/p>\n<h2>&#8220;Elly&#8221;<\/h2>\n<p><em>* 8-n\u00e4dalane fotol<br \/>\n<\/em><\/p>\n<p>must emane (BbEE, kannab pruuni, ei kanna kollast)<br \/>\ns\u00fcnd 21.4.2020<\/p>\n<p>Kaasomanik Kevin Savi, Eesti<\/p>\n<h4>TERVISEUURINGUD<\/h4>\n<ul>\n<li>puusad &#8212;<\/li>\n<li>k\u00fc\u00fcnarliigesed &#8212;<\/li>\n<li>silmauuring &#8212;<\/li>\n<li>HNPK puhas (N\/N)- vanemad puhtad<\/li>\n<li>EIC puhas (N\/N) &#8211; vanemad puhtad<\/li>\n<li>PRA-prcd &#8212;<\/li>\n<li><a href=\"https:\/\/register.kennelliit.ee\/index.php?page=dogCard&amp;dogId=303613\" target=\"_blank\" rel=\"noopener noreferrer\">EKL andmebaasis \u00bb<\/a><\/li>\n<\/ul>\n<p><img decoding=\"async\" class=\"aligncenter\" title=\"\" src=\"https:\/\/vana.mybrand.ee\/wp-content\/gallery\/web\/title-bg.png\" alt=\"\"><\/p>\n<p>Elly on armas noor emane EAGERTRIEVES TUW GRAVITY &#8220;Hobbs&#8221; pesakonnast MY BRAND INDIAN MAGIG &#8220;Suziega&#8221;.<\/p>\n<h4>SUGUPUU<\/h4>\n<table class=\"tree\" border=\"1\">\n<tbody>\n<tr>\n<td class=\"tree\" style=\"width: 25%;\" rowspan=\"8\">CAN CH Eagertrieves True Gravity<br \/>\nHips OFA Fair Elbows OFA Normal Eyes: OFA Clear<br \/>\nNormal\/Clear: prcd-PRA, EIC, HNPK, CNM, DM, Long Coat Gene<br \/>\nHeart ECHO: Clear<br \/>\n(CAN)<\/td>\n<td class=\"tree\" style=\"width: 25%;\" rowspan=\"4\">Ramblin Man Of Buddy Hunter<\/td>\n<td class=\"tree\" style=\"width: 25%;\" rowspan=\"2\">AC Pekka of Lontras Labs<\/td>\n<td class=\"tree\">Mallorn&#8217;s Impulse<\/td>\n<\/tr>\n<tr>\n<td class=\"tree\">Noruck Iara JH<\/td>\n<\/tr>\n<tr>\n<td class=\"tree\" rowspan=\"2\">Kiss Zen of Buddy Hunter<\/td>\n<td class=\"tree\">Zen Doris of Buddy Hunter<\/td>\n<\/tr>\n<tr>\n<td class=\"tree\">X-Girl of Buddy Hunter<\/td>\n<\/tr>\n<tr>\n<td class=\"tree\" rowspan=\"4\">CAN CH Eagertrieves Grin And Bear It<\/td>\n<td class=\"tree\" rowspan=\"2\">CAN NZ CH Eagertrieves Downtown Brown<\/td>\n<td class=\"tree\">AM CH Nipntuck Eagertrieve Mesmerize<\/td>\n<\/tr>\n<tr>\n<td class=\"tree\">MBISS CH Eagertrieves Meant To Do That<\/td>\n<\/tr>\n<tr>\n<td class=\"tree\" rowspan=\"2\">CAN CH Eagertrieves Ursa Major<\/td>\n<td class=\"tree\">AM CAN CH Windfall&#8217;s Pipe Major<\/td>\n<\/tr>\n<tr>\n<td class=\"tree\">Dicha&#8217;s Stacey<\/td>\n<\/tr>\n<tr>\n<td class=\"tree\" rowspan=\"8\">My Brand Indian Magic<br \/>\nHD A\/A ED 0:0 Eyes Clear<br \/>\nNormal\/Clear: EIC, HNPK, prcd-PRA Carrier<br \/>\n(EST)<\/td>\n<td class=\"tree\" rowspan=\"4\">BALT JW\u201915 EST JCH Genuine My Brand Optimus Canis<br \/>\nHD A\/A ED 0:0 Eyes Clear<br \/>\nPRA-prcd &amp; EIC &amp; CNM &amp; CY &amp; DM &amp; HUU &amp; PKD Normal\/Clear<br \/>\n(POL)<\/td>\n<td class=\"tree\" rowspan=\"2\">INT CH POL JCH POL BLK UKR BUL CH Mallorn\u2019s Black Gangsta<\/td>\n<td class=\"tree\">Mallorn\u2019s Romeo<\/td>\n<\/tr>\n<tr>\n<td class=\"tree\">Mallorn\u2019s Premium Chocolate<\/td>\n<\/tr>\n<tr>\n<td class=\"tree\" rowspan=\"2\">Amazing Poppy Optimus Canis<\/td>\n<td class=\"tree\">PL SK CH Mallorn\u2019s Chocomania<\/td>\n<\/tr>\n<tr>\n<td class=\"tree\">POL JCH PL CH Night Night Optimus Canis<\/td>\n<\/tr>\n<tr>\n<td class=\"tree\" rowspan=\"4\">Karankawa Maiara<br \/>\nHD A\/B ED 0:0 Eyes Clear<br \/>\nEIC Normal\/Clear<br \/>\n(EST)<\/td>\n<td class=\"tree\" rowspan=\"2\">MEX EST CH Tabatha\u2019s Caffu Queijeiro<\/td>\n<td class=\"tree\">MEX CH Dickendall Bucky<\/td>\n<\/tr>\n<tr>\n<td class=\"tree\">AM CH Tabatha\u2019s Gala WC<\/td>\n<\/tr>\n<tr>\n<td class=\"tree\" rowspan=\"2\">Forest Fan Lilith<\/td>\n<td class=\"tree\">Forest Fan Kerberos<\/td>\n<\/tr>\n<tr>\n<td class=\"tree\">Forest Fan Amanda<\/td>\n<\/tr>\n<\/tbody>\n<\/table>\n<h4>&nbsp;<img decoding=\"async\" class=\"aligncenter\" title=\"\" src=\"https:\/\/vana.mybrand.ee\/wp-content\/gallery\/web\/title-bg.png\" alt=\"\"><\/h4>\n<h4>N\u00c4ITUSETULEMUSED<\/h4>\n<p>Loodetavasti varsti<\/p>\n<h4>KOHTUNIKUD TEMAST<\/h4>\n<p>Loodetavasti varsti<\/p>\n<h4>GALERII<\/h4>\nngg_shortcode_0_placeholder\n","protected":false},"excerpt":{"rendered":"<p>&#8220;Elly&#8221; * 8-n\u00e4dalane fotol must emane (BbEE, kannab pruuni, ei kanna kollast) s\u00fcnd 21.4.2020 Kaasomanik Kevin Savi, Eesti TERVISEUURINGUD puusad &#8212; k\u00fc\u00fcnarliigesed &#8212; silmauuring &#8212; HNPK puhas (N\/N)- vanemad puhtad EIC puhas (N\/N) &#8211; vanemad puhtad PRA-prcd &#8212; EKL andmebaasis \u00bb Elly on armas noor emane EAGERTRIEVES TUW GRAVITY &#8220;Hobbs&#8221; pesakonnast MY BRAND INDIAN MAGIG [&hellip;]<\/p>\n","protected":false},"author":1,"featured_media":0,"parent":5477,"menu_order":22,"comment_status":"closed","ping_status":"closed","template":"","meta":{"ngg_post_thumbnail":0,"footnotes":""},"class_list":["post-7732","page","type-page","status-publish","hentry"],"_links":{"self":[{"href":"https:\/\/vana.mybrand.ee\/et\/wp-json\/wp\/v2\/pages\/7732","targetHints":{"allow":["GET"]}}],"collection":[{"href":"https:\/\/vana.mybrand.ee\/et\/wp-json\/wp\/v2\/pages"}],"about":[{"href":"https:\/\/vana.mybrand.ee\/et\/wp-json\/wp\/v2\/types\/page"}],"author":[{"embeddable":true,"href":"https:\/\/vana.mybrand.ee\/et\/wp-json\/wp\/v2\/users\/1"}],"replies":[{"embeddable":true,"href":"https:\/\/vana.mybrand.ee\/et\/wp-json\/wp\/v2\/comments?post=7732"}],"version-history":[{"count":0,"href":"https:\/\/vana.mybrand.ee\/et\/wp-json\/wp\/v2\/pages\/7732\/revisions"}],"up":[{"embeddable":true,"href":"https:\/\/vana.mybrand.ee\/et\/wp-json\/wp\/v2\/pages\/5477"}],"wp:attachment":[{"href":"https:\/\/vana.mybrand.ee\/et\/wp-json\/wp\/v2\/media?parent=7732"}],"curies":[{"name":"wp","href":"https:\/\/api.w.org\/{rel}","templated":true}]}}