{"id":7796,"date":"2020-12-02T02:26:22","date_gmt":"2020-12-02T00:26:22","guid":{"rendered":"https:\/\/vana.mybrand.ee\/?page_id=7796"},"modified":"2025-02-12T09:56:13","modified_gmt":"2025-02-12T07:56:13","slug":"my-brand-stargazer","status":"publish","type":"page","link":"https:\/\/vana.mybrand.ee\/et\/females\/my-brand-stargazer\/","title":{"rendered":"My Brand Stargazer ~Jenny~"},"content":{"rendered":"<p><div style=\"width: 1210px\" class=\"wp-caption alignnone\"><img loading=\"lazy\" decoding=\"async\" src=\"https:\/\/vana.mybrand.ee\/wp-content\/gallery\/my-brand-stargazer\/IMG_6579.JPG\" alt=\"\" width=\"1200\" height=\"812\"><p class=\"wp-caption-text\">* fotol 17-kuune. Foto: My Brand Labradors<\/p><\/div><\/p>\n<h2>My Brand Stargazer &#8220;Jenny&#8221;<\/h2>\n<p>must emane (BBEe, kannab kollast v\u00e4rvi)<br \/>\ns\u00fcnd 30.4.2020<\/p>\n<p>Kaasomanik Mari Kipper, Eesti<br \/>\n<a href=\"https:\/\/register.kennelliit.ee\/index.php?page=dogCard&amp;dogId=303503\" target=\"_blank\" rel=\"noopener noreferrer\">Eesti Kennelliidu andmebaasis \u00bb<\/a><\/p>\n<h4>TERVISEUURINGUD<\/h4>\n<ul>\n<li>puusad A\/A<\/li>\n<li>k\u00fc\u00fcnarliigesed 0:0<\/li>\n<li>silmad puhtad (juuni 2021)<\/li>\n<li>s\u00fcdameuuring puhas&nbsp; (ECHO Doppler juuni 2021)<\/li>\n<\/ul>\n<h4>GEENITESTID<\/h4>\n<ul>\n<li>Prcd-PRA puhas<\/li>\n<li>EIC kandja (EIC\/N)<\/li>\n<li>HNPK puhas (N\/N)<\/li>\n<li>CNM puhas (N\/N)<\/li>\n<li>Narcolepsy puhas (N\/N)<\/li>\n<li>DM puhas (N\/N)<\/li>\n<li>CY puhas (N\/N)<\/li>\n<li>kannab pikakarvasuse geeni<\/li>\n<li><a href=\"https:\/\/wisdompanel.com\/app\/s\/xzp9fm0\" target=\"_blank\" rel=\"noopener\">Geenitestide t\u00e4ielikud tulemused Wisdom Panel lehel<\/a><\/li>\n<\/ul>\n<h4>SUGUPUU<\/h4>\n<table class=\"tree\" style=\"width: 100%; height: 274px;\" border=\"1\">\n<tbody>\n<tr style=\"height: 24px;\">\n<td class=\"tree\" style=\"width: 25%; height: 10px;\" rowspan=\"8\">isa: Queijeiro Kloster Mex.Fci.<br \/>\nHD A\/A ED 0:0 Eyes Clear<br \/>\nEIC, HNPK, prcd-PRA, CNM, DM, long coat, CY Normal\/Clear<br \/>\n(EST)<\/td>\n<td class=\"tree\" style=\"width: 25%; height: 10px;\" rowspan=\"4\">Queijeiro Mistery Jackpot Mex.Fci<br \/>\n(MEX)<\/td>\n<td class=\"tree\" style=\"width: 25%; height: 10px;\" rowspan=\"2\">Am CH Mex GCH CH Pol CH Vegas Night Bella Mare<\/td>\n<td class=\"tree\" style=\"height: 0px;\">MBISS Am GCH CH Pol CH Dickendall Buckstone Three Dog Night<\/td>\n<\/tr>\n<tr style=\"height: 24px;\">\n<td class=\"tree\" style=\"height: 10px;\">Pl CH Sandamar Hyspire You&#8217;Re So Vain<\/td>\n<\/tr>\n<tr style=\"height: 48px;\">\n<td class=\"tree\" style=\"height: 0px;\" rowspan=\"2\">Queijeiro Rio Tinto<\/td>\n<td class=\"tree\" style=\"height: 0px;\">GCH CH Mtn Meadow Buckeye Brutus<\/td>\n<\/tr>\n<tr style=\"height: 24px;\">\n<td class=\"tree\" style=\"height: 0px;\">Queijeiro La Gatina<\/td>\n<\/tr>\n<tr style=\"height: 33px;\">\n<td class=\"tree\" style=\"height: 0px;\" rowspan=\"4\">Queijeiro Dany Mex.Fci.<br \/>\n(MEX)<\/td>\n<td class=\"tree\" style=\"height: 0px;\" rowspan=\"2\">Bomberg Anguiano Mex.Fci.<\/td>\n<td class=\"tree\" style=\"height: 0px;\">Hollyridge Lobuff Taylor Made<\/td>\n<\/tr>\n<tr style=\"height: 33px;\">\n<td class=\"tree\" style=\"height: 0px;\">Anya Stroud Anaguiani Mex.Fci<\/td>\n<\/tr>\n<tr style=\"height: 48px;\">\n<td class=\"tree\" style=\"height: 0px;\" rowspan=\"2\">Queijeiro Noella Mex.Fci.<\/td>\n<td class=\"tree\" style=\"height: 0px;\"><span lang=\"en-us\">Dickendall Noir Queijeiro<br \/>\n<\/span><\/td>\n<\/tr>\n<tr style=\"height: 96px;\">\n<td class=\"tree\" style=\"height: 0px;\">Queijeiro Black Gina Mex.Fci<\/td>\n<\/tr>\n<tr style=\"height: 48px;\">\n<td class=\"tree\" style=\"height: 264px;\" rowspan=\"8\">ema: My Brand First Class Five Star<br \/>\nHD A\/A ED 0:0 Eyes Clear<br \/>\nHNPK, prcd-PRA Normal\/Clear, EIC Carrier<br \/>\n(EST)<\/td>\n<td class=\"tree\" style=\"height: 120px;\" rowspan=\"4\">MEX EST CH Tabatha\u2019s Caffu Queijeiro HD OFA good, ED OFA normal, Eyes Clear, prcd-PRA Normal\/Clear<br \/>\n(USA)<\/td>\n<td class=\"tree\" style=\"height: 72px;\" rowspan=\"2\">MEX CH Dickendall Bucky<\/td>\n<td class=\"tree\" style=\"height: 48px;\">NL CH NLV CW \u201999 NW \u201999 Trendmaker\u2019s Tycoon<\/td>\n<\/tr>\n<tr style=\"height: 24px;\">\n<td class=\"tree\" style=\"height: 24px;\">Dickendall Barbie<\/td>\n<\/tr>\n<tr style=\"height: 24px;\">\n<td class=\"tree\" style=\"height: 48px;\" rowspan=\"2\">AM CH Tabatha\u2019s Gala WC<\/td>\n<td class=\"tree\" style=\"height: 24px;\">AM CH Dickendall Davaron Gable<\/td>\n<\/tr>\n<tr style=\"height: 24px;\">\n<td class=\"tree\" style=\"height: 24px;\">AM CH Tabatha\u2019s Giggle WC<\/td>\n<\/tr>\n<tr style=\"height: 48px;\">\n<td class=\"tree\" style=\"height: 144px;\" rowspan=\"4\">Tweedledum Baila Baila<br \/>\nHD A\/A ED 0:0, Eyes Clear, prcd-PRA Clear<br \/>\n(FIN)<\/td>\n<td class=\"tree\" style=\"height: 72px;\" rowspan=\"2\">FIN CH Devonshires London Edition<\/td>\n<td class=\"tree\" style=\"height: 48px;\">Am Ch Devonshires Limited Edition WC<\/td>\n<\/tr>\n<tr style=\"height: 24px;\">\n<td class=\"tree\" style=\"height: 24px;\">AM CH Devonshires Darjeeling<\/td>\n<\/tr>\n<tr style=\"height: 24px;\">\n<td class=\"tree\" style=\"height: 72px;\" rowspan=\"2\">Tweedledum Give N Take<\/td>\n<td class=\"tree\" style=\"height: 24px;\">Mallorn\u2019s Ursus Arctos<\/td>\n<\/tr>\n<tr style=\"height: 48px;\">\n<td class=\"tree\" style=\"height: 48px;\">FIN EST CH Tweedledum Purple Evening<\/td>\n<\/tr>\n<\/tbody>\n<\/table>\n<h4><img decoding=\"async\" class=\"aligncenter\" title=\"\" src=\"https:\/\/vana.mybrand.ee\/wp-content\/gallery\/web\/title-bg.png\" alt=\"\"><\/h4>\n<h4>GALERII<\/h4>\n<p>ngg_shortcode_1_placeholder<\/p>","protected":false},"excerpt":{"rendered":"<p>My Brand Stargazer &#8220;Jenny&#8221; must emane (BBEe, kannab kollast v\u00e4rvi) s\u00fcnd 30.4.2020 Kaasomanik Mari Kipper, Eesti Eesti Kennelliidu andmebaasis \u00bb TERVISEUURINGUD puusad A\/A k\u00fc\u00fcnarliigesed 0:0 silmad puhtad (juuni 2021) s\u00fcdameuuring puhas&nbsp; (ECHO Doppler juuni 2021) GEENITESTID Prcd-PRA puhas EIC kandja (EIC\/N) HNPK puhas (N\/N) CNM puhas (N\/N) Narcolepsy puhas (N\/N) DM puhas (N\/N) CY puhas [&hellip;]<\/p>\n","protected":false},"author":1,"featured_media":0,"parent":39,"menu_order":4,"comment_status":"closed","ping_status":"closed","template":"","meta":{"ngg_post_thumbnail":0,"footnotes":""},"class_list":["post-7796","page","type-page","status-publish","hentry"],"_links":{"self":[{"href":"https:\/\/vana.mybrand.ee\/et\/wp-json\/wp\/v2\/pages\/7796","targetHints":{"allow":["GET"]}}],"collection":[{"href":"https:\/\/vana.mybrand.ee\/et\/wp-json\/wp\/v2\/pages"}],"about":[{"href":"https:\/\/vana.mybrand.ee\/et\/wp-json\/wp\/v2\/types\/page"}],"author":[{"embeddable":true,"href":"https:\/\/vana.mybrand.ee\/et\/wp-json\/wp\/v2\/users\/1"}],"replies":[{"embeddable":true,"href":"https:\/\/vana.mybrand.ee\/et\/wp-json\/wp\/v2\/comments?post=7796"}],"version-history":[{"count":0,"href":"https:\/\/vana.mybrand.ee\/et\/wp-json\/wp\/v2\/pages\/7796\/revisions"}],"up":[{"embeddable":true,"href":"https:\/\/vana.mybrand.ee\/et\/wp-json\/wp\/v2\/pages\/39"}],"wp:attachment":[{"href":"https:\/\/vana.mybrand.ee\/et\/wp-json\/wp\/v2\/media?parent=7796"}],"curies":[{"name":"wp","href":"https:\/\/api.w.org\/{rel}","templated":true}]}}