{"id":783,"date":"2011-02-15T19:27:01","date_gmt":"2011-02-15T17:27:01","guid":{"rendered":"https:\/\/vana.mybrand.ee"},"modified":"2025-11-11T06:34:00","modified_gmt":"2025-11-11T04:34:00","slug":"noored-ja-lubavad","status":"publish","type":"page","link":"https:\/\/vana.mybrand.ee\/et\/noored-ja-lubavad\/","title":{"rendered":"Noored ja lubavad"},"content":{"rendered":"<p><em>Siin lehel on need noored ja lubavad koerad, kelle oleme j\u00e4tnud endale koju kasvama v\u00f5i kaasomandisse, lootes, et peale terviseuuringuid ja -teste saavad neist tulevikus meie aretust\u00f6\u00f6 j\u00e4tkajad. K\u00f5ikidest lubavatest noortest siiski aretuskoera ei saa ja seet\u00f5ttu otsivad vahel meie noored koerad v\u00f5i juuniorid kaasomandikodu v\u00f5i lihtsalt uut omanikku. Need koerad on tavaliselt saanud elementaarse alg\u00f5ppe, hoiavad puhtust ja oskavad rihma otsas k\u00e4ia. Kui oled sellisest koerast huvitatud, v\u00f5ta \u00fchendust.<\/em><\/p>\n<h4>ISASED<\/h4>\n<table width=\"99%\">\n<tbody>\n<tr>\n<td width=\"33%\"><a href=\"https:\/\/vana.mybrand.ee\/noored-ja-lubavad\/my-brand-world-edition\/\"><img loading=\"lazy\" decoding=\"async\" class=\"alignnone\" src=\"https:\/\/vana.mybrand.ee\/wp-content\/gallery\/other-dogs\/coming-soon.jpg\" alt=\"Photo coming soon\" width=\"250\" height=\"188\"><\/a><\/td>\n<td width=\"33%\"><a href=\"https:\/\/vana.mybrand.ee\/noored-ja-lubavad\/my-brand-grand-legend\/\"><img loading=\"lazy\" decoding=\"async\" class=\"alignnone\" src=\"https:\/\/vana.mybrand.ee\/wp-content\/gallery\/my-brand-grand-legend\/MB-Grand-Legend-01.jpg?i=1792949921\" alt=\"My Brand Grand Legend\" width=\"250\" height=\"188\"><\/a><\/td>\n<td width=\"33%\">&nbsp;<\/td>\n<\/tr>\n<tr>\n<td width=\"33%\"><strong>MY BRAND WORLD EDITION<\/strong><br \/>\n<strong>&#8220;Bono&#8221;<\/strong><\/td>\n<td width=\"33%\"><strong>MY BRAND GRAND LEGEND<\/strong><br \/>\n<strong>&#8220;Remi&#8221;<\/strong><\/td>\n<td width=\"33%\">&nbsp;<\/td>\n<\/tr>\n<tr>\n<td width=\"33%\">&nbsp;<\/td>\n<td width=\"33%\">&nbsp;<\/td>\n<td width=\"33%\">&nbsp;<\/td>\n<\/tr>\n<tr>\n<td width=\"33%\">&nbsp;<\/td>\n<td width=\"33%\">&nbsp;<\/td>\n<td width=\"33%\">&nbsp;<\/td>\n<\/tr>\n<\/tbody>\n<\/table>\n<table border=\"0\">\n<tbody>\n<tr>\n<td>&nbsp;<\/td>\n<td>&nbsp;<\/td>\n<td>&nbsp;<\/td>\n<\/tr>\n<tr>\n<td>&nbsp;<\/td>\n<td>&nbsp;<\/td>\n<td>&nbsp;<\/td>\n<\/tr>\n<\/tbody>\n<\/table>\n<h4>EMASED<\/h4>\n<table style=\"width: 100%;\" border=\"0\">\n<tbody>\n<tr style=\"height: 173px;\">\n<td style=\"width: 33%;\" valign=\"top\"><a href=\"https:\/\/vana.mybrand.ee\/noored-ja-lubavad\/my-brand-perfect-harmony\/\"><img loading=\"lazy\" decoding=\"async\" class=\"alignnone\" src=\"https:\/\/vana.mybrand.ee\/wp-content\/gallery\/my-brand-perfect-harmony\/web-MB-Perfect-Harmony.jpg\" alt=\"My Brand Perfect Harmony\" width=\"250\" height=\"188\"><\/a><\/td>\n<td style=\"width: 33%;\" valign=\"top\"><a href=\"https:\/\/vana.mybrand.ee\/noored-ja-lubavad\/my-brand-grand-gala\"><img loading=\"lazy\" decoding=\"async\" class=\"alignnone\" src=\"https:\/\/vana.mybrand.ee\/wp-content\/gallery\/other-dogs\/coming-soon.jpg\" alt=\"Photo coming soon\" width=\"250\" height=\"188\"><\/a><\/td>\n<td valign=\"top\"><a href=\"https:\/\/vana.mybrand.ee\/noored-ja-lubavad\/my-brand-easy-is-overrated\"><img loading=\"lazy\" decoding=\"async\" class=\"alignnone\" src=\"https:\/\/vana.mybrand.ee\/wp-content\/gallery\/other-dogs\/coming-soon.jpg\" alt=\"Photo coming soon\" width=\"250\" height=\"188\"><\/a><\/td>\n<\/tr>\n<tr style=\"height: 48px;\">\n<td valign=\"top\"><strong>MY BRAND PERFECT HARMONY<\/strong><br \/>\n<strong>&#8220;Sandy&#8221;<\/strong><\/td>\n<td valign=\"top\"><strong>MY BRAND GRAND GALA<\/strong><br \/>\n<strong>&#8220;Luna&#8221;<\/strong><\/td>\n<td valign=\"top\"><strong>MY BRAND EASY IS OVERRATED<\/strong><br \/>\n<strong>&#8220;Steffy&#8221;<\/strong><\/td>\n<\/tr>\n<tr style=\"height: 173px;\">\n<td valign=\"top\"><a href=\"https:\/\/vana.mybrand.ee\/noored-ja-lubavad\/my-brand-jazz-noir\/\"><img loading=\"lazy\" decoding=\"async\" class=\"alignnone\" src=\"https:\/\/vana.mybrand.ee\/wp-content\/gallery\/other-dogs\/coming-soon.jpg\" alt=\"My Brand Jazz Noir\" width=\"250\" height=\"188\"><\/a><\/td>\n<td valign=\"top\"><a href=\"https:\/\/vana.mybrand.ee\/noored-ja-lubavad\/my-brand-all-jazzed-up\/\"><img loading=\"lazy\" decoding=\"async\" class=\"alignnone\" src=\"https:\/\/vana.mybrand.ee\/wp-content\/gallery\/my-brand-all-jazzed-up\/IMG_3698.jpg\" alt=\"My Brand All Jazzed Up\" width=\"250\" height=\"188\"><\/a><\/td>\n<td valign=\"top\"><a href=\"https:\/\/vana.mybrand.ee\/noored-ja-lubavad\/my-brand-great-pretender\"><img loading=\"lazy\" decoding=\"async\" class=\"alignnone\" src=\"https:\/\/vana.mybrand.ee\/wp-content\/gallery\/other-dogs\/coming-soon.jpg\" alt=\"My Brand Great Pretender\" width=\"250\" height=\"188\"><\/a><\/td>\n<\/tr>\n<tr style=\"height: 48px;\">\n<td valign=\"top\"><strong>MY BRAND JAZZ NOIR<\/strong><br \/>\n<strong>&#8220;Luna&#8221;<\/strong><\/td>\n<td valign=\"top\"><strong>MY BRAND ALL JAZZED UP<br \/>\n&#8220;Becky&#8221;<\/strong><\/td>\n<td valign=\"top\"><strong>MY BRAND GREAT PRETENDER<br \/>\n&#8220;Sofi&#8221;<\/strong><\/td>\n<\/tr>\n<tr style=\"height: 172px;\">\n<td valign=\"top\"><a href=\"https:\/\/vana.mybrand.ee\/noored-ja-lubavad\/my-brand-cacharel-amor-amor\"><img loading=\"lazy\" decoding=\"async\" class=\"alignnone\" src=\"https:\/\/vana.mybrand.ee\/wp-content\/gallery\/my-brand-cacharel-amor-amor\/MB-Cacharel-Amor-Amor-1.jpg?i=486676579\" alt=\"My Brand Cacharel Amor Amor\" width=\"250\" height=\"188\"><\/a><\/td>\n<td valign=\"top\"><a href=\"https:\/\/vana.mybrand.ee\/noored-ja-lubavad\/my-brand-chantal-thomass-gold\"><img loading=\"lazy\" decoding=\"async\" class=\"alignnone\" src=\"https:\/\/vana.mybrand.ee\/wp-content\/gallery\/other-dogs\/coming-soon.jpg\" alt=\"My Brand Chantal Thomass Gold\" width=\"250\" height=\"188\"><\/a><\/td>\n<td valign=\"top\"><a href=\"https:\/\/vana.mybrand.ee\/noored-ja-lubavad\/my-brand-dancing-in-the-rain\"><img loading=\"lazy\" decoding=\"async\" class=\"alignnone\" src=\"https:\/\/vana.mybrand.ee\/wp-content\/gallery\/other-dogs\/coming-soon.jpg\" alt=\"My Brand Dancing In The Rain\" width=\"250\" height=\"188\"><\/a><\/td>\n<\/tr>\n<tr style=\"height: 48px;\">\n<td valign=\"top\"><strong>MY BRAND CACHAREL AMOR AMOR<\/strong><br \/>\n<strong>&#8220;Cherie&#8221;<\/strong><\/td>\n<td valign=\"top\"><strong>MY BRAND CHANTAL THOMASS GOLD<br \/>\n&#8220;Mona&#8221;<\/strong><\/td>\n<td valign=\"top\"><strong>MY BRAND DANCING IN THE RAIN<br \/>\n&#8220;Penni&#8221;<\/strong><\/td>\n<\/tr>\n<tr style=\"height: 172px;\">\n<td valign=\"top\"><a href=\"https:\/\/vana.mybrand.ee\/noored-ja-lubavad\/my-brand-back-to-the-future\"><img loading=\"lazy\" decoding=\"async\" class=\"alignnone\" src=\"https:\/\/vana.mybrand.ee\/wp-content\/gallery\/other-dogs\/coming-soon.jpg\" alt=\"My Brand Back To The Future\" width=\"250\" height=\"188\"><\/a><\/td>\n<td valign=\"top\"><a href=\"https:\/\/vana.mybrand.ee\/noored-ja-lubavad\/my-brand-over-the-moon-and-back\"><img loading=\"lazy\" decoding=\"async\" class=\"alignnone\" src=\"https:\/\/vana.mybrand.ee\/wp-content\/gallery\/other-dogs\/coming-soon.jpg\" alt=\"My Brand Over The Moon And Back\" width=\"250\" height=\"188\"><\/a><\/td>\n<td valign=\"top\"><a href=\"https:\/\/vana.mybrand.ee\/noored-ja-lubavad\/my-brand-white-nights\"><img loading=\"lazy\" decoding=\"async\" class=\"alignnone\" src=\"https:\/\/vana.mybrand.ee\/wp-content\/gallery\/other-dogs\/coming-soon.jpg\" alt=\"My Brand White Nights\" width=\"250\" height=\"188\"><\/a><\/td>\n<\/tr>\n<tr style=\"height: 72px;\">\n<td valign=\"top\"><strong>MY BRAND BACK TO THE FUTURE<br \/>\n&#8220;Virsik&#8221;<\/strong><\/td>\n<td valign=\"top\"><strong>MY BRAND OVER THE MOON AND BACK<br \/>\n&#8220;Berta&#8221;<\/strong><\/td>\n<td valign=\"top\"><strong>MY BRAND WHITE NIGHTS<br \/>\n&#8220;Limpa&#8221;<\/strong><\/td>\n<\/tr>\n<tr>\n<td><a href=\"https:\/\/vana.mybrand.ee\/noored-ja-lubavad\/my-brand-white-chocolate\"><img loading=\"lazy\" decoding=\"async\" class=\"alignnone\" src=\"https:\/\/vana.mybrand.ee\/wp-content\/gallery\/other-dogs\/coming-soon.jpg\" alt=\"My Brand White Chocolate\" width=\"250\" height=\"188\"><\/a><\/td>\n<td><a href=\"https:\/\/vana.mybrand.ee\/noored-ja-lubavad\/my-brand-next-generation\"><img loading=\"lazy\" decoding=\"async\" class=\"alignnone\" src=\"https:\/\/vana.mybrand.ee\/wp-content\/gallery\/other-dogs\/coming-soon.jpg\" alt=\"My Brand Next Generation\" width=\"250\" height=\"188\"><\/a><\/td>\n<td><a href=\"https:\/\/vana.mybrand.ee\/noored-ja-lubavad\/my-brand-buzzing-bee\"><img loading=\"lazy\" decoding=\"async\" class=\"alignnone\" src=\"https:\/\/vana.mybrand.ee\/wp-content\/gallery\/other-dogs\/coming-soon.jpg\" alt=\"My Brand Buzzing Bee\" width=\"250\" height=\"188\"><\/a><\/td>\n<\/tr>\n<tr>\n<td><strong>MY BRAND WHITE CHOCOLATE<br \/>\n&#8220;Luuna&#8221;<\/strong><\/td>\n<td><strong>MY BRAND NEXT GENERATION<br \/>\n&#8220;Iiris&#8221;<\/strong><\/td>\n<td><strong>MY BRAND BUZZING BEE&nbsp;<br \/>\n&#8220;Summ&#8221;<\/strong><\/td>\n<\/tr>\n<tr>\n<td><a href=\"https:\/\/vana.mybrand.ee\/noored-ja-lubavad\/my-brand-dark-roast\"><img loading=\"lazy\" decoding=\"async\" class=\"alignnone\" src=\"https:\/\/vana.mybrand.ee\/wp-content\/gallery\/other-dogs\/coming-soon.jpg\" alt=\"My Brand Dark Roast\" width=\"250\" height=\"188\"><\/a><\/td>\n<td>&nbsp;<\/td>\n<td>&nbsp;<\/td>\n<\/tr>\n<tr>\n<td><strong>MY BRAND DARK ROAST<br \/>\n&#8220;Ruby&#8221;<\/strong><\/td>\n<td>&nbsp;<\/td>\n<td>&nbsp;<\/td>\n<\/tr>\n<tr>\n<td>&nbsp;<\/td>\n<td>&nbsp;<\/td>\n<td>&nbsp;<\/td>\n<\/tr>\n<tr>\n<td>&nbsp;<\/td>\n<td>&nbsp;<\/td>\n<td>&nbsp;<\/td>\n<\/tr>\n<\/tbody>\n<\/table>\n<p><\/p>","protected":false},"excerpt":{"rendered":"<p>Siin lehel on need noored ja lubavad koerad, kelle oleme j\u00e4tnud endale koju kasvama v\u00f5i kaasomandisse, lootes, et peale terviseuuringuid ja -teste saavad neist tulevikus meie aretust\u00f6\u00f6 j\u00e4tkajad. K\u00f5ikidest lubavatest noortest siiski aretuskoera ei saa ja seet\u00f5ttu otsivad vahel meie noored koerad v\u00f5i juuniorid kaasomandikodu v\u00f5i lihtsalt uut omanikku. Need koerad on tavaliselt saanud elementaarse [&hellip;]<\/p>\n","protected":false},"author":1,"featured_media":0,"parent":0,"menu_order":7,"comment_status":"closed","ping_status":"closed","template":"","meta":{"ngg_post_thumbnail":0,"footnotes":""},"class_list":["post-783","page","type-page","status-publish","hentry"],"_links":{"self":[{"href":"https:\/\/vana.mybrand.ee\/et\/wp-json\/wp\/v2\/pages\/783","targetHints":{"allow":["GET"]}}],"collection":[{"href":"https:\/\/vana.mybrand.ee\/et\/wp-json\/wp\/v2\/pages"}],"about":[{"href":"https:\/\/vana.mybrand.ee\/et\/wp-json\/wp\/v2\/types\/page"}],"author":[{"embeddable":true,"href":"https:\/\/vana.mybrand.ee\/et\/wp-json\/wp\/v2\/users\/1"}],"replies":[{"embeddable":true,"href":"https:\/\/vana.mybrand.ee\/et\/wp-json\/wp\/v2\/comments?post=783"}],"version-history":[{"count":0,"href":"https:\/\/vana.mybrand.ee\/et\/wp-json\/wp\/v2\/pages\/783\/revisions"}],"wp:attachment":[{"href":"https:\/\/vana.mybrand.ee\/et\/wp-json\/wp\/v2\/media?parent=783"}],"curies":[{"name":"wp","href":"https:\/\/api.w.org\/{rel}","templated":true}]}}