{"id":7897,"date":"2021-02-19T22:38:19","date_gmt":"2021-02-19T20:38:19","guid":{"rendered":"https:\/\/vana.mybrand.ee\/?page_id=7897"},"modified":"2022-04-29T12:08:41","modified_gmt":"2022-04-29T10:08:41","slug":"my-brand-coco-rocha","status":"publish","type":"page","link":"https:\/\/vana.mybrand.ee\/et\/females\/my-brand-coco-rocha\/","title":{"rendered":"My Brand Coco Rocha ~Lotte~"},"content":{"rendered":"<p><img loading=\"lazy\" decoding=\"async\" class=\"alignnone\" src=\"https:\/\/vana.mybrand.ee\/wp-content\/gallery\/my-brand-coco-rocha\/MB-Coco-Rocha-7ndl-_6.jpg\" alt=\"\" width=\"1800\" height=\"1200\"><\/p>\n<h2>My Brand Coco Rocha &#8220;Lotte&#8221;<\/h2>\n<p><em>* 7 n\u00e4dalat vana fotol<\/em><\/p>\n<p>pruun emane (bbEE, ei kanna kollast)<br \/>\ns\u00fcnd 5.1.2021<br \/>\nkaasomanik Keiju-Karin Rinne, Harjumaa<br \/>\n<a href=\"https:\/\/register.kennelliit.ee\/index.php?page=dogCard&amp;dogId=311103\" target=\"_blank\" rel=\"noopener noreferrer\">EKL andmebaasis \u00bb<\/a><\/p>\n<h4>TERVISEUURINGUD<\/h4>\n<ul>\n<li>puusad A\/A<\/li>\n<li>k\u00fc\u00fcnarliigesed 0:0<\/li>\n<li>silmad puhtad (m\u00e4rts 2022)<\/li>\n<li>s\u00fcdameuuring puhas (Echo Doppler, m\u00e4rts 2022)<\/li>\n<\/ul>\n<h4>GEENITESTID<\/h4>\n<ul>\n<li>HNPK &#8212;<\/li>\n<li>EIC &#8212;<\/li>\n<li>prcd-PRA Normal\/Clear (By Parentage)<\/li>\n<\/ul>\n<p><img decoding=\"async\" class=\"aligncenter\" title=\"\" src=\"https:\/\/vana.mybrand.ee\/wp-content\/gallery\/web\/title-bg.png\" alt=\"\"><\/p>\n<h4>SUGUPUU<\/h4>\n<table class=\"tree\" border=\"1\">\n<tbody>\n<tr>\n<td class=\"tree\" rowspan=\"8\">BALT JW\u201915 EST JCH Genuine My Brand Optimus Canis<br \/>\nHD A\/A ED 0:0 Eyes Clear<br \/>\nPRA-prcd &amp; EIC &amp; CNM &amp; CY &amp; DM &amp; HUU &amp; PKD Normal\/Clear<br \/>\n(POL)<\/td>\n<td class=\"tree\" rowspan=\"4\">INT CH POL JCH POL BLK UKR BUL CH Mallorn\u2019s Black Gangsta<br \/>\nHD A\/A, ED 0:0, prcd-PRA Normal\/Clear, EIC Clear<br \/>\n(FIN)<\/td>\n<td class=\"tree\" rowspan=\"2\">Mallorn\u2019s Romeo<\/td>\n<td class=\"tree\">Visions I\u2019m Able<\/td>\n<\/tr>\n<tr>\n<td class=\"tree\">Rosanan La Rosa<\/td>\n<\/tr>\n<tr>\n<td class=\"tree\" rowspan=\"2\">Mallorn\u2019s Premium Chocolate<\/td>\n<td class=\"tree\">NORW SW SH CH Mementos Mario<\/td>\n<\/tr>\n<tr>\n<td class=\"tree\">Mallorn\u2019s Chocomotion<\/td>\n<\/tr>\n<tr>\n<td class=\"tree\" rowspan=\"4\">Amazing Poppy Optimus Canis<br \/>\nHD A\/A ED 0:0, prcd-PRA Normal\/Clear EIC N\/EIC<br \/>\n(POL)<\/td>\n<td class=\"tree\" rowspan=\"2\">PL SK CH Mallorn\u2019s Chocomania<\/td>\n<td class=\"tree\">SW SH CH Tjotte\u2019s Now Or Never<\/td>\n<\/tr>\n<tr>\n<td class=\"tree\">FIN CH Boothgate Miz Showbusiness<\/td>\n<\/tr>\n<tr>\n<td class=\"tree\" rowspan=\"2\">POL JCH PL CH Night Night Optimus Canis<\/td>\n<td class=\"tree\">POL CH Hercules Poirot Ingver<\/td>\n<\/tr>\n<tr>\n<td class=\"tree\">GODIVA z Tuszyna<\/td>\n<\/tr>\n<tr>\n<td class=\"tree\" rowspan=\"8\">EST LV LTU BALT JCH My Brand Discover The World<br \/>\nHD A\/A ED 0:0 Eyes Clear<br \/>\nprcd-PRA Normal\/Clear, HNPK Normal\/Clear, EIC Carrier<br \/>\n(EST)<\/td>\n<td class=\"tree\" rowspan=\"4\">SW SH CH Windleaf Disco<strong><br \/>\n<\/strong>HD A\/A ED 0:0 Eyes Clear<br \/>\nEIC, HNPK, prcd-PRA Normal\/Clear<br \/>\n(SW)<\/td>\n<td class=\"tree\" rowspan=\"2\">CAN CH Madabout\u2019s Rideon to Handyhill<\/td>\n<td class=\"tree\"><span class=\"\u0441\u0442\u0438\u043b\u044c7\">BISS AM CH Lor-Als Hot Diggity JH WC<\/span><\/td>\n<\/tr>\n<tr>\n<td class=\"tree\">Madabout\u2019s Juno My Name<\/td>\n<\/tr>\n<tr>\n<td class=\"tree\" rowspan=\"2\">SW SH CH NO CH Aquador Morgana<\/td>\n<td class=\"tree\">NO CH Labry Berry Scherbet at Play Mor<\/td>\n<\/tr>\n<tr>\n<td class=\"tree\">Aquador Ilythia<\/td>\n<\/tr>\n<tr>\n<td class=\"tree\" rowspan=\"4\">My Brand Special Indeed<br \/>\nHD A\/A ED 0:0 Eyes Clear<br \/>\nPRA-prcd Normal\/Clear<br \/>\nEIC Carrier<br \/>\n(EST)<\/td>\n<td class=\"tree\" rowspan=\"2\">RUS RKF BLR UKR FIN INT CH Stenveyz Get Popular<\/td>\n<td class=\"tree\">FIN EST RUS CH Palabras Keep On Movin\u2019<\/td>\n<\/tr>\n<tr>\n<td class=\"tree\">Stenveyz Part of Million<\/td>\n<\/tr>\n<tr>\n<td class=\"tree\" rowspan=\"2\">My Brand Mademoiselle<\/td>\n<td class=\"tree\">Mallorn\u2019s Romeo<\/td>\n<\/tr>\n<tr>\n<td class=\"tree\">FIN EST LV LTU BALT RUS CH FIN JW\u201903 Mallorn\u2019s Terracotta<\/td>\n<\/tr>\n<\/tbody>\n<\/table>\n<h4>&nbsp;<img decoding=\"async\" class=\"aligncenter\" title=\"\" src=\"https:\/\/vana.mybrand.ee\/wp-content\/gallery\/web\/title-bg.png\" alt=\"\"><\/h4>\n<h4>N\u00c4ITUSETULEMUSED<\/h4>\n<ul style=\"list-style-type: square;\">\n<li>loodetavasti varsti<\/li>\n<\/ul>\n<h4>KATSETE TULEMUSED<\/h4>\n<ul style=\"list-style-type: square;\">\n<li>loodetavasti varsti<\/li>\n<\/ul>\n<h4>GALERII<\/h4>\n<p>ngg_shortcode_1_placeholder<\/p>","protected":false},"excerpt":{"rendered":"<p>My Brand Coco Rocha &#8220;Lotte&#8221; * 7 n\u00e4dalat vana fotol pruun emane (bbEE, ei kanna kollast) s\u00fcnd 5.1.2021 kaasomanik Keiju-Karin Rinne, Harjumaa EKL andmebaasis \u00bb TERVISEUURINGUD puusad A\/A k\u00fc\u00fcnarliigesed 0:0 silmad puhtad (m\u00e4rts 2022) s\u00fcdameuuring puhas (Echo Doppler, m\u00e4rts 2022) GEENITESTID HNPK &#8212; EIC &#8212; prcd-PRA Normal\/Clear (By Parentage) SUGUPUU BALT JW\u201915 EST JCH Genuine [&hellip;]<\/p>\n","protected":false},"author":1,"featured_media":0,"parent":39,"menu_order":26,"comment_status":"closed","ping_status":"closed","template":"","meta":{"ngg_post_thumbnail":0,"footnotes":""},"class_list":["post-7897","page","type-page","status-publish","hentry"],"_links":{"self":[{"href":"https:\/\/vana.mybrand.ee\/et\/wp-json\/wp\/v2\/pages\/7897","targetHints":{"allow":["GET"]}}],"collection":[{"href":"https:\/\/vana.mybrand.ee\/et\/wp-json\/wp\/v2\/pages"}],"about":[{"href":"https:\/\/vana.mybrand.ee\/et\/wp-json\/wp\/v2\/types\/page"}],"author":[{"embeddable":true,"href":"https:\/\/vana.mybrand.ee\/et\/wp-json\/wp\/v2\/users\/1"}],"replies":[{"embeddable":true,"href":"https:\/\/vana.mybrand.ee\/et\/wp-json\/wp\/v2\/comments?post=7897"}],"version-history":[{"count":0,"href":"https:\/\/vana.mybrand.ee\/et\/wp-json\/wp\/v2\/pages\/7897\/revisions"}],"up":[{"embeddable":true,"href":"https:\/\/vana.mybrand.ee\/et\/wp-json\/wp\/v2\/pages\/39"}],"wp:attachment":[{"href":"https:\/\/vana.mybrand.ee\/et\/wp-json\/wp\/v2\/media?parent=7897"}],"curies":[{"name":"wp","href":"https:\/\/api.w.org\/{rel}","templated":true}]}}