{"id":7899,"date":"2021-02-19T22:44:19","date_gmt":"2021-02-19T20:44:19","guid":{"rendered":"https:\/\/vana.mybrand.ee\/?page_id=7899"},"modified":"2025-02-12T09:56:24","modified_gmt":"2025-02-12T07:56:24","slug":"my-brand-coco-mademoiselle","status":"publish","type":"page","link":"https:\/\/vana.mybrand.ee\/et\/females\/my-brand-coco-mademoiselle\/","title":{"rendered":"My Brand Coco Mademoiselle ~Amira~"},"content":{"rendered":"<p><img decoding=\"async\" src=\"https:\/\/vana.mybrand.ee\/wp-content\/gallery\/my-brand-coco-mademoiselle\/web-IMG_0262.jpg?i=50926364\" alt=\"\"><\/p>\n<p><strong>EESTI JUUNIORT\u0160EMPION<\/strong><\/p>\n<h2>My Brand Coco Mademoiselle &#8220;Amira&#8221;<\/h2>\n<p>pruun emane (bbEE, ei kanna kollast ega dilute)<br \/>\ns\u00fcnd 5.1.2021<br \/>\nolemas k\u00f5ik hambad<br \/>\nkaasomanik Kersti Kuusk, Harjumaa<br \/>\n<a href=\"https:\/\/register.kennelliit.ee\/index.php?page=dogCard&amp;dogId=311102\" target=\"_blank\" rel=\"noopener noreferrer\">Eesti Kennelliidu andmebaas \u00bb<\/a><\/p>\n<h4>TERVISEUURINGUD<\/h4>\n<ul>\n<li>puusad A\/A<\/li>\n<li>k\u00fc\u00fcnarliigesed 0:0<\/li>\n<li>silmad puhtad (m\u00e4rts 2022)<\/li>\n<li>s\u00fcdameuuring puhas (Echo Doppler, m\u00e4rts 2022)<\/li>\n<\/ul>\n<h4>GEENITESTID<\/h4>\n<ul>\n<li>HNPK kandja (N\/HNPK)<\/li>\n<li>EIC kandja (N\/EIC)<\/li>\n<li>CM puhas (N\/N)<\/li>\n<li>DM puhas (N\/N)<\/li>\n<li>STGD puhas (N\/N)<\/li>\n<li>Narcolepsia puhas (N\/N)<\/li>\n<li>prcd-PRA Normal\/Clear (By Parentage)<\/li>\n<li>ei kanna pikakarvalisuse ega kiharakarvalisuse geeni<\/li>\n<li><a href=\"http:\/\/www.wisdompanel.com\/app\/s\/fvr7jtw\" target=\"_blank\" rel=\"noopener\">geeniuuringute t\u00e4ielikud tulemused Wisdom Paneli lehel<\/a><\/li>\n<\/ul>\n<h4>SUGUPUU<\/h4>\n<table class=\"tree\" border=\"1\">\n<tbody>\n<tr>\n<td class=\"tree\" rowspan=\"8\">BALT JW\u201915 EST JCH Genuine My Brand Optimus Canis<br \/>\nHD A\/A ED 0:0 Eyes Clear<br \/>\nPRA-prcd &amp; EIC &amp; CNM &amp; CY &amp; DM &amp; HUU &amp; PKD Normal\/Clear<br \/>\n(POL)<\/td>\n<td class=\"tree\" rowspan=\"4\">INT CH POL JCH POL BLK UKR BUL CH Mallorn\u2019s Black Gangsta<br \/>\nHD A\/A, ED 0:0, prcd-PRA Normal\/Clear, EIC Clear<br \/>\n(FIN)<\/td>\n<td class=\"tree\" rowspan=\"2\">Mallorn\u2019s Romeo<\/td>\n<td class=\"tree\">Visions I\u2019m Able<\/td>\n<\/tr>\n<tr>\n<td class=\"tree\">Rosanan La Rosa<\/td>\n<\/tr>\n<tr>\n<td class=\"tree\" rowspan=\"2\">Mallorn\u2019s Premium Chocolate<\/td>\n<td class=\"tree\">NORW SW SH CH Mementos Mario<\/td>\n<\/tr>\n<tr>\n<td class=\"tree\">Mallorn\u2019s Chocomotion<\/td>\n<\/tr>\n<tr>\n<td class=\"tree\" rowspan=\"4\">Amazing Poppy Optimus Canis<br \/>\nHD A\/A ED 0:0, prcd-PRA Normal\/Clear EIC N\/EIC<br \/>\n(POL)<\/td>\n<td class=\"tree\" rowspan=\"2\">PL SK CH Mallorn\u2019s Chocomania<\/td>\n<td class=\"tree\">SW SH CH Tjotte\u2019s Now Or Never<\/td>\n<\/tr>\n<tr>\n<td class=\"tree\">FIN CH Boothgate Miz Showbusiness<\/td>\n<\/tr>\n<tr>\n<td class=\"tree\" rowspan=\"2\">POL JCH PL CH Night Night Optimus Canis<\/td>\n<td class=\"tree\">POL CH Hercules Poirot Ingver<\/td>\n<\/tr>\n<tr>\n<td class=\"tree\">GODIVA z Tuszyna<\/td>\n<\/tr>\n<tr>\n<td class=\"tree\" rowspan=\"8\">EST LV LTU BALT JCH My Brand Discover The World<br \/>\nHD A\/A ED 0:0 Eyes Clear<br \/>\nprcd-PRA Normal\/Clear, HNPK Normal\/Clear, EIC Carrier<br \/>\n(EST)<\/td>\n<td class=\"tree\" rowspan=\"4\">SW SH CH Windleaf Disco<strong><br \/>\n<\/strong>HD A\/A ED 0:0 Eyes Clear<br \/>\nEIC, HNPK, prcd-PRA Normal\/Clear<br \/>\n(SW)<\/td>\n<td class=\"tree\" rowspan=\"2\">CAN CH Madabout\u2019s Rideon to Handyhill<\/td>\n<td class=\"tree\"><span class=\"\u0441\u0442\u0438\u043b\u044c7\">BISS AM CH Lor-Als Hot Diggity JH WC<\/span><\/td>\n<\/tr>\n<tr>\n<td class=\"tree\">Madabout\u2019s Juno My Name<\/td>\n<\/tr>\n<tr>\n<td class=\"tree\" rowspan=\"2\">SW SH CH NO CH Aquador Morgana<\/td>\n<td class=\"tree\">NO CH Labry Berry Scherbet at Play Mor<\/td>\n<\/tr>\n<tr>\n<td class=\"tree\">Aquador Ilythia<\/td>\n<\/tr>\n<tr>\n<td class=\"tree\" rowspan=\"4\">My Brand Special Indeed<br \/>\nHD A\/A ED 0:0 Eyes Clear<br \/>\nPRA-prcd Normal\/Clear<br \/>\nEIC Carrier<br \/>\n(EST)<\/td>\n<td class=\"tree\" rowspan=\"2\">RUS RKF BLR UKR FIN INT CH Stenveyz Get Popular<\/td>\n<td class=\"tree\">FIN EST RUS CH Palabras Keep On Movin\u2019<\/td>\n<\/tr>\n<tr>\n<td class=\"tree\">Stenveyz Part of Million<\/td>\n<\/tr>\n<tr>\n<td class=\"tree\" rowspan=\"2\">My Brand Mademoiselle<\/td>\n<td class=\"tree\">Mallorn\u2019s Romeo<\/td>\n<\/tr>\n<tr>\n<td class=\"tree\">FIN EST LV LTU BALT RUS CH FIN JW\u201903 Mallorn\u2019s Terracotta<\/td>\n<\/tr>\n<\/tbody>\n<\/table>\n<h4>&nbsp;<img decoding=\"async\" class=\"aligncenter\" title=\"\" src=\"https:\/\/vana.mybrand.ee\/wp-content\/gallery\/web\/title-bg.png\" alt=\"\"><\/h4>\n<h4>N\u00c4ITUSETULEMUSED<\/h4>\n<div id=\"showresults\" class=\"box\">\n<div id=\"datagrid\">\n<table>\n<tbody>\n<tr>\n<th>Kuup\u00e4ev<\/th>\n<th>N\u00e4itus<\/th>\n<th>Kohtunik<\/th>\n<th>Klass<\/th>\n<th>Tulemused<\/th>\n<\/tr>\n<tr>\n<td>30.01.2022<\/td>\n<td><a href=\"https:\/\/online.kennelliit.ee\/show\/show.php?lang=0&amp;show=948\">8 ja 9 r\u00fchman\u00e4itus, Pisisaare J\u00f5gevamaa<\/a><\/td>\n<td>Jurate Butkiene (Lithuania)<\/td>\n<td>Juunioriklass<\/td>\n<td>SP 1 SK PE1 VSPJ Jun SERT VSP<\/td>\n<\/tr>\n<tr>\n<td>29.01.2022<\/td>\n<td><a href=\"https:\/\/online.kennelliit.ee\/show\/show.php?lang=0&amp;show=947\">8 ja 9 r\u00fchman\u00e4itus, Pisisaare J\u00f5gevamaa<\/a><\/td>\n<td>Dainora Sudeikien\u0117 (Lithuania)<\/td>\n<td>Juunioriklass<\/td>\n<td>SP 1 SK PE1 VSPJ Jun SERT VSP<\/td>\n<\/tr>\n<tr>\n<td>28.11.2021<\/td>\n<td><a href=\"https:\/\/online.kennelliit.ee\/show\/show.php?lang=0&amp;show=893\">Rahvuslik koerten\u00e4itus, Narva<\/a><\/td>\n<td>Valentinas Stiklius (Lithuania)<\/td>\n<td>Juunioriklass<\/td>\n<td>SP 3<\/td>\n<\/tr>\n<tr>\n<td>27.11.2021<\/td>\n<td><a href=\"https:\/\/online.kennelliit.ee\/show\/show.php?lang=0&amp;show=892\">Rahvuslik koerten\u00e4itus, Narva<\/a><\/td>\n<td>Kornelija Butrimova (Lithuania)<\/td>\n<td>Juunioriklass<\/td>\n<td>SP 3<\/td>\n<\/tr>\n<\/tbody>\n<\/table>\n<\/div>\n<\/div>\n<h4>T\u00d6\u00d6 JA KATSED<\/h4>\n<p><strong>RETRIIVERITE T\u00d5UKATSE<\/strong><\/p>\n<ul>\n<li>30.04.2022 Retriiverite t\u00f5ukatse Saarj\u00e4rvel, <strong>sooritatud<\/strong>, kohtunik Riin Kooli-K\u00f5nnussaar<\/li>\n<\/ul>\n<p><strong>VEREJ\u00c4LG<\/strong><\/p>\n<ul>\n<li>24.09.2022 <strong>82 punkti (I j\u00e4rk)<\/strong>, Tehumardi, Saaremaa, kohtunik Mari-Ann Rehk<\/li>\n<\/ul>\n<p><span class=\"x193iq5w xeuugli x13faqbe x1vvkbs x1xmvt09 x1lliihq x1s928wv xhkezso x1gmr53x x1cpjm7i x1fgarty x1943h6x xudqn12 x3x7a5m x6prxxf xvq8zen xo1l8bm xzsf02u x1yc453h\" dir=\"auto\"><strong>VEEP\u00c4\u00c4STE<\/strong><\/span><\/p>\n<ul>\n<li><span class=\"x193iq5w xeuugli x13faqbe x1vvkbs x1xmvt09 x1lliihq x1s928wv xhkezso x1gmr53x x1cpjm7i x1fgarty x1943h6x xudqn12 x3x7a5m x6prxxf xvq8zen xo1l8bm xzsf02u x1yc453h\" dir=\"auto\">12.06.2022 A klass, 87 punkti ja II koht, kohtunik Inguna Tihomirova<\/span><\/li>\n<\/ul>\n<h4>GALERII<\/h4>\n<p>ngg_shortcode_1_placeholder<\/p>","protected":false},"excerpt":{"rendered":"<p>EESTI JUUNIORT\u0160EMPION My Brand Coco Mademoiselle &#8220;Amira&#8221; pruun emane (bbEE, ei kanna kollast ega dilute) s\u00fcnd 5.1.2021 olemas k\u00f5ik hambad kaasomanik Kersti Kuusk, Harjumaa Eesti Kennelliidu andmebaas \u00bb TERVISEUURINGUD puusad A\/A k\u00fc\u00fcnarliigesed 0:0 silmad puhtad (m\u00e4rts 2022) s\u00fcdameuuring puhas (Echo Doppler, m\u00e4rts 2022) GEENITESTID HNPK kandja (N\/HNPK) EIC kandja (N\/EIC) CM puhas (N\/N) DM puhas [&hellip;]<\/p>\n","protected":false},"author":1,"featured_media":0,"parent":39,"menu_order":6,"comment_status":"closed","ping_status":"closed","template":"","meta":{"ngg_post_thumbnail":0,"footnotes":""},"class_list":["post-7899","page","type-page","status-publish","hentry"],"_links":{"self":[{"href":"https:\/\/vana.mybrand.ee\/et\/wp-json\/wp\/v2\/pages\/7899","targetHints":{"allow":["GET"]}}],"collection":[{"href":"https:\/\/vana.mybrand.ee\/et\/wp-json\/wp\/v2\/pages"}],"about":[{"href":"https:\/\/vana.mybrand.ee\/et\/wp-json\/wp\/v2\/types\/page"}],"author":[{"embeddable":true,"href":"https:\/\/vana.mybrand.ee\/et\/wp-json\/wp\/v2\/users\/1"}],"replies":[{"embeddable":true,"href":"https:\/\/vana.mybrand.ee\/et\/wp-json\/wp\/v2\/comments?post=7899"}],"version-history":[{"count":0,"href":"https:\/\/vana.mybrand.ee\/et\/wp-json\/wp\/v2\/pages\/7899\/revisions"}],"up":[{"embeddable":true,"href":"https:\/\/vana.mybrand.ee\/et\/wp-json\/wp\/v2\/pages\/39"}],"wp:attachment":[{"href":"https:\/\/vana.mybrand.ee\/et\/wp-json\/wp\/v2\/media?parent=7899"}],"curies":[{"name":"wp","href":"https:\/\/api.w.org\/{rel}","templated":true}]}}