{"id":792,"date":"2011-02-15T19:31:23","date_gmt":"2011-02-15T17:31:23","guid":{"rendered":"https:\/\/vana.mybrand.ee"},"modified":"2016-11-03T11:53:00","modified_gmt":"2016-11-03T09:53:00","slug":"my-brand-june-bug","status":"publish","type":"page","link":"https:\/\/vana.mybrand.ee\/et\/about-us\/koerad-minevikust\/my-brand-june-bug\/","title":{"rendered":"My Brand June Bug"},"content":{"rendered":"<p><\/p>\n<ul>\n<li><strong>EESTI JUUNIORT\u0160EMPION<\/strong><\/li>\n<li><strong>L\u00c4TI JUUNIORT\u0160EMPION<br \/>\n<\/strong><\/li>\n<li><strong>EESTI T\u0160EMPION<\/strong><\/li>\n<li><strong>L\u00c4TI T\u0160EMPION<\/strong><\/li>\n<li><strong>L\u00c4BINUD RETRIIVERITE T\u00d5UKATSED = RAHVUSVAHELINE T\u00d6\u00d6SERTIFIKAAT<\/strong><\/li>\n<\/ul>\n<p><img loading=\"lazy\" decoding=\"async\" class=\"ngg-singlepic ngg-none\" src=\"https:\/\/vana.mybrand.ee\/\/wp-content\/gallery\/my-brand-june-bug\/mb-june-bug-01.jpg\" alt=\"My Brand June Bug\" width=\"640\" height=\"480\" \/><\/p>\n<h2>&#8220;Juanita&#8221;<\/h2>\n<p><em>* 2-aastane pildil<\/em><\/p>\n<p>pruun emane (bbEE, ei kanna kollast)<br \/>\ns\u00fcnd: 10.07.2010<br \/>\nOmanik Kristi Kauponen, Eesti<\/p>\n<h4>TERVISEUURINGUD<\/h4>\n<ul>\n<li>puusad A\/A<\/li>\n<li>k\u00fc\u00fcnarliigesed 0:0<\/li>\n<li>silmad puhtad (mai&#8217;13)<\/li>\n<li>prcd-PRA kandja<\/li>\n<li>EIC kandja (N\/EIC)<\/li>\n<li>olemas k\u00f5ik hambad<\/li>\n<li><a href=\"http:\/\/register.kennelliit.ee\/reg\/index.php?page=dogCard&amp;dogId=128944\" target=\"_blank\">EKL andmebaasis \u00bb<\/a><\/li>\n<\/ul>\n<p>Juanita isaks on CH Banner&#8217;s Epoch Jasper ja emaks CH My Brand Immaterial Girl. See pruun neiu hiilgab oma suurep\u00e4rase karva, hea luustiku ja armsa peaga. Tal on ka pildiga kokkusobivalt tore iseloom, ta on leebe ja tahab v\u00e4ga inimesele meeldida.<\/p>\n<p>Tema n\u00e4itusekarj\u00e4\u00e4r on olnud l\u00fchike, ent juba selle jooksul on ta j\u00f5udnud Best In Show ringides k\u00e4pa soojaks saada.<\/p>\n<p>Juanita on l\u00e4binud retriiverite t\u00f5ukatsed ja on n\u00fc\u00fcdseks pensionil.<\/p>\n<h4>SUGUPUU<strong><br \/>\n<\/strong><\/h4>\n<table class=\"tree\" border=\"1\">\n<tbody>\n<tr>\n<td class=\"tree\" style=\"width: 25%;\" rowspan=\"8\">INT ROM POL CH LTU W&#8217;11 AUSTR EST LV LTU BALT JCH<br \/>\nBanners Epoch Jasper<br \/>\nhips A\/A elbows 0:0, Optigen prcd-PRA Normal\/Clear<br \/>\n(USA)<\/td>\n<td class=\"tree\" style=\"width: 25%;\" rowspan=\"4\">Nipntuck Olly Olly Oxen Free<br \/>\n(USA)<\/td>\n<td class=\"tree\" style=\"width: 25%;\" rowspan=\"2\">AM CH Cressmoor&#8217;s Iron Oxen<\/td>\n<td class=\"tree\" style=\"width: 25%;\">Epoch&#8217;s Edward of Bonaventure<\/td>\n<\/tr>\n<tr>\n<td class=\"tree\" style=\"width: 25%;\">Honorbright Cressmoor&#8217;s Vixen<\/td>\n<\/tr>\n<tr>\n<td class=\"tree\" style=\"width: 25%;\" rowspan=\"2\">AM CH Nipntuck Miss American Pie<\/td>\n<td class=\"tree\" style=\"width: 25%;\">Brooklands Charlie Brown<\/td>\n<\/tr>\n<tr>\n<td class=\"tree\" style=\"width: 25%;\">AM CH Twinkle In Your Eyes<\/td>\n<\/tr>\n<tr>\n<td class=\"tree\" style=\"width: 25%;\" rowspan=\"4\">Banner&#8217;s Little Debbie At Epoch<br \/>\n(USA)<\/td>\n<td class=\"tree\" style=\"width: 25%;\" rowspan=\"2\">AM CH Epoch&#8217;s Bacardi Joe Banner<\/td>\n<td class=\"tree\" style=\"width: 25%;\">AM CAN CH Banners Muskelunge Buckeye<\/td>\n<\/tr>\n<tr>\n<td class=\"tree\" style=\"width: 25%;\">AM CH Epochs Rum Raisin The Banner<\/td>\n<\/tr>\n<tr>\n<td class=\"tree\" style=\"width: 25%;\" rowspan=\"2\">Serendipity&#8217;s Pocket Change<\/td>\n<td class=\"tree\" style=\"width: 25%;\">AM CH Stonecrest&#8217;s Davey Crocket<\/td>\n<\/tr>\n<tr>\n<td class=\"tree\" style=\"width: 25%;\">Epochs Kahlua Banner<\/td>\n<\/tr>\n<tr>\n<td class=\"tree\" style=\"width: 25%;\" rowspan=\"8\">EST JW&#8217;08 EST W&#8217;08 EST CH My Brand Immaterial Girl<br \/>\nHD A\/A ED 0:0 eyes clear, Optigen prcd-PRA Carrier, EIC Clear<br \/>\n(EST)<\/td>\n<td class=\"tree\" style=\"width: 25%;\" rowspan=\"4\">PL SLO CH Mallorn&#8217;s Chocomania<br \/>\nHD A\/A ED 0:0<br \/>\n(FIN)<\/td>\n<td class=\"tree\" style=\"width: 25%;\" rowspan=\"2\">S Sh CH Tjotte&#8217;s Now Or Never<\/td>\n<td class=\"tree\" style=\"width: 25%;\">DK &amp; S CH Cassatas Aladdin Aces<\/td>\n<\/tr>\n<tr>\n<td class=\"tree\" style=\"width: 25%;\">FIN SW NORW CH Tjotte&#8217;s Babysitter&#8217;s Nightmare<\/td>\n<\/tr>\n<tr>\n<td class=\"tree\" style=\"width: 25%;\" rowspan=\"2\">FIN CH Boothgates Miz Showbusiness<\/td>\n<td class=\"tree\" style=\"width: 25%;\">Brandhams Show Stopper<\/td>\n<\/tr>\n<tr>\n<td class=\"tree\" style=\"width: 25%;\">Oulsmi Endless Love<\/td>\n<\/tr>\n<tr>\n<td class=\"tree\" style=\"width: 25%;\" rowspan=\"4\">EST LV RUS JCH EST JW&#8217;05 EST W&#8217;05 LV JW&#8217;05 Mallorn&#8217;s Rosabrandy (FIN)<\/td>\n<td class=\"tree\" style=\"width: 25%;\" rowspan=\"2\">Vision&#8217;s I&#8217;m Able<\/td>\n<td class=\"tree\" style=\"width: 25%;\">MULTI BISS AM CH Sounder&#8217;s Hear Me Roar<\/td>\n<\/tr>\n<tr>\n<td class=\"tree\" style=\"width: 25%;\">AM CH Kelleygreen Amazing Grace<\/td>\n<\/tr>\n<tr>\n<td class=\"tree\" style=\"width: 25%;\" rowspan=\"2\">Rosanan La Rosa<\/td>\n<td class=\"tree\" style=\"width: 25%;\">Mallorn&#8217;s Arcturus<\/td>\n<\/tr>\n<tr>\n<td class=\"tree\" style=\"width: 25%;\">Rosanan Desert Rose<\/td>\n<\/tr>\n<\/tbody>\n<\/table>\n<p>&nbsp;<\/p>\n<p><img loading=\"lazy\" decoding=\"async\" class=\"ngg-singlepic ngg-none\" src=\"https:\/\/vana.mybrand.ee\/\/wp-content\/gallery\/my-brand-june-bug\/mb-june-bug-head-01.jpg\" alt=\"caffu-juanita\" width=\"640\" height=\"480\" \/><\/p>\n<h4>N\u00c4ITUSETULEMUSED<\/h4>\n<ul>\n<li>Luige 30.06.2013: Best Female, CC, BOS = EST &amp; LV CH (&#8230;)<\/li>\n<li>Haapsalu 29.06.2013: 2nd in Working Class (&#8230;)<\/li>\n<li>Estonian Winner&#8217;13 2.06.2013: Winner of Working Class, Best Female-3 (Juta Haranen, EST)<\/li>\n<li>Retriever Specialty 1.06.2013: Winner of Working Class (Saskia Rathenau-Beijerman, HOL)<\/li>\n<li>Jaunmarupe 22.07.2012: Open Class Winner, Best Female, Best of Breed! (Margret M\u00f6ller-Sieber, GER)<\/li>\n<li>Jaunmarupe 21.07.2012: Open Class Winner, Best Female, CC, BOS (Boris Aleksandrov, UKR)<\/li>\n<li>Zooexpo Riga 30.1.2011: Winner of Junior Class (Barbara M\u00fcller (CH)<\/li>\n<li>Estonian Retriever Specialty 1.10.2011: Best of Breed Junior, BEST IN SHOW-4 Junior (Beppe Masia, ITA)<\/li>\n<li>Latvian Retriever Specialty 18.09.2011: Winner of Junior Class, Junior CC = Latvian Junior Champion (Yvonne Saussi, SWI)<\/li>\n<li>Viimsi 17.07.2011: Winner of Junior Class, Junior CC = Estonian Junior Champion, Best of Opposite Sex Junior (Istvan Nagy, SER)<\/li>\n<li>Viimsi 16.07.2011: Winner of Junior Class, Junior CC, Best of Breed Junior.<\/li>\n<li>Retriever Specialty 4.6.2011: Best of breed Junior, BEST IN SHOW-3 Junior (Gera Toeters-Riethoff, Netherlands).<\/li>\n<li>Labrador Specialty 3.6.2011: EXC\/3 in Junior Class (Manuel Queijeiro, Mehhiko)<\/li>\n<li>Vaimastvere Group Specialty 9.01.2011: Best of Breed Baby &amp; BIS-3 Baby (Beata Petkevich, LV).<\/li>\n<li>Puppy &amp; Veteran show 4.12.2010: Best of Breed Baby (Inga Siil, EST).<\/li>\n<\/ul>\n<h4>KATSETE TULEMUSED<\/h4>\n<ul>\n<li>L\u00e4binud retriiverite t\u00f5ukatsed 6.08.2011, koerajuhiks Geito Oolo, kohtunik Risto Aaltonen (Soome).<\/li>\n<\/ul>\n<h4>KOHTUNIKUD TEMAST<\/h4>\n<p><strong>Juta Haranen, EST: <\/strong><em>&#8220;3-aastane tugev emane, naiselik pea ja ilme, silmad-k\u00f5rvad korrektsed, head hambad, tugev selg, innukas liikuja, j\u00f5ulise sammuga, h\u00e4sti esitatud.&#8221;<\/em><\/p>\n<p><strong>Beppe Masia<\/strong> (kennel Masialab, ITA): <em>&#8220;13 months, enjoyable temperament with tail all ways in movement, good muzzle and skull, well set ears, reach of neck in strong shoulder, correct topline and tailset, correct bone and angulation, drive with excellent action.&#8221; <\/em>BOB-Junior, BIS-4 Junior.<\/p>\n<p><strong>Manuel Queijeiro <\/strong>(kennel Queijeiro, Mehhiko): &#8220;Excellent breed type, very nice head, would like to see darker eye, very good neck and shoulders, good topline and tailset, beautiful mover.&#8221; &#8211; III koht juuniorklassis, labradoride erin\u00e4itus 2011 Luige.<\/p>\n<p><strong>Yvonne Saussi (SW) <\/strong><em>&#8220;14 months, typical size, feminine head, well shaped eye of correct colour, strong neck, excellent front angulations, level topline, short strong loin, excellent tailset and carriage, correct rear angulations, moves very well from side, a little close behind.&#8221;<\/em><\/p>\n<p><strong>Beata Petkevica (LV) <\/strong><em>&#8220;Very attractive and promising, excellent pigmentation, correct proportions of body, excellent neck, excellent shape and work of tail, excellent temperament, moves very well.&#8221;<\/em><\/p>\n<h4>GALERII<\/h4>\nngg_shortcode_1_placeholder\n<h4>VIDEOD<\/h4>\n<p>Siin on v\u00e4ike video Juanitast tema elu teisel n\u00e4itusel, Vaimastveres 9.1.2011 toimunud r\u00fchman\u00e4itusel, kus ta oli BEST IN SHOW-3 beebi! Ait\u00e4h, Britta!<\/p>\n<p>httpv:\/\/www.youtube.com\/watch?v=6M8Delx6n_o<\/p>\n<p>J\u00e4rgmine video on tehtud t\u00f5ukatsel 28.05.2011, filmitud on otsimisala t\u00f6\u00f6d. Viis lindu on \u00e4ra peidetud ning kuues visatakse koos p\u00fcssipauguga. Juanita peab k\u00f5ik leidma ja tooma. Juanita koerajuhiks oli Britta Puusepp.<\/p>\n<p>httpv:\/\/www.youtube.com\/watch?v=XP8_uC9OBX4<\/p>\n<p>Juanita on p\u00e4rinud oma ema ja vanaema klounigeeni ja viis, mille ta leidis, et ootus\u00e4revaid inimesi katsel l\u00f5bustada, on n\u00e4ha j\u00e4rgmisel videol (2:44). \u00d5nneks oli kohtunikul hea huumorimeel ja Juanita l\u00e4bis testi.<\/p>\n<p>httpv:\/\/www.youtube.com\/watch?v=A98Gl__lwDY<\/p>","protected":false},"excerpt":{"rendered":"<p>EESTI JUUNIORT\u0160EMPION L\u00c4TI JUUNIORT\u0160EMPION EESTI T\u0160EMPION L\u00c4TI T\u0160EMPION L\u00c4BINUD RETRIIVERITE T\u00d5UKATSED = RAHVUSVAHELINE T\u00d6\u00d6SERTIFIKAAT &#8220;Juanita&#8221; * 2-aastane pildil pruun emane (bbEE, ei kanna kollast) s\u00fcnd: 10.07.2010 Omanik Kristi Kauponen, Eesti TERVISEUURINGUD puusad A\/A k\u00fc\u00fcnarliigesed 0:0 silmad puhtad (mai&#8217;13) prcd-PRA kandja EIC kandja (N\/EIC) olemas k\u00f5ik hambad EKL andmebaasis \u00bb Juanita isaks on CH Banner&#8217;s Epoch [&hellip;]<\/p>\n","protected":false},"author":1,"featured_media":0,"parent":5477,"menu_order":0,"comment_status":"closed","ping_status":"closed","template":"","meta":{"ngg_post_thumbnail":0,"footnotes":""},"class_list":["post-792","page","type-page","status-publish","hentry"],"_links":{"self":[{"href":"https:\/\/vana.mybrand.ee\/et\/wp-json\/wp\/v2\/pages\/792","targetHints":{"allow":["GET"]}}],"collection":[{"href":"https:\/\/vana.mybrand.ee\/et\/wp-json\/wp\/v2\/pages"}],"about":[{"href":"https:\/\/vana.mybrand.ee\/et\/wp-json\/wp\/v2\/types\/page"}],"author":[{"embeddable":true,"href":"https:\/\/vana.mybrand.ee\/et\/wp-json\/wp\/v2\/users\/1"}],"replies":[{"embeddable":true,"href":"https:\/\/vana.mybrand.ee\/et\/wp-json\/wp\/v2\/comments?post=792"}],"version-history":[{"count":0,"href":"https:\/\/vana.mybrand.ee\/et\/wp-json\/wp\/v2\/pages\/792\/revisions"}],"up":[{"embeddable":true,"href":"https:\/\/vana.mybrand.ee\/et\/wp-json\/wp\/v2\/pages\/5477"}],"wp:attachment":[{"href":"https:\/\/vana.mybrand.ee\/et\/wp-json\/wp\/v2\/media?parent=792"}],"curies":[{"name":"wp","href":"https:\/\/api.w.org\/{rel}","templated":true}]}}