{"id":7921,"date":"2021-03-16T01:21:29","date_gmt":"2021-03-15T23:21:29","guid":{"rendered":"https:\/\/vana.mybrand.ee\/?page_id=7921"},"modified":"2024-01-15T20:59:12","modified_gmt":"2024-01-15T18:59:12","slug":"vilesignaalid","status":"publish","type":"page","link":"https:\/\/vana.mybrand.ee\/et\/library\/vilesignaalid\/","title":{"rendered":"M\u00f5ned vilesignaalid retriiverite koolituses"},"content":{"rendered":"<p>Alustuseks v\u00f5ib kohe \u00f6elda, et iga koeraomanik v\u00f5ib kasutada erinevaid vilesignaale ja \u00fcldiseid standardeid ei ole. Siin lehel on n\u00e4ited levinumatest variantidest, mida kasutame oma treeningutes. Kus v\u00f5imalik, on juures videolingid, millel signaalid kuulda.<\/p>\n<p>K\u00f5iki vilesignaale saab \u00f5petada juba alates 5-6 n\u00e4dalastele kutsikatele pesakastis, varajased seosed kinnistuvad kergesti kogu eluks. M\u00f5ni kasvataja teebki seet\u00f5ttu juba eelt\u00f6\u00f6 \u00e4ra ja kutsub kutsikaid juurdetuleku vilesignaaliga s\u00f6\u00f6ma v\u00f5i annab l\u00e4hiotsingu vile sel ajal, kui kutsikad maast pisikeste ninadega huvitavaid maiuseid otsida nohistavad. Kui sinu kutsikas on t\u00e4iesti puhas leht, v\u00f5id alustada temaga ka hiljem.<\/p>\n<p>Kasutan <a href=\"https:\/\/minukoer.ee\/toode\/vile-acme-211-1-2-kaelapael\/\">ACME retriiverivilesid sagedusel 211 \u00bd<\/a>, mida tootja s\u00f5nul kuuleb koer tuulest ja maastikust s\u00f5ltuvalt <a href=\"https:\/\/www.acmewhistles.co.uk\/stories\/choosing-the-right-dog-whistle\">kuni 1,5 kilomeetri kaugusele<\/a>.<\/p>\n<p>\u00dcks esimestest viledest, mida kutsikale \u00f5petada, on juurdetuleku vile.<\/p>\n<p><strong>SIIA<\/strong><\/p>\n<p>\u00dche keskmise labradorikutsika jaoks on toitul esimestel kuudel v\u00e4ga suur v\u00e4\u00e4rtus ja s\u00f6\u00f6giaeg parim osa p\u00e4evast, sellep\u00e4rast alustavad paljud juurdetuleku vile \u00f5petamist just seoses toitmisega. Pane kutsika toidukauss valmis ja oota hetke, millal ta on rahulikult kuskil sinust piisavalt kaugel, et tal oleks palju ruumi sinuni joosta. Just joosta, mitte lonkida, sest tahad ju ka tulevikus, et juurdetuleku vile peale koer sinu poole jookseks, mitte ei jalutaks.<\/p>\n<p>V\u00f5ta vile valmis ja n\u00e4ita kutsikale kaugelt kaussi, vilistades samal ajal kaks kiiret signaali (<em>pip-pip<\/em>). Kui kutsikas j\u00f5uab sinuni, pane kauss kohe maha. Kui oled seda k\u00fcmneid ja k\u00fcmneid kordi korranud, tee asi pisut keerulisemaks ja vilista siis, kui kutsikas on natuke kaugemal ja ei n\u00e4e veel toidukaussi. Sealt edasi vii harjutus erinevatesse tubadesse, \u00f5ue ehk igale poole keskkonda. \u00c4ra unusta kutsikat premeerida kiire juurdetulemise eest.<\/p>\n<p><strong>STOPP <\/strong>(peatu, istu ja vaata).<\/p>\n<p>Stopp-vile peale paks koer peatuma kiirelt, istuma maha (v\u00f5i seisma) ja vaatama koerajuhi poole uute juhiste saamiseks. Enamasti kasutatakse selle jaoks \u00fchte pisut pikema vilet, pikkusega n\u00e4iteks 2-3 sekundit (<em>piiiiiip<\/em>).<\/p>\n<p>V\u00e4ikese kutsika puhul v\u00f5ib stopp-vile treenimist alustada n\u00e4iteks v\u00e4lisukse l\u00e4heduses, kui kutsikas j\u00e4\u00e4b ootama ja istuma. Samuti v\u00f5ib kasutada \u00e4ra hetke, kui kutsikas ootab s\u00f6\u00f6gikausi p\u00f5randale t\u00f5stmist ja pakub ise istumist ja ootamist. Kohe kui kutsikas istub ja vaatab sulle otsa, kiida ja premeeri teda.<\/p>\n<p>Kui see sujub kenasti, siis vii see harjutus \u00f5ue ja anna vilesignaal k\u00f5ndides, sel ajal, kui kutsikas k\u00e4ib sinu k\u00f5rval. J\u00e4\u00e4 ise samuti vilesignaali peale seisma ja premeeri lahkelt kutsikat kohe, kui ta istub ja vaatab sulle otsa. Hiljem v\u00f5id juba hakata keerama ennast n\u00e4oga kutsika ette ja vaikselt suurendada istumise ja ootamise aega v\u00f5i ka enda kaugust kutsikast. \u00c4ra anna vilesignaali siis, kui kutsika t\u00e4helepanu on t\u00e4ielikult kuskil mujal, anna kutsikale esialgu head v\u00f5imalused \u00f5nnestuda.&nbsp;<\/p>\n<p><strong>OTSI SIIT <\/strong>(l\u00e4hiotsing)<\/p>\n<p>L\u00e4hiotsingu vile eesm\u00e4rk on anda koerale m\u00e4rku, et ta asub piirkonnas, kust on vaja eset (dummy, lind, v\u00e4ikesaak) otsida. Selle vile peale peaks panema koer nina maha ja hakkama tegema tugevat ninat\u00f6\u00f6d v\u00e4ikesel raadiusel, seal kus ta parasjagu asub.<\/p>\n<p>L\u00e4hiotsingu vilesid on v\u00e4ga erinevaid ja siinkohal l\u00e4hebki huvitavaks. M\u00f5ni inimene kasutab l\u00fchikeste vilede jada (n\u00e4iteks 5 l\u00fchikest vilet &#8211; <em>pip-pip-pip-pip-pip). <\/em>Kui see tundub mugav, kasuta seda. Levinud on ka n\u00e4iteks signaal, milles on \u00fcks-kaks l\u00fchikest vilet, millele j\u00e4rgneb pikk ja k\u00f5rguselt allapoole vajuv vile (<em>pip-piuuu, pip-piuuu). <\/em>Vali selline signaal, mis on endale mugav ja piisavalt erinev teistest vilesignaalidest, mida kasutad.<\/p>\n<p>L\u00e4hiotsingu vilet v\u00f5id \u00f5petada nuuskimismatil, 1 x 1m murulapil v\u00f5i lumes, kuhu on puistatud maiuseid v\u00f5i koera kuivtoitu. J\u00e4ta koer istuma muru v\u00f5i mati ette, seljaga maiuste poole. Anna l\u00e4hiotsingu vile ja suuna koer (vajadusel esialgu k\u00e4ega) tema selja taha otsima maiuseid. Kiida h\u00e4\u00e4lega, kui ta j\u00e4\u00e4b \u00f5ige platsi peale, kutsu ta tagasi, kui ta laiendab otsingut ja l\u00fclitub ninat\u00f6\u00f6lt \u00fcle silmadega otsimisele ja ringi jooksmisele.<\/p>\n<p>Head vilistamist!<\/p>\n<div class=\"o9v6fnle cxmmr5t8 oygrvhab hcukyx3x c1et5uql ii04i59q\">&nbsp;<\/div>\n<p><\/p>","protected":false},"excerpt":{"rendered":"<p>Alustuseks v\u00f5ib kohe \u00f6elda, et iga koeraomanik v\u00f5ib kasutada erinevaid vilesignaale ja \u00fcldiseid standardeid ei ole. Siin lehel on n\u00e4ited levinumatest variantidest, mida kasutame oma treeningutes. Kus v\u00f5imalik, on juures videolingid, millel signaalid kuulda. K\u00f5iki vilesignaale saab \u00f5petada juba alates 5-6 n\u00e4dalastele kutsikatele pesakastis, varajased seosed kinnistuvad kergesti kogu eluks. M\u00f5ni kasvataja teebki seet\u00f5ttu juba [&hellip;]<\/p>\n","protected":false},"author":1,"featured_media":0,"parent":177,"menu_order":5,"comment_status":"closed","ping_status":"closed","template":"","meta":{"ngg_post_thumbnail":0,"footnotes":""},"class_list":["post-7921","page","type-page","status-publish","hentry"],"_links":{"self":[{"href":"https:\/\/vana.mybrand.ee\/et\/wp-json\/wp\/v2\/pages\/7921","targetHints":{"allow":["GET"]}}],"collection":[{"href":"https:\/\/vana.mybrand.ee\/et\/wp-json\/wp\/v2\/pages"}],"about":[{"href":"https:\/\/vana.mybrand.ee\/et\/wp-json\/wp\/v2\/types\/page"}],"author":[{"embeddable":true,"href":"https:\/\/vana.mybrand.ee\/et\/wp-json\/wp\/v2\/users\/1"}],"replies":[{"embeddable":true,"href":"https:\/\/vana.mybrand.ee\/et\/wp-json\/wp\/v2\/comments?post=7921"}],"version-history":[{"count":0,"href":"https:\/\/vana.mybrand.ee\/et\/wp-json\/wp\/v2\/pages\/7921\/revisions"}],"up":[{"embeddable":true,"href":"https:\/\/vana.mybrand.ee\/et\/wp-json\/wp\/v2\/pages\/177"}],"wp:attachment":[{"href":"https:\/\/vana.mybrand.ee\/et\/wp-json\/wp\/v2\/media?parent=7921"}],"curies":[{"name":"wp","href":"https:\/\/api.w.org\/{rel}","templated":true}]}}