{"id":8174,"date":"2021-10-01T08:01:33","date_gmt":"2021-10-01T06:01:33","guid":{"rendered":"https:\/\/vana.mybrand.ee\/?page_id=8174"},"modified":"2022-10-30T13:20:15","modified_gmt":"2022-10-30T11:20:15","slug":"my-brand-crystal-clear-rumi","status":"publish","type":"page","link":"https:\/\/vana.mybrand.ee\/et\/about-us\/koerad-minevikust\/my-brand-crystal-clear-rumi\/","title":{"rendered":"My Brand Crystal Clear ~Rumi~"},"content":{"rendered":"<p><img loading=\"lazy\" decoding=\"async\" class=\"alignnone size-full\" src=\"https:\/\/vana.mybrand.ee\/wp-content\/gallery\/my-brand-crystal-clear\/toukatse-17.05.jpg\" width=\"1400\" height=\"934\"><\/p>\n<h2>My Brand Crystal Clear &#8220;Rumi&#8221;<\/h2>\n<p><em>fotol aastane<br \/>\n<\/em><\/p>\n<p>must emane (BBEe, carries yellow)<br \/>\ns\u00fcnd 11.08.2020<br \/>\nkaasomanik Heidy Roosim\u00e4gi, Eesti<\/p>\n<h4>TERVISEUURINGUD<\/h4>\n<ul>\n<li>puusad A\/A<\/li>\n<li>k\u00fc\u00fcnarliigesed 0:0<\/li>\n<li>silmad puhtad (September 2021)<\/li>\n<li>prcd-PRA Normal\/Clear (vanemad puhtad)<\/li>\n<li>EIC Normal\/Clear (vanemad puhtad)<\/li>\n<li>NHPK Normal\/Clear (vanemad puhtad)<\/li>\n<li><a href=\"https:\/\/register.kennelliit.ee\/index.php?page=dogCard&amp;dogId=307996\" target=\"_blank\" rel=\"noopener noreferrer\">EKL andmebaasis \u00bb<\/a><\/li>\n<\/ul>\n<p><img decoding=\"async\" class=\"aligncenter\" title=\"\" src=\"https:\/\/vana.mybrand.ee\/wp-content\/gallery\/web\/title-bg.png\" alt=\"\"><\/p>\n<p><span data-offset-key=\"apei0-0-0\">Rumi on armas noor emane pesakonnast, mille isaks on Queijeiro Don Juan ja emaks Bridgestella Charm Girl Power. Hoiame talle ja tema pesakonnakaaslastele p\u00f6ialt. <\/span><\/p>\n<h4>SUGUPUU<\/h4>\n<table class=\"tree\" style=\"width: 100%;\" border=\"1\">\n<tbody>\n<tr>\n<td rowspan=\"8\">Queijeiro Don Juan Mex.FCI.<br \/>\nHD B\/B ED 0:0 Eyes Clear<br \/>\nDNA tested clear for EIC, HNPK, prcd-PRA, CNM, CY, DM<br \/>\n(MEX)<\/td>\n<td class=\"tree\" style=\"width: 24.8006%;\" rowspan=\"4\"><span class=\"d2edcug0 hpfvmrgz qv66sw1b c1et5uql rrkovp55 a8c37x1j keod5gw0 nxhoafnm aigsh9s9 ns63r2gh fe6kdd0r mau55g9w c8b282yb iv3no6db o3w64lxj b2s5l15y knj5qynh oo9gr5id hzawbc8m\" dir=\"auto\"><span class=\"d2edcug0 hpfvmrgz qv66sw1b c1et5uql rrkovp55 a5q79mjw g1cxx5fr knj5qynh oo9gr5id\">AM BISS GCH Mtn Meadow Buckeye Brutus OFA good, ED OFA normal, Eyes Clear, prcd-PRA Normal\/Clear Heart OFA Normal<br \/>\n(USA)<\/span><\/span><\/td>\n<td class=\"tree\" style=\"width: 24.8006%;\" rowspan=\"2\"><span class=\"\u0441\u0442\u0438\u043b\u044c7\"><span class=\"sukutaulu style2\">AM CH Mtn Meadow Black Eye Affair<\/span><\/span><\/td>\n<td class=\"tree\" style=\"width: 24.8006%;\">AM CH Kai Den\u00b4s Black Tie Affair JH<\/td>\n<\/tr>\n<tr>\n<td class=\"tree\" style=\"width: 24.8006%;\"><span class=\"sukutaulu style2\">AM CH Mtn Meadow It\u2019s About Time<\/span><\/td>\n<\/tr>\n<tr>\n<td class=\"tree\" style=\"width: 24.8006%;\" rowspan=\"2\"><span class=\"sukutaulu style2\">AM CH Mtn Meadow What a Sight<\/span><\/td>\n<td class=\"tree\" style=\"width: 24.8006%;\">AM CH Springbok\u2019s Out\u2019A-Sight<\/td>\n<\/tr>\n<tr>\n<td class=\"tree\" style=\"width: 24.8006%;\">AM CH Mtn Meadow Lady Godiva<\/td>\n<\/tr>\n<tr>\n<td class=\"tree\" style=\"width: 24.8006%;\" rowspan=\"4\"><span class=\"d2edcug0 hpfvmrgz qv66sw1b c1et5uql rrkovp55 a8c37x1j keod5gw0 nxhoafnm aigsh9s9 ns63r2gh fe6kdd0r mau55g9w c8b282yb iv3no6db o3w64lxj b2s5l15y knj5qynh oo9gr5id hzawbc8m\" dir=\"auto\"><span class=\"d2edcug0 hpfvmrgz qv66sw1b c1et5uql rrkovp55 a5q79mjw g1cxx5fr knj5qynh oo9gr5id\">Queijeiro La Gitana<br \/>\n(MEX)<\/span><\/span><\/td>\n<td class=\"tree\" style=\"width: 24.8006%;\" rowspan=\"2\"><span class=\"sukutaulu style2\">Dickendalls Davaron Gitano<\/span><\/td>\n<td class=\"tree\" style=\"width: 24.8006%;\">Dickendall Arnold<\/td>\n<\/tr>\n<tr>\n<td class=\"tree\" style=\"width: 24.8006%;\">Wolvercote Gaity Girl<\/td>\n<\/tr>\n<tr>\n<td class=\"tree\" style=\"width: 24.8006%;\" rowspan=\"2\"><span class=\"sukutaulu style2\">Queijeiro Davina Mex.Fci.<\/span><\/td>\n<td class=\"tree\" style=\"width: 24.8006%;\">Dunga (Queijeiro) Mex.Fci.<\/td>\n<\/tr>\n<tr>\n<td class=\"tree\" style=\"width: 24.8006%;\">Tiffany (Queijeiro) Mex.Fci.<\/td>\n<\/tr>\n<tr>\n<td class=\"tree\" style=\"width: 24.8006%;\" rowspan=\"8\">Bridgestella Charm Girl Power<br \/>\nHD A\/A ED 0:0 Eyes Clear<br \/>\nprcd-PRA, EIC, HNPK Normal\/Clear<br \/>\n(EST)<\/td>\n<td class=\"tree\" style=\"width: 24.8006%;\" rowspan=\"4\">EST RUS JCH JTWC\u201915 TWC\u201915 Tawastway\u2019s Snowholic<br \/>\nHD A\/A, ED 0:0, Optigen prcd-PRA Normal\/Clear, EIC Clear (N\/N)<br \/>\n(FIN)<\/td>\n<td class=\"tree\" style=\"width: 24.8006%;\" rowspan=\"2\">SW SH CH POL JCH JW\u201911 NL CH C.I.B. Seawinds Polish Poker<\/td>\n<td class=\"tree\" style=\"width: 24.8006%;\">BISS CH Wit\u2019s End Jacks Or Better At Blackwing<\/td>\n<\/tr>\n<tr>\n<td class=\"tree\" style=\"width: 24.8006%;\">AM CH Allegheny\u2019s Belles Of Ireland<\/td>\n<\/tr>\n<tr>\n<td class=\"tree\" style=\"width: 24.8006%;\" rowspan=\"2\">C.I.B FI SW EST CH Tealway Early Bird<\/td>\n<td class=\"tree\" style=\"width: 24.8006%;\">INT &amp; SWISS CH Utter Nonsense of Tintagel Winds<\/td>\n<\/tr>\n<tr>\n<td class=\"tree\" style=\"width: 24.8006%;\">FIN CH Bubbling Savannah<\/td>\n<\/tr>\n<tr>\n<td class=\"tree\" style=\"width: 24.8006%;\" rowspan=\"4\">EST LV LTU BALT JCH My Brand Good Glory<br \/>\nHD A\/A ED 0:0, Eyes Clear,<br \/>\nprcd-PRA Clear, HNPK N\/N Clear, EIC Carrier<br \/>\n(EST)<\/td>\n<td class=\"tree\" style=\"width: 24.8006%;\" rowspan=\"2\">FIN CH Devonshires London Edition<\/td>\n<td class=\"tree\" style=\"width: 24.8006%;\">Am Ch Devonshires Limited Edition WC<\/td>\n<\/tr>\n<tr>\n<td class=\"tree\" style=\"width: 24.8006%;\">AM CH Devonshires Darjeeling<\/td>\n<\/tr>\n<tr>\n<td class=\"tree\" style=\"width: 24.8006%;\" rowspan=\"2\">POL EST LT CH My Brand Ebony At Aquarelle<\/td>\n<td class=\"tree\" style=\"width: 24.8006%;\">NORD SW &amp; NORW CH Licithas Terje Vigen<\/td>\n<\/tr>\n<tr>\n<td class=\"tree\" style=\"width: 24.8006%;\">FIN EST LV LTU BALT CH EST LV CH EST LV LTU BALT JCH BALT JW\u201904 9 x BISS Mallorn\u2019s Elysee<\/td>\n<\/tr>\n<\/tbody>\n<\/table>\n<h4><img decoding=\"async\" class=\"aligncenter\" title=\"\" src=\"https:\/\/vana.mybrand.ee\/wp-content\/gallery\/web\/title-bg.png\" alt=\"\"><\/h4>\n<h4>N\u00c4ITUSETULEMUSED<\/h4>\n<p>Loodetavasti varsti<\/p>\n<h4>T\u00d6\u00d6 JA KATSED<\/h4>\n<p>31.07.2021 Retriiverite t\u00f5ukatse dummyga Ellamaal sooritatud, kohtunik Riin Kooli-K\u00f5nnussaar, koerajuht Heidy Roosim\u00e4gi<\/p>\n<h4>GALERII<\/h4>\n<p>ngg_shortcode_1_placeholder<\/p>","protected":false},"excerpt":{"rendered":"<p>My Brand Crystal Clear &#8220;Rumi&#8221; fotol aastane must emane (BBEe, carries yellow) s\u00fcnd 11.08.2020 kaasomanik Heidy Roosim\u00e4gi, Eesti TERVISEUURINGUD puusad A\/A k\u00fc\u00fcnarliigesed 0:0 silmad puhtad (September 2021) prcd-PRA Normal\/Clear (vanemad puhtad) EIC Normal\/Clear (vanemad puhtad) NHPK Normal\/Clear (vanemad puhtad) EKL andmebaasis \u00bb Rumi on armas noor emane pesakonnast, mille isaks on Queijeiro Don Juan ja [&hellip;]<\/p>\n","protected":false},"author":1,"featured_media":0,"parent":5477,"menu_order":21,"comment_status":"closed","ping_status":"closed","template":"","meta":{"ngg_post_thumbnail":0,"footnotes":""},"class_list":["post-8174","page","type-page","status-publish","hentry"],"_links":{"self":[{"href":"https:\/\/vana.mybrand.ee\/et\/wp-json\/wp\/v2\/pages\/8174","targetHints":{"allow":["GET"]}}],"collection":[{"href":"https:\/\/vana.mybrand.ee\/et\/wp-json\/wp\/v2\/pages"}],"about":[{"href":"https:\/\/vana.mybrand.ee\/et\/wp-json\/wp\/v2\/types\/page"}],"author":[{"embeddable":true,"href":"https:\/\/vana.mybrand.ee\/et\/wp-json\/wp\/v2\/users\/1"}],"replies":[{"embeddable":true,"href":"https:\/\/vana.mybrand.ee\/et\/wp-json\/wp\/v2\/comments?post=8174"}],"version-history":[{"count":0,"href":"https:\/\/vana.mybrand.ee\/et\/wp-json\/wp\/v2\/pages\/8174\/revisions"}],"up":[{"embeddable":true,"href":"https:\/\/vana.mybrand.ee\/et\/wp-json\/wp\/v2\/pages\/5477"}],"wp:attachment":[{"href":"https:\/\/vana.mybrand.ee\/et\/wp-json\/wp\/v2\/media?parent=8174"}],"curies":[{"name":"wp","href":"https:\/\/api.w.org\/{rel}","templated":true}]}}