{"id":8195,"date":"2021-10-15T15:42:24","date_gmt":"2021-10-15T13:42:24","guid":{"rendered":"https:\/\/vana.mybrand.ee\/?page_id=8195"},"modified":"2025-02-12T09:56:40","modified_gmt":"2025-02-12T07:56:40","slug":"double-mocha-aquarelle","status":"publish","type":"page","link":"https:\/\/vana.mybrand.ee\/et\/females\/double-mocha-aquarelle\/","title":{"rendered":"Double Mocha Aquarelle ~Mocha~"},"content":{"rendered":"<p><div style=\"width: 1659px\" class=\"wp-caption alignright\"><img loading=\"lazy\" decoding=\"async\" src=\"https:\/\/vana.mybrand.ee\/wp-content\/gallery\/double-mocha-aquarelle\/Double-Mocha-Aquarelle-1y_web.jpg\" alt=\"Double Mocha Aquarelle\" width=\"1649\" height=\"1091\"><p class=\"wp-caption-text\">Double Mocha Aquarelle aasta vanuselt. Foto My Brand Labradors.<\/p><\/div><\/p>\n<h2>Double Mocha Aquarelle &#8220;Mocha&#8221;<\/h2>\n<p>pruun emane (bbEE, ei kanna kollast)<br \/>\ns\u00fcnd 31.03.2021<br \/>\nKasvataja Maria Magdalena Lisowska, kennel Aquarelle, Poola<br \/>\n<a href=\"https:\/\/register.kennelliit.ee\/index.php?page=dogCard&amp;dogId=331366\">Eesti Kennelliidu andmebaas \u00bb<\/a><\/p>\n<h4>TERVISEUURINGUD<\/h4>\n<ul>\n<li>puusad A\/A<\/li>\n<li>k\u00fc\u00fcnarliigesed 0:0<\/li>\n<li>silmad puhtad (mai 2022)<\/li>\n<li>s\u00fcdameuuring puhas (ECHO Doppler mai 2022)<\/li>\n<\/ul>\n<h4>GEENITESTID<\/h4>\n<ul>\n<li>DNA profile (Laboklin)<\/li>\n<li>prcd-PRA Normal\/Clear<\/li>\n<li>EIC Normal\/Clear<\/li>\n<li>NHPK Normal\/Clear<\/li>\n<li>STGD Normal\/Clear<\/li>\n<li>DM Normal\/Clear<\/li>\n<li>Narcolepsia Normal\/Clear<\/li>\n<li><a href=\"https:\/\/www.wisdompanel.com\/app\/s\/01l8fq6\">t\u00e4ielikud tulemused Wisdom Paneli lehel<\/a><\/li>\n<\/ul>\n<h4>SUGUPUU<\/h4>\n<table class=\"tree\" style=\"width: 100%;\" border=\"1\">\n<tbody>\n<tr>\n<td class=\"tree\" style=\"width: 24.8006%;\" rowspan=\"8\">Double Trouble z Grodu Hrabiego Malmesbury<br \/>\nHD A\/A ED 0:0 Eyes Clear<br \/>\nHeart ECHO Doppler Clear<br \/>\n<span class=\"d2edcug0 hpfvmrgz qv66sw1b c1et5uql lr9zc1uh a8c37x1j keod5gw0 nxhoafnm aigsh9s9 d3f4x2em fe6kdd0r mau55g9w c8b282yb iv3no6db jq4qci2q a3bd9o3v b1v8xokw oo9gr5id\" dir=\"auto\">prcd-PRA N\/N clear<br \/>\nEIC N\/N Clear<br \/>\nHNPK N\/N Clear<\/span><br \/>\n(POL)<\/td>\n<td class=\"tree\" style=\"width: 24.8006%;\" rowspan=\"4\"><span class=\"d2edcug0 hpfvmrgz qv66sw1b c1et5uql rrkovp55 a8c37x1j keod5gw0 nxhoafnm aigsh9s9 ns63r2gh fe6kdd0r mau55g9w c8b282yb iv3no6db o3w64lxj b2s5l15y knj5qynh oo9gr5id hzawbc8m\" dir=\"auto\"><span class=\"d2edcug0 hpfvmrgz qv66sw1b c1et5uql rrkovp55 a5q79mjw g1cxx5fr knj5qynh oo9gr5id\">POL CH<br \/>\nBEARRY POTTER z Grodu Hrabiego Malmesbury<br \/>\nHD A\/A, ED 0:0<br \/>\nPRA &amp; EIC clear<br \/>\nHNPK carrier<br \/>\n(POL)<\/span><\/span><\/td>\n<td class=\"tree\" style=\"width: 24.8006%;\" rowspan=\"2\"><span class=\"\u0441\u0442\u0438\u043b\u044c7\"><span class=\"sukutaulu style2\">BISS GCH CH Sheabourne&#8217;s Grizzly Adams<\/span><\/span><\/td>\n<td class=\"tree\" style=\"width: 24.8006%;\">BISS AM CAN CH Paradocs Obsidian<\/td>\n<\/tr>\n<tr>\n<td class=\"tree\" style=\"width: 24.8006%;\"><span class=\"sukutaulu style2\">BISS AM CH Sheabourne&#8217;s Precious Angel <\/span><\/td>\n<\/tr>\n<tr>\n<td class=\"tree\" style=\"width: 24.8006%;\" rowspan=\"2\">Lala Tune Black&amp;Chocolate<\/td>\n<td class=\"tree\" style=\"width: 24.8006%;\">POL UA CH Mallorn&#8217;s Love In A Mist<\/td>\n<\/tr>\n<tr>\n<td class=\"tree\" style=\"width: 24.8006%;\">Night Single Endless Love<\/td>\n<\/tr>\n<tr>\n<td class=\"tree\" style=\"width: 24.8006%;\" rowspan=\"4\"><span class=\"d2edcug0 hpfvmrgz qv66sw1b c1et5uql rrkovp55 a8c37x1j keod5gw0 nxhoafnm aigsh9s9 ns63r2gh fe6kdd0r mau55g9w c8b282yb iv3no6db o3w64lxj b2s5l15y knj5qynh oo9gr5id hzawbc8m\" dir=\"auto\"><span class=\"d2edcug0 hpfvmrgz qv66sw1b c1et5uql rrkovp55 a5q79mjw g1cxx5fr knj5qynh oo9gr5id\">Labry Berry Buranessa<br \/>\nHD A\/A ED O:O<br \/>\nPRA &amp; EIC &amp; HNPK clear<br \/>\n<\/span><\/span>(RUS)<\/td>\n<td class=\"tree\" style=\"width: 24.8006%;\" rowspan=\"2\"><span class=\"sukutaulu style2\">INT CH BALT W&#8217;11 HELSINKI W&#8217;11 Gilbron Pride Olaf Baltic Rock<\/span><\/td>\n<td class=\"tree\" style=\"width: 24.8006%;\">SW DK INT NORW NORD POL CH Lab Treasure&#8217;s Dario<\/td>\n<\/tr>\n<tr>\n<td class=\"tree\" style=\"width: 24.8006%;\">INT LV LTU EST BALT BY CH Stormley Anaka<\/td>\n<\/tr>\n<tr>\n<td class=\"tree\" style=\"width: 24.8006%;\" rowspan=\"2\"><span class=\"sukutaulu style2\">RUS JCH INT CH Labry Berry Rozamunda<\/span><\/td>\n<td class=\"tree\" style=\"width: 24.8006%;\">RUS RKF BLR UKR FIN INT CH Stenveyz Get Popular<\/td>\n<\/tr>\n<tr>\n<td class=\"tree\" style=\"width: 24.8006%;\">Stenveyz Heavens Cloud<\/td>\n<\/tr>\n<tr>\n<td class=\"tree\" style=\"width: 24.8006%;\" rowspan=\"8\"><span class=\"d2edcug0 hpfvmrgz qv66sw1b c1et5uql lr9zc1uh a8c37x1j keod5gw0 nxhoafnm aigsh9s9 d3f4x2em fe6kdd0r mau55g9w c8b282yb iv3no6db jq4qci2q a3bd9o3v b1v8xokw oo9gr5id\" dir=\"auto\">POL <\/span>CH Bridget Jones The Edge Of Reason Aquarelle<br \/>\nHD B\/B ED 0:0 Eyes Clear<br \/>\nHeart ECHO Doppler Clear<br \/>\n<span class=\"d2edcug0 hpfvmrgz qv66sw1b c1et5uql lr9zc1uh a8c37x1j keod5gw0 nxhoafnm aigsh9s9 d3f4x2em fe6kdd0r mau55g9w c8b282yb iv3no6db jq4qci2q a3bd9o3v b1v8xokw oo9gr5id\" dir=\"auto\">prcd-PRA N\/N clear<br \/>\nEIC Carrier<br \/>\nHNPK N\/N Clear<\/span><br \/>\n(POL)<\/td>\n<td class=\"tree\" style=\"width: 24.8006%;\" rowspan=\"4\">POL CH POL JCH Bournhall&#8217;s On The Waterfront<br \/>\nHD A\/A ED 0:0<br \/>\nprcd-PRA Normal\/Clear<br \/>\nEIC Normal\/Clear<br \/>\nHNPK Normal\/Clear<br \/>\n(USA)<\/td>\n<td class=\"tree\" style=\"width: 24.8006%;\" rowspan=\"2\">AM CH Bournahall&#8217;s Black Angus<\/td>\n<td class=\"tree\" style=\"width: 24.8006%;\">AM CH Dickendall Davaron Gable<\/td>\n<\/tr>\n<tr>\n<td class=\"tree\" style=\"width: 24.8006%;\">Bournhall&#8217;s Nutmeg Consellation<\/td>\n<\/tr>\n<tr>\n<td class=\"tree\" style=\"width: 24.8006%;\" rowspan=\"2\">Moonlit&#8217;s Tiramisu at Bournhall<\/td>\n<td class=\"tree\" style=\"width: 24.8006%;\">AM CH Willcare Leisure Suit Larry<\/td>\n<\/tr>\n<tr>\n<td class=\"tree\" style=\"width: 24.8006%;\">AM CH Moonlit&#8217;s Teller<\/td>\n<\/tr>\n<tr>\n<td class=\"tree\" style=\"width: 24.8006%;\" rowspan=\"4\">POL ROM CH American Evening Star Aquarelle<br \/>\nHD A\/A ED 0:0 Eyes Clear<br \/>\nprcd-PRA Normal\/Clear<br \/>\nEIC Carrier<br \/>\n(POL)<\/td>\n<td class=\"tree\" style=\"width: 24.8006%;\" rowspan=\"2\">AM GR CH C.I.E NL LUX VDH LCD-VET CH Big Sky&#8217;s Heaven Scent from Trinity<\/td>\n<td class=\"tree\" style=\"width: 24.8006%;\">MBISS AM GCH CH Big Sky&#8217;s Stone Kutter<\/td>\n<\/tr>\n<tr>\n<td class=\"tree\" style=\"width: 24.8006%;\">Sheabourne&#8217;s Mystify<\/td>\n<\/tr>\n<tr>\n<td class=\"tree\" style=\"width: 24.8006%;\" rowspan=\"2\">EST LTU JCH POL RUS CH My Brand Miss Sunshine<\/td>\n<td class=\"tree\" style=\"width: 24.8006%;\">Mallorn&#8217;s Romeo<\/td>\n<\/tr>\n<tr>\n<td class=\"tree\" style=\"width: 24.8006%;\">FIN EST LV LTU BALT RUS CH FIN JW\u201903 Mallorn\u2019s Terracotta<\/td>\n<\/tr>\n<\/tbody>\n<\/table>\n<h4>N\u00c4ITUSTE TULEMUSED<\/h4>\n<table>\n<tbody>\n<tr>\n<th>Kuup\u00e4ev<\/th>\n<th>N\u00e4itus<\/th>\n<th>Kohtunik<\/th>\n<th>Klass<\/th>\n<th>Tulemused<\/th>\n<\/tr>\n<tr>\n<td>23.10.2022<\/td>\n<td>Rahvusvaheline n\u00e4itus, Tallinn<\/td>\n<td>Tomasz Kuszyk (Poland)<\/td>\n<td>Noorteklass<\/td>\n<td>SP 1 SK PE1 VSP SERT CACIB<\/td>\n<\/tr>\n<tr>\n<td>22.10.2022<\/td>\n<td>Rahvusvaheline n\u00e4itus, Tallinn<\/td>\n<td>Annika Ulltveit-Moe (Sweden)<\/td>\n<td>Noorteklass<\/td>\n<td>SP 1 SK<\/td>\n<\/tr>\n<tr>\n<td>04.09.2022<\/td>\n<td>Retriiverite erin\u00e4itus, Harjumaa<\/td>\n<td>Manuel Queijeiro (Mexico)<\/td>\n<td>Juunioriklass<\/td>\n<td>SP<\/td>\n<\/tr>\n<tr>\n<td>05.06.2022<\/td>\n<td>Rahvusvaheline n\u00e4itus &#8220;Eesti V\u00f5itja 2022&#8221;, Harjumaa<\/td>\n<td>Gitte Finnich Pedersen (Denmark)<\/td>\n<td>Juunioriklass<\/td>\n<td>SP 2<\/td>\n<\/tr>\n<tr>\n<td>04.06.2022<\/td>\n<td>Retriiverite erin\u00e4itus, Luige<\/td>\n<td>Hannie Warendorf (Netherlands)<\/td>\n<td>Juunioriklass<\/td>\n<td>SP 3 SK PE4<\/td>\n<\/tr>\n<\/tbody>\n<\/table>\n<hr>\n<h4>KOHTUNIKUD TEMAST<\/h4>\n<p><strong>Manuel Queijeiro<\/strong>, kennel Queijeiro (Mehhiko):<\/p>\n<blockquote><p>&#8220;Good head, good reach of neck, good front and rear angulations, good topline, good coat texture, good mover.&#8221; EXC<\/p><\/blockquote>\n<hr>\n<h4>T\u00d6\u00d6 JA KATSED<\/h4>\n<p><strong>RETRIIVERITE T\u00d5UKATSE (NOU)<\/strong><\/p>\n<ul>\n<li>25.09.2022 J\u00e4rveotsa j\u00e4rv, Harjumaa, <strong>sooritatud<\/strong>, kohtunik Riin Kooli-K\u00f5nnussaar (rahvusvaheline t\u00f6\u00f6sertifikaat)<\/li>\n<\/ul>\n<hr>\n<h4>GALERII<\/h4>\n<p>ngg_shortcode_1_placeholder<\/p>","protected":false},"excerpt":{"rendered":"<p>Double Mocha Aquarelle &#8220;Mocha&#8221; pruun emane (bbEE, ei kanna kollast) s\u00fcnd 31.03.2021 Kasvataja Maria Magdalena Lisowska, kennel Aquarelle, Poola Eesti Kennelliidu andmebaas \u00bb TERVISEUURINGUD puusad A\/A k\u00fc\u00fcnarliigesed 0:0 silmad puhtad (mai 2022) s\u00fcdameuuring puhas (ECHO Doppler mai 2022) GEENITESTID DNA profile (Laboklin) prcd-PRA Normal\/Clear EIC Normal\/Clear NHPK Normal\/Clear STGD Normal\/Clear DM Normal\/Clear Narcolepsia Normal\/Clear t\u00e4ielikud [&hellip;]<\/p>\n","protected":false},"author":1,"featured_media":0,"parent":39,"menu_order":8,"comment_status":"closed","ping_status":"closed","template":"","meta":{"ngg_post_thumbnail":0,"footnotes":""},"class_list":["post-8195","page","type-page","status-publish","hentry"],"_links":{"self":[{"href":"https:\/\/vana.mybrand.ee\/et\/wp-json\/wp\/v2\/pages\/8195","targetHints":{"allow":["GET"]}}],"collection":[{"href":"https:\/\/vana.mybrand.ee\/et\/wp-json\/wp\/v2\/pages"}],"about":[{"href":"https:\/\/vana.mybrand.ee\/et\/wp-json\/wp\/v2\/types\/page"}],"author":[{"embeddable":true,"href":"https:\/\/vana.mybrand.ee\/et\/wp-json\/wp\/v2\/users\/1"}],"replies":[{"embeddable":true,"href":"https:\/\/vana.mybrand.ee\/et\/wp-json\/wp\/v2\/comments?post=8195"}],"version-history":[{"count":0,"href":"https:\/\/vana.mybrand.ee\/et\/wp-json\/wp\/v2\/pages\/8195\/revisions"}],"up":[{"embeddable":true,"href":"https:\/\/vana.mybrand.ee\/et\/wp-json\/wp\/v2\/pages\/39"}],"wp:attachment":[{"href":"https:\/\/vana.mybrand.ee\/et\/wp-json\/wp\/v2\/media?parent=8195"}],"curies":[{"name":"wp","href":"https:\/\/api.w.org\/{rel}","templated":true}]}}