{"id":8383,"date":"2021-12-21T22:33:18","date_gmt":"2021-12-21T20:33:18","guid":{"rendered":"https:\/\/vana.mybrand.ee\/?page_id=8383"},"modified":"2024-06-13T09:19:04","modified_gmt":"2024-06-13T07:19:04","slug":"my-brand-royal-grace","status":"publish","type":"page","link":"https:\/\/vana.mybrand.ee\/et\/about-us\/koerad-minevikust\/my-brand-royal-grace\/","title":{"rendered":"My Brand Royal Grace ~Miia~"},"content":{"rendered":"<p><div style=\"width: 1389px\" class=\"wp-caption alignnone\"><img loading=\"lazy\" decoding=\"async\" src=\"https:\/\/vana.mybrand.ee\/wp-content\/gallery\/my-brand-royal-grace\/1S3A9368.jpg?i=987029659\" alt=\"\" width=\"1379\" height=\"919\"><p class=\"wp-caption-text\">My Brand Royal Grace, 4-aastane. Foto Jaana J\u00e4rveoja<\/p><\/div><\/p>\n<h2>My Brand Royal Grace &#8220;Miia&#8221;<\/h2>\n<p>must emane (BbEE)<br \/>\ns\u00fcnd 2.01.2020<br \/>\nKaasomanik Margit Aun, Eesti<br \/>\n<a href=\"https:\/\/register.kennelliit.ee\/index.php?page=dogCard&amp;dogId=299256\" target=\"_blank\" rel=\"noopener noreferrer\">Eesti kennelliidu andmebaas \u00bb<\/a><\/p>\n<h4>TERVISEUURINGUD<\/h4>\n<ul>\n<li>puusad B\/B<\/li>\n<li>k\u00fc\u00fcnarliigesed 0:0<\/li>\n<li>silmad puhtad (aprill 2021)<\/li>\n<li>s\u00fcda ECHO Doppler puhas (aprill 2021)<\/li>\n<\/ul>\n<h4>GEENITESTID<\/h4>\n<ul>\n<li>prcd-PRA Normal\/Clear (vanemad puhtad)<\/li>\n<li>EIC Normal\/Clear (vanemad puhtad)<\/li>\n<li>HNPK &#8212;<\/li>\n<\/ul>\n<p><img decoding=\"async\" class=\"aligncenter\" title=\"\" src=\"https:\/\/vana.mybrand.ee\/wp-content\/gallery\/web\/title-bg.png\" alt=\"\"><\/p>\n<h4>SUGUPUU<\/h4>\n<table class=\"tree\" style=\"width: 100%;\" border=\"1\">\n<tbody>\n<tr>\n<td class=\"tree\" style=\"width: 24.8006%;\" rowspan=\"8\">POL CH Casino Royale Bella Mare<br \/>\nHD A\/A ED 0:0 Eyes Clear, Heart Clear<br \/>\nprcd-PRA, EIC Clear, HNPK Carrier<br \/>\n(POL)<\/td>\n<td class=\"tree\" style=\"width: 24.8006%;\" rowspan=\"4\">Vegas Night Bella Mare<br \/>\nHD A\/A ED 0:0 Eyes Clear<br \/>\nprcd-PRA Normal\/Clear<br \/>\nAlso Normal\/Clear on EIC, HNPK, CNM &amp; Narcolepsia<br \/>\n(POL)<\/td>\n<td class=\"tree\" style=\"width: 24.8006%;\" rowspan=\"2\">AM CH POL CH Dickendall Buckstone Three Dog Night<\/td>\n<td class=\"tree\" style=\"width: 24.8006%;\">MBISS AM GCHB CH CAN CH Saddlehill Late Knight Scramble WC<\/td>\n<\/tr>\n<tr>\n<td class=\"tree\" style=\"width: 24.8006%;\">AM CH Dickendall Princess Phoebe WC<\/td>\n<\/tr>\n<tr>\n<td class=\"tree\" style=\"width: 24.8006%;\" rowspan=\"2\">POL JCH Sandamar HySpire I\u2019m So Vain<\/td>\n<td class=\"tree\" style=\"width: 24.8006%;\">AM CH Buttonwood Stone Cliff True Grit<\/td>\n<\/tr>\n<tr>\n<td class=\"tree\" style=\"width: 24.8006%;\">Hyspire It Had To Be You<\/td>\n<\/tr>\n<tr>\n<td class=\"tree\" style=\"width: 24.8006%;\" rowspan=\"4\"><span class=\"d2edcug0 hpfvmrgz qv66sw1b c1et5uql rrkovp55 a8c37x1j keod5gw0 nxhoafnm aigsh9s9 ns63r2gh fe6kdd0r mau55g9w c8b282yb iv3no6db o3w64lxj b2s5l15y knj5qynh oo9gr5id hzawbc8m\" dir=\"auto\"><span class=\"d2edcug0 hpfvmrgz qv66sw1b c1et5uql rrkovp55 a5q79mjw g1cxx5fr knj5qynh oo9gr5id\">Purple Rain Bella Mare<br \/>\nHD A\/A ED 0:0<br \/>\nEIC, prcd-PRA Normal\/Clear<br \/>\n(POL)<\/span><\/span><\/td>\n<td class=\"tree\" style=\"width: 24.8006%;\" rowspan=\"2\">AM MEX CH Anguk Black Ki-Bo (Anguiano)<\/td>\n<td class=\"tree\" style=\"width: 24.8006%;\">AM CH Lobuff Hollyridge Wizard Of Oz<\/td>\n<\/tr>\n<tr>\n<td class=\"tree\" style=\"width: 24.8006%;\">Zarina (Anguiano)<\/td>\n<\/tr>\n<tr>\n<td class=\"tree\" style=\"width: 24.8006%;\" rowspan=\"2\"><span class=\"sukutaulu style2\">Dickendall Buckstone Forsythia<\/span><\/td>\n<td class=\"tree\" style=\"width: 24.8006%;\">AM CH Buckstone Surviv&#8217;n On Ayr<\/td>\n<\/tr>\n<tr>\n<td class=\"tree\" style=\"width: 24.8006%;\">Nirvana&#8217;s Sequoia<\/td>\n<\/tr>\n<tr>\n<td class=\"tree\" style=\"width: 24.8006%;\" rowspan=\"8\">EST JCH CH Royal Brown I Love Your Smile<br \/>\nHD A\/A 0:0 Eyes Clear<br \/>\nprcd-PRA, EIC, HNPK Normal\/Clear<br \/>\n(EST)<\/td>\n<td class=\"tree\" style=\"width: 24.8006%;\" rowspan=\"4\">BALT JW\u201915 EST JCH Genuine My Brand Optimus Canis<br \/>\nHD A\/A ED 0:0 Eyes Clear<br \/>\nPRA-prcd &amp; EIC &amp; CNM &amp; CY &amp; DM &amp; HUU &amp; PKD Normal\/Clear<br \/>\n(POL)<\/td>\n<td class=\"tree\" style=\"width: 24.8006%;\" rowspan=\"2\">INT CH POL JCH POL BLK UKR BUL CH Mallorn\u2019s Black Gangsta<\/td>\n<td class=\"tree\" style=\"width: 24.8006%;\">Mallorn\u2019s Romeo<\/td>\n<\/tr>\n<tr>\n<td class=\"tree\" style=\"width: 24.8006%;\">Mallorn\u2019s Premium Chocolate<\/td>\n<\/tr>\n<tr>\n<td class=\"tree\" style=\"width: 24.8006%;\" rowspan=\"2\">Amazing Poppy Optimus Canis<\/td>\n<td class=\"tree\" style=\"width: 24.8006%;\">PL SK CH Mallorn\u2019s Chocomania<\/td>\n<\/tr>\n<tr>\n<td class=\"tree\" style=\"width: 24.8006%;\">POL JCH PL CH Night Night Optimus Canis<\/td>\n<\/tr>\n<tr>\n<td class=\"tree\" style=\"width: 24.8006%;\" rowspan=\"4\">Royal Brown From Russia With Love<br \/>\nHD A\/A ED 0:0 Eyes Clear<br \/>\nHNPK Normal\/Clear<br \/>\n(EST)<\/td>\n<td class=\"tree\" style=\"width: 24.8006%;\" rowspan=\"2\">RUS RKF BLR UKR FIN INT CH Stenveyz Get Popular<\/td>\n<td class=\"tree\" style=\"width: 24.8006%;\">FIN EST RUS CH Palabras Keep On Movin\u2019<\/td>\n<\/tr>\n<tr>\n<td class=\"tree\" style=\"width: 24.8006%;\">Stenveyz Part of Million<\/td>\n<\/tr>\n<tr>\n<td class=\"tree\" style=\"width: 24.8006%;\" rowspan=\"2\">Royal Brown Bethany Bell<\/td>\n<td class=\"tree\" style=\"width: 24.8006%;\">POL SK CH Mallorn\u2019s Chocomania<\/td>\n<\/tr>\n<tr>\n<td class=\"tree\" style=\"width: 24.8006%;\">Irwlend Kimi-Charlotte<\/td>\n<\/tr>\n<\/tbody>\n<\/table>\n<h4><img loading=\"lazy\" decoding=\"async\" class=\"alignnone\" src=\"https:\/\/vana.mybrand.ee\/wp-content\/gallery\/my-brand-royal-grace\/1S3A9420.jpg\" alt=\"My Brand Royal Grace\" width=\"960\" height=\"1200\"><\/h4>\n<h4>N\u00c4ITUSETULEMUSED<\/h4>\n<table>\n<tbody>\n<tr>\n<th>Kuup\u00e4ev<\/th>\n<th>N\u00e4itus<\/th>\n<th>Kohtunik<\/th>\n<th>Klass<\/th>\n<th>Tulemused<\/th>\n<\/tr>\n<tr>\n<td>25.07.2021<\/td>\n<td><a href=\"https:\/\/online.kennelliit.ee\/show\/show.php?lang=0&amp;show=851\">Rahvuslik k\u00f5ikide t\u00f5ugude n\u00e4itus, Tartumaa<\/a><\/td>\n<td>Tiina Taulos (Finland)<\/td>\n<td>Noorteklass<\/td>\n<td>SP 1<\/td>\n<\/tr>\n<tr>\n<td>24.07.2021<\/td>\n<td><a href=\"https:\/\/online.kennelliit.ee\/show\/show.php?lang=0&amp;show=848\">Rahvuslik k\u00f5ikide t\u00f5ugude n\u00e4itus, Tartumaa<\/a><\/td>\n<td>Fabrizio La Rocca (Italy)<\/td>\n<td>Noorteklass<\/td>\n<td>SP 1<\/td>\n<\/tr>\n<tr>\n<td>23.07.2021<\/td>\n<td><a href=\"https:\/\/online.kennelliit.ee\/show\/show.php?lang=0&amp;show=899\">Rahvuslik k\u00f5ikide t\u00f5ugude n\u00e4itus, Tartumaa<\/a><\/td>\n<td>Kari J\u00e4rvinen (Finland)<\/td>\n<td>Noorteklass<\/td>\n<td>SP 1<\/td>\n<\/tr>\n<\/tbody>\n<\/table>\n<h4>GALERII<\/h4>\n<p>ngg_shortcode_1_placeholder<\/p>","protected":false},"excerpt":{"rendered":"<p>My Brand Royal Grace &#8220;Miia&#8221; must emane (BbEE) s\u00fcnd 2.01.2020 Kaasomanik Margit Aun, Eesti Eesti kennelliidu andmebaas \u00bb TERVISEUURINGUD puusad B\/B k\u00fc\u00fcnarliigesed 0:0 silmad puhtad (aprill 2021) s\u00fcda ECHO Doppler puhas (aprill 2021) GEENITESTID prcd-PRA Normal\/Clear (vanemad puhtad) EIC Normal\/Clear (vanemad puhtad) HNPK &#8212; SUGUPUU POL CH Casino Royale Bella Mare HD A\/A ED 0:0 [&hellip;]<\/p>\n","protected":false},"author":1,"featured_media":9462,"parent":5477,"menu_order":0,"comment_status":"closed","ping_status":"closed","template":"","meta":{"ngg_post_thumbnail":0,"footnotes":""},"class_list":["post-8383","page","type-page","status-publish","has-post-thumbnail","hentry"],"_links":{"self":[{"href":"https:\/\/vana.mybrand.ee\/et\/wp-json\/wp\/v2\/pages\/8383","targetHints":{"allow":["GET"]}}],"collection":[{"href":"https:\/\/vana.mybrand.ee\/et\/wp-json\/wp\/v2\/pages"}],"about":[{"href":"https:\/\/vana.mybrand.ee\/et\/wp-json\/wp\/v2\/types\/page"}],"author":[{"embeddable":true,"href":"https:\/\/vana.mybrand.ee\/et\/wp-json\/wp\/v2\/users\/1"}],"replies":[{"embeddable":true,"href":"https:\/\/vana.mybrand.ee\/et\/wp-json\/wp\/v2\/comments?post=8383"}],"version-history":[{"count":0,"href":"https:\/\/vana.mybrand.ee\/et\/wp-json\/wp\/v2\/pages\/8383\/revisions"}],"up":[{"embeddable":true,"href":"https:\/\/vana.mybrand.ee\/et\/wp-json\/wp\/v2\/pages\/5477"}],"wp:featuredmedia":[{"embeddable":true,"href":"https:\/\/vana.mybrand.ee\/et\/wp-json\/wp\/v2\/media\/9462"}],"wp:attachment":[{"href":"https:\/\/vana.mybrand.ee\/et\/wp-json\/wp\/v2\/media?parent=8383"}],"curies":[{"name":"wp","href":"https:\/\/api.w.org\/{rel}","templated":true}]}}