{"id":8395,"date":"2021-12-25T23:18:22","date_gmt":"2021-12-25T21:18:22","guid":{"rendered":"https:\/\/vana.mybrand.ee\/?page_id=8395"},"modified":"2022-06-21T10:15:00","modified_gmt":"2022-06-21T08:15:00","slug":"my-brand-san-gabriel","status":"publish","type":"page","link":"https:\/\/vana.mybrand.ee\/et\/males\/my-brand-san-gabriel\/","title":{"rendered":"My Brand San Gabriel ~Snoopy~"},"content":{"rendered":"<p><div style=\"width: 1389px\" class=\"wp-caption alignnone\"><img loading=\"lazy\" decoding=\"async\" src=\"https:\/\/vana.mybrand.ee\/wp-content\/gallery\/my-brand-san-gabriel\/MB-San-Gabriel-1y-web.jpg\" alt=\"\" width=\"1379\" height=\"919\"><p class=\"wp-caption-text\">My Brand San Gabriel, 12 kuu vanune. Foto My Brand Labradors.<\/p><\/div><\/p>\n<h2>My Brand San Gabriel &#8220;Snoopy&#8221;<\/h2>\n<p>must isane (BBEE, dominantmust, ei kanna kollast, pruuni v\u00f5i dilute)<br \/>\ns\u00fcnd 12.04.2021<br \/>\n<a href=\"https:\/\/register.kennelliit.ee\/index.php?page=dogCard&amp;dogId=313630\" target=\"_blank\" rel=\"noopener noreferrer\">Eesti Kennelliidu andmebaas \u00bb<\/a><\/p>\n<h4>TERVISEUURINGUD<\/h4>\n<ul>\n<li>puusad A\/A<\/li>\n<li>k\u00fc\u00fcnarliigesed 0:0<\/li>\n<li>silmad puhtad (mai 2022)<\/li>\n<li>s\u00fcdameuuring puhas (ECHO Doppler mai 2022)<\/li>\n<\/ul>\n<h4>GEENITESTID<\/h4>\n<ul>\n<li>prcd-PRA kandja<\/li>\n<li>EIC Normal\/Clear (N\/N)<\/li>\n<li>CM Normal\/Clear (N\/N)<\/li>\n<li>Narkolepsia Normal\/Clear (N\/N)<\/li>\n<li>STGD Normal\/Clear (N\/N)<\/li>\n<li>HNPK &#8212;<\/li>\n<li>ei kanna pikakarvalisust<\/li>\n<li>ei kanna kiharakarvalisust<\/li>\n<\/ul>\n<p>&nbsp;<\/p>\n<h4>SUGUPUU<\/h4>\n<table class=\"tree\" style=\"width: 100%;\" border=\"1\">\n<tbody>\n<tr>\n<td class=\"tree\" style=\"width: 24.8006%;\" rowspan=\"8\">Royal Brown Juampi Mama Te Ama<br \/>\nHD A\/A ED 0:0 Eyes Clear<br \/>\nEIC Clear, HNPK &amp; prcd-PRA Carrier<br \/>\n(EST)<\/td>\n<td class=\"tree\" style=\"width: 24.8006%;\" rowspan=\"4\">AM CH POL CH Dickendall Buckstone Three Dog Night<\/td>\n<td class=\"tree\" style=\"width: 24.8006%;\" rowspan=\"2\">MBISS AM GRCH CAN CH Saddlehill Late Knight Scramble<\/td>\n<td class=\"tree\" style=\"width: 24.8006%;\">AM CH Shalane Fly By Knight<\/td>\n<\/tr>\n<tr>\n<td class=\"tree\" style=\"width: 24.8006%;\"><span class=\"sukutaulu style2\">AM CH Saddlehill Don&#8217;t Be Late<br \/>\n<\/span><\/td>\n<\/tr>\n<tr>\n<td class=\"tree\" style=\"width: 24.8006%;\" rowspan=\"2\">CH Dickendall Princess Phoebe<\/td>\n<td class=\"tree\" style=\"width: 24.8006%;\">AM CH Dickendall Davaron Gable<\/td>\n<\/tr>\n<tr>\n<td class=\"tree\" style=\"width: 24.8006%;\">Saddlebrook&#8217;s Lauralei<\/td>\n<\/tr>\n<tr>\n<td class=\"tree\" style=\"width: 24.8006%;\" rowspan=\"4\">Royal Brown From Russia With Love<br \/>\nHD A\/A ED 0:0 Eyes Clear<br \/>\nHNPK Normal\/Clear<br \/>\n(EST)<\/td>\n<td class=\"tree\" style=\"width: 24.8006%;\" rowspan=\"2\"><span class=\"sukutaulu style2\">RUS RKF BLR UKR FIN INT CH<br \/>\nStenveyz Get Popular<\/span><\/td>\n<td class=\"tree\" style=\"width: 24.8006%;\">FIN EST RUS CH Palabras Keep On Movin\u2019<\/td>\n<\/tr>\n<tr>\n<td class=\"tree\" style=\"width: 24.8006%;\">Stenveyz Part of Million<\/td>\n<\/tr>\n<tr>\n<td class=\"tree\" style=\"width: 24.8006%;\" rowspan=\"2\"><span class=\"sukutaulu style2\">Royal Brown Bethany Bell<\/span><\/td>\n<td class=\"tree\" style=\"width: 24.8006%;\">POL SK CH Mallorn\u2019s Chocomania<\/td>\n<\/tr>\n<tr>\n<td class=\"tree\" style=\"width: 24.8006%;\">Irwlend Kimi-Charlotte<\/td>\n<\/tr>\n<tr>\n<td class=\"tree\" style=\"width: 24.8006%;\" rowspan=\"8\">Pia-Pearl Diamond Heap-Caff<br \/>\nHD A\/A 0:0 Eyes Clear<br \/>\nprcd-PRA &amp; HNPK Clear, EIC Carrier<br \/>\n(EST)<\/td>\n<td class=\"tree\" style=\"width: 24.8006%;\" rowspan=\"4\">MEX CH Tabatha\u2019s Caffu Queijeiro<br \/>\nHD OFA good, ED OFA normal, Eyes Clear, prcd-PRA Normal\/Clear<br \/>\n(USA)<\/td>\n<td class=\"tree\" style=\"width: 24.8006%;\" rowspan=\"2\">MEX CH Dickendall Bucky<\/td>\n<td class=\"tree\" style=\"width: 24.8006%;\">NL CH NLV CW \u201999 NW \u201999 Trendmaker\u2019s Tycoon<\/td>\n<\/tr>\n<tr>\n<td class=\"tree\" style=\"width: 24.8006%;\">Dickendall Barbie<\/td>\n<\/tr>\n<tr>\n<td class=\"tree\" style=\"width: 24.8006%;\" rowspan=\"2\">AM CH Tabatha\u2019s Gala WC<\/td>\n<td class=\"tree\" style=\"width: 24.8006%;\">AM CH Dickendall Davaron Gable<\/td>\n<\/tr>\n<tr>\n<td class=\"tree\" style=\"width: 24.8006%;\">AM CH Tabatha\u2019s Giggle WC<\/td>\n<\/tr>\n<tr>\n<td class=\"tree\" style=\"width: 24.8006%;\" rowspan=\"4\">Heap Gangsta\u2019s Love Reverie<br \/>\nHD A\/A ED 0:0, Eyes Clear<br \/>\nNormal\/Clear on prcd-PRA, EIC, HNPK<br \/>\n(LV)<\/td>\n<td class=\"tree\" style=\"width: 24.8006%;\" rowspan=\"2\">INT CH POL JCH POL BLK UKR BUL CH Mallorn\u2019s Black Gangsta<\/td>\n<td class=\"tree\" style=\"width: 24.8006%;\">Mallorn\u2019s Romeo<\/td>\n<\/tr>\n<tr>\n<td class=\"tree\" style=\"width: 24.8006%;\">Mallorn\u2019s Premium Chocolate<\/td>\n<\/tr>\n<tr>\n<td class=\"tree\" style=\"width: 24.8006%;\" rowspan=\"2\">LV EST CH Valmiera W\u201916 Club Winner\u201918 Lauminas Lady Chocolate<\/td>\n<td class=\"tree\" style=\"width: 24.8006%;\">Teepee Teodori Cee Cesar<\/td>\n<\/tr>\n<tr>\n<td class=\"tree\" style=\"width: 24.8006%;\">Richie Greysylvan<\/td>\n<\/tr>\n<\/tbody>\n<\/table>\n<h4>&nbsp;<img decoding=\"async\" class=\"aligncenter\" title=\"\" src=\"https:\/\/vana.mybrand.ee\/wp-content\/gallery\/web\/title-bg.png\" alt=\"\"><\/h4>\n<h4>GALERII<\/h4>\n<p>ngg_shortcode_1_placeholder<\/p>","protected":false},"excerpt":{"rendered":"<p>My Brand San Gabriel &#8220;Snoopy&#8221; must isane (BBEE, dominantmust, ei kanna kollast, pruuni v\u00f5i dilute) s\u00fcnd 12.04.2021 Eesti Kennelliidu andmebaas \u00bb TERVISEUURINGUD puusad A\/A k\u00fc\u00fcnarliigesed 0:0 silmad puhtad (mai 2022) s\u00fcdameuuring puhas (ECHO Doppler mai 2022) GEENITESTID prcd-PRA kandja EIC Normal\/Clear (N\/N) CM Normal\/Clear (N\/N) Narkolepsia Normal\/Clear (N\/N) STGD Normal\/Clear (N\/N) HNPK &#8212; ei kanna [&hellip;]<\/p>\n","protected":false},"author":1,"featured_media":0,"parent":6,"menu_order":11,"comment_status":"closed","ping_status":"closed","template":"","meta":{"ngg_post_thumbnail":0,"footnotes":""},"class_list":["post-8395","page","type-page","status-publish","hentry"],"_links":{"self":[{"href":"https:\/\/vana.mybrand.ee\/et\/wp-json\/wp\/v2\/pages\/8395","targetHints":{"allow":["GET"]}}],"collection":[{"href":"https:\/\/vana.mybrand.ee\/et\/wp-json\/wp\/v2\/pages"}],"about":[{"href":"https:\/\/vana.mybrand.ee\/et\/wp-json\/wp\/v2\/types\/page"}],"author":[{"embeddable":true,"href":"https:\/\/vana.mybrand.ee\/et\/wp-json\/wp\/v2\/users\/1"}],"replies":[{"embeddable":true,"href":"https:\/\/vana.mybrand.ee\/et\/wp-json\/wp\/v2\/comments?post=8395"}],"version-history":[{"count":0,"href":"https:\/\/vana.mybrand.ee\/et\/wp-json\/wp\/v2\/pages\/8395\/revisions"}],"up":[{"embeddable":true,"href":"https:\/\/vana.mybrand.ee\/et\/wp-json\/wp\/v2\/pages\/6"}],"wp:attachment":[{"href":"https:\/\/vana.mybrand.ee\/et\/wp-json\/wp\/v2\/media?parent=8395"}],"curies":[{"name":"wp","href":"https:\/\/api.w.org\/{rel}","templated":true}]}}