{"id":8462,"date":"2022-04-29T12:05:12","date_gmt":"2022-04-29T10:05:12","guid":{"rendered":"https:\/\/vana.mybrand.ee\/?page_id=8462"},"modified":"2025-02-12T09:56:33","modified_gmt":"2025-02-12T07:56:33","slug":"my-brand-last-minute-miracle-mooni","status":"publish","type":"page","link":"https:\/\/vana.mybrand.ee\/et\/females\/my-brand-last-minute-miracle-mooni\/","title":{"rendered":"My Brand Last Minute Miracle ~Mooni~"},"content":{"rendered":"<p><img decoding=\"async\" src=\"https:\/\/vana.mybrand.ee\/wp-content\/gallery\/my-brand-last-minute-miracle\/web-IMG_9578.jpg?i=759023331\"><\/p>\n<h2>My Brand Last Minute Miracle &#8220;Mooni&#8221;<\/h2>\n<p>must emane (BBEE, dominantmust)<br \/>\ns\u00fcnd 22.03.2021<br \/>\nkaasomanik Helen H\u00e4\u00e4l, Harjumaa<br \/>\n<a href=\"https:\/\/register.kennelliit.ee\/index.php?page=dogCard&amp;dogId=313625\" target=\"_blank\" rel=\"noopener noreferrer\">Eesti Kennelliidu andmebaas \u00bb<\/a><\/p>\n<h4>TERVISEUURINGUD<\/h4>\n<ul>\n<li>puusad A\/A<\/li>\n<li>k\u00fc\u00fcnarliigesed 0:0<\/li>\n<li>silmad puhtad (m\u00e4rts 2022)<\/li>\n<li>s\u00fcda puhas (ECHO Doppler, m\u00e4rts 2022)<\/li>\n<\/ul>\n<h4>GEENITESTID<\/h4>\n<ul>\n<li>prcd-PRA Normal\/Clear by Parentage<\/li>\n<li>EIC Normal\/Clear by Parentage<\/li>\n<li>NHPK Normal\/Clear by Parentage<\/li>\n<li><a href=\"https:\/\/www.wisdompanel.com\/app\/s\/2g763y0\" target=\"_blank\" rel=\"noopener\">Geenitestide tulemused (Wisdom Panel)<\/a><\/li>\n<\/ul>\n<p><img decoding=\"async\" class=\"aligncenter\" title=\"\" src=\"https:\/\/vana.mybrand.ee\/wp-content\/gallery\/web\/title-bg.png\" alt=\"\"><\/p>\n<h4>SUGUPUU<\/h4>\n<table class=\"tree\" style=\"width: 100%;\" border=\"1\">\n<tbody>\n<tr>\n<td class=\"tree\" style=\"width: 24.8006%;\" rowspan=\"8\">Mallorn\u2019s Master Of Puppets<br \/>\nHD A\/A ED 0:0 Eyes Clear, Heart Clear<br \/>\nprcd-PRA, HNPK, EIC Clear by Parentage<br \/>\n(FIN)<\/td>\n<td class=\"tree\" style=\"width: 24.8006%;\" rowspan=\"4\"><span class=\"d2edcug0 hpfvmrgz qv66sw1b c1et5uql rrkovp55 a8c37x1j keod5gw0 nxhoafnm aigsh9s9 ns63r2gh fe6kdd0r mau55g9w c8b282yb iv3no6db o3w64lxj b2s5l15y knj5qynh oo9gr5id hzawbc8m\" dir=\"auto\"><span class=\"d2edcug0 hpfvmrgz qv66sw1b c1et5uql rrkovp55 a5q79mjw g1cxx5fr knj5qynh oo9gr5id\">C.I.B PL CH WW-18 Peter&#8217;s Gang Masterpiece Bellamare<br \/>\nHD A\/A ED 0:0 Eyes Clear<\/span><\/span><span class=\"d2edcug0 hpfvmrgz qv66sw1b c1et5uql rrkovp55 a8c37x1j keod5gw0 nxhoafnm aigsh9s9 ns63r2gh fe6kdd0r mau55g9w c8b282yb iv3no6db o3w64lxj b2s5l15y knj5qynh oo9gr5id hzawbc8m\" dir=\"auto\"><span class=\"d2edcug0 hpfvmrgz qv66sw1b c1et5uql rrkovp55 a5q79mjw g1cxx5fr knj5qynh oo9gr5id\"><br \/>\nEIC, HNPK, prcd-PRA Normal\/Clear<br \/>\n(POL)<\/span><\/span><\/td>\n<td class=\"tree\" style=\"width: 24.8006%;\" rowspan=\"2\"><span class=\"\u0441\u0442\u0438\u043b\u044c7\"><span class=\"sukutaulu style2\">POL CH Hyspire Maritime Roc My Sock<\/span><\/span><\/td>\n<td class=\"tree\" style=\"width: 24.8006%;\">BISS CH Nipntuck Hyspire Unforgettable<\/td>\n<\/tr>\n<tr>\n<td class=\"tree\" style=\"width: 24.8006%;\"><span class=\"sukutaulu style2\">AM CH Maritime Forecast Matilde WC<\/span><\/td>\n<\/tr>\n<tr>\n<td class=\"tree\" style=\"width: 24.8006%;\" rowspan=\"2\"><span class=\"sukutaulu style2\">POL CH Annual&#8217;s The Desert Girl<\/span><\/td>\n<td class=\"tree\" style=\"width: 24.8006%;\">SE SH CH Annual&#8217;s Trendsetter<\/td>\n<\/tr>\n<tr>\n<td class=\"tree\" style=\"width: 24.8006%;\">Annual&#8217;s Sahara Hot Night<\/td>\n<\/tr>\n<tr>\n<td class=\"tree\" style=\"width: 24.8006%;\" rowspan=\"4\"><span class=\"d2edcug0 hpfvmrgz qv66sw1b c1et5uql rrkovp55 a8c37x1j keod5gw0 nxhoafnm aigsh9s9 ns63r2gh fe6kdd0r mau55g9w c8b282yb iv3no6db o3w64lxj b2s5l15y knj5qynh oo9gr5id hzawbc8m\" dir=\"auto\"><span class=\"d2edcug0 hpfvmrgz qv66sw1b c1et5uql rrkovp55 a5q79mjw g1cxx5fr knj5qynh oo9gr5id\">Mallorn&#8217;s Cindy Crawford<br \/>\nHD A\/A ED 0:0 Eyes Clear<br \/>\nEIC, HNPK, prcd-PRA Normal\/Clear<br \/>\n(FIN)<\/span><\/span><\/td>\n<td class=\"tree\" style=\"width: 24.8006%;\" rowspan=\"2\"><span class=\"sukutaulu style2\">Queijeiro Dolce Gabbana<br \/>\n<\/span><\/td>\n<td class=\"tree\" style=\"width: 24.8006%;\">Kimleigh Gucci Roll In The Moon<\/td>\n<\/tr>\n<tr>\n<td class=\"tree\" style=\"width: 24.8006%;\">Paradocs Wica<\/td>\n<\/tr>\n<tr>\n<td class=\"tree\" style=\"width: 24.8006%;\" rowspan=\"2\"><span class=\"sukutaulu style2\">Mallorn&#8217;s Next Top Model<br \/>\n<\/span><\/td>\n<td class=\"tree\" style=\"width: 24.8006%;\">AM CH Hyspire Adrenaline Rush<\/td>\n<\/tr>\n<tr>\n<td class=\"tree\" style=\"width: 24.8006%;\">Mallorn&#8217;s Ring Any Bells<\/td>\n<\/tr>\n<tr>\n<td class=\"tree\" style=\"width: 24.8006%;\" rowspan=\"8\">EST JW\u201917 TLN JW\u201917 EST JCH CH FI CH BISS My Brand Last Minute Delivery<br \/>\nHD C\/B 0:0 Eyes Clear<br \/>\nprcd-PRA, EIC, HNPK Normal\/Clear<br \/>\n(EST)<\/td>\n<td class=\"tree\" style=\"width: 24.8006%;\" rowspan=\"4\">Vegas Night Bella Mare<br \/>\nHD A\/A ED 0:0 Eyes Clear<br \/>\nprcd-PRA Normal\/Clear<br \/>\nAlso Normal\/Clear on EIC, HNPK, CNM &amp; Narcolepsia<br \/>\n(POL)<\/td>\n<td class=\"tree\" style=\"width: 24.8006%;\" rowspan=\"2\">AM CH POL CH Dickendall Buckstone Three Dog Night<\/td>\n<td class=\"tree\" style=\"width: 24.8006%;\">MBISS AM GRCH CAN CH Saddlehill Late Knight Scramble<\/td>\n<\/tr>\n<tr>\n<td class=\"tree\" style=\"width: 24.8006%;\">CH Dickendall Princess Phoebe<\/td>\n<\/tr>\n<tr>\n<td class=\"tree\" style=\"width: 24.8006%;\" rowspan=\"2\">JCH PL Sandamar HySpire I\u2019m So Vain<\/td>\n<td class=\"tree\" style=\"width: 24.8006%;\">CH Buttonwood Stone Cliff True Grit<\/td>\n<\/tr>\n<tr>\n<td class=\"tree\" style=\"width: 24.8006%;\">Hyspire It Had To Be You<\/td>\n<\/tr>\n<tr>\n<td class=\"tree\" style=\"width: 24.8006%;\" rowspan=\"4\">My Brand Kiss From A Rose<br \/>\nHD B\/B ED 0:0 Eyes Clear<br \/>\nprcd-PRA Normal\/Clear<br \/>\nHNPK Clear by Parentage<br \/>\nfull dentition<br \/>\n(EST)<\/td>\n<td class=\"tree\" style=\"width: 24.8006%;\" rowspan=\"2\">MEX EST CH Tabatha\u2019s Caffu Queijeiro<\/td>\n<td class=\"tree\" style=\"width: 24.8006%;\">CH Dickendall Bucky<\/td>\n<\/tr>\n<tr>\n<td class=\"tree\" style=\"width: 24.8006%;\">CH Tabatha\u2019s Gala WC<\/td>\n<\/tr>\n<tr>\n<td class=\"tree\" style=\"width: 24.8006%;\" rowspan=\"2\">My Brand Rare Stone Rose<\/td>\n<td class=\"tree\" style=\"width: 24.8006%;\">BISS CH Big Sky\u2019s Stone Kutter<\/td>\n<\/tr>\n<tr>\n<td class=\"tree\" style=\"width: 24.8006%;\">EST LV RUS JCH BALT JW\u201906 Rocheby Liberty Belle<\/td>\n<\/tr>\n<\/tbody>\n<\/table>\n<h4>&nbsp;<img decoding=\"async\" class=\"aligncenter\" title=\"\" src=\"https:\/\/vana.mybrand.ee\/wp-content\/gallery\/web\/title-bg.png\" alt=\"\"><\/h4>\n<p><img loading=\"lazy\" decoding=\"async\" class=\"alignnone\" src=\"https:\/\/vana.mybrand.ee\/wp-content\/gallery\/my-brand-last-minute-miracle\/web-IMG_9678.jpg\" alt=\"My Brand Last Minute Miracle (3 years old)\" width=\"1800\" height=\"1200\"><\/p>\n<h4>N\u00c4ITUSTE TULEMUSED<\/h4>\n<table>\n<tbody>\n<tr>\n<th>Kuup\u00e4ev<\/th>\n<th>N\u00e4itus<\/th>\n<th>Kohtunik<\/th>\n<th>Klass<\/th>\n<th>Tulemused<\/th>\n<\/tr>\n<tr>\n<td>04.09.2021<\/td>\n<td><a href=\"https:\/\/online.kennelliit.ee\/show\/show.php?lang=0&amp;show=881\">II &amp; VIII R\u00fchma n\u00e4itus koos Saksa Bokseri erin\u00e4itusega, Harjumaa<\/a><\/td>\n<td>Yvonne Jaussi (Switzerland)<\/td>\n<td>Beebiklass<\/td>\n<td>1 EAH VSPB<\/td>\n<\/tr>\n<tr>\n<td>20.08.2021<\/td>\n<td><a href=\"https:\/\/online.kennelliit.ee\/show\/show.php?lang=0&amp;show=917\">Labrador retriiverite erin\u00e4itus, Tagadi, Harjumaa<\/a><\/td>\n<td>Yulia Novak (Russia)<\/td>\n<td>Beebiklass<\/td>\n<td>1 EAH VSPB<\/td>\n<\/tr>\n<\/tbody>\n<\/table>\n<h4>KOHTUNIKUD TEMAST<\/h4>\n<p><strong>Yvonne Jaussi, SW<\/strong><\/p>\n<blockquote><p>&#8220;Five months old, very well developed strong puppy, excellent masculine head, dark eyes, short strong neck, excellent front angulations, strong and level topline, very deep chest for age, excellent rear angulations, moves well for age, profesionally shown.&#8221;<\/p><\/blockquote>\n<h4>GALERII<\/h4>\n<p>ngg_shortcode_1_placeholder<\/p>","protected":false},"excerpt":{"rendered":"<p>My Brand Last Minute Miracle &#8220;Mooni&#8221; must emane (BBEE, dominantmust) s\u00fcnd 22.03.2021 kaasomanik Helen H\u00e4\u00e4l, Harjumaa Eesti Kennelliidu andmebaas \u00bb TERVISEUURINGUD puusad A\/A k\u00fc\u00fcnarliigesed 0:0 silmad puhtad (m\u00e4rts 2022) s\u00fcda puhas (ECHO Doppler, m\u00e4rts 2022) GEENITESTID prcd-PRA Normal\/Clear by Parentage EIC Normal\/Clear by Parentage NHPK Normal\/Clear by Parentage Geenitestide tulemused (Wisdom Panel) SUGUPUU Mallorn\u2019s Master [&hellip;]<\/p>\n","protected":false},"author":1,"featured_media":0,"parent":39,"menu_order":7,"comment_status":"closed","ping_status":"closed","template":"","meta":{"ngg_post_thumbnail":0,"footnotes":""},"class_list":["post-8462","page","type-page","status-publish","hentry"],"_links":{"self":[{"href":"https:\/\/vana.mybrand.ee\/et\/wp-json\/wp\/v2\/pages\/8462","targetHints":{"allow":["GET"]}}],"collection":[{"href":"https:\/\/vana.mybrand.ee\/et\/wp-json\/wp\/v2\/pages"}],"about":[{"href":"https:\/\/vana.mybrand.ee\/et\/wp-json\/wp\/v2\/types\/page"}],"author":[{"embeddable":true,"href":"https:\/\/vana.mybrand.ee\/et\/wp-json\/wp\/v2\/users\/1"}],"replies":[{"embeddable":true,"href":"https:\/\/vana.mybrand.ee\/et\/wp-json\/wp\/v2\/comments?post=8462"}],"version-history":[{"count":0,"href":"https:\/\/vana.mybrand.ee\/et\/wp-json\/wp\/v2\/pages\/8462\/revisions"}],"up":[{"embeddable":true,"href":"https:\/\/vana.mybrand.ee\/et\/wp-json\/wp\/v2\/pages\/39"}],"wp:attachment":[{"href":"https:\/\/vana.mybrand.ee\/et\/wp-json\/wp\/v2\/media?parent=8462"}],"curies":[{"name":"wp","href":"https:\/\/api.w.org\/{rel}","templated":true}]}}