{"id":8704,"date":"2022-08-01T10:45:10","date_gmt":"2022-08-01T08:45:10","guid":{"rendered":"https:\/\/vana.mybrand.ee\/?page_id=8704"},"modified":"2025-09-22T13:11:21","modified_gmt":"2025-09-22T11:11:21","slug":"upwards-oh-my-what-a-night","status":"publish","type":"page","link":"https:\/\/vana.mybrand.ee\/et\/females\/upwards-oh-my-what-a-night\/","title":{"rendered":"Upwards Oh My What A Night ~Merida~"},"content":{"rendered":"<p><img loading=\"lazy\" decoding=\"async\" class=\"alignnone size-full\" src=\"https:\/\/vana.mybrand.ee\/wp-content\/gallery\/upwards-oh-my-what-a-night\/Merida-31.07.2022_21.JPG\" width=\"1800\" height=\"1200\"><\/p>\n<h3>Upwards Oh My What A Night &#8220;Merida&#8221;<\/h3>\n<p>must emane (BbEE, kannab pruuni, ei kanna kollast)<br \/>\ns\u00fcnd 23.3.2022<br \/>\nKasvataja Rita Nyg\u00e5rd, kennel Upwards, Soome<br \/>\n<a href=\"https:\/\/jalostus.kennelliitto.fi\/frmKoira.aspx?RekNo=FI25727\/22&amp;R=122\" target=\"_blank\" rel=\"noopener\">Soome Kennelliidu andmebaas \u00bb<\/a><br \/>\n<a href=\"https:\/\/register.kennelliit.ee\/index.php?page=dogCard&amp;dogId=338048\" target=\"_blank\" rel=\"noopener\">Eesti Kennelliidu andmebaas \u00bb<\/a><\/p>\n<h4>TERVISEUURINGUD<\/h4>\n<ul>\n<li>puusad A\/A<\/li>\n<li>k\u00fc\u00fcnarliigesed 0:0<\/li>\n<li>silmad puhtad (aprill 2023)<\/li>\n<li>s\u00fcda (aprill 2023)<\/li>\n<\/ul>\n<h4>GEENITESTID<\/h4>\n<ul>\n<li>prcd-PRA Normal\/Clear (vanemad puhtad)<\/li>\n<li>EIC Normal\/Clear (vanemad puhtad)<\/li>\n<li>HNPK Normal\/Clear (vanemad puhtad)<\/li>\n<li>STGD Carrier (N\/STGD)<\/li>\n<li>ei kanna pikakarvasust<\/li>\n<li>ei kanna kiharakarvasust<\/li>\n<li><a href=\"https:\/\/www.wisdompanel.com\/app\/s\/0s3dck4\">k\u00f5ik geenitestide tulemused (Wisdom Panel)<\/a><\/li>\n<\/ul>\n<h4>SUGUPUU<\/h4>\n<table class=\"tree\" border=\"1\">\n<tbody>\n<tr>\n<td class=\"tree\" style=\"width: 25%;\" rowspan=\"8\">C.I.B. C.I.E. EST FIN LV LTU BALT NORW CH LVV-23 TLNW-24 My Brand Night To Remember<br \/>\nHD B\/B ED 0:0 Eyes &amp; Heart ECHO Clear<br \/>\nEIC, HNPK, prcd-PRA, RD\/OSD Clear<br \/>\nlong coat gene Clear<br \/>\n(EST)<\/td>\n<td class=\"tree\" style=\"width: 25%;\" rowspan=\"4\">MBISJ MX CH PR CH Maroma\u2019s Captain Cove<br \/>\nHD A\/A ED 0:0 Eyes Clear (AVCO)<br \/>\nprcd-PRA, CNM, HNPK, long coat &amp; EIC Heart: Clear by Doppler<br \/>\n(MEX)<\/td>\n<td class=\"tree\" style=\"width: 25%;\" rowspan=\"2\">AM GR CH Lakeside Memoir Of Gallivant<\/td>\n<td class=\"tree\" style=\"width: 25%;\">Gallivant Big Pine Out of Africa<\/td>\n<\/tr>\n<tr>\n<td class=\"tree\">AM CH Meredith Herbu Zadora<\/td>\n<\/tr>\n<tr>\n<td class=\"tree\" rowspan=\"2\">The Princess Of Oz (Concha)<\/td>\n<td class=\"tree\">AM CH Lobuff Hollyridge Wizard of Oz<\/td>\n<\/tr>\n<tr>\n<td class=\"tree\">Belquest Princess Maya<\/td>\n<\/tr>\n<tr>\n<td class=\"tree\" rowspan=\"4\">My Brand Last Night At Cheyas<br \/>\nHD A\/A ED 0:0 Eyes Clear<br \/>\nprcd-PRA, HNPK &amp; EIC Normal\/Clear<br \/>\n(EST)<\/td>\n<td class=\"tree\" rowspan=\"2\">AM POL MEX CH Vegas Night Bella Mare<\/td>\n<td class=\"tree\">AM CH POL CH Dickendall Buckstone Three Dog Night<\/td>\n<\/tr>\n<tr>\n<td class=\"tree\">JCH PL Sandamar HySpire I\u2019m So Vain<\/td>\n<\/tr>\n<tr>\n<td class=\"tree\" rowspan=\"2\">My Brand Kiss From A Rose<\/td>\n<td class=\"tree\">MEX EST CH Tabatha\u2019s Caffu Queijeiro<\/td>\n<\/tr>\n<tr>\n<td class=\"tree\">My Brand Rare Stone Rose<\/td>\n<\/tr>\n<tr>\n<td class=\"tree\" rowspan=\"8\">FIN CH FIN TR CH FIN VP Water Rescue CH Upwards You Raise Me Up<br \/>\nHD A\/A ED 0:0 Eyes &amp; Heart Clear<br \/>\n(FIN)<\/td>\n<td class=\"tree\" rowspan=\"4\">NW SW CH Mementos Vadillo<br \/>\nHD A\/A ED 0:0 Eyes Clear<br \/>\nprcd-PRA, HNPK &amp; EIC Normal\/Clear<br \/>\n(NORW)<\/td>\n<td class=\"tree\" rowspan=\"2\">FIN CH Upwards Goodwill Gunnar<\/td>\n<td class=\"tree\">C.I.B. NORD CH FIN SW CH Cassatas Fantom Ferdinand<\/td>\n<\/tr>\n<tr>\n<td class=\"tree\">FIN CH Upwards Camilla<\/td>\n<\/tr>\n<tr>\n<td class=\"tree\" rowspan=\"2\">Mementos Melodi<\/td>\n<td class=\"tree\">NO CH Cha&#8217;s Didrik Champ<\/td>\n<\/tr>\n<tr>\n<td class=\"tree\">SW NW CH NW W&#8217;05 Mementos Fantasia<\/td>\n<\/tr>\n<tr>\n<td class=\"tree\" rowspan=\"4\">FIN CH Upwards Urban Legend<br \/>\nHD A\/A ED 0:0 Eyes Clear<br \/>\n(FIN)<\/td>\n<td class=\"tree\" rowspan=\"2\">FIN CH Naiken Xavier<\/td>\n<td class=\"tree\">Buckholt Kestrel<\/td>\n<\/tr>\n<tr>\n<td class=\"tree\">Naiken Quizzical<\/td>\n<\/tr>\n<tr>\n<td class=\"tree\" rowspan=\"2\">Upwards Judith<\/td>\n<td class=\"tree\">FIN CH Palabras Keep On Movin&#8217;<\/td>\n<\/tr>\n<tr>\n<td class=\"tree\">FIN CH Upwards Camilla<\/td>\n<\/tr>\n<\/tbody>\n<\/table>\n<p><img loading=\"lazy\" decoding=\"async\" class=\"alignnone\" src=\"https:\/\/vana.mybrand.ee\/wp-content\/gallery\/upwards-oh-my-what-a-night\/mai22_42.JPG\" alt=\"Upwards Oh My What A Night\" width=\"1800\" height=\"1200\"><\/p>\n<h4>T\u00d6\u00d6 JA KATSED<\/h4>\n<p><strong>RETRIIVERITE T\u00d5UKATSE<\/strong><\/p>\n<ul>\n<li>15.09.2023 Retriiverite t\u00f5ukatse saagiga Saarj\u00e4rvel = sooritatud, kohtunik Ari-Pekka Fontell<\/li>\n<\/ul>\n<p><strong>RETRIIVERITE TASEMEKATSE (NOME-B)<\/strong><\/p>\n<ul>\n<li>20.09.2025 Kooraste k\u00f5verj\u00e4rv, P\u00f5lvamaa, ALG klass I j\u00e4rk, kohtunik Vesa Hietikko (FIN)<\/li>\n<li>03.08.2025 Harjumaa, Eesti, ALG klass II j\u00e4rk, kohtunik Ari-Pekka Fontell (FIN)<\/li>\n<li>14.06.2025 Linnam\u00e4e, L\u00e4\u00e4nemaa, ALG klass II j\u00e4rk, kohtunik Petri Tuominen (FIN)<\/li>\n<li>28.06.2024 Linnam\u00e4e, L\u00e4\u00e4nemaa, ALG klass II j\u00e4rk, kohtunik Vesa Hietikko (FIN)<\/li>\n<\/ul>\n<p><strong>RETRIIVERITE T\u00d6\u00d6KATSE (WT)<\/strong><\/p>\n<table>\n<tbody>\n<tr>\n<td><strong>Kuup\u00e4ev <\/strong><\/td>\n<td><strong>Klass<\/strong><\/td>\n<td><strong>Tulemus<\/strong><\/td>\n<td><strong>Kohtunik<\/strong><\/td>\n<td><strong>Koht<\/strong><\/td>\n<\/tr>\n<tr>\n<td>19.07.2025<\/td>\n<td>ALG<\/td>\n<td>I j\u00e4rk, 4.koht<\/td>\n<td>Pauliina Ahola, FI<\/td>\n<td>Linnam\u00e4e, Eesti<\/td>\n<\/tr>\n<tr>\n<td>6.07.2025<\/td>\n<td>ALG<\/td>\n<td>II j\u00e4rk, 2. koht, <strong>kohtuniku valik<\/strong><\/td>\n<td>Maria Kacsalova, HU<\/td>\n<td>Upmali, L\u00e4ti<\/td>\n<\/tr>\n<tr>\n<td>28.06.2025<\/td>\n<td>ALG<\/td>\n<td>I j\u00e4rk, 5. koht<\/td>\n<td>Maarit Saarinen, Minja Vitikka, FI<\/td>\n<td>Metsaj\u00f5e, Eesti<\/td>\n<\/tr>\n<tr>\n<td>10.05.2025<\/td>\n<td>ALG<\/td>\n<td>II j\u00e4rk<\/td>\n<td>Maria Kacsalova, Bogdan Bartakovics<\/td>\n<td>K\u00fctioru, Eesti<\/td>\n<\/tr>\n<\/tbody>\n<\/table>\n<p><strong>VEEP\u00c4\u00c4STE<\/strong><\/p>\n<ul>\n<li>20.08.2024 EOKK rahvuslik veep\u00e4\u00e4ste katse Harjumaal, kohtunik Monika Rusing (FCI) = 95 punkti VP2 klassis, hinne &#8220;v\u00e4ga hea&#8221; ja 1. koht<\/li>\n<li>27.07.2024 EOKK rahvuslik veep\u00e4\u00e4ste katse Harjumaal, kohtunik Daniel Sedlak = 93 punkti VP1 klassis, hinne &#8220;v\u00e4ga hea ja 5. koht<\/li>\n<\/ul>\n<h4 class=\"wpview-selection-before\">KOHTUNIKUD TEMAST N\u00c4ITUSTEL<\/h4>\n<p><strong>Bruno Facq, France<\/strong><\/p>\n<blockquote><p>&#8220;14 months old, pretty feminine head, excellent length of neck, very good back and front angulations, good bone and feet, very good ribcage, moves correctly with happiness.&#8221;<\/p><\/blockquote>\n<h4 class=\"wpview-selection-before\">GALERII<\/h4>\n<p>ngg_shortcode_1_placeholder<\/p>","protected":false},"excerpt":{"rendered":"<p>Upwards Oh My What A Night &#8220;Merida&#8221; must emane (BbEE, kannab pruuni, ei kanna kollast) s\u00fcnd 23.3.2022 Kasvataja Rita Nyg\u00e5rd, kennel Upwards, Soome Soome Kennelliidu andmebaas \u00bb Eesti Kennelliidu andmebaas \u00bb TERVISEUURINGUD puusad A\/A k\u00fc\u00fcnarliigesed 0:0 silmad puhtad (aprill 2023) s\u00fcda (aprill 2023) GEENITESTID prcd-PRA Normal\/Clear (vanemad puhtad) EIC Normal\/Clear (vanemad puhtad) HNPK Normal\/Clear (vanemad [&hellip;]<\/p>\n","protected":false},"author":1,"featured_media":0,"parent":39,"menu_order":15,"comment_status":"closed","ping_status":"closed","template":"","meta":{"ngg_post_thumbnail":0,"footnotes":""},"class_list":["post-8704","page","type-page","status-publish","hentry"],"_links":{"self":[{"href":"https:\/\/vana.mybrand.ee\/et\/wp-json\/wp\/v2\/pages\/8704","targetHints":{"allow":["GET"]}}],"collection":[{"href":"https:\/\/vana.mybrand.ee\/et\/wp-json\/wp\/v2\/pages"}],"about":[{"href":"https:\/\/vana.mybrand.ee\/et\/wp-json\/wp\/v2\/types\/page"}],"author":[{"embeddable":true,"href":"https:\/\/vana.mybrand.ee\/et\/wp-json\/wp\/v2\/users\/1"}],"replies":[{"embeddable":true,"href":"https:\/\/vana.mybrand.ee\/et\/wp-json\/wp\/v2\/comments?post=8704"}],"version-history":[{"count":0,"href":"https:\/\/vana.mybrand.ee\/et\/wp-json\/wp\/v2\/pages\/8704\/revisions"}],"up":[{"embeddable":true,"href":"https:\/\/vana.mybrand.ee\/et\/wp-json\/wp\/v2\/pages\/39"}],"wp:attachment":[{"href":"https:\/\/vana.mybrand.ee\/et\/wp-json\/wp\/v2\/media?parent=8704"}],"curies":[{"name":"wp","href":"https:\/\/api.w.org\/{rel}","templated":true}]}}