{"id":8727,"date":"2022-08-04T22:41:32","date_gmt":"2022-08-04T20:41:32","guid":{"rendered":"https:\/\/vana.mybrand.ee\/?page_id=8727"},"modified":"2026-02-09T16:40:57","modified_gmt":"2026-02-09T14:40:57","slug":"my-brand-all-that-jazz","status":"publish","type":"page","link":"https:\/\/vana.mybrand.ee\/et\/females\/my-brand-all-that-jazz\/","title":{"rendered":"My Brand All That Jazz ~Amy~"},"content":{"rendered":"<p><img decoding=\"async\" class=\"alignnone size-full\" src=\"https:\/\/vana.mybrand.ee\/wp-content\/gallery\/my-brand-all-that-jazz\/web-IMG_3214.jpg\"><\/p>\n<h3>My Brand All That Jazz &#8220;Amy&#8221;<\/h3>\n<p>kollane emane (Bbee, kannab pruuni)<br \/>\ns\u00fcnd 26.05.2021<br \/>\nKaasomanik Hellika Bekker, Eesti<br \/>\n<a href=\"https:\/\/register.kennelliit.ee\/index.php?page=dogCard&amp;dogId=317842\">Eesti Kennelliidu andmebaas \u00bb<\/a><\/p>\n<h4>TERVISEUURINGUD<\/h4>\n<ul>\n<li>puusad A\/A<\/li>\n<li>k\u00fc\u00fcnarliigesed 0:0<\/li>\n<li>silmauuring puhas (juuni 2022)<\/li>\n<li>s\u00fcdameuuring puhas (ECHO Doppler juuni 2022)<\/li>\n<\/ul>\n<h4>GEENITESTID<\/h4>\n<ul>\n<li>prcd-PRA Normal\/Clear<\/li>\n<li>EIC Normal\/Clear<\/li>\n<li>HNPK Normal\/Clear<\/li>\n<li>STGD Normal\/Clear<\/li>\n<li>kannab pikakarvasuse geeni, ei kanna kiharakarvasuse geeni<\/li>\n<li><a href=\"https:\/\/www.wisdompanel.com\/app\/s\/p7gl4qj\" target=\"_blank\" rel=\"noopener\">t\u00e4ielikud tulemused Wisdom Paneli lehel<\/a><\/li>\n<\/ul>\n<h4>SUGUPUU<\/h4>\n<table class=\"tree\" border=\"1\">\n<tbody>\n<tr>\n<td class=\"tree\" style=\"width: 25%;\" rowspan=\"8\">Waterline\u2019s Black Tie<br \/>\nHD A\/A ED 0:0 Eyes &amp; Heart ECHO Clear<br \/>\nEIC, HNPK, prcd-PRA, RD\/OSD Clear<br \/>\ndoesn\u2019t carry long coat gene<br \/>\n(FIN)<\/td>\n<td class=\"tree\" style=\"width: 25%;\" rowspan=\"4\">Waterline\u2019s Luxor<br \/>\nHD B\/B ED 0:0 Eyes Clear<br \/>\nprcd-PRA, EIC, SD2, HNPK Clear<br \/>\n(FIN)<\/td>\n<td class=\"tree\" style=\"width: 25%;\" rowspan=\"2\"><span class=\"\u0441\u0442\u0438\u043b\u044c7\">AM POL MEX CH Vegas Night Bella Mare<\/span><\/td>\n<td class=\"tree\" style=\"width: 25%;\"><span class=\"\u0441\u0442\u0438\u043b\u044c7\"><span class=\"sukutaulu style2\">AM CH POL CH Dickendall Buckstone Three Dog Night<\/span><\/span><\/td>\n<\/tr>\n<tr>\n<td class=\"tree\"><span class=\"sukutaulu style2\">PL JCH Sandamar HySpire I\u2019m So Vain<\/span><\/td>\n<\/tr>\n<tr>\n<td class=\"tree\" rowspan=\"2\">Waterline\u2019s Papaya Dream<\/td>\n<td class=\"tree\">FIN CH FIN JW\u201904 W\u201905 Lucky My Born Free<\/td>\n<\/tr>\n<tr>\n<td class=\"tree\">Follies Maryland<\/td>\n<\/tr>\n<tr>\n<td class=\"tree\" rowspan=\"4\">Neptune\u2019s Legacy Obsessed With Pink<br \/>\nHD B\/B ED 0:0 Eyes Clear<br \/>\n(FIN)<\/td>\n<td class=\"tree\" rowspan=\"2\">Mambrinos Black Cap<\/td>\n<td class=\"tree\">NORD JW\u201911 Destinys Tellmenothingidon&#8217;tknow<\/td>\n<\/tr>\n<tr>\n<td class=\"tree\">SW NO CH Mambrinos Tessie<\/td>\n<\/tr>\n<tr>\n<td class=\"tree\" rowspan=\"2\">FIN CH Waterline\u2019s Marry Me<\/td>\n<td class=\"tree\">US CH GR CH Gateway\u2019s Nothin\u2019 But Trouble<\/td>\n<\/tr>\n<tr>\n<td class=\"tree\">Waterline\u2019s Rosalie<\/td>\n<\/tr>\n<tr>\n<td class=\"tree\" rowspan=\"8\">EST JCH CH My Brand Soul Sister<br \/>\nHD A\/A ED 0:0 Eyes Clear<br \/>\nEIC Carrier, HNPK, prcd-PRA Normal\/Clear<br \/>\n(EST)<\/td>\n<td class=\"tree\" rowspan=\"4\">POL LTU CH POL JCH JW JUN Club\u2019W GDR JUN Club\u2019W Bloomwood Royal Major Globtrotter<br \/>\nHD A\/A ED 0:0 Eyes Clear<br \/>\nprcd-PRA Normal\/Clear, EIC Clear HNPK Clear<br \/>\n(POL)<\/td>\n<td class=\"tree\" rowspan=\"2\">DK CH Lobuff-Shannon US Major Attraction<\/td>\n<td class=\"tree\"><span class=\"\u0441\u0442\u0438\u043b\u044c7\">AM CAN CH Lobuff Hollyridge The Aviator WC<\/span><\/td>\n<\/tr>\n<tr>\n<td class=\"tree\">Shannon\u2019s Amethyst Dreams<\/td>\n<\/tr>\n<tr>\n<td class=\"tree\" rowspan=\"2\">POL RUS UZ MAC CH Merci Herbu Zadora<\/td>\n<td class=\"tree\">POL CH Kimleigh\u2019s New Moon Rising<\/td>\n<\/tr>\n<tr>\n<td class=\"tree\">Yunta Yara Herbu Zadora<\/td>\n<\/tr>\n<tr>\n<td class=\"tree\" rowspan=\"4\">Touch My Soul Reverie Stream<br \/>\nHD A\/A ED 0:0 Eyes Clear<br \/>\nprcd-PRA Clear by Parentage, EIC Carrier, HNPK Clear, long coat carrier<br \/>\n(LV)<\/td>\n<td class=\"tree\" rowspan=\"2\">FI CH Strongline&#8217;s Money For Nothing<\/td>\n<td class=\"tree\">LCD JGD CH Flying Firecracker v.d.Weeward<\/td>\n<\/tr>\n<tr>\n<td class=\"tree\">FI EST CH Strongline&#8217;s Xantamaria<\/td>\n<\/tr>\n<tr>\n<td class=\"tree\" rowspan=\"2\">LV CH My Brand Rose Is A Rose<\/td>\n<td class=\"tree\">EST RUS JCH JTWC\u201915 TWC\u201915 Tawastway\u2019s Snowholic<\/td>\n<\/tr>\n<tr>\n<td class=\"tree\">My Brand Kiss From A Rose<\/td>\n<\/tr>\n<\/tbody>\n<\/table>\n<p><img loading=\"lazy\" decoding=\"async\" class=\"alignnone\" src=\"https:\/\/vana.mybrand.ee\/wp-content\/gallery\/my-brand-all-that-jazz\/IMG_3264-copy.jpg\" alt=\"My Brand All That Jazz\" width=\"1800\" height=\"1200\"><\/p>\n<h4 class=\"wpview-selection-before\">T\u00d6\u00d6 JA KATSED<\/h4>\n<table>\n<tbody>\n<tr>\n<th>Aeg<\/th>\n<th>Katse<\/th>\n<th>Koht<\/th>\n<th>Kohtunik<\/th>\n<\/tr>\n<tr>\n<td>12.05.2023<\/td>\n<td>retriiverite t\u00f5ukatse saagiga<\/td>\n<td>J\u00f5gevamaa, Eesti<\/td>\n<td>Susanna Salonen<\/td>\n<\/tr>\n<tr>\n<td>17.06.2023<\/td>\n<td>RTT ALG II<\/td>\n<td>Viljandimaa, eesti<\/td>\n<td>Pasi Majuri<\/td>\n<\/tr>\n<tr>\n<td>07.10.2023<\/td>\n<td>RWT ALG I<\/td>\n<td>J\u00f5gevamaa, Eesti<\/td>\n<td>Heli Siitari<\/td>\n<\/tr>\n<\/tbody>\n<\/table>\n<h4><img loading=\"lazy\" decoding=\"async\" class=\"alignnone\" src=\"https:\/\/vana.mybrand.ee\/wp-content\/gallery\/my-brand-all-that-jazz\/DSC_3445.jpg\" alt=\"My Brand All That Jazz 'Amy'\" width=\"1347\" height=\"899\"><\/h4>\n<h4 class=\"wpview-selection-before\">GALERII<\/h4>\n<p>ngg_shortcode_1_placeholder<\/p>","protected":false},"excerpt":{"rendered":"<p>My Brand All That Jazz &#8220;Amy&#8221; kollane emane (Bbee, kannab pruuni) s\u00fcnd 26.05.2021 Kaasomanik Hellika Bekker, Eesti Eesti Kennelliidu andmebaas \u00bb TERVISEUURINGUD puusad A\/A k\u00fc\u00fcnarliigesed 0:0 silmauuring puhas (juuni 2022) s\u00fcdameuuring puhas (ECHO Doppler juuni 2022) GEENITESTID prcd-PRA Normal\/Clear EIC Normal\/Clear HNPK Normal\/Clear STGD Normal\/Clear kannab pikakarvasuse geeni, ei kanna kiharakarvasuse geeni t\u00e4ielikud tulemused Wisdom [&hellip;]<\/p>\n","protected":false},"author":1,"featured_media":0,"parent":39,"menu_order":10,"comment_status":"closed","ping_status":"closed","template":"","meta":{"ngg_post_thumbnail":0,"footnotes":""},"class_list":["post-8727","page","type-page","status-publish","hentry"],"_links":{"self":[{"href":"https:\/\/vana.mybrand.ee\/et\/wp-json\/wp\/v2\/pages\/8727","targetHints":{"allow":["GET"]}}],"collection":[{"href":"https:\/\/vana.mybrand.ee\/et\/wp-json\/wp\/v2\/pages"}],"about":[{"href":"https:\/\/vana.mybrand.ee\/et\/wp-json\/wp\/v2\/types\/page"}],"author":[{"embeddable":true,"href":"https:\/\/vana.mybrand.ee\/et\/wp-json\/wp\/v2\/users\/1"}],"replies":[{"embeddable":true,"href":"https:\/\/vana.mybrand.ee\/et\/wp-json\/wp\/v2\/comments?post=8727"}],"version-history":[{"count":1,"href":"https:\/\/vana.mybrand.ee\/et\/wp-json\/wp\/v2\/pages\/8727\/revisions"}],"predecessor-version":[{"id":10250,"href":"https:\/\/vana.mybrand.ee\/et\/wp-json\/wp\/v2\/pages\/8727\/revisions\/10250"}],"up":[{"embeddable":true,"href":"https:\/\/vana.mybrand.ee\/et\/wp-json\/wp\/v2\/pages\/39"}],"wp:attachment":[{"href":"https:\/\/vana.mybrand.ee\/et\/wp-json\/wp\/v2\/media?parent=8727"}],"curies":[{"name":"wp","href":"https:\/\/api.w.org\/{rel}","templated":true}]}}