{"id":8732,"date":"2022-08-16T10:37:19","date_gmt":"2022-08-16T08:37:19","guid":{"rendered":"https:\/\/vana.mybrand.ee\/?page_id=8732"},"modified":"2023-10-25T19:54:39","modified_gmt":"2023-10-25T17:54:39","slug":"my-brand-soul-of-gold","status":"publish","type":"page","link":"https:\/\/vana.mybrand.ee\/et\/males\/my-brand-soul-of-gold\/","title":{"rendered":"My Brand Soul Of Gold ~Indie~"},"content":{"rendered":"<p><div style=\"width: 1810px\" class=\"wp-caption alignnone\"><img loading=\"lazy\" decoding=\"async\" src=\"https:\/\/vana.mybrand.ee\/wp-content\/gallery\/my-brand-soul-of-gold\/web-IMG_4310.jpg\" alt=\"\" width=\"1800\" height=\"1152\"><p class=\"wp-caption-text\">My Brand Soul Of Gold aastaselt<\/p><\/div><\/p>\n<h3>My Brand Soul Of Gold &#8220;Indie&#8221;<\/h3>\n<p>kollane isane (BBee, ei kanna pruuni)<br \/>\ns\u00fcnd: 24.05.2021<br \/>\n<a href=\"https:\/\/register.kennelliit.ee\/index.php?page=dogCard&amp;dogId=317261\">Eesti Kennelliidu andmebaas \u00bb<\/a><\/p>\n<h4>TERVISEUURINGUD<\/h4>\n<ul>\n<li>puusad A\/A<\/li>\n<li>k\u00fc\u00fcnarliigesed 0:0<\/li>\n<li>silmauuring puhas (august 2022)<\/li>\n<li>s\u00fcdameuuring puhas (ECHO Doppler august 2022)<\/li>\n<\/ul>\n<h4>GEENITESTID<\/h4>\n<ul>\n<li>prcd-PRA Normal\/Clear&nbsp; (puhas, ei kanna geeni)<\/li>\n<li>EIC Normal\/Clear&nbsp; (puhas, ei kanna geeni)<\/li>\n<li>NPK Normal\/Clear (vanemad puhtad)<\/li>\n<li>ei kanna pikakarvasuse geeni<\/li>\n<li>ei kanna kiharakarvasuse geeni<\/li>\n<li><a href=\"https:\/\/www.wisdompanel.com\/app\/s\/tf7q8rp\">https:\/\/www.wisdompanel.com\/app\/s\/tf7q8rp<\/a><\/li>\n<\/ul>\n<h4>SUGUPUU<\/h4>\n<table class=\"tree\" border=\"1\">\n<tbody>\n<tr>\n<td class=\"tree\" style=\"width: 25%;\" rowspan=\"8\">FIN SW CH FIN JCH SW JCH<br \/>\nStrongline\u2019s Rosco<br \/>\nHD B\/B ED 0:0 Eyes &amp; Heart Clear<br \/>\nprcd-PRA, HNPK, EIC Clear<br \/>\n(FIN)<\/td>\n<td class=\"tree\" style=\"width: 25%;\" rowspan=\"4\">AM CH Sunnydaze Running Across The Miles<br \/>\nHD Good ED Clear Eyes Clear, Cardiac Clear, ACVO Annually, EIC, CNM, PRA Clear, HPNK Carrier<br \/>\n(USA)<\/td>\n<td class=\"tree\" style=\"width: 25%;\" rowspan=\"2\">AM CH AM GCH Figero Dafoz Herbu Zadora<\/td>\n<td class=\"tree\" style=\"width: 25%;\">Trendlewood Far Away Zadora<\/td>\n<\/tr>\n<tr>\n<td class=\"tree\">Megi Psie Lobby<\/td>\n<\/tr>\n<tr>\n<td class=\"tree\" rowspan=\"2\">CAN CH Sunnydaze Runs With Scissors<\/td>\n<td class=\"tree\">MBISS AKC CH Boradors By George CGC<\/td>\n<\/tr>\n<tr>\n<td class=\"tree\">INT CAN CH Sunnydaze Supernatural<\/td>\n<\/tr>\n<tr>\n<td class=\"tree\" rowspan=\"4\">Strongline\u2019s Its A Kiss<br \/>\nHD A\/A ED 0:0 Eyes Clear<br \/>\n(FIN)<\/td>\n<td class=\"tree\" rowspan=\"2\">C.I.B. FIN CH Mouldhill\u2019s Kind Of Kiss<\/td>\n<td class=\"tree\">US CH Zinfndel Brigham<\/td>\n<\/tr>\n<tr>\n<td class=\"tree\">C.I.B. FIN LV LT CH NORDW-09 VW-13 Strongline&#8217;s Kiss Kiss<\/td>\n<\/tr>\n<tr>\n<td class=\"tree\" rowspan=\"2\">Strongline\u2019s Missy<\/td>\n<td class=\"tree\">Strongline&#8217;s Trollop<\/td>\n<\/tr>\n<tr>\n<td class=\"tree\">FIN Tr CH Strongline&#8217;s Dinger<\/td>\n<\/tr>\n<tr>\n<td class=\"tree\" rowspan=\"8\">Touch My Soul Reverie Stream<br \/>\nHD A\/A ED 0:0 Eyes Clear<br \/>\nprcd-PRA Clear by Parentage, EIC Carrier, HNPK Clear, long coat carrier<br \/>\n(LV)<\/td>\n<td class=\"tree\" rowspan=\"4\">FI CH Strongline&#8217;s Money For Nothing<br \/>\nHD A\/A, ED 0:0, prcd-PRA Normal\/Clear, EIC Clear (N\/N)<br \/>\n(FIN)<\/td>\n<td class=\"tree\" rowspan=\"2\">LCD JGD CH Flying Firecracker v.d.Weeward<\/td>\n<td class=\"tree\">Hunt Club Clayview Super Nova At Belquest<\/td>\n<\/tr>\n<tr>\n<td class=\"tree\">Xtra Ordinairy Xara V.d. Weeward<\/td>\n<\/tr>\n<tr>\n<td class=\"tree\" rowspan=\"2\">FI EST CH Strongline&#8217;s Xantamaria<\/td>\n<td class=\"tree\">Sidewild Northern Frost<\/td>\n<\/tr>\n<tr>\n<td class=\"tree\">FI CH Strongline&#8217;s Quantanamera<\/td>\n<\/tr>\n<tr>\n<td class=\"tree\" rowspan=\"4\">LV CH My Brand Rose Is A Rose<br \/>\nHD A\/A ED 0:0, Eyes Clear,<br \/>\nprcd-PRA Clear, HNPK Clear<br \/>\nEIC Carrier<br \/>\n(EST)<\/td>\n<td class=\"tree\" rowspan=\"2\">EST RUS JCH JTWC\u201915 TWC\u201915 Tawastway\u2019s Snowholic<\/td>\n<td class=\"tree\">SW SH CH POL JCH JW\u201911 NL CH C.I.B. Seawinds Polish Poker<\/td>\n<\/tr>\n<tr>\n<td class=\"tree\">C.I.B FI SW&nbsp; EST CH Tealway Early Bird<\/td>\n<\/tr>\n<tr>\n<td class=\"tree\" rowspan=\"2\">My Brand Kiss From A Rose<\/td>\n<td class=\"tree\">MEX EST CH Tabatha\u2019s Caffu Queijeiro<\/td>\n<\/tr>\n<tr>\n<td class=\"tree\">My Brand Rare Stone Rose<\/td>\n<\/tr>\n<\/tbody>\n<\/table>\n<p><a href=\"https:\/\/vana.mybrand.ee\/wp-content\/gallery\/my-brand-soul-of-gold\/web-IMG_4325.jpg\"><img loading=\"lazy\" decoding=\"async\" class=\"alignnone\" src=\"https:\/\/vana.mybrand.ee\/wp-content\/gallery\/my-brand-soul-of-gold\/web-IMG_4325.jpg\" alt=\"My Brand Soul Queen\" width=\"1800\" height=\"1200\"><\/a><\/p>\n<h4 class=\"wpview-selection-before\">GALERII<\/h4>\nngg_shortcode_2_placeholder\n<h4 class=\"wpview-selection-before\">TEMA J\u00c4RGLASED<\/h4>\n<p>ngg_shortcode_3_placeholder<\/p>","protected":false},"excerpt":{"rendered":"<p>My Brand Soul Of Gold &#8220;Indie&#8221; kollane isane (BBee, ei kanna pruuni) s\u00fcnd: 24.05.2021 Eesti Kennelliidu andmebaas \u00bb TERVISEUURINGUD puusad A\/A k\u00fc\u00fcnarliigesed 0:0 silmauuring puhas (august 2022) s\u00fcdameuuring puhas (ECHO Doppler august 2022) GEENITESTID prcd-PRA Normal\/Clear&nbsp; (puhas, ei kanna geeni) EIC Normal\/Clear&nbsp; (puhas, ei kanna geeni) NPK Normal\/Clear (vanemad puhtad) ei kanna pikakarvasuse geeni ei [&hellip;]<\/p>\n","protected":false},"author":1,"featured_media":0,"parent":6,"menu_order":25,"comment_status":"closed","ping_status":"closed","template":"","meta":{"ngg_post_thumbnail":0,"footnotes":""},"class_list":["post-8732","page","type-page","status-publish","hentry"],"_links":{"self":[{"href":"https:\/\/vana.mybrand.ee\/et\/wp-json\/wp\/v2\/pages\/8732","targetHints":{"allow":["GET"]}}],"collection":[{"href":"https:\/\/vana.mybrand.ee\/et\/wp-json\/wp\/v2\/pages"}],"about":[{"href":"https:\/\/vana.mybrand.ee\/et\/wp-json\/wp\/v2\/types\/page"}],"author":[{"embeddable":true,"href":"https:\/\/vana.mybrand.ee\/et\/wp-json\/wp\/v2\/users\/1"}],"replies":[{"embeddable":true,"href":"https:\/\/vana.mybrand.ee\/et\/wp-json\/wp\/v2\/comments?post=8732"}],"version-history":[{"count":0,"href":"https:\/\/vana.mybrand.ee\/et\/wp-json\/wp\/v2\/pages\/8732\/revisions"}],"up":[{"embeddable":true,"href":"https:\/\/vana.mybrand.ee\/et\/wp-json\/wp\/v2\/pages\/6"}],"wp:attachment":[{"href":"https:\/\/vana.mybrand.ee\/et\/wp-json\/wp\/v2\/media?parent=8732"}],"curies":[{"name":"wp","href":"https:\/\/api.w.org\/{rel}","templated":true}]}}