{"id":8825,"date":"2022-10-16T21:21:45","date_gmt":"2022-10-16T19:21:45","guid":{"rendered":"https:\/\/vana.mybrand.ee\/?page_id=8825"},"modified":"2022-11-23T09:38:11","modified_gmt":"2022-11-23T07:38:11","slug":"reverie-stream-coffee-date","status":"publish","type":"page","link":"https:\/\/vana.mybrand.ee\/et\/males\/reverie-stream-coffee-date\/","title":{"rendered":"Reverie Stream Coffee Date ~Kusti~"},"content":{"rendered":"<p><img loading=\"lazy\" decoding=\"async\" class=\"alignnone\" title=\"Reverie Stream Coffee Bean at the age of 1 year. Photo by My Brand Labradors. \" src=\"https:\/\/vana.mybrand.ee\/wp-content\/gallery\/other-dogs\/coming-soon.jpg\" alt=\"\" width=\"1400\" height=\"947\"><br \/>\n<strong>&#8230;<\/strong><\/p>\n<h2>Reverie Stream Coffee Date &#8220;Kusti&#8221;<\/h2>\n<p>must isane (BBEe, kannab kollast v\u00e4rvi)<br \/>\ns\u00fcnd 28.09.2021<br \/>\nkasvataja Guna Bluma, kennel Reverie Stream, L\u00e4ti<br \/>\nkaasomanik Maarika Kanem\u00e4gi, Eesti<br \/>\n<a href=\"https:\/\/register.kennelliit.ee\/index.php?page=dogCard&amp;dogId=331204\" target=\"_blank\" rel=\"noopener noreferrer\">Eesti Kennelliidu registris \u00bb<\/a><\/p>\n<h4>TERVISEUURINGUD<\/h4>\n<ul>\n<li>Puusad A\/A<\/li>\n<li>K\u00fc\u00fcnarliigesed 0:0<\/li>\n<li>Silmad puhtad (oktoober 2022)<\/li>\n<li>S\u00fcdameuuring puhas (ECHO Doppler oktoober 2022)<\/li>\n<li>olemas k\u00f5ik hambad<\/li>\n<\/ul>\n<h4>GEENITESTID<\/h4>\n<ul>\n<li>prcd-PRA puhas (vanemad puhtad)<\/li>\n<li>HNPK puhas (vanemad puhtad)<\/li>\n<li>EIC puhas (vanemad puhtad)<\/li>\n<li><a href=\"https:\/\/www.wisdompanel.com\/app\/s\/tz36cnj\" target=\"_blank\" rel=\"noopener\">Wisdom Panel testide tulemused<\/a><\/li>\n<\/ul>\n<h4>SUGUPUU<\/h4>\n<table class=\"tree\" border=\"1\">\n<tbody>\n<tr>\n<td class=\"tree\" style=\"width: 25%;\" rowspan=\"8\">EST RUS JCH JTWC\u201915 TWC\u201915<br \/>\nTawastway&#8217;s Snowholic<br \/>\nHD A\/A ED 0:0 Eyes Clear<br \/>\nClear on prcd-PRA, EIC, HNPK, CNM &amp; Narcolepsia<br \/>\n(FIN)<\/td>\n<td class=\"tree\" style=\"width: 25%;\" rowspan=\"4\">SW SH CH POL JCH JW\u201911 NL CH C.I.B. Seawinds Polish Poker<br \/>\nHD A\/A, ED 0:0, Optigen prcd-PRA Normal\/Clear, EIC Clear (N\/N)<br \/>\n(USA)<\/td>\n<td class=\"tree\" style=\"width: 25%;\" rowspan=\"2\">BISS CH Wit\u2019s End Jacks Or Better At Blackwing<\/td>\n<td class=\"tree\" style=\"width: 25%;\">BISS CH Blackwing Superfine<\/td>\n<\/tr>\n<tr>\n<td class=\"tree\" style=\"width: 25%;\">AM CH Wit\u2019s End Vegas Showgirl<\/td>\n<\/tr>\n<tr>\n<td class=\"tree\" style=\"width: 25%;\" rowspan=\"2\">AM CH Allegheny\u2019s Belles Of Ireland<\/td>\n<td class=\"tree\" style=\"width: 25%;\">Dickendall Buckstone Superman JH<\/td>\n<\/tr>\n<tr>\n<td class=\"tree\" style=\"width: 25%;\">AM CH Allegheny\u2019s Gem Of Caer Bren JH<\/td>\n<\/tr>\n<tr>\n<td class=\"tree\" style=\"width: 25%;\" rowspan=\"4\">C.I.B FI SW SH EST CH HeVW\u201915 EUVW\u201916 BENELUXVW\u201916 Tealway Early Bird<br \/>\nHD A\/A ED 0:0 eyes clear, prcd-PRA Normal\/Clear, EIC Clear (N\/N)<br \/>\n(FIN)<\/td>\n<td class=\"tree\" style=\"width: 25%;\" rowspan=\"2\">INT &amp; SWISS CH Utter Nonsense of Tintagel Winds<\/td>\n<td class=\"tree\" style=\"width: 25%;\">Lembas To The Moon And Back JW<\/td>\n<\/tr>\n<tr>\n<td class=\"tree\" style=\"width: 25%;\">GB SH CH INT FR SWISS CH Poole\u2019s Memory of Tintagel Winds<\/td>\n<\/tr>\n<tr>\n<td class=\"tree\" style=\"width: 25%;\" rowspan=\"2\">FIN CH Bubbling Savannah<\/td>\n<td class=\"tree\" style=\"width: 25%;\">C.I.B GB SH CH NORD FIN NO CH Carpenny Walpole<\/td>\n<\/tr>\n<tr>\n<td class=\"tree\" style=\"width: 25%;\">FIN CH Bubbling Me-Oh-My<\/td>\n<\/tr>\n<tr>\n<td class=\"tree\" style=\"width: 25%;\" rowspan=\"8\">My Brand Three Thousand Reasons<br \/>\nHD C\/C ED 0:0 Eyes Clear<br \/>\nprcd-PRA Normal\/Clear<br \/>\nHNPK Clear by Parentage<br \/>\nfull dentition<br \/>\n(EST)<\/td>\n<td class=\"tree\" style=\"width: 25%;\" rowspan=\"4\">AM BISS GCH Mtn Meadow Buckeye Brutus OFA good, ED OFA normal, Eyes Clear, prcd-PRA Normal\/Clear Heart OFA Normal<br \/>\n(USA)<\/td>\n<td class=\"tree\" style=\"width: 25%;\" rowspan=\"2\">AM CH Mtn Meadow Black Eye Affair<\/td>\n<td class=\"tree\" style=\"width: 25%;\">AM CH Kai Den\u00b4s Black Tie Affair JH<\/td>\n<\/tr>\n<tr>\n<td class=\"tree\" style=\"width: 25%;\">AM CH Mtn Meadow It\u2019s About Time<\/td>\n<\/tr>\n<tr>\n<td class=\"tree\" style=\"width: 25%;\" rowspan=\"2\">AM CH Mtn Meadow What a Sight<\/td>\n<td class=\"tree\" style=\"width: 25%;\">AM CH Springbok\u2019s Out\u2019A-Sight<\/td>\n<\/tr>\n<tr>\n<td class=\"tree\" style=\"width: 25%;\">AM CH Mtn Meadow Lady Godiva<\/td>\n<\/tr>\n<tr>\n<td class=\"tree\" style=\"width: 25%;\" rowspan=\"4\">EST JCH EST JW\u201917 TLN JW\u201917<br \/>\nMy Brand Last Minute Delivery<br \/>\nHD B\/C ED 0:0 Eyes Clear<br \/>\nHNPK Clear, prcd-PRA Clear, EIC Clear<br \/>\n(EST)<\/td>\n<td class=\"tree\" style=\"width: 25%;\" rowspan=\"2\">MEX POL AM CH AM GCH Vegas Night Bella Mare<\/td>\n<td class=\"tree\" style=\"width: 25%;\">AM CH POL CH Dickendall Buckstone Three Dog Night<\/td>\n<\/tr>\n<tr>\n<td class=\"tree\" style=\"width: 25%;\">JCH PL Sandamar HySpire I\u2019m So Vain<\/td>\n<\/tr>\n<tr>\n<td class=\"tree\" style=\"width: 25%;\" rowspan=\"2\">My Brand Kiss From A Rose<\/td>\n<td class=\"tree\" style=\"width: 25%;\">MEX EST CH Tabatha\u2019s Caffu Queijeiro<\/td>\n<\/tr>\n<tr>\n<td class=\"tree\" style=\"width: 25%;\">My Brand Rare Stone Rose<\/td>\n<\/tr>\n<\/tbody>\n<\/table>\n<h4>GALERII<\/h4>\n<p>ngg_shortcode_1_placeholder<\/p>","protected":false},"excerpt":{"rendered":"<p>&#8230; Reverie Stream Coffee Date &#8220;Kusti&#8221; must isane (BBEe, kannab kollast v\u00e4rvi) s\u00fcnd 28.09.2021 kasvataja Guna Bluma, kennel Reverie Stream, L\u00e4ti kaasomanik Maarika Kanem\u00e4gi, Eesti Eesti Kennelliidu registris \u00bb TERVISEUURINGUD Puusad A\/A K\u00fc\u00fcnarliigesed 0:0 Silmad puhtad (oktoober 2022) S\u00fcdameuuring puhas (ECHO Doppler oktoober 2022) olemas k\u00f5ik hambad GEENITESTID prcd-PRA puhas (vanemad puhtad) HNPK puhas (vanemad [&hellip;]<\/p>\n","protected":false},"author":1,"featured_media":0,"parent":6,"menu_order":25,"comment_status":"closed","ping_status":"closed","template":"","meta":{"ngg_post_thumbnail":0,"footnotes":""},"class_list":["post-8825","page","type-page","status-publish","hentry"],"_links":{"self":[{"href":"https:\/\/vana.mybrand.ee\/et\/wp-json\/wp\/v2\/pages\/8825","targetHints":{"allow":["GET"]}}],"collection":[{"href":"https:\/\/vana.mybrand.ee\/et\/wp-json\/wp\/v2\/pages"}],"about":[{"href":"https:\/\/vana.mybrand.ee\/et\/wp-json\/wp\/v2\/types\/page"}],"author":[{"embeddable":true,"href":"https:\/\/vana.mybrand.ee\/et\/wp-json\/wp\/v2\/users\/1"}],"replies":[{"embeddable":true,"href":"https:\/\/vana.mybrand.ee\/et\/wp-json\/wp\/v2\/comments?post=8825"}],"version-history":[{"count":0,"href":"https:\/\/vana.mybrand.ee\/et\/wp-json\/wp\/v2\/pages\/8825\/revisions"}],"up":[{"embeddable":true,"href":"https:\/\/vana.mybrand.ee\/et\/wp-json\/wp\/v2\/pages\/6"}],"wp:attachment":[{"href":"https:\/\/vana.mybrand.ee\/et\/wp-json\/wp\/v2\/media?parent=8825"}],"curies":[{"name":"wp","href":"https:\/\/api.w.org\/{rel}","templated":true}]}}