{"id":8828,"date":"2022-10-17T09:03:42","date_gmt":"2022-10-17T07:03:42","guid":{"rendered":"https:\/\/vana.mybrand.ee\/?page_id=8828"},"modified":"2022-10-17T09:03:42","modified_gmt":"2022-10-17T07:03:42","slug":"my-brand-que-linda","status":"publish","type":"page","link":"https:\/\/vana.mybrand.ee\/et\/females\/my-brand-que-linda\/","title":{"rendered":"My Brand Que Linda ~Maia~"},"content":{"rendered":"<p><img decoding=\"async\" class=\"alignnone\" src=\"https:\/\/vana.mybrand.ee\/wp-content\/gallery\/other-dogs\/coming-soon.jpg\"><\/p>\n<h2>My Brand Que Linda &#8220;Maya&#8221;<\/h2>\n<p>must emane (BBEe, kannab kollast)<br \/>\ns\u00fcnd 07.09.2021<br \/>\nKaasomanik Epp &amp; Tiit Kirss, Eesti<br \/>\n<a href=\"https:\/\/register.kennelliit.ee\/index.php?page=dogCard&amp;dogId=322605\" target=\"_blank\" rel=\"noopener noreferrer\">EKL andmebaasis \u00bb<\/a><\/p>\n<h4>TERVISEUURINGUD<\/h4>\n<ul>\n<li>puusad A\/A<\/li>\n<li>k\u00fc\u00fcnarliigesed 0:0<\/li>\n<li>silmad puhtad (oktoober 2022)<\/li>\n<li>s\u00fcda puhas (ECHO Doppler oktoober 2022)<\/li>\n<\/ul>\n<h4>GEENITESTID<\/h4>\n<ul>\n<li>Prcd-PRA Normal\/Clear by parentage<\/li>\n<li>EIC &#8230;<\/li>\n<li>HNPK Clear by parentage<\/li>\n<\/ul>\n<h4>SUGUPUU<\/h4>\n<table class=\"tree\" style=\"width: 100%; height: 274px;\" border=\"1\">\n<tbody>\n<tr style=\"height: 24px;\">\n<td class=\"tree\" style=\"width: 25%; height: 10px;\" rowspan=\"8\">EST CH Queijeiro Kloster Mex.Fci.<br \/>\nHD A\/A ED 0:0 Eyes Clear<br \/>\nEIC, HNPK, prcd-PRA, CNM, DM, long coat, CY Normal\/Clear<br \/>\n(EST)<\/td>\n<td class=\"tree\" style=\"width: 25%; height: 0px;\" rowspan=\"4\">Queijeiro Mistery Jackpot Mex.Fci<br \/>\n(MEX)<\/td>\n<td class=\"tree\" style=\"width: 25%; height: 0px;\" rowspan=\"2\">Am CH Mex GCH CH Pol CH Vegas Night Bella Mare<\/td>\n<td class=\"tree\" style=\"height: 0px;\">MBISS Am GCH CH Pol CH Dickendall Buckstone Three Dog Night<\/td>\n<\/tr>\n<tr style=\"height: 24px;\">\n<td class=\"tree\" style=\"height: 0px;\">Pl CH Sandamar Hyspire You&#8217;Re So Vain<\/td>\n<\/tr>\n<tr style=\"height: 48px;\">\n<td class=\"tree\" style=\"height: 0px;\" rowspan=\"2\">Queijeiro Rio Tinto<\/td>\n<td class=\"tree\" style=\"height: 0px;\">GCH CH Mtn Meadow Buckeye Brutus<\/td>\n<\/tr>\n<tr style=\"height: 24px;\">\n<td class=\"tree\" style=\"height: 0px;\">Queijeiro La Gatina<\/td>\n<\/tr>\n<tr style=\"height: 33px;\">\n<td class=\"tree\" style=\"height: 10px;\" rowspan=\"4\">Queijeiro Dany Mex.Fci.<br \/>\n(MEX)<\/td>\n<td class=\"tree\" style=\"height: 10px;\" rowspan=\"2\">Bomberg Anguiano Mex.Fci.<\/td>\n<td class=\"tree\" style=\"height: 0px;\">Hollyridge Lobuff Taylor Made<\/td>\n<\/tr>\n<tr style=\"height: 33px;\">\n<td class=\"tree\" style=\"height: 10px;\">Anya Stroud Anaguiani Mex.Fci<\/td>\n<\/tr>\n<tr style=\"height: 48px;\">\n<td class=\"tree\" style=\"height: 0px;\" rowspan=\"2\">Queijeiro Noella Mex.Fci.<\/td>\n<td class=\"tree\" style=\"height: 0px;\"><span lang=\"en-us\">Dickendall Noir Queijeiro<br \/>\n<\/span><\/td>\n<\/tr>\n<tr style=\"height: 96px;\">\n<td class=\"tree\" style=\"height: 0px;\">Queijeiro Black Gina Mex.Fci<\/td>\n<\/tr>\n<tr style=\"height: 48px;\">\n<td class=\"tree\" style=\"height: 264px;\" rowspan=\"8\">My Brand Star Attraction<br \/>\nHD A\/A ED 0:0 Eyes Clear<br \/>\nHNPK, prcd-PRA Normal\/Clear, EIC Carrier<br \/>\n(EST)<\/td>\n<td class=\"tree\" style=\"height: 120px;\" rowspan=\"4\">EST JCH EST JW\u201918 EST W\u201918 My Brand Sky Wizard<br \/>\nHD A\/A ED 0:0 Eyes Clear<br \/>\nEIC, HNPK, prcd-PRA Normal\/Clear<br \/>\n(EST)<\/td>\n<td class=\"tree\" style=\"height: 72px;\" rowspan=\"2\">World Winner\u201916 EUR Winner\u201916 CIB CIE RUS JCH RUS FIN LTU KZS RKF CH<br \/>\nWest Sib Story Idaho<\/td>\n<td class=\"tree\" style=\"height: 48px;\">Larkspur Lynx<\/td>\n<\/tr>\n<tr style=\"height: 24px;\">\n<td class=\"tree\" style=\"height: 24px;\">INT RUS USB KAZ GR RKF CH Lab\u2019Spb Alabama Girl<\/td>\n<\/tr>\n<tr style=\"height: 24px;\">\n<td class=\"tree\" style=\"height: 48px;\" rowspan=\"2\">Arctic Sky Aquarelle<\/td>\n<td class=\"tree\" style=\"height: 24px;\">POL CH JCH LUX JCH JCW\u201911 Arthus Sarracenia Majestic Chameleon<\/td>\n<\/tr>\n<tr style=\"height: 24px;\">\n<td class=\"tree\" style=\"height: 24px;\">POL EST LTU CH My Brand Ebony At Aquarelle<\/td>\n<\/tr>\n<tr style=\"height: 48px;\">\n<td class=\"tree\" style=\"height: 144px;\" rowspan=\"4\">My Brand First Class Five Star<br \/>\nHD A\/A ED 0:0 Eyes Clear<br \/>\nHNPK, prcd-PRA Normal\/Clear, EIC Carrier<br \/>\n(EST)<\/td>\n<td class=\"tree\" style=\"height: 72px;\" rowspan=\"2\">MEX EST CH Tabatha\u2019s Caffu Queijeiro<\/td>\n<td class=\"tree\" style=\"height: 48px;\">MEX CH Dickendall Bucky<\/td>\n<\/tr>\n<tr style=\"height: 24px;\">\n<td class=\"tree\" style=\"height: 24px;\">AM CH Tabatha\u2019s Gala WC<\/td>\n<\/tr>\n<tr style=\"height: 24px;\">\n<td class=\"tree\" style=\"height: 72px;\" rowspan=\"2\">Tweedledum Baila Baila<\/td>\n<td class=\"tree\" style=\"height: 24px;\">FIN CH Devonshires London Edition<\/td>\n<\/tr>\n<tr style=\"height: 48px;\">\n<td class=\"tree\" style=\"height: 48px;\">Tweedledum Give N Take<\/td>\n<\/tr>\n<\/tbody>\n<\/table>\n<h4>&nbsp;GALERII<\/h4>\n<p>ngg_shortcode_1_placeholder<\/p>","protected":false},"excerpt":{"rendered":"<p>My Brand Que Linda &#8220;Maya&#8221; must emane (BBEe, kannab kollast) s\u00fcnd 07.09.2021 Kaasomanik Epp &amp; Tiit Kirss, Eesti EKL andmebaasis \u00bb TERVISEUURINGUD puusad A\/A k\u00fc\u00fcnarliigesed 0:0 silmad puhtad (oktoober 2022) s\u00fcda puhas (ECHO Doppler oktoober 2022) GEENITESTID Prcd-PRA Normal\/Clear by parentage EIC &#8230; HNPK Clear by parentage SUGUPUU EST CH Queijeiro Kloster Mex.Fci. HD A\/A [&hellip;]<\/p>\n","protected":false},"author":1,"featured_media":0,"parent":39,"menu_order":35,"comment_status":"closed","ping_status":"closed","template":"","meta":{"ngg_post_thumbnail":0,"footnotes":""},"class_list":["post-8828","page","type-page","status-publish","hentry"],"_links":{"self":[{"href":"https:\/\/vana.mybrand.ee\/et\/wp-json\/wp\/v2\/pages\/8828","targetHints":{"allow":["GET"]}}],"collection":[{"href":"https:\/\/vana.mybrand.ee\/et\/wp-json\/wp\/v2\/pages"}],"about":[{"href":"https:\/\/vana.mybrand.ee\/et\/wp-json\/wp\/v2\/types\/page"}],"author":[{"embeddable":true,"href":"https:\/\/vana.mybrand.ee\/et\/wp-json\/wp\/v2\/users\/1"}],"replies":[{"embeddable":true,"href":"https:\/\/vana.mybrand.ee\/et\/wp-json\/wp\/v2\/comments?post=8828"}],"version-history":[{"count":0,"href":"https:\/\/vana.mybrand.ee\/et\/wp-json\/wp\/v2\/pages\/8828\/revisions"}],"up":[{"embeddable":true,"href":"https:\/\/vana.mybrand.ee\/et\/wp-json\/wp\/v2\/pages\/39"}],"wp:attachment":[{"href":"https:\/\/vana.mybrand.ee\/et\/wp-json\/wp\/v2\/media?parent=8828"}],"curies":[{"name":"wp","href":"https:\/\/api.w.org\/{rel}","templated":true}]}}