{"id":8842,"date":"2022-10-25T15:16:43","date_gmt":"2022-10-25T13:16:43","guid":{"rendered":"https:\/\/vana.mybrand.ee\/?page_id=8842"},"modified":"2025-05-24T11:29:30","modified_gmt":"2025-05-24T09:29:30","slug":"royal-brown-miss-canada","status":"publish","type":"page","link":"https:\/\/vana.mybrand.ee\/et\/females\/royal-brown-miss-canada\/","title":{"rendered":"Royal Brown Miss Canada ~Ella~"},"content":{"rendered":"<p><div style=\"width: 1810px\" class=\"wp-caption alignnone\"><img loading=\"lazy\" decoding=\"async\" src=\"https:\/\/vana.mybrand.ee\/wp-content\/gallery\/royal-brown-miss-canada\/20250422-IMG_9941.jpg\" alt=\"\" width=\"1800\" height=\"1200\"><p class=\"wp-caption-text\">Royal Brown Miss Canada &#8220;Ella&#8221; at the age of 2,5 years. Photo My Brand Labradors<\/p><\/div><\/p>\n<h3>Royal Brown Miss Canada &#8220;Ella&#8221;<\/h3>\n<p>pruun emane (bbEEDD, ei kanna kollast ega dilute)<br \/>\ns\u00fcnd 06.08.2022<br \/>\nKasvataja Britta Puusepp, kennel Royal Brown, Eesti<br \/>\nKaasomanik T\u00f5nis Rihvk, Eesti<br \/>\n<a href=\"https:\/\/register.kennelliit.ee\/index.php?page=dogCard&amp;dogId=341163\" target=\"_blank\" rel=\"noopener\">Eesti Kennelliidu andmebaas \u00bb<\/a><\/p>\n<h4>TERVISEUURINGUD<\/h4>\n<ul>\n<li>puusad A\/B<\/li>\n<li>k\u00fc\u00fcnarliigesed 0:0<\/li>\n<li>silmad puhtad (nov&#8217;23)<\/li>\n<li>s\u00fcda ECHO Doppler 0 (puhas, nov&#8217;23)<\/li>\n<li>korrektne hambumus, olemas k\u00f5ik hambad<\/li>\n<\/ul>\n<h4>GEENITESTID<\/h4>\n<ul>\n<li>prcd-PRA kandja<\/li>\n<li>EIC Normal\/Clear<\/li>\n<li>HNPK Normal\/Clear<\/li>\n<li>ei kanna pikakarvasuse ega kiharakarvasuse geeni<\/li>\n<li><a href=\"https:\/\/www.wisdompanel.com\/app\/s\/21z0gn3\" target=\"_blank\" rel=\"noopener\">T\u00e4ielikud tulemused Wisdom Panel<\/a><\/li>\n<\/ul>\n<h4>SUGUPUU<\/h4>\n<table class=\"tree\" border=\"1\">\n<tbody>\n<tr>\n<td class=\"tree\" style=\"width: 25%;\" rowspan=\"8\">CAN CH Chablais Eugene<br \/>\nHD OFA Excellent ED OFA Normal<br \/>\nEyes &amp; Heart ECHO Clear<br \/>\nEIC, HNPK, prcd-PRA, dilute Clear<br \/>\n(CAN)<\/td>\n<td class=\"tree\" style=\"width: 25%;\" rowspan=\"4\">Chablais Fredo<br \/>\nOFA prelims hips good and elbows normal, Eyes Clear (AVCO)<br \/>\nEIC carrier, PRA clear by parentage<br \/>\n(CAN)<\/td>\n<td class=\"tree\" style=\"width: 25%;\" rowspan=\"2\">Multi BISS AM GCH Shalimar&#8217;s The Animator<\/td>\n<td class=\"tree\" style=\"width: 25%;\">AM CH Nipntuck Hyspire Unforgetable<\/td>\n<\/tr>\n<tr>\n<td class=\"tree\">Shalimar Hyspire Biding My Time<\/td>\n<\/tr>\n<tr>\n<td class=\"tree\" rowspan=\"2\">Multi BISS AM GCH CAN GCH Chablais Chouchou WC<\/td>\n<td class=\"tree\">BISS AM CH CAN CH Chablais Brookhill&#8217;s Joss<\/td>\n<\/tr>\n<tr>\n<td class=\"tree\">Chablais Babychou<\/td>\n<\/tr>\n<tr>\n<td class=\"tree\" rowspan=\"4\">Chablais Josephine<br \/>\nOFA hips excellent, elbows normal, ACVO Eyes normal, PRA clear by parentage, EIC clear &amp; CNM clear by parentage<br \/>\n(CAN)<\/td>\n<td class=\"tree\" rowspan=\"2\">AM CAN CH Chablais Ca\u00efd<\/td>\n<td class=\"tree\">BISS AM CAN CH Chablais Brookhill Joss<\/td>\n<\/tr>\n<tr>\n<td class=\"tree\">CAN CH Chablais S\u00e9r\u00e9na<\/td>\n<\/tr>\n<tr>\n<td class=\"tree\" rowspan=\"2\">CAN CH Chablais Babybel<\/td>\n<td class=\"tree\">Multi BISS AM CH Big Sky Stone Kutter<\/td>\n<\/tr>\n<tr>\n<td class=\"tree\">AM CAN CH Chablais Delorme Ziggy<\/td>\n<\/tr>\n<tr>\n<td class=\"tree\" rowspan=\"8\">Tequilla Bella Mare<br \/>\nHD A\/A ED 0:0 Eyes Clear<br \/>\nEIC HNPK Normal\/Clear prcd-PRA Carrier<br \/>\n(POL)<\/td>\n<td class=\"tree\" rowspan=\"4\">MBISS CH Glacieridge Tabatha&#8217;s Granite<br \/>\nOFA Hips Excellent OFA Elbows Normal<br \/>\nOFA Heart Echo Clear Eyes Clear<br \/>\nPRA Normal\/Clear, EIC Clear, HNPK Clear, Long Coat Clear<br \/>\n(USA)<\/td>\n<td class=\"tree\" rowspan=\"2\">AM CH Tabatha&#8217;s Sunfest Donnybrook<\/td>\n<td class=\"tree\">Multi BISS AM CH Big Sky Stone Kutter<\/td>\n<\/tr>\n<tr>\n<td class=\"tree\">AM GCH Tabatha&#8217;s Pester<\/td>\n<\/tr>\n<tr>\n<td class=\"tree\" rowspan=\"2\">AM GCH Tabatha&#8217;s Galore<\/td>\n<td class=\"tree\">MEX CH Dickendall Bucky<\/td>\n<\/tr>\n<tr>\n<td class=\"tree\">AM CH Tabatha\u2019s Gala WC<\/td>\n<\/tr>\n<tr>\n<td class=\"tree\" rowspan=\"4\">POL CH JCH Empress Selena At Bella Mare<br \/>\nHD A\/A ED 0:0<br \/>\nEIC Clear HNPK Clear<br \/>\n(USA)<\/td>\n<td class=\"tree\" rowspan=\"2\">Fort Knox Of Brodie Clann<\/td>\n<td class=\"tree\">Multi BISS CH Chablais Marcello<\/td>\n<\/tr>\n<tr>\n<td class=\"tree\">Broadway des Terres Sacr\u00e9es<\/td>\n<\/tr>\n<tr>\n<td class=\"tree\" rowspan=\"2\">Empress Clarissa Hutchinson<\/td>\n<td class=\"tree\">MBISS AM CH Empress Clean Slate JH<\/td>\n<\/tr>\n<tr>\n<td class=\"tree\">Queijeiro Chagga<\/td>\n<\/tr>\n<\/tbody>\n<\/table>\n<p><img loading=\"lazy\" decoding=\"async\" class=\"alignnone\" src=\"https:\/\/vana.mybrand.ee\/wp-content\/gallery\/royal-brown-miss-canada\/20250422-IMG_0145.jpg\" alt=\"Royal Brown Miss Canada\" width=\"1800\" height=\"1200\"><\/p>\n<h4 class=\"wpview-selection-before\">GALERII<\/h4>\n<p>ngg_shortcode_1_placeholder<\/p>","protected":false},"excerpt":{"rendered":"<p>Royal Brown Miss Canada &#8220;Ella&#8221; pruun emane (bbEEDD, ei kanna kollast ega dilute) s\u00fcnd 06.08.2022 Kasvataja Britta Puusepp, kennel Royal Brown, Eesti Kaasomanik T\u00f5nis Rihvk, Eesti Eesti Kennelliidu andmebaas \u00bb TERVISEUURINGUD puusad A\/B k\u00fc\u00fcnarliigesed 0:0 silmad puhtad (nov&#8217;23) s\u00fcda ECHO Doppler 0 (puhas, nov&#8217;23) korrektne hambumus, olemas k\u00f5ik hambad GEENITESTID prcd-PRA kandja EIC Normal\/Clear HNPK [&hellip;]<\/p>\n","protected":false},"author":1,"featured_media":0,"parent":39,"menu_order":19,"comment_status":"closed","ping_status":"closed","template":"","meta":{"ngg_post_thumbnail":0,"footnotes":""},"class_list":["post-8842","page","type-page","status-publish","hentry"],"_links":{"self":[{"href":"https:\/\/vana.mybrand.ee\/et\/wp-json\/wp\/v2\/pages\/8842","targetHints":{"allow":["GET"]}}],"collection":[{"href":"https:\/\/vana.mybrand.ee\/et\/wp-json\/wp\/v2\/pages"}],"about":[{"href":"https:\/\/vana.mybrand.ee\/et\/wp-json\/wp\/v2\/types\/page"}],"author":[{"embeddable":true,"href":"https:\/\/vana.mybrand.ee\/et\/wp-json\/wp\/v2\/users\/1"}],"replies":[{"embeddable":true,"href":"https:\/\/vana.mybrand.ee\/et\/wp-json\/wp\/v2\/comments?post=8842"}],"version-history":[{"count":0,"href":"https:\/\/vana.mybrand.ee\/et\/wp-json\/wp\/v2\/pages\/8842\/revisions"}],"up":[{"embeddable":true,"href":"https:\/\/vana.mybrand.ee\/et\/wp-json\/wp\/v2\/pages\/39"}],"wp:attachment":[{"href":"https:\/\/vana.mybrand.ee\/et\/wp-json\/wp\/v2\/media?parent=8842"}],"curies":[{"name":"wp","href":"https:\/\/api.w.org\/{rel}","templated":true}]}}