{"id":8899,"date":"2022-10-28T10:02:21","date_gmt":"2022-10-28T08:02:21","guid":{"rendered":"https:\/\/vana.mybrand.ee\/?page_id=8899"},"modified":"2023-01-09T23:33:14","modified_gmt":"2023-01-09T21:33:14","slug":"my-brand-perfect-harmony","status":"publish","type":"page","link":"https:\/\/vana.mybrand.ee\/et\/noored-ja-lubavad\/my-brand-perfect-harmony\/","title":{"rendered":"My Brand Perfect Harmony"},"content":{"rendered":"<p><div style=\"width: 1410px\" class=\"wp-caption alignnone\"><img loading=\"lazy\" decoding=\"async\" src=\"https:\/\/vana.mybrand.ee\/wp-content\/gallery\/my-brand-perfect-harmony\/web-MB-Perfect-Harmony.jpg\" alt=\"\" width=\"1400\" height=\"933\"><p class=\"wp-caption-text\">* fotol 6-n\u00e4dalane. Foto My Brand Labradors<\/p><\/div><\/p>\n<h2>My Brand Perfect Harmony &#8220;Sandy&#8221;<\/h2>\n<p>kollane emane (BBee, ei kanna pruuni)<br \/>\ns\u00fcnd 23.08.2022<br \/>\nKaasomanik Jane M\u00fcller, Eesti<\/p>\n<p><a href=\"https:\/\/register.kennelliit.ee\/index.php?page=dogCard&amp;dogId=341445\" target=\"_blank\" rel=\"noopener noreferrer\">Eesti Kennelliidu andmebaas \u00bb<\/a><\/p>\n<h4>TERVISEUURINGUD<\/h4>\n<ul>\n<li>puusad &#8212;<\/li>\n<li>k\u00fc\u00fcnarliigesed &#8212;<\/li>\n<li>silmad &#8212;<\/li>\n<li>s\u00fcda &#8212;<\/li>\n<\/ul>\n<h4>GEENITESTID<\/h4>\n<ul>\n<li>Prcd-PRA Normal\/Clear by Parentage<\/li>\n<li>EIC &#8212;<\/li>\n<li>HNPK &#8212;<\/li>\n<\/ul>\n<h4>SUGUPUU<\/h4>\n<table class=\"tree\" style=\"width: 100%; height: 274px;\" border=\"1\">\n<tbody>\n<tr style=\"height: 24px;\">\n<td class=\"tree\" style=\"width: 25%; height: 10px;\" rowspan=\"8\">Astonishing Aquarelle<br \/>\nHD A\/A ED 0:0 Eyes Clear, Heart ECHO Doppler Clear<br \/>\nprcd-PRA Normal\/Clear HNPK EIC Carrier<br \/>\nlong coat clear, curly coat clear<br \/>\n(POL)<\/td>\n<td class=\"tree\" style=\"width: 25%; height: 0px;\" rowspan=\"4\">C.I.B C.I.E HRV FRA ITA SMR CHE CH FRA WCH Charm Bluveil Mr. Darcy<\/td>\n<td class=\"tree\" style=\"width: 25%; height: 0px;\" rowspan=\"2\"><span dir=\"ltr\" role=\"presentation\">AM CH Langshott Gale Force from Kimvalley<\/span>&nbsp;CD<\/td>\n<td class=\"tree\" style=\"height: 0px;\">ENG CH Sandylands Gad-About<\/td>\n<\/tr>\n<tr style=\"height: 24px;\">\n<td class=\"tree\" style=\"height: 0px;\">Kimvalley Follow On To Langshott<\/td>\n<\/tr>\n<tr style=\"height: 48px;\">\n<td class=\"tree\" style=\"height: 0px;\" rowspan=\"2\">AM CH Charm\u2019s Dancing To The Music<\/td>\n<td class=\"tree\" style=\"height: 0px;\">Bluveil Balanchine<\/td>\n<\/tr>\n<tr style=\"height: 24px;\">\n<td class=\"tree\" style=\"height: 0px;\">AM CH Hitman&#8217;S Charm N Ginger Bear<\/td>\n<\/tr>\n<tr style=\"height: 33px;\">\n<td class=\"tree\" style=\"height: 10px;\" rowspan=\"4\">POL CH Margherita Aquarelle<\/td>\n<td class=\"tree\" style=\"height: 10px;\" rowspan=\"2\">Carpe Diem Ingver<\/td>\n<td class=\"tree\" style=\"height: 0px;\">C.I.B. FIN EST CH FIN W\u201906 LTU W\u201908 Follies Mon Oncle<\/td>\n<\/tr>\n<tr style=\"height: 33px;\">\n<td class=\"tree\" style=\"height: 10px;\">Musta Ingver<\/td>\n<\/tr>\n<tr style=\"height: 48px;\">\n<td class=\"tree\" style=\"height: 0px;\" rowspan=\"2\">C.I.B. C.I.E. POL EST CH Parma Molto Bene<\/td>\n<td class=\"tree\" style=\"height: 0px;\"><span lang=\"en-us\">RUS LV CH RUS JCH BY CH Tweedledum Against All Odds<\/span><\/td>\n<\/tr>\n<tr style=\"height: 96px;\">\n<td class=\"tree\" style=\"height: 0px;\">POL CH Zarina Ekado<\/td>\n<\/tr>\n<tr style=\"height: 48px;\">\n<td class=\"tree\" style=\"height: 264px;\" rowspan=\"8\">Perfect Sweet Dream Midnight Blue<br \/>\nHD A\/A ED 0:0 Eyes Clear<br \/>\nprcd-PRA HNPK EIC Normal\/Clear by Parentage<br \/>\n(EST)<\/td>\n<td class=\"tree\" style=\"height: 120px;\" rowspan=\"4\">EST JCH EST JW\u201918 EST W\u201918<br \/>\nMy Brand Sky Wizard<\/td>\n<td class=\"tree\" style=\"height: 72px;\" rowspan=\"2\">World Winner\u201916 European Winner\u201916 European Winner\u201917 CIB CIE RUS JCH RUS FIN LTU KZS RKF CH West Sib Story Aidaho<\/td>\n<td class=\"tree\" style=\"height: 48px;\">Larkspur Lynx<\/td>\n<\/tr>\n<tr style=\"height: 24px;\">\n<td class=\"tree\" style=\"height: 24px;\">INT RUS USB KAZ GR RKF CH Lab\u2019Spb Alabama Girl<\/td>\n<\/tr>\n<tr style=\"height: 24px;\">\n<td class=\"tree\" style=\"height: 48px;\" rowspan=\"2\">Arctic Sky Aquarelle<\/td>\n<td class=\"tree\" style=\"height: 24px;\">POL CH JCH LUX JCH JCW\u201911 Arthus Sarracenia Majestic Chameleon<\/td>\n<\/tr>\n<tr style=\"height: 24px;\">\n<td class=\"tree\" style=\"height: 24px;\">POL EST LTU CH My Brand Ebony At Aquarelle<\/td>\n<\/tr>\n<tr style=\"height: 48px;\">\n<td class=\"tree\" style=\"height: 144px;\" rowspan=\"4\">EST JCH Perfect Sweet Dream Rapunzel<\/td>\n<td class=\"tree\" style=\"height: 72px;\" rowspan=\"2\">EST JCH LVA JW14 OgreW15 LTU LTU BALT JCH Lonely Without You Teczowy Gaj<\/td>\n<td class=\"tree\" style=\"height: 48px;\">CH Kimleigh New Moon Rising<\/td>\n<\/tr>\n<tr style=\"height: 24px;\">\n<td class=\"tree\" style=\"height: 24px;\">CH Mirana Teczowy Gaj<\/td>\n<\/tr>\n<tr style=\"height: 24px;\">\n<td class=\"tree\" style=\"height: 72px;\" rowspan=\"2\">EST JCH Perfect Sweet Dream N Makes RulesB<\/td>\n<td class=\"tree\" style=\"height: 24px;\">FR NDL SW LUX VDH INT EST RUS LV RKF BUNDESSIEGER\u201906 Jahrhundertsieger\u201906 Amsterdam Winner\u201906 Aston de l\u2019Etang Balancet<\/td>\n<\/tr>\n<tr style=\"height: 48px;\">\n<td class=\"tree\" style=\"height: 48px;\">EST J CH EST CH C.I.B C.I.E EurVetW18 POL Vet CH FIN CH LTU JCH CH Vet CH LVA CH LVA JCH EST Vet CH BALT CH BALT J CH Perfect Sweet Dream Break Every Rule<\/td>\n<\/tr>\n<\/tbody>\n<\/table>\n<h4>&nbsp;GALERII<\/h4>\n<p>ngg_shortcode_1_placeholder<\/p>","protected":false},"excerpt":{"rendered":"<p>My Brand Perfect Harmony &#8220;Sandy&#8221; kollane emane (BBee, ei kanna pruuni) s\u00fcnd 23.08.2022 Kaasomanik Jane M\u00fcller, Eesti Eesti Kennelliidu andmebaas \u00bb TERVISEUURINGUD puusad &#8212; k\u00fc\u00fcnarliigesed &#8212; silmad &#8212; s\u00fcda &#8212; GEENITESTID Prcd-PRA Normal\/Clear by Parentage EIC &#8212; HNPK &#8212; SUGUPUU Astonishing Aquarelle HD A\/A ED 0:0 Eyes Clear, Heart ECHO Doppler Clear prcd-PRA Normal\/Clear HNPK [&hellip;]<\/p>\n","protected":false},"author":1,"featured_media":0,"parent":783,"menu_order":27,"comment_status":"closed","ping_status":"closed","template":"","meta":{"ngg_post_thumbnail":0,"footnotes":""},"class_list":["post-8899","page","type-page","status-publish","hentry"],"_links":{"self":[{"href":"https:\/\/vana.mybrand.ee\/et\/wp-json\/wp\/v2\/pages\/8899","targetHints":{"allow":["GET"]}}],"collection":[{"href":"https:\/\/vana.mybrand.ee\/et\/wp-json\/wp\/v2\/pages"}],"about":[{"href":"https:\/\/vana.mybrand.ee\/et\/wp-json\/wp\/v2\/types\/page"}],"author":[{"embeddable":true,"href":"https:\/\/vana.mybrand.ee\/et\/wp-json\/wp\/v2\/users\/1"}],"replies":[{"embeddable":true,"href":"https:\/\/vana.mybrand.ee\/et\/wp-json\/wp\/v2\/comments?post=8899"}],"version-history":[{"count":0,"href":"https:\/\/vana.mybrand.ee\/et\/wp-json\/wp\/v2\/pages\/8899\/revisions"}],"up":[{"embeddable":true,"href":"https:\/\/vana.mybrand.ee\/et\/wp-json\/wp\/v2\/pages\/783"}],"wp:attachment":[{"href":"https:\/\/vana.mybrand.ee\/et\/wp-json\/wp\/v2\/media?parent=8899"}],"curies":[{"name":"wp","href":"https:\/\/api.w.org\/{rel}","templated":true}]}}