{"id":892,"date":"2011-02-16T18:07:26","date_gmt":"2011-02-16T16:07:26","guid":{"rendered":"https:\/\/vana.mybrand.ee"},"modified":"2011-08-11T10:12:49","modified_gmt":"2011-08-11T08:12:49","slug":"meie-kodukant","status":"publish","type":"page","link":"https:\/\/vana.mybrand.ee\/et\/about-us\/meie-kodukant\/","title":{"rendered":"Meie kodukant"},"content":{"rendered":"<p><\/p>\n<p><br class=\"spacer_\" \/><\/p>\n<p><img decoding=\"async\" class=\"ngg-singlepic ngg-none\" src=\"https:\/\/vana.mybrand.ee\/\/wp-content\/gallery\/photos\/map_europe.gif\" alt=\"map_europe\" \/><\/p>\n<p>Minu meelest on meil kliimaga v\u00e4ga vedanud, sest mitte k\u00f5ik ei saa hoobelda nelja \u00fcksteisest nii erineva aastaajaga. Suved v\u00f5ivad meil olla t\u00f5eliselt kuumad ja talved pakasest pr\u00f5ksuvad ja kevad ja s\u00fcgis on alati kaunid. Meil on k\u00f5ik olemas &#8211; rannahooaeg, valged j\u00f5ulud, \u00f5itsev kevad ja kuldne s\u00fcgis\u00a0 \ud83d\ude42<\/p>\n<p><img decoding=\"async\" class=\"ngg-singlepic ngg-none\" src=\"https:\/\/vana.mybrand.ee\/\/wp-content\/gallery\/photos\/11012010100.jpg\" alt=\"Winter in Estonia\" \/><\/p>\n<p>Me elame Suurupis, v\u00e4ikeses k\u00fclas Harku vallas. Juuni 2010 seisuga oli registreeritud elanikke meie k\u00fclas 756.<\/p>\n<p>Koht ise on k\u00fcll v\u00e4ike, aga pakub kauneid looduslikke paiku ja ajalooh\u00f5ngu. Esimene, mis kohe meelde tuleb, on Suurupi pank, koht, kus n\u00e4eb peaaegu iga p\u00e4ev piknikulisi romantilist \u00f5htut veetmas v\u00f5i fotograafe p\u00e4ikeseloojangut j\u00e4\u00e4dvustamas.<\/p>\n<p><img decoding=\"async\" class=\"ngg-singlepic ngg-none\" src=\"https:\/\/vana.mybrand.ee\/\/wp-content\/gallery\/photos\/suurupi.jpg\" alt=\"suurupi\" \/><\/p>\n<p>Suurupi tuletornid on samuti unikaalsed. Vanem neist, Suurupi \u00fclemine tuletorn, ehitati 1760. Tuletorn on 22 meetrit k\u00f5rge, kuna see asub aga paekaldal, on tuli merepinnast 66 meetri k\u00f5rgusel ja n\u00e4htav 18 miili kaugusele.<br \/>\n Suurupi alumine tuletorn on praegu Eesti ainuke t\u00f6\u00f6tav puittuletorn, mis ehitati 1859.\u00a0 Tuletorni k\u00f5rguseks on 15 meetrit, tuli paikneb merepinnast 18 meetri k\u00f5rgusel ja on 11 miili kaugusele merele n\u00e4ha.<\/p>\n<p><img decoding=\"async\" class=\"ngg-singlepic ngg-none\" src=\"https:\/\/vana.mybrand.ee\/\/wp-content\/gallery\/photos\/suurupi_lighthouse.jpg\" alt=\"suurupi_lighthouse\" \/><\/p>\n<p>Harku vallas asuvad ka mitmed Peeter Suure ajaloolised merekindluse ehitised, mille ehitamise aeg j\u00e4\u00e4b aastate 1912 ja 1918 vahele. M\u00f5ned neist on pandud 1997 muinsuskaitse alla.<\/p>\n<p><img loading=\"lazy\" decoding=\"async\" class=\"ngg-singlepic ngg-none alignnone\" src=\"https:\/\/vana.mybrand.ee\/\/wp-content\/gallery\/photos\/suurupi_military-tower2.jpg\" alt=\"suurupi_military-tower2\" width=\"360\" height=\"480\" \/><\/p>\n<p>Nendes kolamine on \u00fchtaegu p\u00f5nev ja hirmutav \ud83d\ude42<\/p>\n<p>~~~~~~~~~~~~<\/p>\n<p>Me l\u00e4bime neid kohti oma jalutusk\u00e4ikudel ja rattas\u00f5itudel ning tavaliselt on alati koerad meiega kaasas. Ma usun igap\u00e4evaste jalutusk\u00e4ikude suurep\u00e4rasesse m\u00f5jusse koera iseloomu ja f\u00fc\u00fcsilise vormi heas korras hoidmiseks. Suurep\u00e4rane f\u00fc\u00fcsiline vorm on h\u00e4davajalik koertele, kes saavad kutsikaid ning seos kehva lihasvormi ja keisril\u00f5igete vahel on tugev.<\/p>\n<p>Meie jalutusk\u00e4igu pikkus k\u00f5igub 4 kuni 12 km vahel ja enamike mu t\u00e4iskasvanud koertest on selle distantsiga harjunud. Rattas\u00f5idu ajal on nad 100% rihma otsas nende ja minu enda ohutuse p\u00e4rast, aga iga natukese aja tagant saavad nad metsas vabalt ringi joosta. Suur osa jalutusk\u00e4igust v\u00f5i rattas\u00f5idust toimub asfaldil, aga koerad on sellega harjunud ja nende k\u00e4papadjad on tugevad.<\/p>\n<p><img decoding=\"async\" class=\"ngg-singlepic ngg-none\" src=\"https:\/\/vana.mybrand.ee\/\/wp-content\/gallery\/photos\/110.jpg\" alt=\"110\" \/><\/p>\n<p>Ujumaaa! Suurep\u00e4rane viis hoida liigesed, lihased ja karv korras. Kuna me elame merele nii l\u00e4hedal, siis loomulikult lubame koertel ujuda nii tihti kui v\u00f5imalik. Meie majast mereni on 10 minutiline jalutusk\u00e4ik ja meie koerad k\u00e4ivad ujumas aasta l\u00e4bi, v\u00e4lja arvatud siis, kui meri on j\u00e4\u00e4s. V\u00f5ib tunduda hirmus vaadata, kuidas koerad -5 C temperatuuri juures j\u00e4\u00e4t\u00fckkide vahele merre tormavad ja m\u00f5ni minut hiljem sealt v\u00e4lja jooksmas, karvatutid seljas hetkega j\u00e4\u00e4tumas. Aga tegelikult on see koertele suur nauding, nad l\u00e4hevad vette vabatahtlikult, on harjunud ja pole kunagi k\u00fclma saanud. Vastupidi, talisupluse tulemusena kasvatavad nad v\u00e4ga tugeva ja tiheda karva, mis ei lase k\u00fclma vett nahale ligi. See on \u00fcsna loogiline, kui m\u00f5elda, mis oli labradoride eelk\u00e4ijate, St Johni koerte t\u00f6\u00f6\u00fclesanne &#8211; nad sukeldusid j\u00e4isesse vette, et aidata kalav\u00f5rke v\u00e4lja t\u00f5mmata ja p\u00fc\u00fcda kinni kalu, kes p\u00f5genesid v\u00f5rgust.<\/p>\n<p><img decoding=\"async\" class=\"ngg-singlepic ngg-none\" src=\"https:\/\/vana.mybrand.ee\/\/wp-content\/gallery\/mallorns-elysee\/eliza-kaikaga.jpg\" alt=\"eliza-kaikaga\" \/><\/p>\n<p>Meie elukoha \u00fcmber on palju metsa, nii et me ei kurda selle \u00fcle, et pole kohta, kus koeri t\u00f5ukatseks harjutada \ud83d\ude42 Piisavalt leidub igasugust maastikku, h\u00f5redat metsaalust algajate jaoks, tihedamat metsa kogenud jahikoerte jaoks. K\u00f5ik need kohad on v\u00e4ikese jalutusk\u00e4igu kaugusel meie juurest ja h\u00f5redalt asustatud. Kohad on samuti suurep\u00e4rased kutsikate kokkutulekute jaoks.<\/p>\n<p><img decoding=\"async\" class=\"ngg-singlepic ngg-none\" src=\"https:\/\/vana.mybrand.ee\/\/wp-content\/gallery\/photos\/puppy-party-2011.jpg\" alt=\"My Brand Puppy Party 2011\" \/><\/p>\n<p>Metsad on loomulikult t\u00e4is teistsuguseid loomi, nii et kohtame tihti hirvi, rebaseid, j\u00e4neseid ja vahel isegi p\u00f5tru. Ausalt \u00f6eldes ei ole selleks vaja kodunt v\u00e4lja minna, sest nad tulevad ise meie aeda. Selle pildi tegime sel ajal, kui meil ei olnund veel maja \u00fcmber aeda ja see ilus hirveke k\u00e4is meie p\u00f5\u00f5said s\u00f6\u00f6mas!<\/p>\n<p><img decoding=\"async\" class=\"ngg-singlepic ngg-none\" src=\"https:\/\/vana.mybrand.ee\/\/wp-content\/gallery\/photos\/deer.jpg\" alt=\"deer\" \/><\/p>\n<p>Kevadel kogunevad meie lahel linnud ja neid on seal palju, kajakatest luikedeni. Luiged on lihtsalt imeilusad!<\/p>\n<p>HAA! Ma leidsin \u00fcles lubatud pildi, millel Nimbus (Mallorn\u2019s Chocomania) ujub koos 30 luigega. Tegelikult oli neid kohe mitu.<\/p>\n<p><img decoding=\"async\" class=\"ngg-singlepic ngg-none\" src=\"https:\/\/vana.mybrand.ee\/\/wp-content\/gallery\/photos\/pb030321.jpg\" alt=\"OLYMPUS DIGITAL CAMERA\" \/><\/p>\n<p><img decoding=\"async\" class=\"ngg-singlepic ngg-none\" src=\"https:\/\/vana.mybrand.ee\/\/wp-content\/gallery\/photos\/pb030290.jpg\" alt=\"OLYMPUS DIGITAL CAMERA\" \/><\/p>\n<p>\u00d5nneks saavad luiged meie koertega v\u00e4ga h\u00e4sti l\u00e4bi! Kartsin alguses, et l\u00e4heb maadejagamiseks, luiged v\u00f5ivad v\u00e4ga agressiivsed olla sissetungijate suhtes ja koerad ei ole enemasti eriti peenetundelised. Aga tuli v\u00e4lja, et koeri luiged eriti ei huvita ja luikedele omakorda meeldib nende tegemist j\u00e4lgida, nii et k\u00f5ik laabus h\u00e4sti \ud83d\ude42<\/p>\n<p><img loading=\"lazy\" decoding=\"async\" class=\"ngg-singlepic ngg-none alignnone\" src=\"https:\/\/vana.mybrand.ee\/\/wp-content\/gallery\/photos\/andre-kutsikaga.jpg\" alt=\"andre-kutsikaga\" width=\"360\" height=\"480\" \/><\/p>\n<p>Meie k\u00fclas on v\u00e4ga palju v\u00e4ikesi lapsi ja see on veel \u00fcks asi, mille \u00fcle olen \u00f5nnelik. Mitte ainult sellep\u00e4rast, et mu lastel on k\u00fcmneid s\u00f5pru, vaid ka sellep\u00e4rast, et lastele meeldib meie hoovis k\u00e4ia koerte ja kutsikatega m\u00e4ngimas. Nad v\u00f5tavad vahel meie koerad k\u00fcla peale jalutama, viivad neid m\u00e4nguv\u00e4ljakutele, aitavad kutsikaid s\u00f6\u00f6ta jne. Nii et v\u00e4hese sotsialiseerimise \u00fcle mu kutsikad kurta ei saa \ud83d\ude42<\/p>\n<p><img decoding=\"async\" class=\"ngg-singlepic ngg-none\" src=\"https:\/\/vana.mybrand.ee\/\/wp-content\/gallery\/photos\/our-sea.jpg\" alt=\"our sea\" \/><\/p>\n<p>Ait\u00e4h, et lugesid! Tulevikus ilmub siia ehk veel pilte ja jutukesi.<\/p>\n<p>Maarit.<\/p>\n<p><br class=\"spacer_\" \/><\/p>\n<p>httpv:\/\/www.youtube.com\/watch?v=fj9BRdHhk2I<\/p>\n<p><br class=\"spacer_\" \/><\/p>\n<p><\/p>","protected":false},"excerpt":{"rendered":"<p>Minu meelest on meil kliimaga v\u00e4ga vedanud, sest mitte k\u00f5ik ei saa hoobelda nelja \u00fcksteisest nii erineva aastaajaga. Suved v\u00f5ivad meil olla t\u00f5eliselt kuumad ja talved pakasest pr\u00f5ksuvad ja kevad ja s\u00fcgis on alati kaunid. Meil on k\u00f5ik olemas &#8211; rannahooaeg, valged j\u00f5ulud, \u00f5itsev kevad ja kuldne s\u00fcgis\u00a0 \ud83d\ude42 Me elame Suurupis, v\u00e4ikeses k\u00fclas Harku [&hellip;]<\/p>\n","protected":false},"author":1,"featured_media":0,"parent":43,"menu_order":0,"comment_status":"closed","ping_status":"closed","template":"","meta":{"ngg_post_thumbnail":0,"footnotes":""},"class_list":["post-892","page","type-page","status-publish","hentry"],"_links":{"self":[{"href":"https:\/\/vana.mybrand.ee\/et\/wp-json\/wp\/v2\/pages\/892","targetHints":{"allow":["GET"]}}],"collection":[{"href":"https:\/\/vana.mybrand.ee\/et\/wp-json\/wp\/v2\/pages"}],"about":[{"href":"https:\/\/vana.mybrand.ee\/et\/wp-json\/wp\/v2\/types\/page"}],"author":[{"embeddable":true,"href":"https:\/\/vana.mybrand.ee\/et\/wp-json\/wp\/v2\/users\/1"}],"replies":[{"embeddable":true,"href":"https:\/\/vana.mybrand.ee\/et\/wp-json\/wp\/v2\/comments?post=892"}],"version-history":[{"count":0,"href":"https:\/\/vana.mybrand.ee\/et\/wp-json\/wp\/v2\/pages\/892\/revisions"}],"up":[{"embeddable":true,"href":"https:\/\/vana.mybrand.ee\/et\/wp-json\/wp\/v2\/pages\/43"}],"wp:attachment":[{"href":"https:\/\/vana.mybrand.ee\/et\/wp-json\/wp\/v2\/media?parent=892"}],"curies":[{"name":"wp","href":"https:\/\/api.w.org\/{rel}","templated":true}]}}