{"id":8924,"date":"2022-10-29T12:54:40","date_gmt":"2022-10-29T10:54:40","guid":{"rendered":"https:\/\/vana.mybrand.ee\/?page_id=8924"},"modified":"2024-06-13T09:24:50","modified_gmt":"2024-06-13T07:24:50","slug":"my-brand-jazz-time-all-the-time","status":"publish","type":"page","link":"https:\/\/vana.mybrand.ee\/et\/about-us\/koerad-minevikust\/my-brand-jazz-time-all-the-time\/","title":{"rendered":"My Brand Jazz Time All The Time ~Dina~"},"content":{"rendered":"<p><img decoding=\"async\" class=\"alignnone size-full\" src=\"https:\/\/vana.mybrand.ee\/wp-content\/gallery\/my-brand-jazz-time-all-the-time\/MB-JAZZ-TIME-ALL-THE-TIME_11.jpg\"><\/p>\n<h3>My Brand Jazz Time All The Time &#8220;Dina&#8221;<\/h3>\n<p>must emane (BBEe, BbEe?)<br \/>\ns\u00fcnd: 26.05.2021<br \/>\nOmanik Heidi K\u00e4rkk\u00e4inen, kennel Sorolla&#8217;s, Soome<br \/>\n<a href=\"https:\/\/register.kennelliit.ee\/index.php?page=dogCard&amp;dogId=317838\">Eesti Kennelliidu andmebaas \u00bb<\/a><br \/>\n<a href=\"https:\/\/jalostus.kennelliitto.fi\/frmKoira.aspx?RekNo=FI50290\/22&amp;R=122\">Soome Kennelliidu andmebaas \u00bb<\/a><\/p>\n<h4>TERVISEUURINGUD<\/h4>\n<ul>\n<li>puusad B\/A<\/li>\n<li>k\u00fc\u00fcnarliigesed 0:0<\/li>\n<li>silmauuring puhas (oktoober 2022)<\/li>\n<li>s\u00fcdameuuring puhas (ECHO Doppler oktoober 2022)<\/li>\n<\/ul>\n<h4>GEENITESTID<\/h4>\n<ul>\n<li>prcd-PRA Normal\/Clear (vanemad puhtad)<\/li>\n<li>EIC &#8212;<\/li>\n<li>HNPK Normal\/Clear (vanemad puhtad)<\/li>\n<li>pikakarvasus &#8212;<\/li>\n<\/ul>\n<h4>SUGUPUU<\/h4>\n<table class=\"tree\" border=\"1\">\n<tbody>\n<tr>\n<td class=\"tree\" style=\"width: 25%;\" rowspan=\"8\">Waterline\u2019s Black Tie<br \/>\nHD A\/A ED 0:0 Eyes &amp; Heart ECHO Clear<br \/>\nEIC, HNPK, prcd-PRA, RD\/OSD Clear<br \/>\ndoesn\u2019t carry long coat gene<br \/>\n(FIN)<\/td>\n<td class=\"tree\" style=\"width: 25%;\" rowspan=\"4\">Waterline\u2019s Luxor<br \/>\nHD B\/B ED 0:0 Eyes Clear<br \/>\nprcd-PRA, EIC, SD2, HNPK Clear<br \/>\n(FIN)<\/td>\n<td class=\"tree\" style=\"width: 25%;\" rowspan=\"2\"><span class=\"\u0441\u0442\u0438\u043b\u044c7\">AM POL MEX CH Vegas Night Bella Mare<\/span><\/td>\n<td class=\"tree\" style=\"width: 25%;\"><span class=\"\u0441\u0442\u0438\u043b\u044c7\"><span class=\"sukutaulu style2\">AM CH POL CH Dickendall Buckstone Three Dog Night<\/span><\/span><\/td>\n<\/tr>\n<tr>\n<td class=\"tree\"><span class=\"sukutaulu style2\">PL JCH Sandamar HySpire I\u2019m So Vain<\/span><\/td>\n<\/tr>\n<tr>\n<td class=\"tree\" rowspan=\"2\">Waterline\u2019s Papaya Dream<\/td>\n<td class=\"tree\">FIN CH FIN JW\u201904 W\u201905 Lucky My Born Free<\/td>\n<\/tr>\n<tr>\n<td class=\"tree\">Follies Maryland<\/td>\n<\/tr>\n<tr>\n<td class=\"tree\" rowspan=\"4\">Neptune\u2019s Legacy Obsessed With Pink<br \/>\nHD B\/B ED 0:0 Eyes Clear<br \/>\n(FIN)<\/td>\n<td class=\"tree\" rowspan=\"2\">Mambrinos Black Cap<\/td>\n<td class=\"tree\">NORD JW\u201911 Destinys Tellmenothingidon&#8217;tknow<\/td>\n<\/tr>\n<tr>\n<td class=\"tree\">SW NO CH Mambrinos Tessie<\/td>\n<\/tr>\n<tr>\n<td class=\"tree\" rowspan=\"2\">FIN CH Waterline\u2019s Marry Me<\/td>\n<td class=\"tree\">US CH GR CH Gateway\u2019s Nothin\u2019 But Trouble<\/td>\n<\/tr>\n<tr>\n<td class=\"tree\">Waterline\u2019s Rosalie<\/td>\n<\/tr>\n<tr>\n<td class=\"tree\" rowspan=\"8\">EST JCH CH My Brand Soul Sister<br \/>\nHD A\/A ED 0:0 Eyes Clear<br \/>\nEIC Carrier, HNPK, prcd-PRA Normal\/Clear<br \/>\n(EST)<\/td>\n<td class=\"tree\" rowspan=\"4\">POL LTU CH POL JCH JW JUN Club\u2019W GDR JUN Club\u2019W Bloomwood Royal Major Globtrotter<br \/>\nHD A\/A ED 0:0 Eyes Clear<br \/>\nprcd-PRA Normal\/Clear, EIC Clear HNPK Clear<br \/>\n(POL)<\/td>\n<td class=\"tree\" rowspan=\"2\">DK CH Lobuff-Shannon US Major Attraction<\/td>\n<td class=\"tree\"><span class=\"\u0441\u0442\u0438\u043b\u044c7\">AM CAN CH Lobuff Hollyridge The Aviator WC<\/span><\/td>\n<\/tr>\n<tr>\n<td class=\"tree\">Shannon\u2019s Amethyst Dreams<\/td>\n<\/tr>\n<tr>\n<td class=\"tree\" rowspan=\"2\">POL RUS UZ MAC CH Merci Herbu Zadora<\/td>\n<td class=\"tree\">POL CH Kimleigh\u2019s New Moon Rising<\/td>\n<\/tr>\n<tr>\n<td class=\"tree\">Yunta Yara Herbu Zadora<\/td>\n<\/tr>\n<tr>\n<td class=\"tree\" rowspan=\"4\">Touch My Soul Reverie Stream<br \/>\nHD A\/A ED 0:0 Eyes Clear<br \/>\nprcd-PRA Clear by Parentage, EIC Carrier, HNPK Clear, long coat carrier<br \/>\n(LV)<\/td>\n<td class=\"tree\" rowspan=\"2\">FI CH Strongline&#8217;s Money For Nothing<\/td>\n<td class=\"tree\">LCD JGD CH Flying Firecracker v.d.Weeward<\/td>\n<\/tr>\n<tr>\n<td class=\"tree\">FI EST CH Strongline&#8217;s Xantamaria<\/td>\n<\/tr>\n<tr>\n<td class=\"tree\" rowspan=\"2\">LV CH My Brand Rose Is A Rose<\/td>\n<td class=\"tree\">EST RUS JCH JTWC\u201915 TWC\u201915 Tawastway\u2019s Snowholic<\/td>\n<\/tr>\n<tr>\n<td class=\"tree\">My Brand Kiss From A Rose<\/td>\n<\/tr>\n<\/tbody>\n<\/table>\n<h4 class=\"wpview-selection-before\">GALERII<\/h4>\n<p>ngg_shortcode_1_placeholder<\/p>","protected":false},"excerpt":{"rendered":"<p>My Brand Jazz Time All The Time &#8220;Dina&#8221; must emane (BBEe, BbEe?) s\u00fcnd: 26.05.2021 Omanik Heidi K\u00e4rkk\u00e4inen, kennel Sorolla&#8217;s, Soome Eesti Kennelliidu andmebaas \u00bb Soome Kennelliidu andmebaas \u00bb TERVISEUURINGUD puusad B\/A k\u00fc\u00fcnarliigesed 0:0 silmauuring puhas (oktoober 2022) s\u00fcdameuuring puhas (ECHO Doppler oktoober 2022) GEENITESTID prcd-PRA Normal\/Clear (vanemad puhtad) EIC &#8212; HNPK Normal\/Clear (vanemad puhtad) pikakarvasus [&hellip;]<\/p>\n","protected":false},"author":1,"featured_media":0,"parent":5477,"menu_order":0,"comment_status":"closed","ping_status":"closed","template":"","meta":{"ngg_post_thumbnail":0,"footnotes":""},"class_list":["post-8924","page","type-page","status-publish","hentry"],"_links":{"self":[{"href":"https:\/\/vana.mybrand.ee\/et\/wp-json\/wp\/v2\/pages\/8924","targetHints":{"allow":["GET"]}}],"collection":[{"href":"https:\/\/vana.mybrand.ee\/et\/wp-json\/wp\/v2\/pages"}],"about":[{"href":"https:\/\/vana.mybrand.ee\/et\/wp-json\/wp\/v2\/types\/page"}],"author":[{"embeddable":true,"href":"https:\/\/vana.mybrand.ee\/et\/wp-json\/wp\/v2\/users\/1"}],"replies":[{"embeddable":true,"href":"https:\/\/vana.mybrand.ee\/et\/wp-json\/wp\/v2\/comments?post=8924"}],"version-history":[{"count":0,"href":"https:\/\/vana.mybrand.ee\/et\/wp-json\/wp\/v2\/pages\/8924\/revisions"}],"up":[{"embeddable":true,"href":"https:\/\/vana.mybrand.ee\/et\/wp-json\/wp\/v2\/pages\/5477"}],"wp:attachment":[{"href":"https:\/\/vana.mybrand.ee\/et\/wp-json\/wp\/v2\/media?parent=8924"}],"curies":[{"name":"wp","href":"https:\/\/api.w.org\/{rel}","templated":true}]}}