{"id":8931,"date":"2022-10-29T13:44:33","date_gmt":"2022-10-29T11:44:33","guid":{"rendered":"https:\/\/vana.mybrand.ee\/?page_id=8931"},"modified":"2025-02-12T09:57:31","modified_gmt":"2025-02-12T07:57:31","slug":"my-brand-que-sera-sera","status":"publish","type":"page","link":"https:\/\/vana.mybrand.ee\/et\/females\/my-brand-que-sera-sera\/","title":{"rendered":"My Brand Que Sera Sera ~Bella~"},"content":{"rendered":"<p><div style=\"width: 1810px\" class=\"wp-caption alignnone\"><img loading=\"lazy\" decoding=\"async\" src=\"https:\/\/vana.mybrand.ee\/wp-content\/gallery\/my-brand-que-sera-sera\/web-IMG_2347.jpg\" alt=\"\" width=\"1800\" height=\"1200\"><p class=\"wp-caption-text\">My Brand Que Sera Sera &#8220;Bella&#8221; \u00fcheaastaselt. Foto: kennel My Brand<\/p><\/div><\/p>\n<h2>My Brand Que Sera Sera &#8220;Bella&#8221;<\/h2>\n<p>kollane emane (BBee, ei kanna pruuni)<br \/>\ns\u00fcnd 07.09.2021<br \/>\nolemas k\u00f5ik hambad, korrektne hambumus<\/p>\n<p>Kaasomanik Ille Rump, Tallinn<br \/>\n<a href=\"https:\/\/register.kennelliit.ee\/index.php?page=dogCard&amp;dogId=322607\">Eesti Kennelliidu andmebaas \u00bb<\/a><\/p>\n<h4>TERVISEUURINGUD<\/h4>\n<ul>\n<li>puusad A\/A<\/li>\n<li>k\u00fc\u00fcnarliigesed 0:0<\/li>\n<li>silmad puhtad (oktoober 2022)<\/li>\n<li>s\u00fcdameuuring puhas (ECHO Doppler oktoober 2022)<\/li>\n<\/ul>\n<h4>GEENITESTID<\/h4>\n<ul>\n<li>prcd-PRA Normal\/Clear (vanemad puhtad)<\/li>\n<li>HNPK Normal\/Clear (vanemad puhtad)<\/li>\n<li>EIC &#8212;<\/li>\n<li>pikakarvalisus &#8212;<\/li>\n<\/ul>\n<h4>SUGUPUU<\/h4>\n<table class=\"tree\" border=\"1\">\n<tbody>\n<tr>\n<td class=\"tree\" style=\"width: 25%;\" rowspan=\"8\">Queijeiro Kloster Mex.Fci.<br \/>\nHD A\/A ED 0:0 Eyes Clear<br \/>\nEIC, HNPK, prcd-PRA, CNM, DM, long coat Carrier, CY Normal\/Clear<br \/>\n(MEX)<\/td>\n<td class=\"tree\" style=\"width: 25%;\" rowspan=\"4\">Queijeiro Mistery Jackpot Mex.Fci<br \/>\n(MEX)<\/td>\n<td class=\"tree\" style=\"width: 25%;\" rowspan=\"2\">Am CH Mex GCH CH Pol CH Vegas Night Bella Mare<\/td>\n<td class=\"tree\">MBISS Am GCH CH Pol CH Dickendall Buckstone Three Dog Night<\/td>\n<\/tr>\n<tr>\n<td class=\"tree\">Pl CH Sandamar Hyspire You&#8217;Re So Vain<\/td>\n<\/tr>\n<tr>\n<td class=\"tree\" rowspan=\"2\">Queijeiro Rio Tinto<\/td>\n<td class=\"tree\">GCH CH Mtn Meadow Buckeye Brutus<\/td>\n<\/tr>\n<tr>\n<td class=\"tree\">Queijeiro La Gatina<\/td>\n<\/tr>\n<tr>\n<td class=\"tree\" rowspan=\"4\">Queijeiro Dany Mex.Fci.<br \/>\n(MEX)<\/td>\n<td class=\"tree\" rowspan=\"2\">Bomberg Anguiano Mex.Fci.<\/td>\n<td class=\"tree\">Hollyridge Lobuff Taylor Made<\/td>\n<\/tr>\n<tr>\n<td class=\"tree\">Anya Stroud Anaguiani Mex.Fci<\/td>\n<\/tr>\n<tr>\n<td class=\"tree\" rowspan=\"2\">Queijeiro Noella Mex.Fci.<\/td>\n<td class=\"tree\"><span lang=\"en-us\">Dickendall Noir Queijeiro<br \/>\n<\/span><\/td>\n<\/tr>\n<tr>\n<td class=\"tree\">Queijeiro Black Gina Mex.Fci<\/td>\n<\/tr>\n<tr>\n<td class=\"tree\" rowspan=\"8\">My Brand Star Attraction<br \/>\nHD A\/A ED 0:0 Eyes Clear<br \/>\nHNPK, prcd-PRA Normal\/Clear, EIC Carrier<br \/>\n(EST)<\/td>\n<td class=\"tree\" rowspan=\"4\">EST JCH EST JW\u201918 EST W\u201918 My Brand Sky Wizard<br \/>\nHD A\/A ED 0:0 Eyes Clear<br \/>\nEIC, HNPK, prcd-PRA Normal\/Clear<br \/>\n(EST)<\/td>\n<td class=\"tree\" rowspan=\"2\">World Winner\u201916 EUR Winner\u201916 CIB CIE RUS JCH RUS FIN LTU KZS RKF CH<br \/>\nWest Sib Story Aidaho<\/td>\n<td class=\"tree\">Larkspur Lynx<\/td>\n<\/tr>\n<tr>\n<td class=\"tree\">INT RUS USB KAZ GR RKF CH Lab\u2019Spb Alabama Girl<\/td>\n<\/tr>\n<tr>\n<td class=\"tree\" rowspan=\"2\">Arctic Sky Aquarelle<\/td>\n<td class=\"tree\">POL CH JCH LUX JCH JCW\u201911 Arthus Sarracenia Majestic Chameleon<\/td>\n<\/tr>\n<tr>\n<td class=\"tree\">POL EST LTU CH My Brand Ebony At Aquarelle<\/td>\n<\/tr>\n<tr>\n<td class=\"tree\" rowspan=\"4\">My Brand First Class Five Star<br \/>\nHD A\/A ED 0:0 Eyes Clear<br \/>\nHNPK, prcd-PRA Normal\/Clear, EIC Carrier<br \/>\n(EST)<\/td>\n<td class=\"tree\" rowspan=\"2\">MEX EST CH Tabatha\u2019s Caffu Queijeiro HD<\/td>\n<td class=\"tree\">MEX CH Dickendall Bucky<\/td>\n<\/tr>\n<tr>\n<td class=\"tree\">AM CH Tabatha\u2019s Gala WC<\/td>\n<\/tr>\n<tr>\n<td class=\"tree\" rowspan=\"2\">Tweedledum Baila Baila<\/td>\n<td class=\"tree\">FIN CH Devonshires London Edition<\/td>\n<\/tr>\n<tr>\n<td class=\"tree\">Tweedledum Give N Take<\/td>\n<\/tr>\n<\/tbody>\n<\/table>\n<h4>&nbsp;GALERII<\/h4>\n<p>ngg_shortcode_1_placeholder<\/p>","protected":false},"excerpt":{"rendered":"<p>My Brand Que Sera Sera &#8220;Bella&#8221; kollane emane (BBee, ei kanna pruuni) s\u00fcnd 07.09.2021 olemas k\u00f5ik hambad, korrektne hambumus Kaasomanik Ille Rump, Tallinn Eesti Kennelliidu andmebaas \u00bb TERVISEUURINGUD puusad A\/A k\u00fc\u00fcnarliigesed 0:0 silmad puhtad (oktoober 2022) s\u00fcdameuuring puhas (ECHO Doppler oktoober 2022) GEENITESTID prcd-PRA Normal\/Clear (vanemad puhtad) HNPK Normal\/Clear (vanemad puhtad) EIC &#8212; pikakarvalisus &#8212; [&hellip;]<\/p>\n","protected":false},"author":1,"featured_media":0,"parent":39,"menu_order":13,"comment_status":"closed","ping_status":"closed","template":"","meta":{"ngg_post_thumbnail":0,"footnotes":""},"class_list":["post-8931","page","type-page","status-publish","hentry"],"_links":{"self":[{"href":"https:\/\/vana.mybrand.ee\/et\/wp-json\/wp\/v2\/pages\/8931","targetHints":{"allow":["GET"]}}],"collection":[{"href":"https:\/\/vana.mybrand.ee\/et\/wp-json\/wp\/v2\/pages"}],"about":[{"href":"https:\/\/vana.mybrand.ee\/et\/wp-json\/wp\/v2\/types\/page"}],"author":[{"embeddable":true,"href":"https:\/\/vana.mybrand.ee\/et\/wp-json\/wp\/v2\/users\/1"}],"replies":[{"embeddable":true,"href":"https:\/\/vana.mybrand.ee\/et\/wp-json\/wp\/v2\/comments?post=8931"}],"version-history":[{"count":0,"href":"https:\/\/vana.mybrand.ee\/et\/wp-json\/wp\/v2\/pages\/8931\/revisions"}],"up":[{"embeddable":true,"href":"https:\/\/vana.mybrand.ee\/et\/wp-json\/wp\/v2\/pages\/39"}],"wp:attachment":[{"href":"https:\/\/vana.mybrand.ee\/et\/wp-json\/wp\/v2\/media?parent=8931"}],"curies":[{"name":"wp","href":"https:\/\/api.w.org\/{rel}","templated":true}]}}