{"id":894,"date":"2011-02-16T18:08:51","date_gmt":"2011-02-16T16:08:51","guid":{"rendered":"https:\/\/vana.mybrand.ee"},"modified":"2011-02-16T18:10:31","modified_gmt":"2011-02-16T16:10:31","slug":"ilusaid-hetki","status":"publish","type":"page","link":"https:\/\/vana.mybrand.ee\/et\/about-us\/ilusaid-hetki\/","title":{"rendered":"Ilusaid hetki"},"content":{"rendered":"<p><img src='https:\/\/vana.mybrand.ee\/\/wp-content\/gallery\/photos\/img_6043.jpg' alt='img_6043' class='ngg-singlepic ngg-none' \/><br \/>\nSiia tuleb varsti pilte ja jutte meie t\u00e4helepanuv\u00e4\u00e4rsetest hetkedest. <\/p>","protected":false},"excerpt":{"rendered":"<p>Siia tuleb varsti pilte ja jutte meie t\u00e4helepanuv\u00e4\u00e4rsetest hetkedest.<\/p>\n","protected":false},"author":1,"featured_media":0,"parent":43,"menu_order":0,"comment_status":"closed","ping_status":"closed","template":"","meta":{"ngg_post_thumbnail":0,"footnotes":""},"class_list":["post-894","page","type-page","status-publish","hentry"],"_links":{"self":[{"href":"https:\/\/vana.mybrand.ee\/et\/wp-json\/wp\/v2\/pages\/894","targetHints":{"allow":["GET"]}}],"collection":[{"href":"https:\/\/vana.mybrand.ee\/et\/wp-json\/wp\/v2\/pages"}],"about":[{"href":"https:\/\/vana.mybrand.ee\/et\/wp-json\/wp\/v2\/types\/page"}],"author":[{"embeddable":true,"href":"https:\/\/vana.mybrand.ee\/et\/wp-json\/wp\/v2\/users\/1"}],"replies":[{"embeddable":true,"href":"https:\/\/vana.mybrand.ee\/et\/wp-json\/wp\/v2\/comments?post=894"}],"version-history":[{"count":0,"href":"https:\/\/vana.mybrand.ee\/et\/wp-json\/wp\/v2\/pages\/894\/revisions"}],"up":[{"embeddable":true,"href":"https:\/\/vana.mybrand.ee\/et\/wp-json\/wp\/v2\/pages\/43"}],"wp:attachment":[{"href":"https:\/\/vana.mybrand.ee\/et\/wp-json\/wp\/v2\/media?parent=894"}],"curies":[{"name":"wp","href":"https:\/\/api.w.org\/{rel}","templated":true}]}}