{"id":8940,"date":"2022-10-29T14:23:47","date_gmt":"2022-10-29T12:23:47","guid":{"rendered":"https:\/\/vana.mybrand.ee\/?page_id=8940"},"modified":"2025-02-12T09:58:27","modified_gmt":"2025-02-12T07:58:27","slug":"my-brand-smile-worth-thousand-words","status":"publish","type":"page","link":"https:\/\/vana.mybrand.ee\/et\/females\/my-brand-smile-worth-thousand-words\/","title":{"rendered":"My Brand Smile Worth Thousand Words ~Mila~"},"content":{"rendered":"<p><img loading=\"lazy\" decoding=\"async\" class=\"alignnone\" src=\"https:\/\/vana.mybrand.ee\/wp-content\/gallery\/my-brand-smile-worth-thousand-words\/MB-Smile-Worth-Thousand-Words-7w_3.JPG\" alt=\"\" width=\"1379\" height=\"919\"><\/p>\n<h2>My Brand Smile Worth Thousand Words &#8220;Mila&#8221;<\/h2>\n<p>must emane (BbEe? BbEE?)<br \/>\ns\u00fcnd 23.01.2022<\/p>\n<p>Kaasomanik Kaidi Rannak, Eesti<br \/>\n<a href=\"https:\/\/register.kennelliit.ee\/index.php?page=dogCard&amp;dogId=329414\" target=\"_blank\" rel=\"noopener noreferrer\">Eesti Kennelliidu andmebaasis \u00bb<\/a><\/p>\n<h4>TERVISEUURINGUD<\/h4>\n<ul>\n<li>puusad A\/A<\/li>\n<li>k\u00fc\u00fcnarliigesed 0:0<\/li>\n<li>silmad puhtad (aprill 2023)<\/li>\n<li>s\u00fcda ECHO Doppler puhas (aprill 2023)<\/li>\n<\/ul>\n<h4>GEENITESTID<\/h4>\n<ul>\n<li>prcd-PRA &#8212;<\/li>\n<li>EIC &#8212;<\/li>\n<li>HNPK &#8212;<\/li>\n<\/ul>\n<h4>SUGUPUU<\/h4>\n<table class=\"tree\" style=\"width: 100%;\" border=\"1\">\n<tbody>\n<tr>\n<td class=\"tree\" style=\"width: 24.8006%;\" rowspan=\"8\">EST LTU LVA BALT RUS JCH BALT JW16 EST LTU SW CH BALT W17 Markados Pordios Aragorn<br \/>\nHD A\/A, ED 0:0, prcd-PRA Clear<br \/>\n(RUS)<\/td>\n<td class=\"tree\" style=\"width: 24.8006%;\" rowspan=\"4\">Inamorato Gitane Smoker<br \/>\nHD A\/A, ED 0:0, prcd-PRA Normal\/Clear, EIC Clear (N\/N), HNPK Clear<br \/>\n(RUS)<\/td>\n<td class=\"tree\" style=\"width: 24.8006%;\" rowspan=\"2\">AZ RUS CH Tiger Paws Herbu Zadora<\/td>\n<td class=\"tree\" style=\"width: 24.8006%;\">AM GCH Hyspire Shalih Hotter\u2019N Blazes<\/td>\n<\/tr>\n<tr>\n<td class=\"tree\" style=\"width: 24.8006%;\">Yunta Yara Herbu Zadora<\/td>\n<\/tr>\n<tr>\n<td class=\"tree\" style=\"width: 24.8006%;\" rowspan=\"2\">RUS GR CH RUS CH RUS JCH Miliy Drug Arina<\/td>\n<td class=\"tree\" style=\"width: 24.8006%;\">INT LT POL RUS GR JCH POL CH Lab Treasure\u2019s Indeed<\/td>\n<\/tr>\n<tr>\n<td class=\"tree\" style=\"width: 24.8006%;\">CH Chablais Gipsy<\/td>\n<\/tr>\n<tr>\n<td class=\"tree\" style=\"width: 24.8006%;\" rowspan=\"4\">Del Prado X&amp;E Nota Bene<\/td>\n<td class=\"tree\" style=\"width: 24.8006%;\" rowspan=\"2\">RUS BLR LTU CH Follies Mason<\/td>\n<td class=\"tree\" style=\"width: 24.8006%;\">AM BISS CH Lubberline Martingale<\/td>\n<\/tr>\n<tr>\n<td class=\"tree\" style=\"width: 24.8006%;\">Tweedledum Folies Bergerer<\/td>\n<\/tr>\n<tr>\n<td class=\"tree\" style=\"width: 24.8006%;\" rowspan=\"2\">RUS CH JCH Talliar Shikary Slep Ap Sultana<\/td>\n<td class=\"tree\" style=\"width: 24.8006%;\">RUS GCH UKR CH Stenveyz Fahrenheit FT-Duck<\/td>\n<\/tr>\n<tr>\n<td class=\"tree\" style=\"width: 24.8006%;\">RUS RKF CH Stenveyz Charcoal FT-Duck<\/td>\n<\/tr>\n<tr>\n<td class=\"tree\" style=\"width: 24.8006%;\" rowspan=\"8\">EST JCH CH Royal Brown I Love Your Smile<br \/>\nHD A\/A 0:0 Eyes Clear<br \/>\nprcd-PRA, EIC, HNPK Normal\/Clear<br \/>\n(EST)<\/td>\n<td class=\"tree\" style=\"width: 24.8006%;\" rowspan=\"4\">BALT JW\u201915 EST JCH Genuine My Brand Optimus Canis<br \/>\nHD A\/A ED 0:0 Eyes Clear<br \/>\nPRA-prcd &amp; EIC &amp; CNM &amp; CY &amp; DM &amp; HUU &amp; PKD Normal\/Clear<br \/>\n(POL)<\/td>\n<td class=\"tree\" style=\"width: 24.8006%;\" rowspan=\"2\">INT CH POL JCH POL BLK UKR BUL CH Mallorn\u2019s Black Gangsta<\/td>\n<td class=\"tree\" style=\"width: 24.8006%;\">Mallorn\u2019s Romeo<\/td>\n<\/tr>\n<tr>\n<td class=\"tree\" style=\"width: 24.8006%;\">Mallorn\u2019s Premium Chocolate<\/td>\n<\/tr>\n<tr>\n<td class=\"tree\" style=\"width: 24.8006%;\" rowspan=\"2\">Amazing Poppy Optimus Canis<\/td>\n<td class=\"tree\" style=\"width: 24.8006%;\">PL SK CH Mallorn\u2019s Chocomania<\/td>\n<\/tr>\n<tr>\n<td class=\"tree\" style=\"width: 24.8006%;\">POL JCH PL CH Night Night Optimus Canis<\/td>\n<\/tr>\n<tr>\n<td class=\"tree\" style=\"width: 24.8006%;\" rowspan=\"4\">Royal Brown From Russia With Love<br \/>\nHD A\/A ED 0:0 Eyes Clear<br \/>\nHNPK Normal\/Clear<br \/>\n(EST)<\/td>\n<td class=\"tree\" style=\"width: 24.8006%;\" rowspan=\"2\">RUS RKF BLR UKR FIN INT CH Stenveyz Get Popular<\/td>\n<td class=\"tree\" style=\"width: 24.8006%;\">FIN EST RUS CH Palabras Keep On Movin\u2019<\/td>\n<\/tr>\n<tr>\n<td class=\"tree\" style=\"width: 24.8006%;\">Stenveyz Part of Million<\/td>\n<\/tr>\n<tr>\n<td class=\"tree\" style=\"width: 24.8006%;\" rowspan=\"2\">Royal Brown Bethany Bell<\/td>\n<td class=\"tree\" style=\"width: 24.8006%;\">POL SK CH Mallorn\u2019s Chocomania<\/td>\n<\/tr>\n<tr>\n<td class=\"tree\" style=\"width: 24.8006%;\">Irwlend Kimi-Charlotte<\/td>\n<\/tr>\n<\/tbody>\n<\/table>\n<h4>GALERII<\/h4>\n<p>ngg_shortcode_1_placeholder<\/p>","protected":false},"excerpt":{"rendered":"<p>My Brand Smile Worth Thousand Words &#8220;Mila&#8221; must emane (BbEe? BbEE?) s\u00fcnd 23.01.2022 Kaasomanik Kaidi Rannak, Eesti Eesti Kennelliidu andmebaasis \u00bb TERVISEUURINGUD puusad A\/A k\u00fc\u00fcnarliigesed 0:0 silmad puhtad (aprill 2023) s\u00fcda ECHO Doppler puhas (aprill 2023) GEENITESTID prcd-PRA &#8212; EIC &#8212; HNPK &#8212; SUGUPUU EST LTU LVA BALT RUS JCH BALT JW16 EST LTU SW [&hellip;]<\/p>\n","protected":false},"author":1,"featured_media":0,"parent":39,"menu_order":16,"comment_status":"closed","ping_status":"closed","template":"","meta":{"ngg_post_thumbnail":0,"footnotes":""},"class_list":["post-8940","page","type-page","status-publish","hentry"],"_links":{"self":[{"href":"https:\/\/vana.mybrand.ee\/et\/wp-json\/wp\/v2\/pages\/8940","targetHints":{"allow":["GET"]}}],"collection":[{"href":"https:\/\/vana.mybrand.ee\/et\/wp-json\/wp\/v2\/pages"}],"about":[{"href":"https:\/\/vana.mybrand.ee\/et\/wp-json\/wp\/v2\/types\/page"}],"author":[{"embeddable":true,"href":"https:\/\/vana.mybrand.ee\/et\/wp-json\/wp\/v2\/users\/1"}],"replies":[{"embeddable":true,"href":"https:\/\/vana.mybrand.ee\/et\/wp-json\/wp\/v2\/comments?post=8940"}],"version-history":[{"count":0,"href":"https:\/\/vana.mybrand.ee\/et\/wp-json\/wp\/v2\/pages\/8940\/revisions"}],"up":[{"embeddable":true,"href":"https:\/\/vana.mybrand.ee\/et\/wp-json\/wp\/v2\/pages\/39"}],"wp:attachment":[{"href":"https:\/\/vana.mybrand.ee\/et\/wp-json\/wp\/v2\/media?parent=8940"}],"curies":[{"name":"wp","href":"https:\/\/api.w.org\/{rel}","templated":true}]}}