{"id":8942,"date":"2022-10-29T23:58:33","date_gmt":"2022-10-29T21:58:33","guid":{"rendered":"https:\/\/vana.mybrand.ee\/?page_id=8942"},"modified":"2024-10-07T20:50:02","modified_gmt":"2024-10-07T18:50:02","slug":"my-brand-rule-of-thumb","status":"publish","type":"page","link":"https:\/\/vana.mybrand.ee\/et\/males\/my-brand-rule-of-thumb\/","title":{"rendered":"My Brand Rule Of Thumb ~Zorro~"},"content":{"rendered":"<p><div style=\"width: 1410px\" class=\"wp-caption alignnone\"><img loading=\"lazy\" decoding=\"async\" src=\"https:\/\/vana.mybrand.ee\/wp-content\/gallery\/my-brand-rule-of-thumb\/web-IMG_2928.jpg\" alt=\"\" width=\"1400\" height=\"933\"><p class=\"wp-caption-text\">fotol aasta vanune, foto My Brand Labradors<\/p><\/div><\/p>\n<h2>My Brand Rule Of Thumb &#8220;Zorro&#8221;<\/h2>\n<p>must isane (BbEE, kannab pruuni, ei kanna kollast)<br \/>\ns\u00fcnd 27.11.2020<br \/>\nOmanik Eve Limbach-Pirn, Estonia<br \/>\n<a href=\"https:\/\/register.kennelliit.ee\/index.php?page=dogCard&amp;dogId=310807\" target=\"_blank\" rel=\"noopener noreferrer\">Eesti Kennelliidu andmebaasis \u00bb<\/a><\/p>\n<h4>TERVISEUURINGUD<\/h4>\n<ul>\n<li>puusad A\/A<\/li>\n<li>k\u00fc\u00fcnarliigesed 0:0<\/li>\n<li>silmad puhtad (juuni 2022)<\/li>\n<li>s\u00fcda puhas (juuni 2022)<\/li>\n<\/ul>\n<h4>GEENITESTID<\/h4>\n<ul>\n<li>prcd-PRA &#8212;<\/li>\n<li>EIC Normal\/Clear (vanemad terved)<\/li>\n<li>NHPK Normal\/Clear (vanemad terved)<\/li>\n<\/ul>\n<p>&nbsp;<\/p>\n<h4>SUGUPUU<\/h4>\n<table class=\"tree\" border=\"1\">\n<tbody>\n<tr>\n<td class=\"tree\" rowspan=\"8\">EST JCH BALT W\u201920 EST W\u201920 Perfect Sweet Dream Rules For Fools<br \/>\nHD A\/A ED 0:0 Eyes Clear, Heart Clear (ECHO)<br \/>\nEIC, HNPK, CNM, DM, prcd-PRA, Dilute Normal\/Clear<br \/>\n(EST)<\/td>\n<td class=\"tree\" rowspan=\"4\"><span class=\"d2edcug0 hpfvmrgz qv66sw1b c1et5uql rrkovp55 a8c37x1j keod5gw0 nxhoafnm aigsh9s9 ns63r2gh fe6kdd0r mau55g9w c8b282yb iv3no6db o3w64lxj b2s5l15y knj5qynh oo9gr5id hzawbc8m\" dir=\"auto\"><span class=\"d2edcug0 hpfvmrgz qv66sw1b c1et5uql rrkovp55 a5q79mjw g1cxx5fr knj5qynh oo9gr5id\">PL JCH PL JW\u201918 Belotto Bella Mare<br \/>\nHD A\/A ED 0:0 Eyes Clear, Heart Clear (ECHO)<br \/>\nEIC, HNPK, prcd-PRA Normal\/Clear<br \/>\n(POL)<\/span><\/span><\/td>\n<td class=\"tree\" rowspan=\"2\"><span class=\"\u0441\u0442\u0438\u043b\u044c7\"><span class=\"sukutaulu style2\">AM CH GCH Dickendall Buckstone Three Dog Night<\/span><\/span><\/td>\n<td class=\"tree\">AM CH Saddlehill Late Night Scramble<\/td>\n<\/tr>\n<tr>\n<td class=\"tree\"><span class=\"sukutaulu style2\">AM CH Dickendall Princess Phoebe WC<\/span><\/td>\n<\/tr>\n<tr>\n<td class=\"tree\" rowspan=\"2\"><span class=\"sukutaulu style2\">Dickendall Buckstone Can U<\/span><\/td>\n<td class=\"tree\">Annual&#8217;s The Real Deal<\/td>\n<\/tr>\n<tr>\n<td class=\"tree\">Dickendall Buckstone American Graffiti<\/td>\n<\/tr>\n<tr>\n<td class=\"tree\" rowspan=\"4\"><span class=\"d2edcug0 hpfvmrgz qv66sw1b c1et5uql rrkovp55 a8c37x1j keod5gw0 nxhoafnm aigsh9s9 ns63r2gh fe6kdd0r mau55g9w c8b282yb iv3no6db o3w64lxj b2s5l15y knj5qynh oo9gr5id hzawbc8m\" dir=\"auto\"><span class=\"d2edcug0 hpfvmrgz qv66sw1b c1et5uql rrkovp55 a5q79mjw g1cxx5fr knj5qynh oo9gr5id\">CIB CIE EE LV LT BALT JCH EE LV LT BALT FI CH EUR VW\u201918 PL LT EE VCH Perfect Sweet Dream Break Every Rule<br \/>\nHD A\/A ED 0:0 Eyes Clear<br \/>\nEIC, HNPK, CNM, DM, prcd-PRA Normal\/Clear<br \/>\n(EST)<\/span><\/span><\/td>\n<td class=\"tree\" rowspan=\"2\"><span class=\"sukutaulu style2\">EST JCH CH LV CH Wizard\u2019s Creek Vision In Black<\/span><\/td>\n<td class=\"tree\">CIB GB SH CH NORD CH FIN CH GB MVA NO CH Carpenny Walpole<\/td>\n<\/tr>\n<tr>\n<td class=\"tree\">DKCH SECH INTCH DEVDHCH O&#8217;Sofinas Quite As Nice<\/td>\n<\/tr>\n<tr>\n<td class=\"tree\" rowspan=\"2\"><span class=\"sukutaulu style2\">EST LV LTU BALT JCH BALT JW\u201909 LTU W\u201911 LTU CH C.I.E EST Vet W\u201916 TLN VetWCup17 EST Vet CH Adventurer\u2019s Vitis Labrusca<\/span><\/td>\n<td class=\"tree\">C.I.B C.I.E NORD FI NO BALT EE RU RKF LV LT BY SI UA RO ME MA MD AZ CY DK&nbsp; BALK Mediterranian CH SE U(u)CH RO GRAND CH EE JCH BALT LV EE SI LT CZ VCH EEW-06 10 12 RKFW-07 BALTW-09 LVW-10 LTW-13 TLNW-14 DK BALT FIVW-13 LT LV TLN BALT EE BY NORD He FIVW-14 TLN EE BALT HeVW-15 TLN EE He FIVW-16 TLNVW-17 EE FIJW-06 Adriatic Winner 2012 Montenegro Club Winner 2012 Vilnius Cup Winner -13 Vilnius Cup Veteran Winner -14 Adventurer&#8217;s Taittinger<\/td>\n<\/tr>\n<tr>\n<td class=\"tree\">Tawastway&#8217;s Ain&#8217;t No Saint<\/td>\n<\/tr>\n<tr>\n<td class=\"tree\" style=\"width: 25%;\" rowspan=\"8\">TLN JW Cup18 My Brand Zillion Kisses<br \/>\nB\/C 0:0 Eyes Clear, Heart Clear (ECHO)<br \/>\nEIC, HNPK Normal\/Clear, prcd-PRA Carrier<br \/>\n(EST)<\/td>\n<td class=\"tree\" rowspan=\"4\">EST LV LT BALT JUN CH EST LV CH<br \/>\nNorbon Hill Double Action<br \/>\nHD A\/A ED 0:0 Eyes Clear<br \/>\nEIC Clear<br \/>\nQualified on the field<br \/>\n(EST)<\/td>\n<td class=\"tree\" rowspan=\"2\">RKF BLR UKR FIN INT CH Stenveyz Get Popular<\/td>\n<td class=\"tree\">FIN EST RUS CH Palabras Keep On Movin\u2019<\/td>\n<\/tr>\n<tr>\n<td class=\"tree\">Stenveyz Part of Million<\/td>\n<\/tr>\n<tr>\n<td class=\"tree\" rowspan=\"2\">EST JCH EST JW\u201910 EST LV LTU BALT RUS CH Gilbron Pride One Sweet Bon-Bon<\/td>\n<td class=\"tree\">DNK NORD DEU VDH CHL C.I.B SW NOR POL CH KBHV\u201906 KBHV\u201907 S KVA CH DNKW\u201904 DNKV\u201906 DNKV\u201907 Lab Treasure\u2019s Dario<\/td>\n<\/tr>\n<tr>\n<td class=\"tree\">EST JW\u201904 EST LV LTU BALT BLR JCH LVA W\u201905 EST LV LTU BALT BLR CH C.I.B Stormley\u2019s Anaka<\/td>\n<\/tr>\n<tr>\n<td class=\"tree\" style=\"width: 25%;\" rowspan=\"4\">Lulaby Baby Malmesbury Optimus Canis<br \/>\nHD A\/A ED 0:0 Eyes Clear<br \/>\nprcd-PRA &amp; EIC &amp; HNPK Normal\/Clear<br \/>\n(POL)<\/td>\n<td class=\"tree\" style=\"width: 25%;\" rowspan=\"2\">BG GCH PL BG UA C.I.E. CH Mallorn\u2019s Black Gangsta<\/td>\n<td class=\"tree\">Mallorn\u2019s Romeo<\/td>\n<\/tr>\n<tr>\n<td class=\"tree\">Mallorn\u2019s Premium Chocolate<\/td>\n<\/tr>\n<tr>\n<td class=\"tree\" rowspan=\"2\">Pretty Since Birth Z Grodu Hrabiego Malmesbury<\/td>\n<td class=\"tree\">Lab Treasure\u2019s Windsor<\/td>\n<\/tr>\n<tr>\n<td class=\"tree\">Maroccan Velvet Ushimi<\/td>\n<\/tr>\n<\/tbody>\n<\/table>\n<h4>T\u00d6\u00d6 JA KATSED<\/h4>\n<p><strong>RETRIIVERITE T\u00d5UKATSE<\/strong><\/p>\n<ul>\n<li>17.05.2024 Retriiverite t\u00f5ukatse dummydega Ellamaal, <strong>sooritatud<\/strong>, kohtunik Maria Grigorjeva<\/li>\n<\/ul>\n<h4>N\u00c4ITUSETULEMUSED<\/h4>\n<table>\n<tbody>\n<tr>\n<th>Kuup\u00e4ev<\/th>\n<th>N\u00e4itus<\/th>\n<th>Kohtunik<\/th>\n<th>Klass<\/th>\n<th>Tulemused<\/th>\n<\/tr>\n<tr>\n<td>06.11.2022<\/td>\n<td>Rahvusvaheline koerten\u00e4itus, Tartu<\/td>\n<td>Satu Yl\u00e4-Mononen (Finland)<\/td>\n<td>Noorteklass<\/td>\n<td>SP 1 SK PI1 VSP SERT CACIB<\/td>\n<\/tr>\n<tr>\n<td>05.11.2022<\/td>\n<td>Rahvusvaheline koerten\u00e4itus, Tartu<\/td>\n<td>Juta Haranen (Eesti)<\/td>\n<td>Noorteklass<\/td>\n<td>SP 1 SK PI3<\/td>\n<\/tr>\n<tr>\n<td>04.09.2022<\/td>\n<td>Retriiverite erin\u00e4itus, Harjumaa<\/td>\n<td>Manuel Queijeiro (Mexico)<\/td>\n<td>Noorteklass<\/td>\n<td>SP 1 SK PI3 SERT<\/td>\n<\/tr>\n<\/tbody>\n<\/table>\n<h4>GALLERY<\/h4>\n<p>ngg_shortcode_1_placeholder<\/p>","protected":false},"excerpt":{"rendered":"<p>My Brand Rule Of Thumb &#8220;Zorro&#8221; must isane (BbEE, kannab pruuni, ei kanna kollast) s\u00fcnd 27.11.2020 Omanik Eve Limbach-Pirn, Estonia Eesti Kennelliidu andmebaasis \u00bb TERVISEUURINGUD puusad A\/A k\u00fc\u00fcnarliigesed 0:0 silmad puhtad (juuni 2022) s\u00fcda puhas (juuni 2022) GEENITESTID prcd-PRA &#8212; EIC Normal\/Clear (vanemad terved) NHPK Normal\/Clear (vanemad terved) &nbsp; SUGUPUU EST JCH BALT W\u201920 EST [&hellip;]<\/p>\n","protected":false},"author":1,"featured_media":7842,"parent":6,"menu_order":10,"comment_status":"closed","ping_status":"closed","template":"","meta":{"ngg_post_thumbnail":0,"footnotes":""},"class_list":["post-8942","page","type-page","status-publish","has-post-thumbnail","hentry"],"_links":{"self":[{"href":"https:\/\/vana.mybrand.ee\/et\/wp-json\/wp\/v2\/pages\/8942","targetHints":{"allow":["GET"]}}],"collection":[{"href":"https:\/\/vana.mybrand.ee\/et\/wp-json\/wp\/v2\/pages"}],"about":[{"href":"https:\/\/vana.mybrand.ee\/et\/wp-json\/wp\/v2\/types\/page"}],"author":[{"embeddable":true,"href":"https:\/\/vana.mybrand.ee\/et\/wp-json\/wp\/v2\/users\/1"}],"replies":[{"embeddable":true,"href":"https:\/\/vana.mybrand.ee\/et\/wp-json\/wp\/v2\/comments?post=8942"}],"version-history":[{"count":0,"href":"https:\/\/vana.mybrand.ee\/et\/wp-json\/wp\/v2\/pages\/8942\/revisions"}],"up":[{"embeddable":true,"href":"https:\/\/vana.mybrand.ee\/et\/wp-json\/wp\/v2\/pages\/6"}],"wp:featuredmedia":[{"embeddable":true,"href":"https:\/\/vana.mybrand.ee\/et\/wp-json\/wp\/v2\/media\/7842"}],"wp:attachment":[{"href":"https:\/\/vana.mybrand.ee\/et\/wp-json\/wp\/v2\/media?parent=8942"}],"curies":[{"name":"wp","href":"https:\/\/api.w.org\/{rel}","templated":true}]}}