{"id":8956,"date":"2022-11-16T22:46:25","date_gmt":"2022-11-16T20:46:25","guid":{"rendered":"https:\/\/vana.mybrand.ee\/?page_id=8956"},"modified":"2024-10-07T20:37:46","modified_gmt":"2024-10-07T18:37:46","slug":"my-brand-unstoppable-me","status":"publish","type":"page","link":"https:\/\/vana.mybrand.ee\/et\/males\/my-brand-unstoppable-me\/","title":{"rendered":"My Brand Unstoppable Me ~Bob~"},"content":{"rendered":"<p><div style=\"width: 1810px\" class=\"wp-caption alignnone\"><img loading=\"lazy\" decoding=\"async\" src=\"https:\/\/vana.mybrand.ee\/wp-content\/gallery\/my-brand-unstoppable-me\/web-IMG_6015.jpg\" alt=\"\" width=\"1800\" height=\"1200\"><p class=\"wp-caption-text\">Bob on fotol 8-n\u00e4dalane. Foto My Brand Labradors.<\/p><\/div><\/p>\n<h2>My Brand Unstoppable Me &#8220;Bob&#8221;<\/h2>\n<p>pruun isane (bbEE, ei kanna kollast)<br \/>\ns\u00fcnd 01.07.2022<br \/>\n<a href=\"https:\/\/register.kennelliit.ee\/index.php?page=dogCard&amp;dogId=336432\" target=\"_blank\" rel=\"noopener noreferrer\">Eesti Kennelliidu andmebaas \u00bb<\/a><br \/>\nkaasomanik Raina Jeeberg, Eesti<br \/>\nInstagram: <a href=\"https:\/\/www.instagram.com\/unstoppable_bob\/\" target=\"_blank\" rel=\"noopener\">@unstoppable_bob<\/a><\/p>\n<h4>TERVISEUURINGUD<\/h4>\n<ul>\n<li>puusad A\/A<\/li>\n<li>k\u00fc\u00fcnarliigesed 0:0<\/li>\n<li>silmauuring puhas (leiuta)<\/li>\n<li>s\u00fcdameuuring puhas (leiuta)<\/li>\n<\/ul>\n<h4>GEENITESTID<\/h4>\n<ul>\n<li>HNPK Normal\/Clear<\/li>\n<li>EIC Normal\/Clear<\/li>\n<li>PRA-prcd Normal\/Clear<\/li>\n<li>STGD kandja<\/li>\n<li><a href=\"https:\/\/www.wisdompanel.com\/app\/s\/xwjl87v\" target=\"_blank\" rel=\"noopener\">k\u00f5ik tulemused (Wisdom Panel)<\/a><\/li>\n<\/ul>\n<h4>SUGUPUU<\/h4>\n<table class=\"tree\" border=\"1\">\n<tbody>\n<tr>\n<td class=\"tree\" style=\"width: 25%;\" rowspan=\"8\">LVA JCH LVA EST BLR LTU CZE BALT RUS POL CH Nuga Nuga Of Bohemia Bras<br \/>\nHD A\/A ED 0:0 Eyes Clear<br \/>\nprcd-PRA, HNPK, CNM, HUU, CY, DM, PKD Normal\/Clear, EIC Carrier<br \/>\nl\u00e4binud retriiverite t\u00f5ukatse, RTT ALG II j\u00e4rk<br \/>\n(CZ)<\/td>\n<td class=\"tree\" style=\"width: 25%;\" rowspan=\"4\">SVK CH Handy Hedgehog of Bohemia Bras<br \/>\nHD A\/A ED 0:0 Eyes Clear<br \/>\nNormal\/Clear on prcd-PRA, HNPK, CNM, CY, DM, EIC<br \/>\n(CZ)<\/td>\n<td class=\"tree\" style=\"width: 25%;\" rowspan=\"2\">POL UKR CH Mallorn\u2019s Love In A Mist<\/td>\n<td class=\"tree\" style=\"width: 25%;\">SWE SH CH NORW CH Tjotte&#8217;s Lover Under Cover<\/td>\n<\/tr>\n<tr>\n<td class=\"tree\">Mallorn\u2019s Ring Any Bells<\/td>\n<\/tr>\n<tr>\n<td class=\"tree\" rowspan=\"2\">Viva La Vida De Bohemia Bras<\/td>\n<td class=\"tree\">I HU CH GCH CZ CH CZ GCH AT SK Mallorn&#8217;s Rogue&#8217;s Gallery<\/td>\n<\/tr>\n<tr>\n<td class=\"tree\">King&#8217;s Swear of Bohemia Bras<\/td>\n<\/tr>\n<tr>\n<td class=\"tree\" rowspan=\"4\">Qu\u00e9 Suerte De La Bohemia Bras<br \/>\nHD A\/A ED 0:0<br \/>\nNormal\/Clear on prcd-PRA, EIC<br \/>\n(CZ)<\/td>\n<td class=\"tree\" rowspan=\"2\">Rosanan Lazzarone<\/td>\n<td class=\"tree\">Mallorn&#8217;s Arcturus<\/td>\n<\/tr>\n<tr>\n<td class=\"tree\">Rosanan Desert Rose<\/td>\n<\/tr>\n<tr>\n<td class=\"tree\" rowspan=\"2\">King\u2019s Swear Bohemia Bras<\/td>\n<td class=\"tree\">Rosanan Elvis Presley<\/td>\n<\/tr>\n<tr>\n<td class=\"tree\">Viking-Countess Bohemia Bras<\/td>\n<\/tr>\n<tr>\n<td class=\"tree\" rowspan=\"8\">My Brand Twice As Sweet<br \/>\nHD A\/A ED 0:0 Eyes Clear, Heart ECHO Doppler Clear<br \/>\nHNPK, EIC, prcd-PRA Normal\/Clear<br \/>\n(EST)<\/td>\n<td class=\"tree\" rowspan=\"4\">CAN CH Eagertrieves True Gravity<br \/>\nHips OFA Fair Elbows OFA Normal Eyes: OFA Clear<br \/>\nNormal\/Clear: prcd-PRA, EIC, HNPK, CNM, DM, Long Coat Gene<br \/>\nHeart ECHO: Clear<br \/>\n(CAN)<\/td>\n<td class=\"tree\" rowspan=\"2\">Ramblin Man Of Buddy Hunter<\/td>\n<td class=\"tree\">AC Pekka of Lontras Labs<\/td>\n<\/tr>\n<tr>\n<td class=\"tree\">Kiss Zen of Buddy Hunter<\/td>\n<\/tr>\n<tr>\n<td class=\"tree\" rowspan=\"2\">CAN CH Eagertrieves Grin And Bear It<\/td>\n<td class=\"tree\">CAN NZ CH Eagertrieves Downtown Brown<\/td>\n<\/tr>\n<tr>\n<td class=\"tree\">CAN CH Eagertrieves Ursa Major<\/td>\n<\/tr>\n<tr>\n<td class=\"tree\" rowspan=\"4\">My Brand Indian Magic<br \/>\nHD A\/A ED 0:0 Eyes Clear<br \/>\nNormal\/Clear: EIC, HNPK, prcd-PRA Carrier<br \/>\n(EST)<\/td>\n<td class=\"tree\" rowspan=\"2\">BALT JW\u201915 EST JCH Genuine My Brand Optimus Canis<\/td>\n<td class=\"tree\">INT CH POL JCH POL BLK UKR BUL CH Mallorn\u2019s Black Gangsta<\/td>\n<\/tr>\n<tr>\n<td class=\"tree\">Amazing Poppy Optimus Canis<\/td>\n<\/tr>\n<tr>\n<td class=\"tree\" rowspan=\"2\">Karankawa Maiara<\/td>\n<td class=\"tree\">MEX EST CH Tabatha\u2019s Caffu Queijeiro<\/td>\n<\/tr>\n<tr>\n<td class=\"tree\">Forest Fan Lilith<\/td>\n<\/tr>\n<\/tbody>\n<\/table>\n<h4>T\u00d6\u00d6 JA KATSED<\/h4>\n<table>\n<tbody>\n<tr>\n<th>Kuup\u00e4ev<\/th>\n<th>Katseala<\/th>\n<th>Kohtunik<\/th>\n<th>Klass<\/th>\n<th>Tulemused<\/th>\n<\/tr>\n<tr>\n<td>03.08.2024<\/td>\n<td>Retriiverite t\u00f5ukatse saagiga, L\u00e4ti<\/td>\n<td>Tatjana Zamorskaja<\/td>\n<td style=\"text-align: center;\">&#8211;<\/td>\n<td>sooritatud = rahvusvaheline t\u00f6\u00f6sertifikaat<\/td>\n<\/tr>\n<\/tbody>\n<\/table>\n<h4>N\u00c4ITUSETULEMUSED<\/h4>\n<table>\n<tbody>\n<tr>\n<th>Kuup\u00e4ev<\/th>\n<th>N\u00e4itus<\/th>\n<th>Kohtunik<\/th>\n<th>Klass<\/th>\n<th>Tulemused<\/th>\n<\/tr>\n<tr>\n<td>26.08.2023<\/td>\n<td>Rahvuslik koerten\u00e4itus, Haapsalu<\/td>\n<td>Marianne Holmli (Norway)<\/td>\n<td>Juunioriklass<\/td>\n<td>SP 1 SK TPJ Jun SERT<\/td>\n<\/tr>\n<\/tbody>\n<\/table>\n<h4>GALERII<\/h4>\n<p>ngg_shortcode_1_placeholder<\/p>","protected":false},"excerpt":{"rendered":"<p>My Brand Unstoppable Me &#8220;Bob&#8221; pruun isane (bbEE, ei kanna kollast) s\u00fcnd 01.07.2022 Eesti Kennelliidu andmebaas \u00bb kaasomanik Raina Jeeberg, Eesti Instagram: @unstoppable_bob TERVISEUURINGUD puusad A\/A k\u00fc\u00fcnarliigesed 0:0 silmauuring puhas (leiuta) s\u00fcdameuuring puhas (leiuta) GEENITESTID HNPK Normal\/Clear EIC Normal\/Clear PRA-prcd Normal\/Clear STGD kandja k\u00f5ik tulemused (Wisdom Panel) SUGUPUU LVA JCH LVA EST BLR LTU CZE [&hellip;]<\/p>\n","protected":false},"author":1,"featured_media":0,"parent":6,"menu_order":15,"comment_status":"closed","ping_status":"closed","template":"","meta":{"ngg_post_thumbnail":0,"footnotes":""},"class_list":["post-8956","page","type-page","status-publish","hentry"],"_links":{"self":[{"href":"https:\/\/vana.mybrand.ee\/et\/wp-json\/wp\/v2\/pages\/8956","targetHints":{"allow":["GET"]}}],"collection":[{"href":"https:\/\/vana.mybrand.ee\/et\/wp-json\/wp\/v2\/pages"}],"about":[{"href":"https:\/\/vana.mybrand.ee\/et\/wp-json\/wp\/v2\/types\/page"}],"author":[{"embeddable":true,"href":"https:\/\/vana.mybrand.ee\/et\/wp-json\/wp\/v2\/users\/1"}],"replies":[{"embeddable":true,"href":"https:\/\/vana.mybrand.ee\/et\/wp-json\/wp\/v2\/comments?post=8956"}],"version-history":[{"count":0,"href":"https:\/\/vana.mybrand.ee\/et\/wp-json\/wp\/v2\/pages\/8956\/revisions"}],"up":[{"embeddable":true,"href":"https:\/\/vana.mybrand.ee\/et\/wp-json\/wp\/v2\/pages\/6"}],"wp:attachment":[{"href":"https:\/\/vana.mybrand.ee\/et\/wp-json\/wp\/v2\/media?parent=8956"}],"curies":[{"name":"wp","href":"https:\/\/api.w.org\/{rel}","templated":true}]}}