{"id":898,"date":"2011-02-17T13:02:45","date_gmt":"2011-02-17T11:02:45","guid":{"rendered":"https:\/\/vana.mybrand.ee"},"modified":"2024-08-22T18:34:35","modified_gmt":"2024-08-22T16:34:35","slug":"toukatse","status":"publish","type":"page","link":"https:\/\/vana.mybrand.ee\/et\/library\/toukatse\/","title":{"rendered":"Retriiverite t\u00f5ukatse (RT)"},"content":{"rendered":"<p><\/p>\n<h3>RETRIIVERITE T\u00d5UKATSE<\/h3>\n<p>Retriiverite t\u00f5ukatse on t\u00f5uomaste instinktide test, kus saavad osaleda \u00fcle 8 kuu vanused retriiveri t\u00f5ugu koerad. Katse eesm\u00e4rgiks on hinnata, kas koera iseloom on omane konkreetse retriiveri t\u00f5ule ning kas koeral on eeldusi, mis v\u00f5imaldavad teda koolitada pisisaagi toomiseks ja\/v\u00f5i retriiverite jahikatseteks. T\u00f5uomaste instinktide hindamine aitab hinnata ka koera aretusv\u00e4\u00e4rtust.<\/p>\n<p>Retriiverite t\u00f5ukatset on v\u00f5imalik l\u00e4bida kas saagi v\u00f5i dummyga. Saagiga katsel kasutatakse t\u00f6\u00f6l vees parte, maastikul faasaneid v\u00f5i vareseid ning j\u00e4ljel k\u00fc\u00fclikut. Dummyga katsel kasutatakse spetsiaalseid tekstiilist \u00e4ratoomisesemeid ehk <a href=\"https:\/\/minukoer.ee\/toode\/firedog-standard-dummy-500g-1000g\/\"><em>dummy<\/em><\/a>&#8216;sid.<\/p>\n<p><img loading=\"lazy\" decoding=\"async\" class=\"alignnone size-full wp-image-9682\" src=\"http:\/\/vana.mybrand.ee\/wp-content\/uploads\/2024\/08\/IMG_0392.jpg\" alt=\"\" width=\"5184\" height=\"3456\" srcset=\"https:\/\/vana.mybrand.ee\/wp-content\/uploads\/2024\/08\/IMG_0392.jpg 5184w, https:\/\/vana.mybrand.ee\/wp-content\/uploads\/2024\/08\/IMG_0392-300x200.jpg 300w, https:\/\/vana.mybrand.ee\/wp-content\/uploads\/2024\/08\/IMG_0392-1024x683.jpg 1024w, https:\/\/vana.mybrand.ee\/wp-content\/uploads\/2024\/08\/IMG_0392-768x512.jpg 768w, https:\/\/vana.mybrand.ee\/wp-content\/uploads\/2024\/08\/IMG_0392-1536x1024.jpg 1536w, https:\/\/vana.mybrand.ee\/wp-content\/uploads\/2024\/08\/IMG_0392-2048x1365.jpg 2048w\" sizes=\"auto, (max-width: 5184px) 100vw, 5184px\" \/><\/p>\n<p>T\u00f5ukatse saagiga sooritanud koer saab taotleda rahvusvahelise FCI t\u00f6\u00f6sertifikaati, mis annab \u00f5iguse registreerida koera k\u00f5igil n\u00e4itustel kasutusklassi ning v\u00f5imaldab kinnitada rahvusliku ja ka rahvusvahelise v\u00e4limikut\u0161empioni tiitli. T\u00f5ukatse dummyga sooritanud koer saab taotleda rahvusliku t\u00f6\u00f6sertifikaadi, mis annab \u00f5iguse registreerida koera rahvuslikel-, r\u00fchma- ja erin\u00e4itustel kasutusklassi ning v\u00f5imaldab kinnitada vaid EST V CH tiitli.<\/p>\n<p>Treenimine ning osalemine retriiverite katsetel annab v\u00f5imaluse pakkuda koerale t\u00f5uomast t\u00f6\u00f6d. Paljud koerad naudivad, kui saavad teha seda, mille jaoks nad on aretatud. T\u00f5uomased katsed aitavad hoida oma koera aktiivse, tegusa ja koost\u00f6\u00f6valmina. Treenimine suurendab koera ja koerajuhi vahelist \u00fcksteisem\u00f5istmist ning \u00f5petab koera talitsema oma impulsse ning tegema koerajuhiga koost\u00f6\u00f6d. Olgugi, et tegemist on retriiverite instinktikatsega, tasub koeraga t\u00f5ukatseks valmistuda. Vajalik on elementaarne s\u00f5nakuulelikkus, koer peaks tulema kutsumise peale juurde ning n\u00f5ustuma esemeid koerajuhile loovutama.<\/p>\n<p><img loading=\"lazy\" decoding=\"async\" class=\"alignnone size-full wp-image-9683\" src=\"http:\/\/vana.mybrand.ee\/wp-content\/uploads\/2024\/08\/IMG_6118.jpg\" alt=\"\" width=\"5184\" height=\"3456\" srcset=\"https:\/\/vana.mybrand.ee\/wp-content\/uploads\/2024\/08\/IMG_6118.jpg 5184w, https:\/\/vana.mybrand.ee\/wp-content\/uploads\/2024\/08\/IMG_6118-300x200.jpg 300w, https:\/\/vana.mybrand.ee\/wp-content\/uploads\/2024\/08\/IMG_6118-1024x683.jpg 1024w, https:\/\/vana.mybrand.ee\/wp-content\/uploads\/2024\/08\/IMG_6118-768x512.jpg 768w, https:\/\/vana.mybrand.ee\/wp-content\/uploads\/2024\/08\/IMG_6118-1536x1024.jpg 1536w, https:\/\/vana.mybrand.ee\/wp-content\/uploads\/2024\/08\/IMG_6118-2048x1365.jpg 2048w\" sizes=\"auto, (max-width: 5184px) 100vw, 5184px\" \/><\/p>\n<p>Retriiverite t\u00f5ukatse koosneb neljast osast: sotsiaalsuse hindamine, veet\u00f6\u00f6, otsing ja j\u00e4lg. Katsel hinnatakse koera sotsiaalset k\u00e4itumist, ujumistahet, \u00e4ratoomistahet, otsimisindu, saagihaaret, saagi \u00e4ratoomistahet ja loovutamist, reageerimist p\u00fcssilasule, j\u00e4ljet\u00f6\u00f6d ja koost\u00f6\u00f6d juhiga.<\/p>\n<div style=\"width: 1810px\" class=\"wp-caption alignnone\"><img loading=\"lazy\" decoding=\"async\" src=\"https:\/\/vana.mybrand.ee\/wp-content\/gallery\/my-brand-soul-sister\/DSC_5596.JPG\" alt=\"DSC_5596\" width=\"1800\" height=\"1013\"><p class=\"wp-caption-text\">Foto: Nat\u0101lija Klane<\/p><\/div>\n<p><strong>1. Sotsiaalne k\u00e4itumine<\/strong><br \/>\nKohtunik kogub enda \u00fcmber paarimeetriste vahedega koerajuhid koos koertega ning tutvustab katset. Kohtunik k\u00e4tleb iga osalejat ning koertelt eeldatakse sotsiaalset ja s\u00f5bralikku k\u00e4itumist.<br \/>\nSeej\u00e4rel alustab esimene koer veet\u00f6\u00f6d ning teised koeral l\u00e4hevad autodesse v\u00f5i ootealale oma korda ootama. Iga koer sooritab katset nii, et teisi koeri pole n\u00e4gemisulatuses.<\/p>\n<p><img loading=\"lazy\" decoding=\"async\" class=\"alignnone size-full wp-image-9684\" src=\"http:\/\/vana.mybrand.ee\/wp-content\/uploads\/2024\/08\/IMG_3539.jpg\" alt=\"\" width=\"5184\" height=\"3456\" srcset=\"https:\/\/vana.mybrand.ee\/wp-content\/uploads\/2024\/08\/IMG_3539.jpg 5184w, https:\/\/vana.mybrand.ee\/wp-content\/uploads\/2024\/08\/IMG_3539-300x200.jpg 300w, https:\/\/vana.mybrand.ee\/wp-content\/uploads\/2024\/08\/IMG_3539-1024x683.jpg 1024w, https:\/\/vana.mybrand.ee\/wp-content\/uploads\/2024\/08\/IMG_3539-768x512.jpg 768w, https:\/\/vana.mybrand.ee\/wp-content\/uploads\/2024\/08\/IMG_3539-1536x1024.jpg 1536w, https:\/\/vana.mybrand.ee\/wp-content\/uploads\/2024\/08\/IMG_3539-2048x1365.jpg 2048w\" sizes=\"auto, (max-width: 5184px) 100vw, 5184px\" \/><\/p>\n<p><strong>2. Veet\u00f6\u00f6<\/strong><br \/>\nKoerale visatakse vette kaks lindu. Esimese linnu viskab kohtunik rannavette, et n\u00e4ha, kas koer l\u00e4heb meelsasti vette ning on linnu \u00e4ratoomisest huvitatud. Kui see \u00f5nnestub,&nbsp; visatakse teine lind vette paadist, mis on umbes 20 meetri kaugusel rannast. Enne teist viset k\u00e4ib p\u00fcssipauk, p\u00fcssimees on koerale selgelt n\u00e4htavas kohas ja mitte v\u00e4ga l\u00e4hedal. Koer peaks tooma linnud v\u00e4hemalt rannavette, ideaalis koerajuhile k\u00e4tte.<\/p>\n<p><img loading=\"lazy\" decoding=\"async\" class=\"alignnone size-full wp-image-9685\" src=\"http:\/\/vana.mybrand.ee\/wp-content\/uploads\/2024\/08\/IMG_3779.jpg\" alt=\"\" width=\"5184\" height=\"3456\" srcset=\"https:\/\/vana.mybrand.ee\/wp-content\/uploads\/2024\/08\/IMG_3779.jpg 5184w, https:\/\/vana.mybrand.ee\/wp-content\/uploads\/2024\/08\/IMG_3779-300x200.jpg 300w, https:\/\/vana.mybrand.ee\/wp-content\/uploads\/2024\/08\/IMG_3779-1024x683.jpg 1024w, https:\/\/vana.mybrand.ee\/wp-content\/uploads\/2024\/08\/IMG_3779-768x512.jpg 768w, https:\/\/vana.mybrand.ee\/wp-content\/uploads\/2024\/08\/IMG_3779-1536x1024.jpg 1536w, https:\/\/vana.mybrand.ee\/wp-content\/uploads\/2024\/08\/IMG_3779-2048x1365.jpg 2048w\" sizes=\"auto, (max-width: 5184px) 100vw, 5184px\" \/><\/p>\n<p><strong>3. Otsing<\/strong><br \/>\nKui koer on sooritanud veet\u00f6\u00f6, j\u00e4tkab ta katset otsingu\u00fclesandega. Maastikule on paigutatud viis lindu, neist kaugeim on v\u00e4hemalt 50 meetri kaugusel. Koer on rihmastatult koerajuhi k\u00f5rval, p\u00fcssimees teeb lasu, millega koos visatakse kuues lind sellisel moel, et koer n\u00e4eb viset, aga ei pruugi n\u00e4ha kukkumiskohta. Abilised ja p\u00fcssimees eemalduvad maastikult ning kohtunik annab loa saata koer linde tooma. Koer peab \u00e4ra tooma piisava arvu linde, et oleks v\u00f5imalik veenduda, et tema otsingutahe ei rauge. Oma t\u00f6\u00f6s peab olema koeral piisavalt enesekindlust, et leida ja tuua \u00e4ra ka k\u00f5ige kaugeim lind. Koer peaks tooma linnud juhi l\u00e4hedale, eelistatavalt k\u00e4tte.<\/p>\n<p><img loading=\"lazy\" decoding=\"async\" class=\"alignnone size-full wp-image-9686\" src=\"http:\/\/vana.mybrand.ee\/wp-content\/uploads\/2024\/08\/toukatse-17.05.2021_57.jpg\" alt=\"\" width=\"5184\" height=\"3456\" srcset=\"https:\/\/vana.mybrand.ee\/wp-content\/uploads\/2024\/08\/toukatse-17.05.2021_57.jpg 5184w, https:\/\/vana.mybrand.ee\/wp-content\/uploads\/2024\/08\/toukatse-17.05.2021_57-300x200.jpg 300w, https:\/\/vana.mybrand.ee\/wp-content\/uploads\/2024\/08\/toukatse-17.05.2021_57-1024x683.jpg 1024w, https:\/\/vana.mybrand.ee\/wp-content\/uploads\/2024\/08\/toukatse-17.05.2021_57-768x512.jpg 768w, https:\/\/vana.mybrand.ee\/wp-content\/uploads\/2024\/08\/toukatse-17.05.2021_57-1536x1024.jpg 1536w, https:\/\/vana.mybrand.ee\/wp-content\/uploads\/2024\/08\/toukatse-17.05.2021_57-2048x1365.jpg 2048w\" sizes=\"auto, (max-width: 5184px) 100vw, 5184px\" \/><\/p>\n<p><strong>4. J\u00e4lg<\/strong><br \/>\nPeale \u00e4ratoomist hindab kohtunik suuliselt koera t\u00f6\u00f6d ja annab teada, kas koer lubatakse edasi j\u00e4ljele. J\u00e4ljele p\u00e4\u00e4semine eeldab, et k\u00f5ik senised \u00fclesanded on positiivselt sooritatud. J\u00e4lg veetakse j\u00e4nesega koertele peale seda, kui k\u00f5ik koerad on j\u00e4rgem\u00f6\u00f6da sooritanud veet\u00f6\u00f6 ja otsingu. J\u00e4lg on umbes 80 m pikk ja on veetud maastiku loomulikke erisusi arvestades. Kui koer on j\u00e4ljel, peavad teised koerad olema peidus. Koer peab j\u00e4nese ise leidma ja tooma juhile.<\/p>\n<p><img loading=\"lazy\" decoding=\"async\" class=\"alignnone\" src=\"https:\/\/vana.mybrand.ee\/wp-content\/gallery\/astonishing-aquarelle\/IMG_7726.jpg\" alt=\"Astonishing Aquarelle &quot;Pepe&quot;\" width=\"1800\" height=\"1200\"><\/p>\n<p>Katse l\u00e4bimiseks on oluline, et koer saab k\u00f5ikides hinnatavates omadustes tulemuse &#8220;sooritatud&#8221;. Kohtunik v\u00f5ib \u00fclesandeid korrata, et koera instinktides veenduda ning vajadusel aitab koera. Katse katkestatakse, kui koeral t\u00e4ielikult puudub t\u00f6\u00f6tahe, ta on tugevalt paugukartlik, l\u00f5hub saagi v\u00f5i pillub seda, keeldub vette minemast, on agressiivne teiste koerte ja inimeste vastu, haugub v\u00f5i vingub nii h\u00e4irivalt, et katset pole v\u00f5imalik l\u00e4bi viia, v\u00e4ljub koerajuhi kontrolli alt v\u00f5i on nende koost\u00f6\u00f6 nii puudulik, et katse sooritamine ei ole v\u00f5imalik.<\/p>\n<p>Koer, kes sooritab t\u00f5ukatse, saab vastava diplomi, mille alusel saab Eesti kennelliidust taotleda rahvusvahelist t\u00f6\u00f6sertifikaati.<\/p>\n<p>Erinevate retriiverite katsete reeglid leiad <a href=\"https:\/\/kennelliit.ee\/alluksused\/ekl-retriiverite-kogu\/\">Eesti Kennelliidu Retriiverite Kogu lehelt<\/a>.<\/p>\n<p><img loading=\"lazy\" decoding=\"async\" class=\"alignnone\" src=\"https:\/\/vana.mybrand.ee\/wp-content\/gallery\/astonishing-aquarelle\/IMG_7542.jpg\" alt=\"Astonishing Aquarelle &quot;Pepe&quot;\" width=\"1800\" height=\"1200\"><\/p>","protected":false},"excerpt":{"rendered":"<p>RETRIIVERITE T\u00d5UKATSE Retriiverite t\u00f5ukatse on t\u00f5uomaste instinktide test, kus saavad osaleda \u00fcle 8 kuu vanused retriiveri t\u00f5ugu koerad. Katse eesm\u00e4rgiks on hinnata, kas koera iseloom on omane konkreetse retriiveri t\u00f5ule ning kas koeral on eeldusi, mis v\u00f5imaldavad teda koolitada pisisaagi toomiseks ja\/v\u00f5i retriiverite jahikatseteks. T\u00f5uomaste instinktide hindamine aitab hinnata ka koera aretusv\u00e4\u00e4rtust. Retriiverite t\u00f5ukatset on [&hellip;]<\/p>\n","protected":false},"author":1,"featured_media":0,"parent":177,"menu_order":0,"comment_status":"closed","ping_status":"closed","template":"template-left-nav-sidebar.php","meta":{"ngg_post_thumbnail":0,"footnotes":""},"class_list":["post-898","page","type-page","status-publish","hentry"],"_links":{"self":[{"href":"https:\/\/vana.mybrand.ee\/et\/wp-json\/wp\/v2\/pages\/898","targetHints":{"allow":["GET"]}}],"collection":[{"href":"https:\/\/vana.mybrand.ee\/et\/wp-json\/wp\/v2\/pages"}],"about":[{"href":"https:\/\/vana.mybrand.ee\/et\/wp-json\/wp\/v2\/types\/page"}],"author":[{"embeddable":true,"href":"https:\/\/vana.mybrand.ee\/et\/wp-json\/wp\/v2\/users\/1"}],"replies":[{"embeddable":true,"href":"https:\/\/vana.mybrand.ee\/et\/wp-json\/wp\/v2\/comments?post=898"}],"version-history":[{"count":0,"href":"https:\/\/vana.mybrand.ee\/et\/wp-json\/wp\/v2\/pages\/898\/revisions"}],"up":[{"embeddable":true,"href":"https:\/\/vana.mybrand.ee\/et\/wp-json\/wp\/v2\/pages\/177"}],"wp:attachment":[{"href":"https:\/\/vana.mybrand.ee\/et\/wp-json\/wp\/v2\/media?parent=898"}],"curies":[{"name":"wp","href":"https:\/\/api.w.org\/{rel}","templated":true}]}}