{"id":9005,"date":"2023-01-06T22:46:23","date_gmt":"2023-01-06T20:46:23","guid":{"rendered":"https:\/\/vana.mybrand.ee\/?page_id=9005"},"modified":"2023-01-14T19:41:32","modified_gmt":"2023-01-14T17:41:32","slug":"lagotto","status":"publish","type":"page","link":"https:\/\/vana.mybrand.ee\/et\/lagotto\/","title":{"rendered":"Meie Lagotto"},"content":{"rendered":"<p><img decoding=\"async\" class=\"alignnone\" title=\"Il Granaio Dei Malatesta Francesco Guccini\" src=\"https:\/\/vana.mybrand.ee\/wp-content\/gallery\/il-granaio-dei-malatesta-francesco-guccini\/web-IMG_4384.jpg\"><\/p>\n<h2>Il Granaio Dei Malatesta Francesco Guccini &#8220;Bravo&#8221;<\/h2>\n<p>Pruun isane<br \/>\nS\u00fcnd 15.08.2022<br \/>\nKasvataja Monica Benelli, Italy<br \/>\n<a href=\"https:\/\/register.kennelliit.ee\/index.php?page=dogCard&amp;dogId=344203\" target=\"_blank\" rel=\"noopener noreferrer\">Eesti Kennelliidu andmebaas \u00bb<\/a><\/p>\n<h4>TERVISEUURINGUD<\/h4>\n<ul>\n<li>puusad &#8212;<\/li>\n<li>k\u00fc\u00fcnarliigesed &#8212;<\/li>\n<li>silmad &#8212;<\/li>\n<li>s\u00fcda &#8212;<\/li>\n<\/ul>\n<h4>GEENITESTID<\/h4>\n<ul>\n<li>&#8212;<\/li>\n<\/ul>\n<h4>SUGUPUU<\/h4>\n<table class=\"tree\" border=\"1\">\n<tbody>\n<tr>\n<td class=\"tree\" style=\"width: 25%;\" rowspan=\"8\">IT HU HR JCH HR CH US GR CH BISS Italian Specialty Jun Cruts Winner 2016 Derby Winner 2016 ENCI Winner 2017<br \/>\nIl Granaio Dei Malatesta Negroni Sbagliato<br \/>\nHD A\/A ED 0:0 Eyes Clear<br \/>\n<span class=\"x193iq5w xeuugli x13faqbe x1vvkbs x1xmvt09 x1lliihq x1s928wv xhkezso x1gmr53x x1cpjm7i x1fgarty x1943h6x xudqn12 x3x7a5m x6prxxf xvq8zen xo1l8bm xzsf02u\" dir=\"auto\">JE Carrier SD clear Furnishing F\/F<\/span><br \/>\n(ITA)<\/td>\n<td class=\"tree\" style=\"width: 25%;\" rowspan=\"4\">AM CH II Granaio Dei Malatesta Dalmazio<br \/>\n(ITA)<\/td>\n<td class=\"tree\" style=\"width: 25%;\" rowspan=\"2\">C.I.B. IT MVA Dante Delle Gualdarie<\/td>\n<td class=\"tree\" style=\"width: 25%;\">C.I.B. IT CH Ioris Delle Farnie<\/td>\n<\/tr>\n<tr>\n<td class=\"tree\" style=\"width: 25%;\">IT CH Beatrice For Gualdarie<\/td>\n<\/tr>\n<tr>\n<td class=\"tree\" style=\"width: 25%;\" rowspan=\"2\">Yduns Blue&#8217;s Malu<\/td>\n<td class=\"tree\" style=\"width: 25%;\">Yduns Blue&#8217;s Benito<\/td>\n<\/tr>\n<tr>\n<td class=\"tree\" style=\"width: 25%;\">Yduns Blue&#8217;s Etta<\/td>\n<\/tr>\n<tr>\n<td class=\"tree\" style=\"width: 25%;\" rowspan=\"4\">Il Granaio Dei Malatesta Elisa<br \/>\n(ITA)<\/td>\n<td class=\"tree\" style=\"width: 25%;\" rowspan=\"2\">II Granaio Dei Malatesta Tiberio<\/td>\n<td class=\"tree\" style=\"width: 25%;\">FI CH Il Granaio Dei Malatesta Giuseppe Giacobazzi<\/td>\n<\/tr>\n<tr>\n<td class=\"tree\" style=\"width: 25%;\">Delmina<\/td>\n<\/tr>\n<tr>\n<td class=\"tree\" style=\"width: 25%;\" rowspan=\"2\">LK Emma For Granaio<\/td>\n<td class=\"tree\" style=\"width: 25%;\">LUX IT HR CH Gauluois Delle Farnie<\/td>\n<\/tr>\n<tr>\n<td class=\"tree\" style=\"width: 25%;\">Mirta<\/td>\n<\/tr>\n<tr>\n<td class=\"tree\" style=\"width: 25%;\" rowspan=\"8\">IT CH Bazolo Melancholia<br \/>\nTruffle search competition Bagno Di Romagna Qualified with Exc<br \/>\nTirreno Winner 2022<br \/>\nHD A\/A ED 0:0<br \/>\n(FIN)<\/td>\n<td class=\"tree\" style=\"width: 25%;\" rowspan=\"4\">FI CH LV EE JCH EST W-15 EST JW-15 LVJW-15 BALTJW-15 Bazolo Itaco<br \/>\nHD A\/A<br \/>\n(FIN)<\/td>\n<td class=\"tree\" style=\"width: 25%;\" rowspan=\"2\">FI EST LV LT BALT CH LVW-12 BALTW-12 Helisalon Valentino<\/td>\n<td class=\"tree\" style=\"width: 25%;\">AM CH Kai Den\u00b4s Black Tie Affair JH<\/td>\n<\/tr>\n<tr>\n<td class=\"tree\" style=\"width: 25%;\">AM CH Mtn Meadow It\u2019s About Time<\/td>\n<\/tr>\n<tr>\n<td class=\"tree\" style=\"width: 25%;\" rowspan=\"2\">LVJW-12 Il Granaio Dei Malatesta Orietta<\/td>\n<td class=\"tree\" style=\"width: 25%;\">AM CH Springbok\u2019s Out\u2019A-Sight<\/td>\n<\/tr>\n<tr>\n<td class=\"tree\" style=\"width: 25%;\">AM CH Mtn Meadow Lady Godiva<\/td>\n<\/tr>\n<tr>\n<td class=\"tree\" style=\"width: 25%;\" rowspan=\"4\">FI CH LV JCH EST JCH EST JW-15 LVJW-15 BALTJW-15 Bazolo Jayla<br \/>\n(FIN)<\/td>\n<td class=\"tree\" style=\"width: 25%;\" rowspan=\"2\">FI CH Il Granaio Dei Malatesta Giuseppe Giacobazzi<\/td>\n<td class=\"tree\" style=\"width: 25%;\">AM CH POL CH Dickendall Buckstone Three Dog Night<\/td>\n<\/tr>\n<tr>\n<td class=\"tree\" style=\"width: 25%;\">JCH PL Sandamar HySpire I\u2019m So Vain<\/td>\n<\/tr>\n<tr>\n<td class=\"tree\" style=\"width: 25%;\" rowspan=\"2\">FI CH LVJW-11 Budoar Brittney<\/td>\n<td class=\"tree\" style=\"width: 25%;\">C.I.B. FI CH FI ObCH NO CH EST VetCH EST LV CH RUS CH BALT CH BALTW-09 EST W-09 Budoar Monroe<\/td>\n<\/tr>\n<tr>\n<td class=\"tree\" style=\"width: 25%;\">Jet-Set&#8217;s Fiorina&#8217;s Legacy<\/td>\n<\/tr>\n<\/tbody>\n<\/table>\n<h4>GALERII<\/h4>\n<p>ngg_shortcode_1_placeholder<\/p>","protected":false},"excerpt":{"rendered":"<p>Il Granaio Dei Malatesta Francesco Guccini &#8220;Bravo&#8221; Pruun isane S\u00fcnd 15.08.2022 Kasvataja Monica Benelli, Italy Eesti Kennelliidu andmebaas \u00bb TERVISEUURINGUD puusad &#8212; k\u00fc\u00fcnarliigesed &#8212; silmad &#8212; s\u00fcda &#8212; GEENITESTID &#8212; SUGUPUU IT HU HR JCH HR CH US GR CH BISS Italian Specialty Jun Cruts Winner 2016 Derby Winner 2016 ENCI Winner 2017 Il Granaio [&hellip;]<\/p>\n","protected":false},"author":1,"featured_media":0,"parent":0,"menu_order":8,"comment_status":"closed","ping_status":"closed","template":"","meta":{"ngg_post_thumbnail":0,"footnotes":""},"class_list":["post-9005","page","type-page","status-publish","hentry"],"_links":{"self":[{"href":"https:\/\/vana.mybrand.ee\/et\/wp-json\/wp\/v2\/pages\/9005","targetHints":{"allow":["GET"]}}],"collection":[{"href":"https:\/\/vana.mybrand.ee\/et\/wp-json\/wp\/v2\/pages"}],"about":[{"href":"https:\/\/vana.mybrand.ee\/et\/wp-json\/wp\/v2\/types\/page"}],"author":[{"embeddable":true,"href":"https:\/\/vana.mybrand.ee\/et\/wp-json\/wp\/v2\/users\/1"}],"replies":[{"embeddable":true,"href":"https:\/\/vana.mybrand.ee\/et\/wp-json\/wp\/v2\/comments?post=9005"}],"version-history":[{"count":0,"href":"https:\/\/vana.mybrand.ee\/et\/wp-json\/wp\/v2\/pages\/9005\/revisions"}],"wp:attachment":[{"href":"https:\/\/vana.mybrand.ee\/et\/wp-json\/wp\/v2\/media?parent=9005"}],"curies":[{"name":"wp","href":"https:\/\/api.w.org\/{rel}","templated":true}]}}