{"id":906,"date":"2011-02-17T22:59:08","date_gmt":"2011-02-17T20:59:08","guid":{"rendered":"https:\/\/vana.mybrand.ee"},"modified":"2011-02-17T23:04:48","modified_gmt":"2011-02-17T21:04:48","slug":"fci-toustandard","status":"publish","type":"page","link":"https:\/\/vana.mybrand.ee\/et\/library\/fci-toustandard\/","title":{"rendered":"FCI t\u00f5ustandard"},"content":{"rendered":"<p>LABRADORI RETRIIVER nr 122<\/p>\n<p>Kinnitatud FCI: 24.06.1987<br \/>\nFCI \u2013 Standard nr 122 \/ 29.01.1999 \/ GB<\/p>\n<p>LABRADORI RETRIIVER (LABRADOR RETRIEVER)<br \/>\nP\u00c4RITOLU: Suurbritannia.<\/p>\n<p>KEHTIVA ORIGINAALSTANDARDI AVALDAMISE AEG: 24.06.1987.<br \/>\nKASUTUS: Apporteeriv koer.<\/p>\n<p>FCI KLASSIFIKATSIOON:<br \/>\nR\u00fchm 8: Retriiverid, linde lenduajavad koerad ja veekoerad.<br \/>\nAlar\u00fchm 1: Retriiverid<br \/>\nT\u00f6\u00f6katsetega.<\/p>\n<p>\u00dcLDMULJE :<\/p>\n<p>Tugeva kehaehitusega, l\u00fchikese nimmepartiiga, h\u00e4sti aktiivne; laia kolju-osaga; s\u00fcgava ja avara rinnakorviga ning kaardunud roietega; laia ja tugeva nimmeosa ning tagav\u00f6\u00f6tmega.<\/p>\n<p>K\u00c4ITUMINE \/ ISELOOM :<br \/>\nTasakaaluka temperamendiga, h\u00e4sti taibukas. Suurep\u00e4rase haistmisega nina, pehme haardega l\u00f5uad; vett jumaldav. Kohanemisv\u00f5imeline, kiinduv seltsiline. Intelligentne, innukas ja alatises valmisolekus, \u00fclisuure teenistusvalmidusega. S\u00f5braliku loomusega, ilma<br \/>\nmingisugusegi kalduvuseta agressiivsusele v\u00f5i olulise pelglikkuseta.<\/p>\n<p>PEA<br \/>\nPEAPIIRKOND :<br \/>\nKolju : Lai, puhaste joontega ja ilma lihavate p\u00f5skedeta. \u00dcleminek laubalt koonule : R\u00f5hutatud.<\/p>\n<p>N\u00c4OPIIRKOND :<br \/>\nNinapeegel : Lai, h\u00e4sti avatud ninas\u00f5\u00f5rmetega.<br \/>\nKoon : J\u00f5uline, mitte teravnev.<br \/>\nL\u00f5uad \/ Hambad : L\u00f5uad on keskmise pikkusega, l\u00f5uad ja hambad on tugevad ning perfektse, korrap\u00e4rase ja t\u00e4iskomplektse hammastikuga k\u00e4\u00e4ritaolises hambumuses,<br \/>\ns.t \u00fclemised l\u00f5ikehambad katavad alumisi ilma vahet j\u00e4tmata ning hambad v\u00e4ljuvad l\u00f5ualuust otse.<br \/>\nSilmad : Keskmise suurusega, intelligentse ja heatahtliku ilmega, pruunid v\u00f5i p\u00e4hkelpruunid.<br \/>\nK\u00f5rvad : Mitte suured ega raskep\u00e4rased, rippuvad ja tihedalt pea k\u00fclgedele liibuvad, asetsevad \u00fcsna taha kinnitunult.<\/p>\n<p>KAEL :<br \/>\nKuiv, tugev, j\u00f5uline, sujuva \u00fcleminekuga h\u00e4sti \u00f5lgadele kinnitunud.<\/p>\n<p>KERE :<br \/>\nSelg : Sirge \u00fclajoon.<br \/>\nNimme (lanne) : Lai, l\u00fchike ja tugev.<br \/>\nRindkere : Hea laiusega ja s\u00fcgavusega, tugevasti ja t\u00fcnnikujuliselt kaardunud rinnakorviga.<\/p>\n<p>SABA :<br \/>\nT\u00f5ule iseloomulik tunnus, t\u00fcvest h\u00e4sti j\u00e4me, tipu suunas \u00fchtlaselt ahenev, keskmise pikkusega, ilma karvanarmastuseta, kuid siiski kogu saba ulatuses h\u00e4sti kaetud l\u00fchikese, j\u00e4meda ja tiheda karvaga, mis annab sabale \u00fcmara v\u00e4ljan\u00e4gemise ja mida seet\u00f5ttu kirjeldatakse kui \u201csaarmasaba\u201d. V\u00f5ib olla l\u00f5busalt kaarduv, kuid mitte \u00fcle seljajoone keerdunud.<\/p>\n<p>J\u00c4SEMED :<br \/>\nESIJ\u00c4SEMED:<br \/>\nEsijalad on tugevate luudega ning k\u00fc\u00fcnarnukkidest maani sirged nii k\u00fcljelt kui eestpoolt vaadates.<br \/>\n\u00d5lad : Pikad ja kaldus asetusega.<\/p>\n<p>TAGAJ\u00c4SEMED :<br \/>\nH\u00e4sti arenenud, saba suunas mitte laskuv tagav\u00f6\u00f6de.<br \/>\nP\u00f5lveliigesed : Heade nurkadega.<br \/>\nKannaliigesed : Madala asetusega. Kooskandsus on \u00e4\u00e4rmiselt ebasoovitav.<\/p>\n<p>K\u00c4PAD :<br \/>\n\u00dcmarad, kompaktsed; h\u00e4sti kaardunud varvastega ja h\u00e4sti arenenud k\u00e4papadjanditega.<\/p>\n<p>LIIKUMINE :<br \/>\nVaba, pika ulatusega; nii esi- kui tagajalad liiguvad sirgjoones ja paralleelselt.<\/p>\n<p>KARVKATE :<br \/>\nKARV : Iseloomulik t\u00f5uline tunnus, l\u00fchike, tihe, ilma kalduvuseta karvanarmastuse moodustumisele, katsudes \u00fcsna k\u00f5va tekstuuriga; ilmastikukindel alusvill.<\/p>\n<p>V\u00c4RVUS : \u00dchev\u00e4rviliselt must, kollane v\u00f5i maksakarva \/ \u0161okolaadipruun. Kollane v\u00f5ib olla heledast kreemist kuni rebasepunaseni. Lubatud on v\u00e4ike valge laik rinnal.<\/p>\n<p>SUURUS :<br \/>\nIdeaalne turjak\u00f5rgus:<br \/>\nIsased 56-57 cm (22-22,5 tolli);<br \/>\nEmased 54-56 cm (21,5-22 tolli).<\/p>\n<p>VEAD :<br \/>\nIgat k\u00f5rvalekallet eeltoodud punktidest tuleb k\u00e4sitleda veana, mille aste hindamisel s\u00f5ltub otseselt k\u00f5rvalekalde ulatusest ja selle m\u00f5just koera tervisele ning heaolule.<br \/>\nDiskvalifitseerida tuleb k\u00f5ik koerad, kellel esineb m\u00e4rgatavaid arenguh\u00e4ireid v\u00f5i k\u00e4itumish\u00e4lbeid.<br \/>\nM\u00e4rkus: Isastel peab olema kaks n\u00e4htavalt normaalselt arenenud ja t\u00e4ielikult munandikotti laskunud munandit.<\/p>\n<p>Maret K\u00e4rdi t\u00f5lge<br \/>\ninglisekeelsest originaalist, m\u00e4rts 2005.<br \/>\nheaks kiidetud EKL juhatuses 16. juunil 2005 protokoll nr 6<\/p>","protected":false},"excerpt":{"rendered":"<p>LABRADORI RETRIIVER nr 122 Kinnitatud FCI: 24.06.1987 FCI \u2013 Standard nr 122 \/ 29.01.1999 \/ GB LABRADORI RETRIIVER (LABRADOR RETRIEVER) P\u00c4RITOLU: Suurbritannia. KEHTIVA ORIGINAALSTANDARDI AVALDAMISE AEG: 24.06.1987. KASUTUS: Apporteeriv koer. FCI KLASSIFIKATSIOON: R\u00fchm 8: Retriiverid, linde lenduajavad koerad ja veekoerad. Alar\u00fchm 1: Retriiverid T\u00f6\u00f6katsetega. \u00dcLDMULJE : Tugeva kehaehitusega, l\u00fchikese nimmepartiiga, h\u00e4sti aktiivne; laia kolju-osaga; s\u00fcgava [&hellip;]<\/p>\n","protected":false},"author":1,"featured_media":0,"parent":177,"menu_order":0,"comment_status":"closed","ping_status":"closed","template":"","meta":{"ngg_post_thumbnail":0,"footnotes":""},"class_list":["post-906","page","type-page","status-publish","hentry"],"_links":{"self":[{"href":"https:\/\/vana.mybrand.ee\/et\/wp-json\/wp\/v2\/pages\/906","targetHints":{"allow":["GET"]}}],"collection":[{"href":"https:\/\/vana.mybrand.ee\/et\/wp-json\/wp\/v2\/pages"}],"about":[{"href":"https:\/\/vana.mybrand.ee\/et\/wp-json\/wp\/v2\/types\/page"}],"author":[{"embeddable":true,"href":"https:\/\/vana.mybrand.ee\/et\/wp-json\/wp\/v2\/users\/1"}],"replies":[{"embeddable":true,"href":"https:\/\/vana.mybrand.ee\/et\/wp-json\/wp\/v2\/comments?post=906"}],"version-history":[{"count":0,"href":"https:\/\/vana.mybrand.ee\/et\/wp-json\/wp\/v2\/pages\/906\/revisions"}],"up":[{"embeddable":true,"href":"https:\/\/vana.mybrand.ee\/et\/wp-json\/wp\/v2\/pages\/177"}],"wp:attachment":[{"href":"https:\/\/vana.mybrand.ee\/et\/wp-json\/wp\/v2\/media?parent=906"}],"curies":[{"name":"wp","href":"https:\/\/api.w.org\/{rel}","templated":true}]}}