{"id":9085,"date":"2023-02-01T15:15:41","date_gmt":"2023-02-01T13:15:41","guid":{"rendered":"https:\/\/vana.mybrand.ee\/?page_id=9085"},"modified":"2023-02-01T15:15:41","modified_gmt":"2023-02-01T13:15:41","slug":"my-brand-world-edition","status":"publish","type":"page","link":"https:\/\/vana.mybrand.ee\/et\/noored-ja-lubavad\/my-brand-world-edition\/","title":{"rendered":"My Brand World Edition ~Bono~"},"content":{"rendered":"<p><img loading=\"lazy\" decoding=\"async\" class=\"alignnone size-full\" src=\"https:\/\/vana.mybrand.ee\/wp-content\/gallery\/other-dogs\/coming-soon.jpg\" width=\"1800\" height=\"1200\"><\/p>\n<h3>My Brand World Edition &#8220;Bono&#8221;<\/h3>\n<p>must isane (BbEE, kannab pruuni v\u00e4rvi)<br \/>\ns\u00fcnd 7.09.2022<br \/>\nKaasomanik Marilin Kvell, Eesti<br \/>\n<a href=\"https:\/\/register.kennelliit.ee\/index.php?page=dogCard&amp;dogId=341822\" target=\"_blank\" rel=\"noopener\">EKL andmebaasis \u00bb<\/a><\/p>\n<h4>TERVISEUURINGUD<\/h4>\n<ul>\n<li>puusad &#8212;<\/li>\n<li>k\u00fc\u00fcnarliigesed &#8212;<\/li>\n<li>silmad &#8212;<\/li>\n<li>s\u00fcda &#8212;<\/li>\n<\/ul>\n<h4>GEENITESTID<\/h4>\n<ul>\n<li>prcd-PRA Normal\/Clear (vanemad puhtad)<\/li>\n<li>EIC &#8212;<\/li>\n<li>HNPK Normal\/Clear (vanemad puhtad)<\/li>\n<\/ul>\n<h4>SUGUPUU<\/h4>\n<table class=\"tree\" border=\"1\">\n<tbody>\n<tr>\n<td class=\"tree\" style=\"width: 25%;\" rowspan=\"8\">FIN EST LV LTU BALT CH<br \/>\nMy Brand Night To Remember<br \/>\nHD B\/B ED 0:0 Eyes &amp; Heart ECHO Clear<br \/>\nEIC, HNPK, prcd-PRA, RD\/OSD Clear<br \/>\nlong coat gene Clear<br \/>\n(EST)<\/td>\n<td class=\"tree\" style=\"width: 25%;\" rowspan=\"4\">MBISJ MX CH PR CH Maroma\u2019s Captain Cove<br \/>\nHD A\/A ED 0:0 Eyes Clear (AVCO)<br \/>\nprcd-PRA, CNM, HNPK, long coat &amp; EIC Heart: Clear by Doppler<br \/>\n(MEX)<\/td>\n<td class=\"tree\" style=\"width: 25%;\" rowspan=\"2\">AM GCH Lakeside Memoir Of Gallivant<\/td>\n<td class=\"tree\" style=\"width: 25%;\">Gallivant Big Pine Out of Africa<\/td>\n<\/tr>\n<tr>\n<td class=\"tree\">AM CH Meredith Herbu Zadora<\/td>\n<\/tr>\n<tr>\n<td class=\"tree\" rowspan=\"2\">The Princess Of Oz (Concha)<\/td>\n<td class=\"tree\">AM CH Lobuff Hollyridge Wizard of Oz<\/td>\n<\/tr>\n<tr>\n<td class=\"tree\">Belquest Princess Maya<\/td>\n<\/tr>\n<tr>\n<td class=\"tree\" rowspan=\"4\">My Brand Last Night At Cheyas<br \/>\nHD A\/A ED 0:0 Eyes Clear<br \/>\nprcd-PRA, HNPK &amp; EIC Normal\/Clear<br \/>\n(EST)<\/td>\n<td class=\"tree\" rowspan=\"2\">POL MEX CH Vegas Night Bella Mare<\/td>\n<td class=\"tree\">NORD JW&#8217;11 Destinys AM CH POL CH Dickendall Buckstone Three Dog Night<\/td>\n<\/tr>\n<tr>\n<td class=\"tree\">JCH PL Sandamar HySpire I\u2019m So Vain<\/td>\n<\/tr>\n<tr>\n<td class=\"tree\" rowspan=\"2\">My Brand Kiss From A Rose<\/td>\n<td class=\"tree\">MEX EST CH Tabatha\u2019s Caffu Queijeiro<\/td>\n<\/tr>\n<tr>\n<td class=\"tree\">My Brand Rare Stone Rose<\/td>\n<\/tr>\n<tr>\n<td class=\"tree\" rowspan=\"8\">EST LV LTU BALT JCH EST LV LTU BALT CH My Brand Discover The World<br \/>\nHD A\/A ED 0:0 Eyes Clear<br \/>\nprcd-PRA Normal\/Clear, HNPK Normal\/Clear, EIC Carrier<br \/>\n(EST)<\/td>\n<td class=\"tree\" rowspan=\"4\">SW SH CH Windleaf Disco<strong><br \/>\n<\/strong>HD A\/A ED 0:0 Eyes Clear<br \/>\nEIC, HNPK, prcd-PRA Normal\/Clear<br \/>\n(SW)<\/td>\n<td class=\"tree\" rowspan=\"2\">CAN CH Madabout\u2019s Rideon to Handyhill<\/td>\n<td class=\"tree\"><span class=\"\u0441\u0442\u0438\u043b\u044c7\">BISS AM CH Lor-Als Hot Diggity JH WC<\/span><\/td>\n<\/tr>\n<tr>\n<td class=\"tree\">Madabout\u2019s Juno My Name<\/td>\n<\/tr>\n<tr>\n<td class=\"tree\" rowspan=\"2\">SW SH CH NO CH Aquador Morgana<\/td>\n<td class=\"tree\">NO CH Labry Berry Scherbet at Play Mor<\/td>\n<\/tr>\n<tr>\n<td class=\"tree\">Aquador Ilythia<\/td>\n<\/tr>\n<tr>\n<td class=\"tree\" rowspan=\"4\">My Brand Special Indeed<br \/>\nHD A\/A ED 0:0 Eyes Clear<br \/>\nPRA-prcd Normal\/Clear<br \/>\nEIC Carrier<br \/>\n(EST)<\/td>\n<td class=\"tree\" rowspan=\"2\">RUS RKF BLR UKR FIN INT CH<br \/>\nStenveyz Get Popular<\/td>\n<td class=\"tree\">FIN EST RUS CH Palabras Keep On Movin\u2019<\/td>\n<\/tr>\n<tr>\n<td class=\"tree\">Stenveyz Part of Million<\/td>\n<\/tr>\n<tr>\n<td class=\"tree\" rowspan=\"2\">My Brand Mademoiselle<\/td>\n<td class=\"tree\">Mallorn\u2019s Romeo<\/td>\n<\/tr>\n<tr>\n<td class=\"tree\">FIN EST LV LTU BALT RUS CH FIN JW\u201903 Mallorn\u2019s Terracotta<\/td>\n<\/tr>\n<\/tbody>\n<\/table>\n<h4 class=\"wpview-selection-before\">GALERII<\/h4>\n<p>ngg_shortcode_1_placeholder<\/p>","protected":false},"excerpt":{"rendered":"<p>My Brand World Edition &#8220;Bono&#8221; must isane (BbEE, kannab pruuni v\u00e4rvi) s\u00fcnd 7.09.2022 Kaasomanik Marilin Kvell, Eesti EKL andmebaasis \u00bb TERVISEUURINGUD puusad &#8212; k\u00fc\u00fcnarliigesed &#8212; silmad &#8212; s\u00fcda &#8212; GEENITESTID prcd-PRA Normal\/Clear (vanemad puhtad) EIC &#8212; HNPK Normal\/Clear (vanemad puhtad) SUGUPUU FIN EST LV LTU BALT CH My Brand Night To Remember HD B\/B ED [&hellip;]<\/p>\n","protected":false},"author":1,"featured_media":0,"parent":783,"menu_order":7,"comment_status":"closed","ping_status":"closed","template":"","meta":{"ngg_post_thumbnail":0,"footnotes":""},"class_list":["post-9085","page","type-page","status-publish","hentry"],"_links":{"self":[{"href":"https:\/\/vana.mybrand.ee\/et\/wp-json\/wp\/v2\/pages\/9085","targetHints":{"allow":["GET"]}}],"collection":[{"href":"https:\/\/vana.mybrand.ee\/et\/wp-json\/wp\/v2\/pages"}],"about":[{"href":"https:\/\/vana.mybrand.ee\/et\/wp-json\/wp\/v2\/types\/page"}],"author":[{"embeddable":true,"href":"https:\/\/vana.mybrand.ee\/et\/wp-json\/wp\/v2\/users\/1"}],"replies":[{"embeddable":true,"href":"https:\/\/vana.mybrand.ee\/et\/wp-json\/wp\/v2\/comments?post=9085"}],"version-history":[{"count":0,"href":"https:\/\/vana.mybrand.ee\/et\/wp-json\/wp\/v2\/pages\/9085\/revisions"}],"up":[{"embeddable":true,"href":"https:\/\/vana.mybrand.ee\/et\/wp-json\/wp\/v2\/pages\/783"}],"wp:attachment":[{"href":"https:\/\/vana.mybrand.ee\/et\/wp-json\/wp\/v2\/media?parent=9085"}],"curies":[{"name":"wp","href":"https:\/\/api.w.org\/{rel}","templated":true}]}}