{"id":9284,"date":"2023-11-04T17:18:35","date_gmt":"2023-11-04T15:18:35","guid":{"rendered":"https:\/\/vana.mybrand.ee\/?page_id=9284"},"modified":"2025-02-12T09:55:18","modified_gmt":"2025-02-12T07:55:18","slug":"my-brand-twice-the-love","status":"publish","type":"page","link":"https:\/\/vana.mybrand.ee\/et\/females\/my-brand-twice-the-love\/","title":{"rendered":"My Brand Twice The Love ~Luna~"},"content":{"rendered":"<p><div style=\"width: 1810px\" class=\"wp-caption alignnone\"><img loading=\"lazy\" decoding=\"async\" src=\"https:\/\/vana.mybrand.ee\/wp-content\/gallery\/my-brand-twice-the-love\/MB-Twice-The-Love.jpg?i=709261177\" alt=\"\" width=\"1800\" height=\"1200\"><p class=\"wp-caption-text\">Luna on fotol \u00fcheaastane. Foto My Brand Labradors<\/p><\/div><\/p>\n<h2>My Brand Twice The Love &#8220;Luna&#8221;<\/h2>\n<p>must emane (BbEE? BbEe?)<br \/>\ns\u00fcnd 19.08.2023<br \/>\nkaasomanik Kaido Brikker, Eesti<br \/>\n<a href=\"https:\/\/register.kennelliit.ee\/index.php?page=dogCard&amp;dogId=356695\" target=\"_blank\" rel=\"noopener noreferrer\">Eesti Kennelliidu andmebaas \u00bb<\/a><\/p>\n<h4>TERVISEUURINGUD<\/h4>\n<ul>\n<li>puusad A\/A<\/li>\n<li>k\u00fc\u00fcnarliigesed 0:0<\/li>\n<li>silmauuring puhas (veebruar 2025)<\/li>\n<li>s\u00fcdameuuring ECHO Doppler puhas (veebruar 2025)<\/li>\n<\/ul>\n<h4>GEENITESTID<\/h4>\n<ul>\n<li>HNPK puhas (vanemad puhtad)<\/li>\n<li>EIC puhas (vanemad puhtad)<\/li>\n<li>PRA-prcd puhas (vanemad puhtad)<\/li>\n<li>k\u00f5ik tulemused &#8212; peagi<\/li>\n<\/ul>\n<h4>SUGUPUU<\/h4>\n<table class=\"tree\" border=\"1\">\n<tbody>\n<tr>\n<td class=\"tree\" style=\"width: 25%;\" rowspan=\"8\">Strongline&#8217;s Twinkle Twinkle Little Star<br \/>\nHD A\/A ED 0:0 Eyes Clear, Heart ECHO Doppler Clear<br \/>\nprcd-PRA, HNPK, EIC, CNM, HUU, CY, DM, PKD Normal\/Clear<br \/>\n(FIN)<\/td>\n<td class=\"tree\" style=\"width: 25%;\" rowspan=\"4\">Waterline\u2019s Black Tie<br \/>\nHD A\/A ED 0:0 Eyes &amp; Heart ECHO Clear<br \/>\nEIC, HNPK, prcd-PRA, RD\/OSD Clear<br \/>\ndoesn\u2019t carry long coat gene<br \/>\n(FIN)<\/td>\n<td class=\"tree\" style=\"width: 25%;\" rowspan=\"2\">Waterline\u2019s Luxor<\/td>\n<td class=\"tree\" style=\"width: 25%;\"><span class=\"\u0441\u0442\u0438\u043b\u044c7\">AM POL MEX CH Vegas Night Bella Mare<\/span><\/td>\n<\/tr>\n<tr>\n<td class=\"tree\">Waterline\u2019s Papaya Dream<\/td>\n<\/tr>\n<tr>\n<td class=\"tree\" rowspan=\"2\">Neptune\u2019s Legacy Obsessed With Pink<\/td>\n<td class=\"tree\">Mambrinos Black Cap<\/td>\n<\/tr>\n<tr>\n<td class=\"tree\">FIN CH Waterline\u2019s Marry Me<\/td>\n<\/tr>\n<tr>\n<td class=\"tree\" rowspan=\"4\">C.I.B. FIN EE CH NORDJW\u201916 SWJW\u201916 Strongline\u2019s Princess Leia<br \/>\nHD A\/A ED 0:0 Eyes Clear<br \/>\n(FIN)<\/td>\n<td class=\"tree\" rowspan=\"2\">AM CH GR CH Shalimar\u2019s The Animator<\/td>\n<td class=\"tree\">AM CH Nipntuck Hyspire Unforgettable<\/td>\n<\/tr>\n<tr>\n<td class=\"tree\">Shalimar Hyspire Biding My Time<\/td>\n<\/tr>\n<tr>\n<td class=\"tree\" rowspan=\"2\">FIN CH Strongline\u2019s Make My Day<\/td>\n<td class=\"tree\">LCD JGD CH Flying Firecracker v.d.Weeward<\/td>\n<\/tr>\n<tr>\n<td class=\"tree\">FI EST CH Strongline\u2019s Xantamaria<\/td>\n<\/tr>\n<tr>\n<td class=\"tree\" rowspan=\"8\">My Brand Twice As Sweet<br \/>\nHD A\/A ED 0:0 Eyes Clear, Heart ECHO Doppler Clear<br \/>\nHNPK, EIC, prcd-PRA Normal\/Clear<br \/>\n(EST)<\/td>\n<td class=\"tree\" rowspan=\"4\">CAN CH Eagertrieves True Gravity<br \/>\nHips OFA Fair Elbows OFA Normal Eyes: OFA Clear<br \/>\nNormal\/Clear: prcd-PRA, EIC, HNPK, CNM, DM, Long Coat Gene<br \/>\nHeart ECHO: Clear<br \/>\n(CAN)<\/td>\n<td class=\"tree\" rowspan=\"2\">Ramblin Man Of Buddy Hunter<\/td>\n<td class=\"tree\">AC Pekka of Lontras Labs<\/td>\n<\/tr>\n<tr>\n<td class=\"tree\">Kiss Zen of Buddy Hunter<\/td>\n<\/tr>\n<tr>\n<td class=\"tree\" rowspan=\"2\">CAN CH Eagertrieves Grin And Bear It<\/td>\n<td class=\"tree\">CAN NZ CH Eagertrieves Downtown Brown<\/td>\n<\/tr>\n<tr>\n<td class=\"tree\">CAN CH Eagertrieves Ursa Major<\/td>\n<\/tr>\n<tr>\n<td class=\"tree\" rowspan=\"4\">My Brand Indian Magic<br \/>\nHD A\/A ED 0:0 Eyes Clear<br \/>\nNormal\/Clear: EIC, HNPK, prcd-PRA Carrier<br \/>\n(EST)<\/td>\n<td class=\"tree\" rowspan=\"2\">BALT JW\u201915 EST JCH Genuine My Brand Optimus Canis<\/td>\n<td class=\"tree\">INT CH POL JCH POL BLK UKR BUL CH Mallorn\u2019s Black Gangsta<\/td>\n<\/tr>\n<tr>\n<td class=\"tree\">Amazing Poppy Optimus Canis<\/td>\n<\/tr>\n<tr>\n<td class=\"tree\" rowspan=\"2\">Karankawa Maiara<\/td>\n<td class=\"tree\">MEX EST CH Tabatha\u2019s Caffu Queijeiro<\/td>\n<\/tr>\n<tr>\n<td class=\"tree\">Forest Fan Lilith<\/td>\n<\/tr>\n<\/tbody>\n<\/table>\n<p><img loading=\"lazy\" decoding=\"async\" class=\"alignnone\" src=\"https:\/\/vana.mybrand.ee\/wp-content\/gallery\/my-brand-twice-the-love\/MB-Twice-The-Love-5whead_web.jpg\" alt=\"My Brand Twice The Love &quot;Luna&quot;\" width=\"1800\" height=\"1200\"><\/p>\n<h4>GALERII<\/h4>\n<p>ngg_shortcode_1_placeholder<\/p>","protected":false},"excerpt":{"rendered":"<p>My Brand Twice The Love &#8220;Luna&#8221; must emane (BbEE? BbEe?) s\u00fcnd 19.08.2023 kaasomanik Kaido Brikker, Eesti Eesti Kennelliidu andmebaas \u00bb TERVISEUURINGUD puusad A\/A k\u00fc\u00fcnarliigesed 0:0 silmauuring puhas (veebruar 2025) s\u00fcdameuuring ECHO Doppler puhas (veebruar 2025) GEENITESTID HNPK puhas (vanemad puhtad) EIC puhas (vanemad puhtad) PRA-prcd puhas (vanemad puhtad) k\u00f5ik tulemused &#8212; peagi SUGUPUU Strongline&#8217;s Twinkle [&hellip;]<\/p>\n","protected":false},"author":1,"featured_media":0,"parent":39,"menu_order":23,"comment_status":"closed","ping_status":"closed","template":"","meta":{"ngg_post_thumbnail":0,"footnotes":""},"class_list":["post-9284","page","type-page","status-publish","hentry"],"_links":{"self":[{"href":"https:\/\/vana.mybrand.ee\/et\/wp-json\/wp\/v2\/pages\/9284","targetHints":{"allow":["GET"]}}],"collection":[{"href":"https:\/\/vana.mybrand.ee\/et\/wp-json\/wp\/v2\/pages"}],"about":[{"href":"https:\/\/vana.mybrand.ee\/et\/wp-json\/wp\/v2\/types\/page"}],"author":[{"embeddable":true,"href":"https:\/\/vana.mybrand.ee\/et\/wp-json\/wp\/v2\/users\/1"}],"replies":[{"embeddable":true,"href":"https:\/\/vana.mybrand.ee\/et\/wp-json\/wp\/v2\/comments?post=9284"}],"version-history":[{"count":0,"href":"https:\/\/vana.mybrand.ee\/et\/wp-json\/wp\/v2\/pages\/9284\/revisions"}],"up":[{"embeddable":true,"href":"https:\/\/vana.mybrand.ee\/et\/wp-json\/wp\/v2\/pages\/39"}],"wp:attachment":[{"href":"https:\/\/vana.mybrand.ee\/et\/wp-json\/wp\/v2\/media?parent=9284"}],"curies":[{"name":"wp","href":"https:\/\/api.w.org\/{rel}","templated":true}]}}