{"id":9312,"date":"2023-11-05T11:06:46","date_gmt":"2023-11-05T09:06:46","guid":{"rendered":"https:\/\/vana.mybrand.ee\/?page_id=9312"},"modified":"2025-10-21T12:01:20","modified_gmt":"2025-10-21T10:01:20","slug":"my-brand-what-a-wonderful-world","status":"publish","type":"page","link":"https:\/\/vana.mybrand.ee\/et\/females\/my-brand-what-a-wonderful-world\/","title":{"rendered":"My Brand What A Wonderful World ~Romina~"},"content":{"rendered":"<p><img loading=\"lazy\" decoding=\"async\" src=\"https:\/\/vana.mybrand.ee\/wp-content\/gallery\/my-brand-what-a-wonderful-world\/HMZ20241105-40.jpg?i=71673214\" alt=\"\" width=\"1800\" height=\"1200\"><\/p>\n<p><strong>EESTI JUUNIORT\u0160EMPION<br \/>\nL\u00c4TI JUUNIORT\u0160EMPION<br \/>\nLEEDU JUUNIORT\u0160EMPION<br \/>\nBALTI JUUNIORT\u0160EMPION<br \/>\nEESTI T\u0160EMPION<br \/>\n<\/strong><\/p>\n<p><strong>EESTI VEEP\u00c4\u00c4STE T\u0160EMPION<\/strong><br \/>\n<strong>L\u00c4TI VEEP\u00c4\u00c4STE T\u0160EMPION<\/strong><\/p>\n<h3>My Brand What A Wonderful World &#8220;Romina&#8221;<\/h3>\n<p>must emane (BbEE, kannab pruuni v\u00e4rvi)<br \/>\ns\u00fcnd 7.09.2022<br \/>\nKaasomanik Kersti Kuusk, Eesti<br \/>\n<a href=\"https:\/\/register.kennelliit.ee\/index.php?page=dogCard&amp;dogId=341826\" target=\"_blank\" rel=\"noopener\">EKL andmebaasis \u00bb<\/a><\/p>\n<h4>TERVISEUURINGUD<\/h4>\n<ul>\n<li>puusad A\/A<\/li>\n<li>k\u00fc\u00fcnarliigesed 0:0<\/li>\n<li>silmauuring leiuta (puhas) Nov&#8217;24<\/li>\n<li>s\u00fcda &#8212;<\/li>\n<\/ul>\n<h4>GEENITESTID<\/h4>\n<ul>\n<li>prcd-PRA Normal\/Clear (vanemad puhtad)<\/li>\n<li>EIC kandja<\/li>\n<li>HNPK Normal\/Clear (vanemad puhtad)<\/li>\n<li><a href=\"https:\/\/www.wisdompanel.com\/app\/s\/8t240zm\" target=\"_blank\" rel=\"noopener\">Wisdom Panel testide tulemused<\/a><\/li>\n<\/ul>\n<h4>SUGUPUU<\/h4>\n<table class=\"tree\" border=\"1\">\n<tbody>\n<tr>\n<td class=\"tree\" style=\"width: 25%;\" rowspan=\"8\">C.I.B. C.I.E. EST FIN LV LTU BALT NORW CH LVV-23 TLNW-24 My Brand Night To Remember<br \/>\nHD B\/B ED 0:0 Eyes &amp; Heart ECHO Clear<br \/>\nEIC, HNPK, prcd-PRA, RD\/OSD Clear<br \/>\nlong coat gene Clear<br \/>\n(EST)<\/td>\n<td class=\"tree\" style=\"width: 25%;\" rowspan=\"4\">MBISJ MX CH PR CH Maroma\u2019s Captain Cove<br \/>\nHD A\/A ED 0:0 Eyes Clear (AVCO)<br \/>\nprcd-PRA, CNM, HNPK, long coat &amp; EIC Heart: Clear by Doppler<br \/>\n(MEX)<\/td>\n<td class=\"tree\" style=\"width: 25%;\" rowspan=\"2\">AM GCH Lakeside Memoir Of Gallivant<\/td>\n<td class=\"tree\" style=\"width: 25%;\">Gallivant Big Pine Out of Africa<\/td>\n<\/tr>\n<tr>\n<td class=\"tree\">AM CH Meredith Herbu Zadora<\/td>\n<\/tr>\n<tr>\n<td class=\"tree\" rowspan=\"2\">The Princess Of Oz (Concha)<\/td>\n<td class=\"tree\">AM CH Lobuff Hollyridge Wizard of Oz<\/td>\n<\/tr>\n<tr>\n<td class=\"tree\">Belquest Princess Maya<\/td>\n<\/tr>\n<tr>\n<td class=\"tree\" rowspan=\"4\">My Brand Last Night At Cheyas<br \/>\nHD A\/A ED 0:0 Eyes Clear<br \/>\nprcd-PRA, HNPK &amp; EIC Normal\/Clear<br \/>\n(EST)<\/td>\n<td class=\"tree\" rowspan=\"2\">POL MEX CH Vegas Night Bella Mare<\/td>\n<td class=\"tree\">NORD JW&#8217;11 Destinys AM CH POL CH Dickendall Buckstone Three Dog Night<\/td>\n<\/tr>\n<tr>\n<td class=\"tree\">JCH PL Sandamar HySpire I\u2019m So Vain<\/td>\n<\/tr>\n<tr>\n<td class=\"tree\" rowspan=\"2\">My Brand Kiss From A Rose<\/td>\n<td class=\"tree\">MEX EST CH Tabatha\u2019s Caffu Queijeiro<\/td>\n<\/tr>\n<tr>\n<td class=\"tree\">My Brand Rare Stone Rose<\/td>\n<\/tr>\n<tr>\n<td class=\"tree\" rowspan=\"8\">EST LV LTU BALT JCH EST LV LTU BALT CH My Brand Discover The World<br \/>\nHD A\/A ED 0:0 Eyes Clear<br \/>\nprcd-PRA Normal\/Clear, HNPK Normal\/Clear, EIC Carrier<br \/>\n(EST)<\/td>\n<td class=\"tree\" rowspan=\"4\">SW SH CH Windleaf Disco<strong><br \/>\n<\/strong>HD A\/A ED 0:0 Eyes Clear<br \/>\nEIC, HNPK, prcd-PRA Normal\/Clear<br \/>\n(SW)<\/td>\n<td class=\"tree\" rowspan=\"2\">CAN CH Madabout\u2019s Rideon to Handyhill<\/td>\n<td class=\"tree\"><span class=\"\u0441\u0442\u0438\u043b\u044c7\">BISS AM CH Lor-Als Hot Diggity JH WC<\/span><\/td>\n<\/tr>\n<tr>\n<td class=\"tree\">Madabout\u2019s Juno My Name<\/td>\n<\/tr>\n<tr>\n<td class=\"tree\" rowspan=\"2\">SW SH CH NO CH Aquador Morgana<\/td>\n<td class=\"tree\">NO CH Labry Berry Scherbet at Play Mor<\/td>\n<\/tr>\n<tr>\n<td class=\"tree\">Aquador Ilythia<\/td>\n<\/tr>\n<tr>\n<td class=\"tree\" rowspan=\"4\">My Brand Special Indeed<br \/>\nHD A\/A ED 0:0 Eyes Clear<br \/>\nPRA-prcd Normal\/Clear<br \/>\nEIC Carrier<br \/>\n(EST)<\/td>\n<td class=\"tree\" rowspan=\"2\">RUS RKF BLR UKR FIN INT CH<br \/>\nStenveyz Get Popular<\/td>\n<td class=\"tree\">FIN EST RUS CH Palabras Keep On Movin\u2019<\/td>\n<\/tr>\n<tr>\n<td class=\"tree\">Stenveyz Part of Million<\/td>\n<\/tr>\n<tr>\n<td class=\"tree\" rowspan=\"2\">My Brand Mademoiselle<\/td>\n<td class=\"tree\">Mallorn\u2019s Romeo<\/td>\n<\/tr>\n<tr>\n<td class=\"tree\">FIN EST LV LTU BALT RUS CH FIN JW\u201903 Mallorn\u2019s Terracotta<\/td>\n<\/tr>\n<\/tbody>\n<\/table>\n<h4><img loading=\"lazy\" decoding=\"async\" class=\"alignnone\" src=\"https:\/\/vana.mybrand.ee\/wp-content\/gallery\/my-brand-what-a-wonderful-world\/MB-What-A-Wonderful-World-31.jpg\" alt=\"My Brand What A Wonderful World &quot;Romina&quot;\" width=\"1800\" height=\"1200\"><\/h4>\n<h4 class=\"wpview-selection-before\">T\u00d6\u00d6 JA KATSED<\/h4>\n<p><span class=\"x4k7w5x x1h91t0o x1h9r5lt x1jfb8zj xv2umb2 x1beo9mf xaigb6o x12ejxvf x3igimt xarpa2k xedcshv x1lytzrv x1t2pt76 x7ja8zs x1qrby5j\"><span class=\"x193iq5w xeuugli x13faqbe x1vvkbs x1xmvt09 x1lliihq x1s928wv xhkezso x1gmr53x x1cpjm7i x1fgarty x1943h6x xudqn12 x3x7a5m x6prxxf xvq8zen xo1l8bm xzsf02u\" dir=\"auto\"><strong>RETRIIVERITE T\u00d5UKATSE<\/strong> <\/span><\/span><\/p>\n<ul>\n<li><span class=\"x4k7w5x x1h91t0o x1h9r5lt x1jfb8zj xv2umb2 x1beo9mf xaigb6o x12ejxvf x3igimt xarpa2k xedcshv x1lytzrv x1t2pt76 x7ja8zs x1qrby5j\"><span class=\"x193iq5w xeuugli x13faqbe x1vvkbs x1xmvt09 x1lliihq x1s928wv xhkezso x1gmr53x x1cpjm7i x1fgarty x1943h6x xudqn12 x3x7a5m x6prxxf xvq8zen xo1l8bm xzsf02u\" dir=\"auto\">09.09.2023 Retriiverite T\u00f5ukatse saagiga Leedus, sooritatud, kohtunik Irina Sokolova<\/span><\/span><\/li>\n<\/ul>\n<p><span class=\"x4k7w5x x1h91t0o x1h9r5lt x1jfb8zj xv2umb2 x1beo9mf xaigb6o x12ejxvf x3igimt xarpa2k xedcshv x1lytzrv x1t2pt76 x7ja8zs x1qrby5j\"><span class=\"x193iq5w xeuugli x13faqbe x1vvkbs x1xmvt09 x1lliihq x1s928wv xhkezso x1gmr53x x1cpjm7i x1fgarty x1943h6x xudqn12 x3x7a5m x6prxxf xvq8zen xo1l8bm xzsf02u\" dir=\"auto\"><strong>RETRIIVERITE TASEMEKATSE (NOME-B, COLD GAME TEST)<\/strong><\/span><\/span><\/p>\n<ul>\n<li>20.09.2025 ALG III j\u00e4rk , kohtunik Vesa Hietikko<\/li>\n<li>02.08.2025 ALG II j\u00e4rk , kohtunik Ari-Pekka Fontell&nbsp;<\/li>\n<\/ul>\n<p><span class=\"x4k7w5x x1h91t0o x1h9r5lt x1jfb8zj xv2umb2 x1beo9mf xaigb6o x12ejxvf x3igimt xarpa2k xedcshv x1lytzrv x1t2pt76 x7ja8zs x1qrby5j\"><span class=\"x193iq5w xeuugli x13faqbe x1vvkbs x1xmvt09 x1lliihq x1s928wv xhkezso x1gmr53x x1cpjm7i x1fgarty x1943h6x xudqn12 x3x7a5m x6prxxf xvq8zen xo1l8bm xzsf02u\" dir=\"auto\"><strong>RETRIIVERITE T\u00d6\u00d6KATSE (WT)<\/strong> <\/span><\/span><\/p>\n<ul>\n<li><span class=\"x4k7w5x x1h91t0o x1h9r5lt x1jfb8zj xv2umb2 x1beo9mf xaigb6o x12ejxvf x3igimt xarpa2k xedcshv x1lytzrv x1t2pt76 x7ja8zs x1qrby5j\"><span class=\"x193iq5w xeuugli x13faqbe x1vvkbs x1xmvt09 x1lliihq x1s928wv xhkezso x1gmr53x x1cpjm7i x1fgarty x1943h6x xudqn12 x3x7a5m x6prxxf xvq8zen xo1l8bm xzsf02u\" dir=\"auto\">28.06.25 ALG 65 punkti I j\u00e4rk kohtunikud Maarit Saarinen ja Minja Vitikka<\/span><\/span><\/li>\n<li><span class=\"x4k7w5x x1h91t0o x1h9r5lt x1jfb8zj xv2umb2 x1beo9mf xaigb6o x12ejxvf x3igimt xarpa2k xedcshv x1lytzrv x1t2pt76 x7ja8zs x1qrby5j\"><span class=\"x193iq5w xeuugli x13faqbe x1vvkbs x1xmvt09 x1lliihq x1s928wv xhkezso x1gmr53x x1cpjm7i x1fgarty x1943h6x xudqn12 x3x7a5m x6prxxf xvq8zen xo1l8bm xzsf02u\" dir=\"auto\">05.08.2023 Mitteametlik WT ja Dummy Trial Juuniorklass 68punkti III koht KOHTUNIKU VALIK<\/span><\/span><\/li>\n<li><span class=\"x4k7w5x x1h91t0o x1h9r5lt x1jfb8zj xv2umb2 x1beo9mf xaigb6o x12ejxvf x3igimt xarpa2k xedcshv x1lytzrv x1t2pt76 x7ja8zs x1qrby5j\"><span class=\"x193iq5w xeuugli x13faqbe x1vvkbs x1xmvt09 x1lliihq x1s928wv xhkezso x1gmr53x x1cpjm7i x1fgarty x1943h6x xudqn12 x3x7a5m x6prxxf xvq8zen xo1l8bm xzsf02u\" dir=\"auto\">17.12.2022 Mitteametlik J\u00f5ulu WT Beebiklass 69 punkti II koht KOHTUNIKU VALIK<\/span><\/span><\/li>\n<\/ul>\n<p><span class=\"x4k7w5x x1h91t0o x1h9r5lt x1jfb8zj xv2umb2 x1beo9mf xaigb6o x12ejxvf x3igimt xarpa2k xedcshv x1lytzrv x1t2pt76 x7ja8zs x1qrby5j\"><span class=\"x193iq5w xeuugli x13faqbe x1vvkbs x1xmvt09 x1lliihq x1s928wv xhkezso x1gmr53x x1cpjm7i x1fgarty x1943h6x xudqn12 x3x7a5m x6prxxf xvq8zen xo1l8bm xzsf02u\" dir=\"auto\"><strong>VEREJ\u00c4LG<\/strong> <\/span><\/span><\/p>\n<ul>\n<li><span class=\"x4k7w5x x1h91t0o x1h9r5lt x1jfb8zj xv2umb2 x1beo9mf xaigb6o x12ejxvf x3igimt xarpa2k xedcshv x1lytzrv x1t2pt76 x7ja8zs x1qrby5j\"><span class=\"x193iq5w xeuugli x13faqbe x1vvkbs x1xmvt09 x1lliihq x1s928wv xhkezso x1gmr53x x1cpjm7i x1fgarty x1943h6x xudqn12 x3x7a5m x6prxxf xvq8zen xo1l8bm xzsf02u\" dir=\"auto\">23.09.2023 Verej\u00e4lje CACT katse Tehumardi, Saaremaa 86 punkti II j\u00e4rk , kohtunik Mari-Ann Rehk <\/span><\/span><\/li>\n<li><span class=\"x4k7w5x x1h91t0o x1h9r5lt x1jfb8zj xv2umb2 x1beo9mf xaigb6o x12ejxvf x3igimt xarpa2k xedcshv x1lytzrv x1t2pt76 x7ja8zs x1qrby5j\"><span class=\"x193iq5w xeuugli x13faqbe x1vvkbs x1xmvt09 x1lliihq x1s928wv xhkezso x1gmr53x x1cpjm7i x1fgarty x1943h6x xudqn12 x3x7a5m x6prxxf xvq8zen xo1l8bm xzsf02u\" dir=\"auto\">30.09.2023 Verej\u00e4lje katse Raudoja, Harjumaa 69 punkti III j\u00e4rk , kohtunik Mari-Ann Rehk <\/span><\/span><\/li>\n<\/ul>\n<p><span class=\"x4k7w5x x1h91t0o x1h9r5lt x1jfb8zj xv2umb2 x1beo9mf xaigb6o x12ejxvf x3igimt xarpa2k xedcshv x1lytzrv x1t2pt76 x7ja8zs x1qrby5j\"><span class=\"x193iq5w xeuugli x13faqbe x1vvkbs x1xmvt09 x1lliihq x1s928wv xhkezso x1gmr53x x1cpjm7i x1fgarty x1943h6x xudqn12 x3x7a5m x6prxxf xvq8zen xo1l8bm xzsf02u\" dir=\"auto\"><strong>VEEP\u00c4\u00c4STE<\/strong> <\/span><\/span><\/p>\n<ul>\n<li>10.08.25 Veep\u00e4\u00e4ste v\u00f5istlus VP3 94p IV koht , kohtunik Danielle Richard<\/li>\n<li>27.07.25 Veep\u00e4\u00e4ste v\u00f5istlus L\u00e4tis C klass 99p II koht , kohtunik Linda Lama<\/li>\n<li>19.07.25 Veep\u00e4\u00e4ste EMV VP3 72p VI koht, kohtunik Kristine Zake<\/li>\n<li>08.06.25 Veep\u00e4\u00e4ste v\u00f5istlus L\u00e4tis C klass 99p I koht , kohtunik Inguna Tihomirova<\/li>\n<li><span class=\"x4k7w5x x1h91t0o x1h9r5lt x1jfb8zj xv2umb2 x1beo9mf xaigb6o x12ejxvf x3igimt xarpa2k xedcshv x1lytzrv x1t2pt76 x7ja8zs x1qrby5j\"><span class=\"x193iq5w xeuugli x13faqbe x1vvkbs x1xmvt09 x1lliihq x1s928wv xhkezso x1gmr53x x1cpjm7i x1fgarty x1943h6x xudqn12 x3x7a5m x6prxxf xvq8zen xo1l8bm xzsf02u\" dir=\"auto\">04.06.2023 Veep\u00e4\u00e4ste v\u00f5istlus Jaunmartini, L\u00e4ti Kutsikaklass 95 punkti I koht, kohtunik Kristine Zake <\/span><\/span><\/li>\n<li><span class=\"x4k7w5x x1h91t0o x1h9r5lt x1jfb8zj xv2umb2 x1beo9mf xaigb6o x12ejxvf x3igimt xarpa2k xedcshv x1lytzrv x1t2pt76 x7ja8zs x1qrby5j\"><span class=\"x193iq5w xeuugli x13faqbe x1vvkbs x1xmvt09 x1lliihq x1s928wv xhkezso x1gmr53x x1cpjm7i x1fgarty x1943h6x xudqn12 x3x7a5m x6prxxf xvq8zen xo1l8bm xzsf02u\" dir=\"auto\">10.09.2023 Veep\u00e4\u00e4ste v\u00f5istlus Jaunmartini, L\u00e4ti A klass 94 punkti III koht, kohtunik Linda L\u0101ma<\/span><\/span><\/li>\n<li><span class=\"x4k7w5x x1h91t0o x1h9r5lt x1jfb8zj xv2umb2 x1beo9mf xaigb6o x12ejxvf x3igimt xarpa2k xedcshv x1lytzrv x1t2pt76 x7ja8zs x1qrby5j\"><span class=\"xeuugli x18c0a79 xu37r0v x1fj9vlw x13faqbe x1vvkbs xuwz08h x14g2gp5 x1fxoii6 xrxb4jq x14ognje x5jzov0 xya83n1 x1lliihq x1s928wv xhkezso x1gmr53x x1cpjm7i x1fgarty x1943h6x x1bsfjaj\" dir=\"auto\">19.06.2024 Veep\u00e4\u00e4ste eksam P\u00e4ide, Eesti VP1 klass 87 punkti, kohtunik Aili Kivinurm <\/span><\/span><\/li>\n<li><span class=\"x4k7w5x x1h91t0o x1h9r5lt x1jfb8zj xv2umb2 x1beo9mf xaigb6o x12ejxvf x3igimt xarpa2k xedcshv x1lytzrv x1t2pt76 x7ja8zs x1qrby5j\"><span class=\"xeuugli x18c0a79 xu37r0v x1fj9vlw x13faqbe x1vvkbs xuwz08h x14g2gp5 x1fxoii6 xrxb4jq x14ognje x5jzov0 xya83n1 x1lliihq x1s928wv xhkezso x1gmr53x x1cpjm7i x1fgarty x1943h6x x1bsfjaj\" dir=\"auto\">14.07.2024 Veep\u00e4\u00e4ste v\u00f5istlus Raku, Eesti VP2 klass 96 punkti I koht, kohtunik Irina Sokolova <\/span><\/span><\/li>\n<li><span class=\"x4k7w5x x1h91t0o x1h9r5lt x1jfb8zj xv2umb2 x1beo9mf xaigb6o x12ejxvf x3igimt xarpa2k xedcshv x1lytzrv x1t2pt76 x7ja8zs x1qrby5j\"><span class=\"xeuugli x18c0a79 xu37r0v x1fj9vlw x13faqbe x1vvkbs xuwz08h x14g2gp5 x1fxoii6 xrxb4jq x14ognje x5jzov0 xya83n1 x1lliihq x1s928wv xhkezso x1gmr53x x1cpjm7i x1fgarty x1943h6x x1bsfjaj\" dir=\"auto\">04.08.2024 Veep\u00e4\u00e4ste v\u00f5istlus Jaunmartini, L\u00e4ti B klass 96 punkti I koht, kohtunik Monika Rusing<\/span><\/span><\/li>\n<li><span class=\"x4k7w5x x1h91t0o x1h9r5lt x1jfb8zj xv2umb2 x1beo9mf xaigb6o x12ejxvf x3igimt xarpa2k xedcshv x1lytzrv x1t2pt76 x7ja8zs x1qrby5j\"><span class=\"xeuugli x18c0a79 xu37r0v x1fj9vlw x13faqbe x1vvkbs xuwz08h x14g2gp5 x1fxoii6 xrxb4jq x14ognje x5jzov0 xya83n1 x1lliihq x1s928wv xhkezso x1gmr53x x1cpjm7i x1fgarty x1943h6x x1bsfjaj\" dir=\"auto\">14.09.2024 Veep\u00e4\u00e4ste v\u00f5istlus Jaunmartini, L\u00e4ti C klass 95 punkti II koht, kohtunik Irina Sokolova<\/span><\/span><\/li>\n<\/ul>\n<p><span class=\"x4k7w5x x1h91t0o x1h9r5lt x1jfb8zj xv2umb2 x1beo9mf xaigb6o x12ejxvf x3igimt xarpa2k xedcshv x1lytzrv x1t2pt76 x7ja8zs x1qrby5j\"><span class=\"x193iq5w xeuugli x13faqbe x1vvkbs x1xmvt09 x1lliihq x1s928wv xhkezso x1gmr53x x1cpjm7i x1fgarty x1943h6x xudqn12 x3x7a5m x6prxxf xvq8zen xo1l8bm xzsf02u\" dir=\"auto\"><strong>BH-TEST<\/strong><\/span><\/span><\/p>\n<ul>\n<li>21.09.2025 \u00dchiskonnak\u00f5lbulikkuse test BH sooritatud, kohtunik Marika Mikk<\/li>\n<\/ul>\n<p><span class=\"x4k7w5x x1h91t0o x1h9r5lt x1jfb8zj xv2umb2 x1beo9mf xaigb6o x12ejxvf x3igimt xarpa2k xedcshv x1lytzrv x1t2pt76 x7ja8zs x1qrby5j\"><span class=\"x193iq5w xeuugli x13faqbe x1vvkbs x1xmvt09 x1lliihq x1s928wv xhkezso x1gmr53x x1cpjm7i x1fgarty x1943h6x xudqn12 x3x7a5m x6prxxf xvq8zen xo1l8bm xzsf02u\" dir=\"auto\"><strong>IPO-R | SAR &#8211; Search and rescue<br \/>\n<\/strong><\/span><\/span><\/p>\n<ul>\n<li>13.09.25 SAR RH-FL A 147+70=217p , kohtunik Margot Luukas<\/li>\n<li>09.08.25 EOKK JUUBELIKARIKAS SAR RH-W B 180+86=266p II koht, kohtunik Danielle Richard<\/li>\n<li>30.06-01.07.25 SAR RH-T V 85+80=165p, kohtunik Monika Rusing<\/li>\n<li>17.-18.05.25 SAR RH-FL V 84+75=159p, kohtunik Ann-Marie Melin<\/li>\n<li><span class=\"x4k7w5x x1h91t0o x1h9r5lt x1jfb8zj xv2umb2 x1beo9mf xaigb6o x12ejxvf x3igimt xarpa2k xedcshv x1lytzrv x1t2pt76 x7ja8zs x1qrby5j\"><span class=\"xeuugli x18c0a79 xu37r0v x1fj9vlw x13faqbe x1vvkbs xuwz08h x14g2gp5 x1fxoii6 xrxb4jq x14ognje x5jzov0 xya83n1 x1lliihq x1s928wv xhkezso x1gmr53x x1cpjm7i x1fgarty x1943h6x x1bsfjaj\" dir=\"auto\">13.07.2024 IPO-R RH-W V v\u00f5istlus 89+75=164 punkti II koht, kohtunik Monika Rusing <\/span><\/span><\/li>\n<li><span class=\"x4k7w5x x1h91t0o x1h9r5lt x1jfb8zj xv2umb2 x1beo9mf xaigb6o x12ejxvf x3igimt xarpa2k xedcshv x1lytzrv x1t2pt76 x7ja8zs x1qrby5j\"><span class=\"xeuugli x18c0a79 xu37r0v x1fj9vlw x13faqbe x1vvkbs xuwz08h x14g2gp5 x1fxoii6 xrxb4jq x14ognje x5jzov0 xya83n1 x1lliihq x1s928wv xhkezso x1gmr53x x1cpjm7i x1fgarty x1943h6x x1bsfjaj\" dir=\"auto\">20.08.2024 IPO-R RH-W A eksam 191+73=264 punkti, kohtunik Monika Rusing<\/span><\/span><\/li>\n<\/ul>\n<h4 class=\"wpview-selection-before\">N\u00c4ITUSETULEMUSED<\/h4>\n<table>\n<tbody>\n<tr>\n<th>Kuup\u00e4ev<\/th>\n<th>N\u00e4itus<\/th>\n<th>Kohtunik<\/th>\n<th>Klass<\/th>\n<th>Tulemused<\/th>\n<\/tr>\n<tr>\n<td>26.11.2023<\/td>\n<td>Rahvuslik koerten\u00e4itus, Narva<\/td>\n<td>Irina Poletaeva (Finland)<\/td>\n<td>Juunioriklass<\/td>\n<td>SP 2 SK PE2<\/td>\n<\/tr>\n<tr>\n<td>25.11.2023<\/td>\n<td>Rahvuslik koerten\u00e4itus, Narva<\/td>\n<td>Rade Vesic (Serbia)<\/td>\n<td>Juunioriklass<\/td>\n<td>SP 1 SK PE1 VSPJ Jun SERT VSP<\/td>\n<\/tr>\n<tr>\n<td>13.05.2023<\/td>\n<td>Jahikoerte erin\u00e4itus, J\u00e4rvamaa<\/td>\n<td>Lukasz Pawlowski (Poland)<\/td>\n<td>Kutsikaklass<\/td>\n<td>1 EAH TPK<\/td>\n<\/tr>\n<tr>\n<td>29.01.2023<\/td>\n<td>FCI 8.ja 9. r\u00fchma n\u00e4itus, Pisisaare<\/td>\n<td>Torbj\u00f6rn Skaar (Sweden)<\/td>\n<td>Beebiklass<\/td>\n<td>3 EAH<\/td>\n<\/tr>\n<tr>\n<td>28.01.2023<\/td>\n<td>FCI 8. ja 9. r\u00fchma n\u00e4itus, Pisisaare<\/td>\n<td>Eva Nielsen (Sweden)<\/td>\n<td>Beebiklass<\/td>\n<td>3<\/td>\n<\/tr>\n<tr>\n<td>14.01.2023<\/td>\n<td>Rahvuslik Koerten\u00e4itus, P\u00e4rnu<\/td>\n<td>Jelena Kruus (Eesti)<\/td>\n<td>Beebiklass<\/td>\n<td>1 EAH TPB<\/td>\n<\/tr>\n<\/tbody>\n<\/table>\n<h4 class=\"wpview-selection-before\">GALERII<\/h4>\n<p>ngg_shortcode_1_placeholder<\/p>","protected":false},"excerpt":{"rendered":"<p>EESTI JUUNIORT\u0160EMPION L\u00c4TI JUUNIORT\u0160EMPION LEEDU JUUNIORT\u0160EMPION BALTI JUUNIORT\u0160EMPION EESTI T\u0160EMPION EESTI VEEP\u00c4\u00c4STE T\u0160EMPION L\u00c4TI VEEP\u00c4\u00c4STE T\u0160EMPION My Brand What A Wonderful World &#8220;Romina&#8221; must emane (BbEE, kannab pruuni v\u00e4rvi) s\u00fcnd 7.09.2022 Kaasomanik Kersti Kuusk, Eesti EKL andmebaasis \u00bb TERVISEUURINGUD puusad A\/A k\u00fc\u00fcnarliigesed 0:0 silmauuring leiuta (puhas) Nov&#8217;24 s\u00fcda &#8212; GEENITESTID prcd-PRA Normal\/Clear (vanemad puhtad) EIC [&hellip;]<\/p>\n","protected":false},"author":1,"featured_media":0,"parent":39,"menu_order":20,"comment_status":"closed","ping_status":"closed","template":"","meta":{"ngg_post_thumbnail":0,"footnotes":""},"class_list":["post-9312","page","type-page","status-publish","hentry"],"_links":{"self":[{"href":"https:\/\/vana.mybrand.ee\/et\/wp-json\/wp\/v2\/pages\/9312","targetHints":{"allow":["GET"]}}],"collection":[{"href":"https:\/\/vana.mybrand.ee\/et\/wp-json\/wp\/v2\/pages"}],"about":[{"href":"https:\/\/vana.mybrand.ee\/et\/wp-json\/wp\/v2\/types\/page"}],"author":[{"embeddable":true,"href":"https:\/\/vana.mybrand.ee\/et\/wp-json\/wp\/v2\/users\/1"}],"replies":[{"embeddable":true,"href":"https:\/\/vana.mybrand.ee\/et\/wp-json\/wp\/v2\/comments?post=9312"}],"version-history":[{"count":0,"href":"https:\/\/vana.mybrand.ee\/et\/wp-json\/wp\/v2\/pages\/9312\/revisions"}],"up":[{"embeddable":true,"href":"https:\/\/vana.mybrand.ee\/et\/wp-json\/wp\/v2\/pages\/39"}],"wp:attachment":[{"href":"https:\/\/vana.mybrand.ee\/et\/wp-json\/wp\/v2\/media?parent=9312"}],"curies":[{"name":"wp","href":"https:\/\/api.w.org\/{rel}","templated":true}]}}