{"id":9378,"date":"2023-12-07T12:58:58","date_gmt":"2023-12-07T10:58:58","guid":{"rendered":"https:\/\/vana.mybrand.ee\/?page_id=9378"},"modified":"2023-12-07T13:00:11","modified_gmt":"2023-12-07T11:00:11","slug":"kutsika-12-reeglit","status":"publish","type":"page","link":"https:\/\/vana.mybrand.ee\/et\/library\/kutsika-12-reeglit\/","title":{"rendered":"Kutsika 12 reeglit"},"content":{"rendered":"<p><\/p>\n<div class=\"flex flex-grow flex-col max-w-full\">\n<div class=\"min-h-[20px] text-message flex flex-col items-start gap-3 whitespace-pre-wrap break-words [.text-message+&amp;]:mt-5 overflow-x-auto\" data-message-author-role=\"assistant\" data-message-id=\"ee80b7e6-8e20-461d-99bf-e6f37da9cb89\">\n<div class=\"markdown prose w-full break-words dark:prose-invert light\">\n<p><img loading=\"lazy\" decoding=\"async\" class=\"alignnone size-full wp-image-9379\" src=\"http:\/\/vana.mybrand.ee\/wp-content\/uploads\/2023\/12\/20180811_152745.jpg\" alt=\"\" width=\"4608\" height=\"3456\" srcset=\"https:\/\/vana.mybrand.ee\/wp-content\/uploads\/2023\/12\/20180811_152745.jpg 4608w, https:\/\/vana.mybrand.ee\/wp-content\/uploads\/2023\/12\/20180811_152745-300x225.jpg 300w, https:\/\/vana.mybrand.ee\/wp-content\/uploads\/2023\/12\/20180811_152745-1024x768.jpg 1024w, https:\/\/vana.mybrand.ee\/wp-content\/uploads\/2023\/12\/20180811_152745-768x576.jpg 768w, https:\/\/vana.mybrand.ee\/wp-content\/uploads\/2023\/12\/20180811_152745-1536x1152.jpg 1536w, https:\/\/vana.mybrand.ee\/wp-content\/uploads\/2023\/12\/20180811_152745-2048x1536.jpg 2048w\" sizes=\"auto, (max-width: 4608px) 100vw, 4608px\" \/>Kutsikas on k\u00f5ige vastuv\u00f5tlikum uutele kogemustele enne 16-n\u00e4dalaseks saamist ning iga uue olukorraga kohanemine on tema jaoks peale seda oluliselt keerulisem. Kunagi pole hilja alustada ning ka vanema koera puhul on v\u00f5imalik teda h\u00e4sti sotsialiseerida, see v\u00f5tab lihtsalt rohkem aega ja kannatust.<\/p>\n<div class=\"flex flex-grow flex-col max-w-full\">\n<div class=\"min-h-[20px] text-message flex flex-col items-start gap-3 whitespace-pre-wrap break-words [.text-message+&amp;]:mt-5 overflow-x-auto\" data-message-author-role=\"assistant\" data-message-id=\"3743bf74-cab8-4941-a927-34913c92924f\">\n<div class=\"markdown prose w-full break-words dark:prose-invert light\">\n<p>&#8220;Kutsika 12 reeglit&#8221; on \u00fcldine juhend, mida v\u00f5ib kasutada pere-, t\u00f6\u00f6- v\u00f5i sportkoera sotsialiseerimiseks. Kui seda teha \u00f5igel moel, annab see kutsikale hea kogemuste pagasi, teeb ta &#8220;pommikindlaks&#8221; ning aitab saada hakkama igasugustest ootamatutes olukordades. Paljud kasvatajad on alustanud kutsika harjutamist juba kutsikakastis (&#8220;kutsika 7 reeglit&#8221;)<\/p>\n<p>K\u00f5ige selle juures on oluline, et liigutakse vastavalt kutsikale ja tema tempole ning k\u00f5ikidest olukordadest v\u00e4ljub kutsikas eduelamuse ning positiivse emotsiooniga.<\/p>\n<p><strong>12-n\u00e4dalaseks saades v\u00f5iks olla teie kutsikas kogenud<br \/>\n<\/strong><\/p>\n<ul>\n<li>12 erinevat pinda &#8211; puit, mult\u0161, rohi, asfalt\/betoon, klaas, m\u00e4rg rohi, kruus, muda, liiv, lombid, metallrestid, ebatasased pinnad, metall, kr\u00f5bisev foolium, kile, mullikile, laud, tool jne.<\/li>\n<li>12 erinevat m\u00f5nguasja &#8211; karvased m\u00e4nguasjad, k\u00f5vad m\u00e4nguasjad, suured ja v\u00e4ikesed pallid, naljakalt k\u00f5lavad m\u00e4nguasjad, puidust esemed, paber\/kartongist esemed, piimapakid, metallist esemed jne.<\/li>\n<li>12 erinevat kohta &#8211; eeshoov, teiste inimeste kodud, j\u00e4rv, tiik, j\u00f5gi, paat, lift, trepid, auto, liikuv auto, loomakliinik (lihtsalt &#8220;tere&#8221; \u00fctlemiseks ja positiivse kogemuse saamiseks), gruumingusalong jne.<\/li>\n<li>12 erinevat inimest v\u00e4ljaspool perekonda &#8211; t\u00e4iskasvanud mehed, t\u00e4iskasvanud naised, lapsed, eakad t\u00e4iskasvanud, ratastoolis inimesed, karkudel inimesed, habemega inimesed, m\u00fctsidega inimesed, p\u00e4ikeseprillidega inimesed jne.<\/li>\n<li>12 erinevat m\u00fcra &#8211; avanev garaa\u017eiuks, uksekell, sireenid, laste m\u00e4ngimine, beebide nutt, v\u00f5tmete kolin ja kukkumine, f\u00f6\u00f6n, suured veokid, lennuki m\u00fcra, mootorrattad, pesumasinad, rulad, ostuk\u00e4rude veeremine, mootorpaadid, plaksutamine, vali laulmine, tolmuimejad, muruniidukid, panni kukkumine jne. On v\u00e4ga oluline j\u00e4lgida oma kutsika kehakeelt selle harjutuse k\u00e4igus, et tagada, et ta ei oleks hirmunud ega ebamugav. V\u00e4hendage kaugust objektini v\u00f5i m\u00fcratasemeid, kuni ta tunneb end mugavalt, ja premeerige teda paljude maitsvate maiustuste ja kiitusega. V\u00f5tke aega, et \u00f5ppida tundma koerte kehakeelt ja stressisignaale<\/li>\n<li>12 kiiresti liikuvat objekti (\u00e4rge laske jahtida) &#8211; rulad, rulluisud, jalgrattad, autod, veoautod, paadid, inimesed\/lapsed jooksmas, kassid, t\u00f5uksid, tolmuimejad, hobused jooksmas jne.<\/li>\n<li>12 erinevat v\u00e4ljakutset &#8211; treppidest \u00fclesminek, karbis ronimine\/maha ronimine, tunneli l\u00e4bimine, takistuste \u00fcletamine, uksest sisse ja v\u00e4lja minek, k\u00f5ikuva laua peal k\u00f5ndimine, peituse m\u00e4ngimine, \u00fcle millegi h\u00fcppamine, vannitamine jne.<\/li>\n<li>12 korda n\u00e4dalas k\u00e4sitlemine pereliikme poolt &#8211; s\u00fclle t\u00f5stmine, rinnal hoidmine, p\u00f5randa l\u00e4hedal hoidmine omaniku juures, omaniku jalgade vahel hoidmine, pea hoidmine, k\u00f5rvadesse vaatamine, k\u00e4ppade hoidmine, selili hoidmine, k\u00fc\u00fcnte l\u00f5ikamine, hammaste vaatamine jne.<\/li>\n<li>12 erinevat anumat, millest s\u00fc\u00fca &#8211; k\u00f5ikuv kauss, plastiktops, keraamiline tops, kohvitass, pirukataldrik, plastik, praepann, KONG m\u00e4nguasi, koeraturvaline puslem\u00e4nguasi, lusikaga s\u00f6\u00f6tmine jne.<\/li>\n<li>12 erinevas kohas s\u00f6\u00f6mine &#8211; tagaaed, esiaed, puur, k\u00f6\u00f6k, kelder, magamistuba, pesuruum, s\u00f5bra maja, auto, kool, vann, k\u00f5rgel laual (j\u00e4relvalve all), jne.<\/li>\n<\/ul>\n<\/div>\n<\/div>\n<\/div>\n<\/div>\n<\/div>\n<\/div>\n<p><\/p>","protected":false},"excerpt":{"rendered":"<p>Kutsikas on k\u00f5ige vastuv\u00f5tlikum uutele kogemustele enne 16-n\u00e4dalaseks saamist ning iga uue olukorraga kohanemine on tema jaoks peale seda oluliselt keerulisem. Kunagi pole hilja alustada ning ka vanema koera puhul on v\u00f5imalik teda h\u00e4sti sotsialiseerida, see v\u00f5tab lihtsalt rohkem aega ja kannatust. &#8220;Kutsika 12 reeglit&#8221; on \u00fcldine juhend, mida v\u00f5ib kasutada pere-, t\u00f6\u00f6- v\u00f5i sportkoera [&hellip;]<\/p>\n","protected":false},"author":1,"featured_media":0,"parent":177,"menu_order":10,"comment_status":"closed","ping_status":"closed","template":"","meta":{"ngg_post_thumbnail":0,"footnotes":""},"class_list":["post-9378","page","type-page","status-publish","hentry"],"_links":{"self":[{"href":"https:\/\/vana.mybrand.ee\/et\/wp-json\/wp\/v2\/pages\/9378","targetHints":{"allow":["GET"]}}],"collection":[{"href":"https:\/\/vana.mybrand.ee\/et\/wp-json\/wp\/v2\/pages"}],"about":[{"href":"https:\/\/vana.mybrand.ee\/et\/wp-json\/wp\/v2\/types\/page"}],"author":[{"embeddable":true,"href":"https:\/\/vana.mybrand.ee\/et\/wp-json\/wp\/v2\/users\/1"}],"replies":[{"embeddable":true,"href":"https:\/\/vana.mybrand.ee\/et\/wp-json\/wp\/v2\/comments?post=9378"}],"version-history":[{"count":0,"href":"https:\/\/vana.mybrand.ee\/et\/wp-json\/wp\/v2\/pages\/9378\/revisions"}],"up":[{"embeddable":true,"href":"https:\/\/vana.mybrand.ee\/et\/wp-json\/wp\/v2\/pages\/177"}],"wp:attachment":[{"href":"https:\/\/vana.mybrand.ee\/et\/wp-json\/wp\/v2\/media?parent=9378"}],"curies":[{"name":"wp","href":"https:\/\/api.w.org\/{rel}","templated":true}]}}