{"id":9569,"date":"2024-06-12T20:58:07","date_gmt":"2024-06-12T18:58:07","guid":{"rendered":"https:\/\/vana.mybrand.ee\/?page_id=9569"},"modified":"2024-06-12T21:16:07","modified_gmt":"2024-06-12T19:16:07","slug":"kahe-pesakonna-kulud-tulud","status":"publish","type":"page","link":"https:\/\/vana.mybrand.ee\/et\/library\/kahe-pesakonna-kulud-tulud\/","title":{"rendered":"Kahe pesakonna kulud-tulud"},"content":{"rendered":"<p><\/p>\n<h2>KAHE PESAKONNA KULUD-TULUD<\/h2>\n<p>N\u00e4ide kuludest ja tuludest koerakasvataja rahakotis kahe reaalse pesakonna n\u00e4itel.<\/p>\n<table width=\"1127\">\n<tbody>\n<tr>\n<td width=\"567\">&nbsp;<\/td>\n<td width=\"65\">&nbsp;<\/td>\n<td width=\"426\">&nbsp;<\/td>\n<td width=\"69\">&nbsp;<\/td>\n<\/tr>\n<tr>\n<td width=\"567\">&nbsp;<\/td>\n<td>&nbsp;<\/td>\n<td width=\"426\">&nbsp;<\/td>\n<td>&nbsp;<\/td>\n<\/tr>\n<tr>\n<td width=\"567\"><strong>ESIMENE PESAKOND, 2021<\/strong><\/td>\n<td>&nbsp;<\/td>\n<td width=\"426\">&nbsp;<\/td>\n<td>&nbsp;<\/td>\n<\/tr>\n<tr>\n<td width=\"567\">&nbsp;<\/td>\n<td>&nbsp;<\/td>\n<td width=\"426\">&nbsp;<\/td>\n<td>&nbsp;<\/td>\n<\/tr>\n<tr>\n<td width=\"567\"><strong>KULUD<\/strong><\/td>\n<td>&nbsp;<\/td>\n<td width=\"426\"><strong>TULUD<\/strong><\/td>\n<td>&nbsp;<\/td>\n<\/tr>\n<tr>\n<td width=\"567\"><strong>Pesakonnale eelnenud kulud: terviseuuringud, n\u00e4itusehinded ja t\u00f6\u00f6katsed aretussobivuse m\u00e4\u00e4ramiseks<\/strong><\/td>\n<td>&nbsp;<\/td>\n<td width=\"426\">&nbsp;<\/td>\n<td>&nbsp;<\/td>\n<\/tr>\n<tr>\n<td width=\"567\">D\u00fcsplaasiauuringud (puusad, k\u00fc\u00fcnarliigesed)&nbsp;<\/td>\n<td>262<\/td>\n<td width=\"426\">\u00dcks kolmest kutsikast j\u00e4i kasvatajale koju aretuses j\u00e4tkamise lootuses&nbsp;<\/td>\n<td>0<\/td>\n<\/tr>\n<tr>\n<td width=\"567\">Silmauuringud (korrata iga 12 kuu tagant)<\/td>\n<td>110<\/td>\n<td width=\"426\">tasud kahe kutsika eest (2*1400)<\/td>\n<td>2800<\/td>\n<\/tr>\n<tr>\n<td width=\"567\">Geenitestid p\u00e4rilike haiguste v\u00e4ltimiseks, et paarilise valikul oleks v\u00f5imalik minimiseerida haiguste riski (Laboklin)<\/td>\n<td>175<\/td>\n<td width=\"426\">&nbsp;<\/td>\n<td>&nbsp;<\/td>\n<\/tr>\n<tr>\n<td width=\"567\">S\u00fcdameuuring&nbsp;<\/td>\n<td>150<\/td>\n<td width=\"426\">&nbsp;<\/td>\n<td>&nbsp;<\/td>\n<\/tr>\n<tr>\n<td width=\"567\">&nbsp;<\/td>\n<td>&nbsp;<\/td>\n<td width=\"426\">&nbsp;<\/td>\n<td>&nbsp;<\/td>\n<\/tr>\n<tr>\n<td width=\"567\"><strong>I viljastus<\/strong><\/td>\n<td>&nbsp;<\/td>\n<td width=\"426\">&nbsp;<\/td>\n<td>&nbsp;<\/td>\n<\/tr>\n<tr>\n<td width=\"567\">Emane tiinestus teisest katsest. Esimene emakasisene viljastus ei toonud tulemusi<\/td>\n<td>&nbsp;<\/td>\n<td width=\"426\">&nbsp;<\/td>\n<td>&nbsp;<\/td>\n<\/tr>\n<tr>\n<td width=\"567\">Viljastus ja sperma transpordi ja s\u00e4ilitamiskulud Soomes, Reprovet kliinikus, jaanuar 2020<\/td>\n<td>560<\/td>\n<td width=\"426\">&nbsp;<\/td>\n<td>&nbsp;<\/td>\n<\/tr>\n<tr>\n<td width=\"567\">Paaritustasu isase omanikule (t\u00fchjaksj\u00e4\u00e4mise korral saab proovida uuesti)<\/td>\n<td>1200<\/td>\n<td width=\"426\">&nbsp;<\/td>\n<td>&nbsp;<\/td>\n<\/tr>\n<tr>\n<td width=\"567\">Transport (bensiin, laevapiletid jne) ja \u00f6\u00f6bimine Soomes (kaks s\u00f5itu, kuna progesteroon t\u00f5usis aeglaselt ja ovulatsioon saabus oodatust hiljem)<\/td>\n<td>360<\/td>\n<td width=\"426\">&nbsp;<\/td>\n<td>&nbsp;<\/td>\n<\/tr>\n<tr>\n<td width=\"567\">Progesteroonitestid Eestis ja Soomes<\/td>\n<td>160<\/td>\n<td width=\"426\">&nbsp;<\/td>\n<td>&nbsp;<\/td>\n<\/tr>\n<tr>\n<td width=\"567\">Ussirohud enne paaritamist ja tiinuse ajal<\/td>\n<td>60<\/td>\n<td width=\"426\">&nbsp;<\/td>\n<td>&nbsp;<\/td>\n<\/tr>\n<tr>\n<td width=\"567\">Ultraheliuuring\/r\u00f6ntgen tiinuse tuvastamiseks&nbsp;<\/td>\n<td>90<\/td>\n<td width=\"426\">&nbsp;<\/td>\n<td>&nbsp;<\/td>\n<\/tr>\n<tr>\n<td width=\"567\">tulemus &#8211; emane ei tiinestunud<\/td>\n<td>&nbsp;<\/td>\n<td width=\"426\">&nbsp;<\/td>\n<td>&nbsp;<\/td>\n<\/tr>\n<tr>\n<td width=\"567\">&nbsp;<\/td>\n<td>&nbsp;<\/td>\n<td width=\"426\">&nbsp;<\/td>\n<td>&nbsp;<\/td>\n<\/tr>\n<tr>\n<td width=\"567\"><strong>II viljastus<\/strong><\/td>\n<td>&nbsp;<\/td>\n<td width=\"426\">&nbsp;<\/td>\n<td>&nbsp;<\/td>\n<\/tr>\n<tr>\n<td width=\"567\">Transport (bensiin, laevapiletid jne) ja \u00f6\u00f6bimine Soomes&nbsp; (kolm p\u00e4eva)<\/td>\n<td>600<\/td>\n<td width=\"426\">&nbsp;<\/td>\n<td>&nbsp;<\/td>\n<\/tr>\n<tr>\n<td width=\"567\">Paaritustasud isasele&nbsp;<\/td>\n<td>1200<\/td>\n<td width=\"426\">&nbsp;<\/td>\n<td>&nbsp;<\/td>\n<\/tr>\n<tr>\n<td width=\"567\">Progesteroonitestid<\/td>\n<td>80<\/td>\n<td width=\"426\">&nbsp;<\/td>\n<td>&nbsp;<\/td>\n<\/tr>\n<tr>\n<td width=\"567\">Ussirohud enne paaritamist ja tiinuse ajal<\/td>\n<td>60<\/td>\n<td width=\"426\">&nbsp;<\/td>\n<td>&nbsp;<\/td>\n<\/tr>\n<tr>\n<td width=\"567\">Ultraheliuuring tiinuse tuvastamiseks&nbsp;<\/td>\n<td>55<\/td>\n<td width=\"426\">&nbsp;<\/td>\n<td>&nbsp;<\/td>\n<\/tr>\n<tr>\n<td width=\"567\">tulemus &#8211; emane tiinestus, s\u00fcndis 6 kutsikat, neist j\u00e4i ellu 3 isast kutsikat<\/td>\n<td>&nbsp;<\/td>\n<td width=\"426\">&nbsp;<\/td>\n<td>&nbsp;<\/td>\n<\/tr>\n<tr>\n<td width=\"567\">&nbsp;<\/td>\n<td>&nbsp;<\/td>\n<td width=\"426\">&nbsp;<\/td>\n<td>&nbsp;<\/td>\n<\/tr>\n<tr>\n<td width=\"567\"><strong>Pesakonna hooldamise kulud<\/strong><\/td>\n<td>&nbsp;<\/td>\n<td width=\"426\">&nbsp;<\/td>\n<td>&nbsp;<\/td>\n<\/tr>\n<tr>\n<td width=\"567\">Pesakast<\/td>\n<td>20<\/td>\n<td width=\"426\">&nbsp;<\/td>\n<td>&nbsp;<\/td>\n<\/tr>\n<tr>\n<td width=\"567\">madratsid ja imavad linad poegimise ja kutsikate kasvamise ajal<\/td>\n<td>180<\/td>\n<td width=\"426\">&nbsp;<\/td>\n<td>&nbsp;<\/td>\n<\/tr>\n<tr>\n<td width=\"567\">muud vahendid (s\u00fcstlad, vaakumpump, niidid naban\u00f6\u00f6ri sidumiseks, kummikindad, ravimid jms)<\/td>\n<td>70<\/td>\n<td width=\"426\">&nbsp;<\/td>\n<td>&nbsp;<\/td>\n<\/tr>\n<tr>\n<td width=\"567\">emase eritoit tiinuse ja imetamise ajal&nbsp;<\/td>\n<td>80<\/td>\n<td width=\"426\">&nbsp;<\/td>\n<td>&nbsp;<\/td>\n<\/tr>\n<tr>\n<td width=\"567\">toidulisandid ja toortoit emasele imetamise ajal<\/td>\n<td>160<\/td>\n<td width=\"426\">&nbsp;<\/td>\n<td>&nbsp;<\/td>\n<\/tr>\n<tr>\n<td width=\"567\">kutsikate starditoitmine (startertoit, kuivtoit, hakkliha, kodujuust, maitsestamata jogurt, jne)<\/td>\n<td>550<\/td>\n<td width=\"426\">&nbsp;<\/td>\n<td>&nbsp;<\/td>\n<\/tr>\n<tr>\n<td width=\"567\">kutsikate toidulisandid ja ravimid k\u00f5hulahtisuse jaoks&nbsp;<\/td>\n<td>300<\/td>\n<td width=\"426\">&nbsp;<\/td>\n<td>&nbsp;<\/td>\n<\/tr>\n<tr>\n<td width=\"567\">kutsikate passid, mikrokiibid, loomaarsti \u00fclevaatust\u00f5endid, vaktsineerimised, ussirohud (5 korda)<\/td>\n<td>270<\/td>\n<td width=\"426\">&nbsp;<\/td>\n<td>&nbsp;<\/td>\n<\/tr>\n<tr>\n<td width=\"567\">temperamenditestid, nendega seonduv<\/td>\n<td>60<\/td>\n<td width=\"426\">&nbsp;<\/td>\n<td>&nbsp;<\/td>\n<\/tr>\n<tr>\n<td width=\"567\">Kutsikapakid, milles sisaldub kutsika hooldus-, toitmis- ja kasvatamisjuhend (Kennelliidu kasvataja kohustuslepingu j\u00e4rgi peab iga kasvataja selle oma kutsikatega kaasa andma)<\/td>\n<td>270<\/td>\n<td width=\"426\">&nbsp;<\/td>\n<td>&nbsp;<\/td>\n<\/tr>\n<tr>\n<td width=\"567\">registreerimine Eesti kennelliidus (3*13)<\/td>\n<td>39<\/td>\n<td width=\"426\">&nbsp;<\/td>\n<td>&nbsp;<\/td>\n<\/tr>\n<tr>\n<td width=\"567\">&nbsp;<\/td>\n<td>&nbsp;<\/td>\n<td width=\"426\">&nbsp;<\/td>\n<td>&nbsp;<\/td>\n<\/tr>\n<tr>\n<td width=\"567\"><strong>KULUD KOKKU<\/strong><\/td>\n<td><strong>7121<\/strong><\/td>\n<td width=\"426\"><strong>TULUD KOKKU<\/strong><\/td>\n<td><strong>2800<\/strong><\/td>\n<\/tr>\n<tr>\n<td width=\"567\">&nbsp;<\/td>\n<td>&nbsp;<\/td>\n<td width=\"426\">Kasum<\/td>\n<td><span style=\"color: #ff0000;\"><strong>-4321<\/strong><\/span><\/td>\n<\/tr>\n<tr>\n<td width=\"567\">&nbsp;<\/td>\n<td>&nbsp;<\/td>\n<td width=\"426\">&nbsp;<\/td>\n<td>&nbsp;<\/td>\n<\/tr>\n<tr>\n<td width=\"567\">&nbsp;<\/td>\n<td>&nbsp;<\/td>\n<td width=\"426\">&nbsp;<\/td>\n<td>&nbsp;<\/td>\n<\/tr>\n<tr>\n<td width=\"567\">&nbsp;<\/td>\n<td>&nbsp;<\/td>\n<td width=\"426\">&nbsp;<\/td>\n<td>&nbsp;<\/td>\n<\/tr>\n<tr>\n<td width=\"567\"><strong>2. PESAKOND, 2021<\/strong><\/td>\n<td>&nbsp;<\/td>\n<td width=\"426\">&nbsp;<\/td>\n<td>&nbsp;<\/td>\n<\/tr>\n<tr>\n<td width=\"567\">Emane tiinestus esimesest katsest<\/td>\n<td>&nbsp;<\/td>\n<td width=\"426\">&nbsp;<\/td>\n<td>&nbsp;<\/td>\n<\/tr>\n<tr>\n<td width=\"567\">&nbsp;<\/td>\n<td>&nbsp;<\/td>\n<td width=\"426\">&nbsp;<\/td>\n<td>&nbsp;<\/td>\n<\/tr>\n<tr>\n<td width=\"567\"><strong>KULUD<\/strong><\/td>\n<td>&nbsp;<\/td>\n<td width=\"426\"><strong>TULUD (6 loovutusajaks tervet kutsikat)<\/strong><\/td>\n<td>&nbsp;<\/td>\n<\/tr>\n<tr>\n<td width=\"567\"><strong>Pesakonnale eelnenud kulud: terviseuuringud, n\u00e4itusehinded ja t\u00f6\u00f6katsed aretussobivuse m\u00e4\u00e4ramiseks<\/strong><\/td>\n<td>&nbsp;<\/td>\n<td width=\"426\">&nbsp;<\/td>\n<td>&nbsp;<\/td>\n<\/tr>\n<tr>\n<td width=\"567\">D\u00fcsplaasiauuringud (puusad, k\u00fc\u00fcnarliigesed)&nbsp;<\/td>\n<td>260<\/td>\n<td width=\"426\">Kaks emast kutsikat j\u00e4id kaasomandisse aretuses j\u00e4tkamise lootuses<\/td>\n<td>0<\/td>\n<\/tr>\n<tr>\n<td width=\"567\">Silmauuringud (korrata iga 12 kuu tagant)<\/td>\n<td>55<\/td>\n<td width=\"426\">\u00fcks isane kutsikas l\u00e4ks pesakonna isa omanikule n\u00f6 alimentkutsikana<\/td>\n<td>0<\/td>\n<\/tr>\n<tr>\n<td width=\"567\">Geenitestid p\u00e4rilike haiguste v\u00e4ltimiseks, et leida sobiv paariline, kes minimiseeriks haiguste riski<\/td>\n<td>120<\/td>\n<td width=\"426\">tasud kahe kutsika eest (2*1400)<\/td>\n<td>2800<\/td>\n<\/tr>\n<tr>\n<td width=\"567\">S\u00fcdameuuring&nbsp;<\/td>\n<td>150<\/td>\n<td width=\"426\">alandatud tasu hamumusveaga kutsika eest (900)<\/td>\n<td>900<\/td>\n<\/tr>\n<tr>\n<td width=\"567\">&nbsp;<\/td>\n<td>&nbsp;<\/td>\n<td width=\"426\">&nbsp;<\/td>\n<td>&nbsp;<\/td>\n<\/tr>\n<tr>\n<td width=\"567\"><strong>I paaritus<\/strong><\/td>\n<td>&nbsp;<\/td>\n<td width=\"426\">&nbsp;<\/td>\n<td>&nbsp;<\/td>\n<\/tr>\n<tr>\n<td width=\"567\">Transport (bensiin) ja emase hoiutasud isase kennelis paarituste ajaks (kolm p\u00e4eva)<\/td>\n<td>80<\/td>\n<td width=\"426\">&nbsp;<\/td>\n<td>&nbsp;<\/td>\n<\/tr>\n<tr>\n<td width=\"567\">Paaritustasud isasele (isase omanik soovib alimentkutsikat)<\/td>\n<td>&nbsp;<\/td>\n<td width=\"426\">&nbsp;<\/td>\n<td>&nbsp;<\/td>\n<\/tr>\n<tr>\n<td width=\"567\">Progesteroonitestid<\/td>\n<td>60<\/td>\n<td width=\"426\">&nbsp;<\/td>\n<td>&nbsp;<\/td>\n<\/tr>\n<tr>\n<td width=\"567\">Ussirohud enne paaritamist ja tiinuse ajal<\/td>\n<td>60<\/td>\n<td width=\"426\">&nbsp;<\/td>\n<td>&nbsp;<\/td>\n<\/tr>\n<tr>\n<td width=\"567\">Ultraheliuuring tiinuse tuvastamiseks&nbsp;<\/td>\n<td>55<\/td>\n<td width=\"426\">&nbsp;<\/td>\n<td>&nbsp;<\/td>\n<\/tr>\n<tr>\n<td width=\"567\">tulemus &#8211; emane tiinestus, s\u00fcndis 7 kutsikat, kellest \u00fcks suri 6 n\u00e4dala vanuses<\/td>\n<td>&nbsp;<\/td>\n<td width=\"426\">&nbsp;<\/td>\n<td>&nbsp;<\/td>\n<\/tr>\n<tr>\n<td width=\"567\">&nbsp;<\/td>\n<td>&nbsp;<\/td>\n<td width=\"426\">&nbsp;<\/td>\n<td>&nbsp;<\/td>\n<\/tr>\n<tr>\n<td width=\"567\"><strong>Pesakonna hooldamise kulud<\/strong><\/td>\n<td>&nbsp;<\/td>\n<td width=\"426\">&nbsp;<\/td>\n<td>&nbsp;<\/td>\n<\/tr>\n<tr>\n<td width=\"567\">Pesakast<\/td>\n<td>20<\/td>\n<td width=\"426\">&nbsp;<\/td>\n<td>&nbsp;<\/td>\n<\/tr>\n<tr>\n<td width=\"567\">madratsid ja imavad linad poegimise ja kutsikate kasvamise ajal<\/td>\n<td>220<\/td>\n<td width=\"426\">&nbsp;<\/td>\n<td>&nbsp;<\/td>\n<\/tr>\n<tr>\n<td width=\"567\">muud vahendid (s\u00fcstlad, vaakumpump, niidid naban\u00f6\u00f6ri sidumiseks, kummikindad, ravimid jms)<\/td>\n<td>50<\/td>\n<td width=\"426\">&nbsp;<\/td>\n<td>&nbsp;<\/td>\n<\/tr>\n<tr>\n<td width=\"567\">emase eritoit tiinuse ja imetamise ajal&nbsp;<\/td>\n<td>120<\/td>\n<td width=\"426\">&nbsp;<\/td>\n<td>&nbsp;<\/td>\n<\/tr>\n<tr>\n<td width=\"567\">toidulisandid ja toortoit emasele imetamise ajal<\/td>\n<td>80<\/td>\n<td width=\"426\">&nbsp;<\/td>\n<td>&nbsp;<\/td>\n<\/tr>\n<tr>\n<td width=\"567\">kutsikate starditoitmine (startertoit, kuivtoit, hakkliha, kodujuust, maitsestamata jogurt, jne)<\/td>\n<td>1200<\/td>\n<td width=\"426\">&nbsp;<\/td>\n<td>&nbsp;<\/td>\n<\/tr>\n<tr>\n<td width=\"567\">kutsikate toidulisandid<\/td>\n<td>120<\/td>\n<td width=\"426\">&nbsp;<\/td>\n<td>&nbsp;<\/td>\n<\/tr>\n<tr>\n<td width=\"567\">kutsikate passid, mikrokiibid, loomaarsti \u00fclevaatust\u00f5endid, vaktsineerimised, ussirohud (5 korda)<\/td>\n<td>630<\/td>\n<td width=\"426\">&nbsp;<\/td>\n<td>&nbsp;<\/td>\n<\/tr>\n<tr>\n<td width=\"567\">temperamenditestid, nendega seonduv<\/td>\n<td>120<\/td>\n<td width=\"426\">&nbsp;<\/td>\n<td>&nbsp;<\/td>\n<\/tr>\n<tr>\n<td width=\"567\">Haigestunud kutsika ravi statsionaaris PetCity kliinikus&nbsp;<\/td>\n<td>900<\/td>\n<td width=\"426\">&nbsp;<\/td>\n<td>&nbsp;<\/td>\n<\/tr>\n<tr>\n<td width=\"567\">haigestunud kutsika eritoit ravi ajal<\/td>\n<td>120<\/td>\n<td width=\"426\">&nbsp;<\/td>\n<td>&nbsp;<\/td>\n<\/tr>\n<tr>\n<td width=\"567\">surnud kutsika eutanaasia ja lahkamine&nbsp;<\/td>\n<td>450<\/td>\n<td width=\"426\">&nbsp;<\/td>\n<td>&nbsp;<\/td>\n<\/tr>\n<tr>\n<td width=\"567\">Kutsikapakid, milles sisaldub kutsika hooldus-, toitmis- ja kasvatamisjuhend (Kennelliidu kasvataja kohustuslepingu j\u00e4rgi peab iga kasvataja selle oma kutsikatega kaasa andma)<\/td>\n<td>540<\/td>\n<td width=\"426\">&nbsp;<\/td>\n<td>&nbsp;<\/td>\n<\/tr>\n<tr>\n<td width=\"567\">registreerimine Eesti kennelliidus (7*13)<\/td>\n<td>91<\/td>\n<td width=\"426\">&nbsp;<\/td>\n<td>&nbsp;<\/td>\n<\/tr>\n<tr>\n<td width=\"567\">&nbsp;<\/td>\n<td>&nbsp;<\/td>\n<td width=\"426\">&nbsp;<\/td>\n<td>&nbsp;<\/td>\n<\/tr>\n<tr>\n<td width=\"567\"><strong>KULUD KOKKU<\/strong><\/td>\n<td><strong>5501<\/strong><\/td>\n<td width=\"426\"><strong>TULUD KOKKU<\/strong><\/td>\n<td><strong>3700<\/strong><\/td>\n<\/tr>\n<tr>\n<td width=\"567\">&nbsp;<\/td>\n<td>&nbsp;<\/td>\n<td width=\"426\">Kasum<\/td>\n<td><span style=\"color: #ff0000;\"><strong>-1801<\/strong><\/span><\/td>\n<\/tr>\n<tr>\n<td width=\"567\">&nbsp;<\/td>\n<td>&nbsp;<\/td>\n<td width=\"426\">&nbsp;<\/td>\n<td>&nbsp;<\/td>\n<\/tr>\n<\/tbody>\n<\/table>\n<p>Eelarves ei sisaldu kasvataja t\u00f6\u00f6tunnid, mida on v\u00f5imatu alati kokku lugeda. Pesakonnad ja neile kuluv aeg on erinev, ent v\u00f5ib ja tihti sisaldab:<\/p>\n<ul>\n<li>vasts\u00fcndinud kutsikate valvamist 24\/7 esimestel p\u00e4evadel ja n\u00e4dalatel<\/li>\n<li>vasts\u00fcndinud kutsikate s\u00f6\u00f6tmist iga 1-2 tunni j\u00e4rel \u00f6\u00f6p\u00e4evaringselt<\/li>\n<li>kutsikate hooldust, intensiivravi, kliinikus veedetud aega v\u00f5i ravile kulunud aega<\/li>\n<li>koristamist, koristamist, koristamist, sest k\u00f5ik toit, mis kutsikad s\u00f6\u00f6vad, tuleb ka v\u00e4lja<\/li>\n<li>intervjuud ja n\u00f5ustamised peredele, enamasti v\u00e4hemalt 2 korda, iga kord ~2h. Sealhulgas ka peredele, kes kutsikast hiljem loobuvad v\u00f5i ei sobi. Kui pesakonnas on 7 kutsikat, siis kulutab kasvataja ~ 30-32h ainult peredega kohtumiste peale.<\/li>\n<li>Infomaterjalide ettevalmistus uutele peredele.<\/li>\n<li>N\u00f5ustamine peale kutsika loovutust &#8211; telefoni, kirja ja kohtumiste kaudu. Keskmine pere vajab esimestel n\u00e4dalatel 1-4 tundi n\u00f5ustamist n\u00e4dalas.<\/li>\n<li>T\u00f6\u00f6 kasvatajale tagasi tulnud kutsikatega v\u00f5i treenimata j\u00e4\u00e4nud koerte &#8220;remont&#8221;.<\/li>\n<\/ul>\n<p>Kasvataja t\u00f6\u00f6tundidele on olnud keeruline m\u00e4\u00e4rata tunnihinda ning kuna kutsikahinnad seda Eestis ei kompenseeri, siis ei ole m\u00f5tet ka spekuleerida, mis oleks \u00f5iglane hind sellise t\u00f6\u00f6 eest.<\/p>","protected":false},"excerpt":{"rendered":"<p>KAHE PESAKONNA KULUD-TULUD N\u00e4ide kuludest ja tuludest koerakasvataja rahakotis kahe reaalse pesakonna n\u00e4itel. &nbsp; &nbsp; &nbsp; &nbsp; &nbsp; &nbsp; &nbsp; &nbsp; ESIMENE PESAKOND, 2021 &nbsp; &nbsp; &nbsp; &nbsp; &nbsp; &nbsp; &nbsp; KULUD &nbsp; TULUD &nbsp; Pesakonnale eelnenud kulud: terviseuuringud, n\u00e4itusehinded ja t\u00f6\u00f6katsed aretussobivuse m\u00e4\u00e4ramiseks &nbsp; &nbsp; &nbsp; D\u00fcsplaasiauuringud (puusad, k\u00fc\u00fcnarliigesed)&nbsp; 262 \u00dcks kolmest kutsikast j\u00e4i [&hellip;]<\/p>\n","protected":false},"author":1,"featured_media":0,"parent":177,"menu_order":0,"comment_status":"closed","ping_status":"closed","template":"","meta":{"ngg_post_thumbnail":0,"footnotes":""},"class_list":["post-9569","page","type-page","status-publish","hentry"],"_links":{"self":[{"href":"https:\/\/vana.mybrand.ee\/et\/wp-json\/wp\/v2\/pages\/9569","targetHints":{"allow":["GET"]}}],"collection":[{"href":"https:\/\/vana.mybrand.ee\/et\/wp-json\/wp\/v2\/pages"}],"about":[{"href":"https:\/\/vana.mybrand.ee\/et\/wp-json\/wp\/v2\/types\/page"}],"author":[{"embeddable":true,"href":"https:\/\/vana.mybrand.ee\/et\/wp-json\/wp\/v2\/users\/1"}],"replies":[{"embeddable":true,"href":"https:\/\/vana.mybrand.ee\/et\/wp-json\/wp\/v2\/comments?post=9569"}],"version-history":[{"count":0,"href":"https:\/\/vana.mybrand.ee\/et\/wp-json\/wp\/v2\/pages\/9569\/revisions"}],"up":[{"embeddable":true,"href":"https:\/\/vana.mybrand.ee\/et\/wp-json\/wp\/v2\/pages\/177"}],"wp:attachment":[{"href":"https:\/\/vana.mybrand.ee\/et\/wp-json\/wp\/v2\/media?parent=9569"}],"curies":[{"name":"wp","href":"https:\/\/api.w.org\/{rel}","templated":true}]}}