{"id":9603,"date":"2024-07-18T22:03:43","date_gmt":"2024-07-18T20:03:43","guid":{"rendered":"https:\/\/vana.mybrand.ee\/?page_id=9603"},"modified":"2025-09-01T10:29:00","modified_gmt":"2025-09-01T08:29:00","slug":"my-brand-great-believer","status":"publish","type":"page","link":"https:\/\/vana.mybrand.ee\/et\/females\/my-brand-great-believer\/","title":{"rendered":"My Brand Great Believer ~Paula~"},"content":{"rendered":"<p><div style=\"width: 1810px\" class=\"wp-caption alignnone\"><img loading=\"lazy\" decoding=\"async\" title=\"My Brand Great Believer &quot;Paula&quot; - February 2025\" src=\"https:\/\/vana.mybrand.ee\/wp-content\/gallery\/my-brand-great-believer\/MB-Great-Believer-7.jpg?i=1457849217\" alt=\"\" width=\"1800\" height=\"1200\"><p class=\"wp-caption-text\">My Brand Great Believer &#8220;Paula&#8221; \u00fcheaastaselt &#8211; veebruar 2025<\/p><\/div><\/p>\n<h2>My Brand Great Believer &#8220;Paula&#8221;<\/h2>\n<p>must emane (BbEe, kannab kollast ja pruuni)<br \/>\ns\u00fcnd 10.02.2024<br \/>\n<a href=\"https:\/\/register.kennelliit.ee\/index.php?page=dogCard&amp;dogId=363642\" target=\"_blank\" rel=\"noopener noreferrer\">Eesti Kennelliidu andmebaas \u00bb<\/a><\/p>\n<h4>TERVISEUURINGUD<\/h4>\n<ul>\n<li>puusad A\/A<\/li>\n<li>k\u00fc\u00fcnarliigesed 0:0<\/li>\n<li>silmauuring puhas (veebruar 2025)<\/li>\n<li>s\u00fcdameuuring ECHO Doppler puhas (veebruar 2025)<\/li>\n<\/ul>\n<h4>GEENITESTID<\/h4>\n<ul>\n<li>HNPK puhas (vanemad puhtad)<\/li>\n<li>EIC puhas (vanemad puhtad)<\/li>\n<li>PRA-prcd puhas (vanemad puhtad)<\/li>\n<li><a href=\"https:\/\/www.wisdompanel.com\/app\/s\/4mcp0bk\" target=\"_blank\" rel=\"noopener\">k\u00f5ik tulemused Wisdom Paneli lehel<\/a><\/li>\n<\/ul>\n<h4>SUGUPUU<\/h4>\n<table class=\"tree\" border=\"1\">\n<tbody>\n<tr>\n<td class=\"tree\" style=\"width: 25%;\" rowspan=\"8\">Fullcool Umberto<br \/>\nHD A\/A ED 0:0 Eyes Clear, Heart ausc Clear, EIC, HNPK, prcd-PRA, RD\/OSD, MCD, STGD, SD2, CNM and DM Clear<br \/>\nDoesn\u2019t carry long coat<br \/>\n(CRO)<\/td>\n<td class=\"tree\" style=\"width: 25%;\" rowspan=\"4\">Miracul Adrenaline Rush<br \/>\nA\/A 0:0 Eyes Clear<br \/>\nprcd-PRA, HNPK, EIC, CNM, NARCOLEPSY, RD\/OSD, DWARFISM Normal\/Clear<br \/>\n(CR)<\/td>\n<td class=\"tree\" style=\"width: 25%;\" rowspan=\"2\">POL LTU CH POL JCH JW JUN Club\u2019W, GDR JUN Club\u2019W Bloomwood Royal Major Globtrotter<\/td>\n<td class=\"tree\" style=\"width: 25%;\">CH Lobuff-Shannon US Major Attraction<\/td>\n<\/tr>\n<tr>\n<td class=\"tree\">CH Merci Herbu Zadora<\/td>\n<\/tr>\n<tr>\n<td class=\"tree\" rowspan=\"2\">Geisha<\/td>\n<td class=\"tree\">CH Silronray&#8217;s Douglas Fairbanks<\/td>\n<\/tr>\n<tr>\n<td class=\"tree\">JCH Lab&#8217;s Dream Nala<\/td>\n<\/tr>\n<tr>\n<td class=\"tree\" rowspan=\"4\">CR CH Fullcool Charisma<br \/>\nA\/A 0:0 Eyes Clear<br \/>\nprcd-PRA, EIC, CNM Normal\/Clear, HNPK Carrier<br \/>\nworking test<br \/>\n(CR)<\/td>\n<td class=\"tree\" rowspan=\"2\">PL JCH CH Boss Sarracenia<\/td>\n<td class=\"tree\">Devonshires London Edition<\/td>\n<\/tr>\n<tr>\n<td class=\"tree\">Annie Sarracenia Majestic Chameleon<\/td>\n<\/tr>\n<tr>\n<td class=\"tree\" rowspan=\"2\">JWW\u201915 CRO JCH Multi JBIS Winner, SLO Club Winner\u201916 Snoopy\u2019s Gang Element of Surprise<\/td>\n<td class=\"tree\">Morlands MD At Snoopy&#8217;s Gang<\/td>\n<\/tr>\n<tr>\n<td class=\"tree\">Reglan Jemima<\/td>\n<\/tr>\n<tr>\n<td class=\"tree\" rowspan=\"8\">My Brand Royal Grace<br \/>\nHD B\/B ED 0:0 Eyes Clear, Heart Clear<br \/>\nprcd-PRA, EIC, HNPK Normal\/Clear<br \/>\n(EST)<\/td>\n<td class=\"tree\" rowspan=\"4\">PL CH PL JCH Casino Royale Bella Mare<br \/>\nA\/A 0:0 Eyes Clear (EVCO cert)<br \/>\nprcd-PRA EIC Normal\/Clear HNPK Carrier<br \/>\n(POL)<\/td>\n<td class=\"tree\" rowspan=\"2\">AM CH GCH MEX CH Vegas Night Bella Mare<\/td>\n<td class=\"tree\">AM CH POL CH Dickendall Buckstone Three Dog Night<\/td>\n<\/tr>\n<tr>\n<td class=\"tree\">JCH PL Sandamar HySpire I\u2019m So Vain<\/td>\n<\/tr>\n<tr>\n<td class=\"tree\" rowspan=\"2\">POL CH Purple Rain Bella Mare<\/td>\n<td class=\"tree\"><span class=\"sukutaulu style2\">AmCH Anguk Black Ki-Bo (Anguiano)<\/span><\/td>\n<\/tr>\n<tr>\n<td class=\"tree\"><span class=\"sukutaulu style2\">Dickendall Buckstone Forsythia<\/span><\/td>\n<\/tr>\n<tr>\n<td class=\"tree\" rowspan=\"4\">EST JCH CH Royal Brown I Love Your Smile<br \/>\nA\/A 0:0 Eyes Clear<br \/>\nprcd-PRA, HNPK &amp; EIC Normal\/Clear<br \/>\n(EST)<\/td>\n<td class=\"tree\" rowspan=\"2\">BALT JW\u201915 EST JCH Genuine My Brand Optimus Canis<\/td>\n<td class=\"tree\">INT CH POL JCH POL BLK UKR BUL CH Mallorn\u2019s Black Gangsta<\/td>\n<\/tr>\n<tr>\n<td class=\"tree\">Amazing Poppy Optimus Canis<\/td>\n<\/tr>\n<tr>\n<td class=\"tree\" rowspan=\"2\">Royal Brown From Russia With Love<\/td>\n<td class=\"tree\">RUS RKF BLR UKR FIN INT CH Stenveyz Get Popular<\/td>\n<\/tr>\n<tr>\n<td class=\"tree\">Royal Brown Bethany Bell<\/td>\n<\/tr>\n<\/tbody>\n<\/table>\n<p><img loading=\"lazy\" decoding=\"async\" class=\"alignnone\" src=\"https:\/\/vana.mybrand.ee\/wp-content\/gallery\/my-brand-great-believer\/MB-Great-Believer-20.jpg\" alt=\"My Brand Great Believer\" width=\"1800\" height=\"1200\"><\/p>\n<h4>N\u00c4ITUSETULEMUSED<\/h4>\n<table>\n<tbody>\n<tr>\n<th>Kuup\u00e4ev<\/th>\n<th>N\u00e4itus<\/th>\n<th>Kohtunik<\/th>\n<th>Klass<\/th>\n<th>Tulemused<\/th>\n<\/tr>\n<tr>\n<td>01.06.2025<\/td>\n<td><a href=\"https:\/\/online.kennelliit.ee\/show\/show.php?lang=0&amp;show=1248\">Retriiverite erin\u00e4itus, Harjumaa<\/a><\/td>\n<td>Philippe Lammens (France)<\/td>\n<td>Juunioriklass<\/td>\n<td>VSPJ Jun SERT<\/td>\n<\/tr>\n<tr>\n<td>31.05.2025<\/td>\n<td><a href=\"https:\/\/online.kennelliit.ee\/show\/show.php?lang=0&amp;show=1240\">Rahvusvaheline n\u00e4itus &#8220;Eesti V\u00f5itja 2025&#8221;, Tallinn<\/a><\/td>\n<td>Laura Cox (Ireland)<\/td>\n<td>Juunioriklass<\/td>\n<td>SP 4<\/td>\n<\/tr>\n<tr>\n<td>30.05.2025<\/td>\n<td><a href=\"https:\/\/online.kennelliit.ee\/show\/show.php?lang=0&amp;show=1246\">Labradori Retriiverite Erin\u00e4itus, Harjumaa<\/a><\/td>\n<td>Margaret Brown (United Kingdom)<\/td>\n<td>Juunioriklass<\/td>\n<td>SP<\/td>\n<\/tr>\n<tr>\n<td>15.03.2025<\/td>\n<td><a href=\"https:\/\/online.kennelliit.ee\/show\/show.php?lang=0&amp;show=1225\">Rahvusvaheline n\u00e4itus &#8220;Tallinna V\u00f5itja 2025&#8221;, Harjumaa<\/a><\/td>\n<td>Milosava Matejevic (Serbia)<\/td>\n<td>Juunioriklass<\/td>\n<td>SP<\/td>\n<\/tr>\n<\/tbody>\n<\/table>\n<h4>KOHTUNIKUD PAULAST<\/h4>\n<p><strong>Philippe Lammens, kennel Of Misty Dreams, France<\/strong><\/p>\n<blockquote><p>&#8220;Excellent type, nice head and expression, excellent neck and topline and tailset, nice front and back angulations with powerful backend, nice chest and body, excellent coat and bone and feet, moves well.&#8221;&nbsp;<strong>VSP-juunior, SP, juunior-SERT, SK, parim emane-4<\/strong><\/p><\/blockquote>\n<h4>GALERII<\/h4>\n<p>ngg_shortcode_1_placeholder<\/p>","protected":false},"excerpt":{"rendered":"<p>My Brand Great Believer &#8220;Paula&#8221; must emane (BbEe, kannab kollast ja pruuni) s\u00fcnd 10.02.2024 Eesti Kennelliidu andmebaas \u00bb TERVISEUURINGUD puusad A\/A k\u00fc\u00fcnarliigesed 0:0 silmauuring puhas (veebruar 2025) s\u00fcdameuuring ECHO Doppler puhas (veebruar 2025) GEENITESTID HNPK puhas (vanemad puhtad) EIC puhas (vanemad puhtad) PRA-prcd puhas (vanemad puhtad) k\u00f5ik tulemused Wisdom Paneli lehel SUGUPUU Fullcool Umberto HD [&hellip;]<\/p>\n","protected":false},"author":1,"featured_media":0,"parent":39,"menu_order":24,"comment_status":"closed","ping_status":"closed","template":"","meta":{"ngg_post_thumbnail":0,"footnotes":""},"class_list":["post-9603","page","type-page","status-publish","hentry"],"_links":{"self":[{"href":"https:\/\/vana.mybrand.ee\/et\/wp-json\/wp\/v2\/pages\/9603","targetHints":{"allow":["GET"]}}],"collection":[{"href":"https:\/\/vana.mybrand.ee\/et\/wp-json\/wp\/v2\/pages"}],"about":[{"href":"https:\/\/vana.mybrand.ee\/et\/wp-json\/wp\/v2\/types\/page"}],"author":[{"embeddable":true,"href":"https:\/\/vana.mybrand.ee\/et\/wp-json\/wp\/v2\/users\/1"}],"replies":[{"embeddable":true,"href":"https:\/\/vana.mybrand.ee\/et\/wp-json\/wp\/v2\/comments?post=9603"}],"version-history":[{"count":0,"href":"https:\/\/vana.mybrand.ee\/et\/wp-json\/wp\/v2\/pages\/9603\/revisions"}],"up":[{"embeddable":true,"href":"https:\/\/vana.mybrand.ee\/et\/wp-json\/wp\/v2\/pages\/39"}],"wp:attachment":[{"href":"https:\/\/vana.mybrand.ee\/et\/wp-json\/wp\/v2\/media?parent=9603"}],"curies":[{"name":"wp","href":"https:\/\/api.w.org\/{rel}","templated":true}]}}