{"id":9726,"date":"2024-08-28T23:24:19","date_gmt":"2024-08-28T21:24:19","guid":{"rendered":"https:\/\/vana.mybrand.ee\/?page_id=9726"},"modified":"2024-09-17T09:43:44","modified_gmt":"2024-09-17T07:43:44","slug":"my-brand-cacharel-amor-amor","status":"publish","type":"page","link":"https:\/\/vana.mybrand.ee\/et\/noored-ja-lubavad\/my-brand-cacharel-amor-amor\/","title":{"rendered":"My Brand Cacharel Amor Amor &#8220;Cherie&#8221;"},"content":{"rendered":"<p><img loading=\"lazy\" decoding=\"async\" src=\"https:\/\/vana.mybrand.ee\/wp-content\/gallery\/my-brand-cacharel-amor-amor\/MB-Cacharel-Amor-Amor-1.jpg?i=1660787538\" alt=\"\" width=\"1800\" height=\"1200\"><\/p>\n<h2>My Brand Cacharel Amor Amor &#8220;Cherie&#8221;<\/h2>\n<p>must emane (BbEe, kannab pruuni ja kollast)<br \/>\ns\u00fcnd 23.02.2024<br \/>\n<a href=\"https:\/\/register.kennelliit.ee\/index.php?page=dogCard&amp;dogId=364640\" target=\"_blank\" rel=\"noopener noreferrer\">Eesti Kennelliidu andmebaas \u00bb<\/a><\/p>\n<h4>TERVISEUURINGUD<\/h4>\n<ul>\n<li>puusad &#8212;<\/li>\n<li>k\u00fc\u00fcnarliigesed &#8212;<\/li>\n<li>silmauuring &#8212;<\/li>\n<li>s\u00fcdameuuring &#8212;<\/li>\n<\/ul>\n<h4>GEENITESTID<\/h4>\n<ul>\n<li>HNPK puhas (vanemad puhtad)<\/li>\n<li>EIC puhas (vanemad puhtad)<\/li>\n<li>PRA-prcd puhas (vanemad puhtad)<\/li>\n<li>k\u00f5ik tulemused &#8212;<\/li>\n<\/ul>\n<h4>SUGUPUU<\/h4>\n<table class=\"tree\" border=\"1\">\n<tbody>\n<tr>\n<td class=\"tree\" style=\"width: 25%;\" rowspan=\"8\">Waterline\u2019s Femi<br \/>\nHD A\/A ED 0:0 Eyes Clear, Heart ausc Clear<br \/>\nEIC, HNPK, prcd-PRA, RD\/OSD, MCD, STGD, SD2, CNM and DM Clear<br \/>\n(FIN)<\/td>\n<td class=\"tree\" style=\"width: 25%;\" rowspan=\"4\">BUL CH Greenstone\u2019s Earl Grey at Salt Creek<\/td>\n<td class=\"tree\" style=\"width: 25%;\" rowspan=\"2\">Greenstone\u2019s Music Man<\/td>\n<td class=\"tree\" style=\"width: 25%;\">GCHS CH Epoch&#8217;s Moccasin Joe<\/td>\n<\/tr>\n<tr>\n<td class=\"tree\">Greenstone&#8217;s Cuppa Delight<\/td>\n<\/tr>\n<tr>\n<td class=\"tree\" rowspan=\"2\">AM CH Greenstone\u2019s What Comes Around<\/td>\n<td class=\"tree\">CH Kimleigh Gucci Roll In The Moon<\/td>\n<\/tr>\n<tr>\n<td class=\"tree\">Blackwing Fancy That At Lousco<\/td>\n<\/tr>\n<tr>\n<td class=\"tree\" rowspan=\"4\">Waterline\u2019s Million Reasons<\/td>\n<td class=\"tree\" rowspan=\"2\">Flaming Volcano Z Grodu Hrabiego Malmesbury<\/td>\n<td class=\"tree\">AM POL CH Misty Mountain Bull Durham At Ghoststone<\/td>\n<\/tr>\n<tr>\n<td class=\"tree\">Scarlet z Grodu Hrabiego Malmesbury<\/td>\n<\/tr>\n<tr>\n<td class=\"tree\" rowspan=\"2\">Follies Maryland<\/td>\n<td class=\"tree\">MBISS Am Can CH Lubberline Martingale<\/td>\n<\/tr>\n<tr>\n<td class=\"tree\">Tweedledum Folies Bergerer<\/td>\n<\/tr>\n<tr>\n<td class=\"tree\" rowspan=\"8\">Royal Brown Brand New Herrera<br \/>\nHD B\/B ED 0:0 Eyes Clear, Heart Clear<br \/>\nprcd-PRA, EIC, HNPK Normal\/Clear<br \/>\n(EST)<\/td>\n<td class=\"tree\" rowspan=\"4\">TLNJW20 EST LV LTU BALT JCH EST LV LTU BALT CH Royal Brown Loco Es Poco Rock<br \/>\nHD B\/B ED 0:0 eyes clear<br \/>\nHNPK, EIC, prcd-PRA Normal\/Clear<br \/>\nl\u00e4binud retriiverite t\u00f5ukatse<br \/>\n(EST)<\/td>\n<td class=\"tree\" rowspan=\"2\">EST VCH Royal Brown Ace Of Base<\/td>\n<td class=\"tree\">My Brand Indiana Jonez<\/td>\n<\/tr>\n<tr>\n<td class=\"tree\">Irwlend Kimi-Charlotte<\/td>\n<\/tr>\n<tr>\n<td class=\"tree\" rowspan=\"2\">Madame Royal Brown Optimus Canis<\/td>\n<td class=\"tree\">Mister Bean Z Grody Hrabiego Malmesbury<\/td>\n<\/tr>\n<tr>\n<td class=\"tree\">Madecasse Optimus Canis z Grodu Hrabiego Malmesbury<\/td>\n<\/tr>\n<tr>\n<td class=\"tree\" rowspan=\"4\">My Brand New Carolina Herrera<br \/>\nHD B\/B ED 0:0 Eyes Clear<br \/>\nHNPK, EIC, prcd-PRA Normal\/Clear<br \/>\n(EST)<\/td>\n<td class=\"tree\" rowspan=\"2\">Sunnydaze Lincoln Navigator At Zadora<\/td>\n<td class=\"tree\">AM CH Nipntuck Rumrunner<\/td>\n<\/tr>\n<tr>\n<td class=\"tree\">Sunnydaze Firework<\/td>\n<\/tr>\n<tr>\n<td class=\"tree\" rowspan=\"2\">My Brand Chanel No Five<\/td>\n<td class=\"tree\">MEX EST CH Tabatha\u2019s Caffu Queijeiro<\/td>\n<\/tr>\n<tr>\n<td class=\"tree\">EST CH EST JW\u201908 EST W\u201908 My Brand Immaterial Girl<\/td>\n<\/tr>\n<\/tbody>\n<\/table>\n<p><img loading=\"lazy\" decoding=\"async\" class=\"alignnone\" src=\"https:\/\/vana.mybrand.ee\/wp-content\/gallery\/my-brand-cacharel-amor-amor\/MB-Cacharel-Amor-Amor-13.jpg\" alt=\"My Brand Cacharel Amor Amor\" width=\"1800\" height=\"1200\"><\/p>\n<h4>GALERII<\/h4>\n<p>ngg_shortcode_1_placeholder<\/p>","protected":false},"excerpt":{"rendered":"<p>My Brand Cacharel Amor Amor &#8220;Cherie&#8221; must emane (BbEe, kannab pruuni ja kollast) s\u00fcnd 23.02.2024 Eesti Kennelliidu andmebaas \u00bb TERVISEUURINGUD puusad &#8212; k\u00fc\u00fcnarliigesed &#8212; silmauuring &#8212; s\u00fcdameuuring &#8212; GEENITESTID HNPK puhas (vanemad puhtad) EIC puhas (vanemad puhtad) PRA-prcd puhas (vanemad puhtad) k\u00f5ik tulemused &#8212; SUGUPUU Waterline\u2019s Femi HD A\/A ED 0:0 Eyes Clear, Heart ausc [&hellip;]<\/p>\n","protected":false},"author":1,"featured_media":0,"parent":783,"menu_order":27,"comment_status":"closed","ping_status":"closed","template":"","meta":{"ngg_post_thumbnail":0,"footnotes":""},"class_list":["post-9726","page","type-page","status-publish","hentry"],"_links":{"self":[{"href":"https:\/\/vana.mybrand.ee\/et\/wp-json\/wp\/v2\/pages\/9726","targetHints":{"allow":["GET"]}}],"collection":[{"href":"https:\/\/vana.mybrand.ee\/et\/wp-json\/wp\/v2\/pages"}],"about":[{"href":"https:\/\/vana.mybrand.ee\/et\/wp-json\/wp\/v2\/types\/page"}],"author":[{"embeddable":true,"href":"https:\/\/vana.mybrand.ee\/et\/wp-json\/wp\/v2\/users\/1"}],"replies":[{"embeddable":true,"href":"https:\/\/vana.mybrand.ee\/et\/wp-json\/wp\/v2\/comments?post=9726"}],"version-history":[{"count":0,"href":"https:\/\/vana.mybrand.ee\/et\/wp-json\/wp\/v2\/pages\/9726\/revisions"}],"up":[{"embeddable":true,"href":"https:\/\/vana.mybrand.ee\/et\/wp-json\/wp\/v2\/pages\/783"}],"wp:attachment":[{"href":"https:\/\/vana.mybrand.ee\/et\/wp-json\/wp\/v2\/media?parent=9726"}],"curies":[{"name":"wp","href":"https:\/\/api.w.org\/{rel}","templated":true}]}}