{"id":9845,"date":"2025-01-03T18:32:16","date_gmt":"2025-01-03T16:32:16","guid":{"rendered":"https:\/\/vana.mybrand.ee\/?page_id=9845"},"modified":"2026-01-26T14:35:27","modified_gmt":"2026-01-26T12:35:27","slug":"koolitus","status":"publish","type":"page","link":"https:\/\/vana.mybrand.ee\/et\/koolitus\/","title":{"rendered":"Koolitused"},"content":{"rendered":"<p>Pakume erineval tasemel koertele ja nende omanikele erinevaid koolitusi.&nbsp;<\/p>\n<p><img loading=\"lazy\" decoding=\"async\" class=\"alignnone\" src=\"https:\/\/vana.mybrand.ee\/wp-content\/gallery\/web\/headimage-6.jpg\" alt=\"headimage-6\" width=\"1800\" height=\"450\"><\/p>\n<h2 dir=\"ltr\">1. MB KUTSIKATE STARDIKOOLITUS (L1)<\/h2>\n<p><span style=\"font-weight: 400;\">Koolitus on m\u00f5eldud 2-6-kuustele kutsikatele, kelle omanikud soovivad luua koeraga \u00fchist suhtluskeelt ning kahepoolselt toimivat suhet.&nbsp;<\/span><\/p>\n<p><span style=\"font-weight: 400;\">Kursuse teemad:<\/span><\/p>\n<ul>\n<li style=\"font-weight: 400;\" aria-level=\"1\"><span style=\"font-weight: 400;\">koerte vajadused, kehakeel, suhtlemisviisid, erinevad signaalid<\/span><\/li>\n<li><span style=\"font-weight: 400;\">kuidas kiita ja premeerida, millised on kuumad\/k\u00fclmad preemiad, millal maius toimib ja millal mitte<\/span><\/li>\n<li><span style=\"font-weight: 400;\">kuidas \u00f5petada koerale s\u00f5nu, mis viivad tehniliste ja koreograafiliste oskusteni<\/span><\/li>\n<li>kontakt, erinevat t\u00fc\u00fcpi kontaktid<\/li>\n<li>k\u00e4sitlemine, katsumine, kohtumised v\u00f5\u00f5raste inimeste, laste, loomaarsti ja teiste koertega<\/li>\n<li><span style=\"font-weight: 400;\">sotsialiseerimine &#8211; mis see on ja mida see ei ole<\/span><\/li>\n<li><span style=\"font-weight: 400;\">sotsiaalne \u00e4revus, reaktiivsus ja viisid seda v\u00e4ltida<\/span><\/li>\n<li>rihma otsas tirimata jalutamine<\/li>\n<li style=\"font-weight: 400;\" aria-level=\"1\"><span style=\"font-weight: 400;\">retriiverid, nende t\u00f5uomadused ja erip\u00e4rad<\/span><\/li>\n<li aria-level=\"1\">asjade toomine, inimesele loovutamine<\/li>\n<li style=\"font-weight: 400;\" aria-level=\"1\"><span style=\"font-weight: 400;\">koera meeleseisundi m\u00f5jutamine.<\/span><\/li>\n<\/ul>\n<p dir=\"ltr\"><span style=\"font-weight: 400;\">Koolitus sisaldab 8 kontakttundi ning virtuaalset loengut Zoomis. Aprillist oktoobrini toimuvad trennid \u00f5ues Harjumaal. <\/span>Talvel teeme trenne siseruumides.<br \/>\nKursuse hind koera kohta on 225 eurot, My Brand kutsikaomanikele 185 eurot.&nbsp;<\/p>\n<p dir=\"ltr\">Info tel <a href=\"callto:+3725040116\">5040116<\/a>, <a href=\"mailto:info@mybrand.ee\">info@mybrand.ee<\/a>.&nbsp;<\/p>\n<p dir=\"ltr\">&#x2705;&nbsp;<a href=\"https:\/\/docs.google.com\/document\/d\/1H15wFKLDsHr-LOkCPGWRaSz0cf46H9o7cmczo9xLXIk\/edit?usp=sharing\">Siit leiad L1 stardikoolituse programmi, ajakava ja juhised osalejale<\/a><\/p>\n<p dir=\"ltr\">&#x27a1;&#xfe0f; <strong><a href=\"https:\/\/forms.gle\/9rqcrz2t46EzerCL6\" target=\"_blank\" rel=\"noopener\">Registreeri ja tule koolitusele! <\/a><\/strong><\/p>\n<p dir=\"ltr\"><img loading=\"lazy\" decoding=\"async\" class=\"alignnone size-full wp-image-9847\" src=\"http:\/\/vana.mybrand.ee\/wp-content\/uploads\/2025\/01\/WhatsAppi-pilt-2025-01-03-kell-18.10.15_64b12777-3.jpg\" alt=\"\" width=\"1400\" height=\"425\" srcset=\"https:\/\/vana.mybrand.ee\/wp-content\/uploads\/2025\/01\/WhatsAppi-pilt-2025-01-03-kell-18.10.15_64b12777-3.jpg 1400w, https:\/\/vana.mybrand.ee\/wp-content\/uploads\/2025\/01\/WhatsAppi-pilt-2025-01-03-kell-18.10.15_64b12777-3-300x91.jpg 300w, https:\/\/vana.mybrand.ee\/wp-content\/uploads\/2025\/01\/WhatsAppi-pilt-2025-01-03-kell-18.10.15_64b12777-3-1024x311.jpg 1024w, https:\/\/vana.mybrand.ee\/wp-content\/uploads\/2025\/01\/WhatsAppi-pilt-2025-01-03-kell-18.10.15_64b12777-3-768x233.jpg 768w\" sizes=\"auto, (max-width: 1400px) 100vw, 1400px\" \/><\/p>\n<h2 dir=\"ltr\">2. MB J\u00c4TKUKOOLITUS (L2)<\/h2>\n<p><span style=\"font-weight: 400;\">Koolitus on m\u00f5eldud koeraomanikele ja nende koertele, kes on l\u00e4binud kutsikate stardikoolituse ja soovivad laiendada nii h\u00e4ndleri kui koerte oskuseid.&nbsp;<\/span><\/p>\n<p><span style=\"font-weight: 400;\">Kursusel r\u00e4\u00e4gime:<\/span><\/p>\n<ul>\n<li style=\"font-weight: 400;\" aria-level=\"1\"><span style=\"font-weight: 400;\">Kuidas koerajuhi kehakeel, h\u00e4\u00e4l ja hoiak m\u00f5jutab koera sooritust ja suhet inimesega<\/span><\/li>\n<li style=\"font-weight: 400;\" aria-level=\"1\"><span style=\"font-weight: 400;\">Miks on koerajuhil vaja n\u00e4itlejameisterlikkust, emotsionaalne koera juhtimine<\/span><\/li>\n<li style=\"font-weight: 400;\" aria-level=\"1\"><span style=\"font-weight: 400;\">Kuidas treenida p\u00fcsivust, rahu ja keskendumist (<\/span><i><span style=\"font-weight: 400;\">engagement<\/span><\/i><span style=\"font-weight: 400;\">)<\/span><\/li>\n<li style=\"font-weight: 400;\" aria-level=\"1\"><span style=\"font-weight: 400;\">Impulsi kontrollist ja erinevatest viisidest seda treenida koduses argielus<\/span><\/li>\n<li style=\"font-weight: 400;\" aria-level=\"1\"><span style=\"font-weight: 400;\">Kuidas \u00fclesandeid omavahel liita, mis on <\/span><i><span style=\"font-weight: 400;\">backchaining<\/span><\/i><span style=\"font-weight: 400;\"> ja kuidas seada treeningeesm\u00e4rke<\/span><\/li>\n<li style=\"font-weight: 400;\" aria-level=\"1\"><span style=\"font-weight: 400;\">Koera murdeiga &#8211; kuidas see \u00fcle elada ilma suhet kaotamata<\/span><\/li>\n<li style=\"font-weight: 400;\" aria-level=\"1\"><span style=\"font-weight: 400;\">Asjade otsimine, loovutamine, ninat\u00f6\u00f6, j\u00e4lg<\/span><\/li>\n<\/ul>\n<p dir=\"ltr\"><span style=\"font-weight: 400;\">Kursus koosneb 8-st kontakttunnist, mis toimuvad vastavalt teemale erinevates kohtades.&nbsp;<\/span>Kursuse hind koera kohta on 225 eurot, My Brand kutsikaomanikele 185 eurot.<\/p>\n<p dir=\"ltr\">Info tel <a href=\"callto:+3725040116\">5040116<\/a>, <a href=\"mailto:info@mybrand.ee\">info@mybrand.ee<\/a>.&nbsp;<\/p>\n<div>&#x2705;&nbsp;<a href=\"https:\/\/docs.google.com\/document\/d\/1Nr2TcR5JiJj3JfNZ3QmYrU3Lbt3eQ_h0zJwd-fHVq2E\/edit?usp=drive_link\">Siit leiad L2 j\u00e4tkukoolituse programmi, ajakava ja juhised osalejale<\/a><\/div>\n<p dir=\"ltr\">&#x27a1;&#xfe0f; <strong><a href=\"https:\/\/forms.gle\/9rqcrz2t46EzerCL6\" target=\"_blank\" rel=\"noopener\">Registreeri ja tule koolitusele! <\/a><\/strong><\/p>\n<p dir=\"ltr\"><img loading=\"lazy\" decoding=\"async\" class=\"alignnone size-full wp-image-9849\" src=\"http:\/\/vana.mybrand.ee\/wp-content\/uploads\/2025\/01\/IMG_7754.jpg\" alt=\"\" width=\"1400\" height=\"425\" srcset=\"https:\/\/vana.mybrand.ee\/wp-content\/uploads\/2025\/01\/IMG_7754.jpg 1400w, https:\/\/vana.mybrand.ee\/wp-content\/uploads\/2025\/01\/IMG_7754-300x91.jpg 300w, https:\/\/vana.mybrand.ee\/wp-content\/uploads\/2025\/01\/IMG_7754-1024x311.jpg 1024w, https:\/\/vana.mybrand.ee\/wp-content\/uploads\/2025\/01\/IMG_7754-768x233.jpg 768w\" sizes=\"auto, (max-width: 1400px) 100vw, 1400px\" \/><\/p>\n<h2 dir=\"ltr\">3. MB J\u00c4TKUKOOLITUS (L3)<\/h2>\n<p><span style=\"font-weight: 400;\">See j\u00e4tkukoolituse moodul on suunaga retriiverite instinktidele ja oskustele, ent osaleda v\u00f5ivad ka teist t\u00f5ugu koerte omanikud, kes soovivad samu oskuseid harjutada. Koost\u00f6\u00f6 inimesega teiste koerte juuresolekul, asjade leidmine ja toomine pakuvad koerale v\u00f5imalust teha t\u00f5uomaseid tegevusi, kasutada oma instinkte lubatud moel. \u00dcksk\u00f5ik, kas soovid viia oma koera jahile, retriiverite katsetele v\u00f5i tahad talle tema r\u00f5\u00f5muks lihtsalt pakkuda t\u00f5uomast tegevust, see kursus h\u00f5lmab nii koerajuhile kui koerale h\u00e4id oskuseid:<\/span><\/p>\n<ul>\n<li style=\"font-weight: 400;\" aria-level=\"1\">k\u00f5rvale tulek, p\u00fcsivus ja k\u00f5rvalk\u00f5nd<\/li>\n<li aria-level=\"1\">markeerimine, m\u00e4lu, keskendumine, stabiilsus ja p\u00fcsivus visete (markide) ajal<\/li>\n<li><span style=\"font-weight: 400;\">stop-vile<\/span><\/li>\n<li aria-level=\"1\">suunamised: edasi, vasak, parem<\/li>\n<li aria-level=\"1\"><span style=\"font-weight: 400;\">p\u00fcsivus teiste koerte juuresolekul, <\/span><\/li>\n<li aria-level=\"1\"><span style=\"font-weight: 400;\">esemete otsimine, leidmine, \u00e4ratoomine ja ilus loovutamine,<\/span><\/li>\n<li aria-level=\"1\"><span style=\"font-weight: 400;\">l\u00e4hiotsing ja&nbsp;<\/span><span style=\"font-weight: 400;\">lai otsing, <\/span><\/li>\n<li aria-level=\"1\"><span style=\"font-weight: 400;\">j\u00e4lg.<\/span><\/li>\n<\/ul>\n<p dir=\"ltr\"><span style=\"font-weight: 400;\">Kursus koosneb 8-st kontakttunnist, mis toimuvad vastavalt teemale erinevates kohtades.&nbsp;<\/span>Kursuse hind koera kohta on 225 eurot, My Brand kutsikaomanikele 185 eurot.<\/p>\n<p dir=\"ltr\">Info tel <a href=\"callto:+3725040116\">5040116<\/a>, <a href=\"mailto:info@mybrand.ee\">info@mybrand.ee<\/a>.&nbsp;<\/p>\n<div>\n<div>&#x2705;&nbsp;<a href=\"https:\/\/docs.google.com\/document\/d\/1-gDmaQBwLOt3BhY-gMPSPwgiXhpetQNtIwpcrPc_kAU\/edit?usp=sharing\">Siit leiad L3 j\u00e4tkukoolituse programmi, ajakava ja juhised osalejale<\/a><\/div>\n<\/div>\n<p dir=\"ltr\">&#x27a1;&#xfe0f; <strong><a href=\"https:\/\/forms.gle\/9rqcrz2t46EzerCL6\" target=\"_blank\" rel=\"noopener\">Registreeri ja tule koolitusele! <\/a><\/strong><\/p>\n<p dir=\"ltr\"><img loading=\"lazy\" decoding=\"async\" class=\"alignnone size-full wp-image-9853\" src=\"http:\/\/vana.mybrand.ee\/wp-content\/uploads\/2025\/01\/Tatjana-trenn-Soodajarvel-17.04.2021_29.jpg\" alt=\"\" width=\"1400\" height=\"425\" srcset=\"https:\/\/vana.mybrand.ee\/wp-content\/uploads\/2025\/01\/Tatjana-trenn-Soodajarvel-17.04.2021_29.jpg 1400w, https:\/\/vana.mybrand.ee\/wp-content\/uploads\/2025\/01\/Tatjana-trenn-Soodajarvel-17.04.2021_29-300x91.jpg 300w, https:\/\/vana.mybrand.ee\/wp-content\/uploads\/2025\/01\/Tatjana-trenn-Soodajarvel-17.04.2021_29-1024x311.jpg 1024w, https:\/\/vana.mybrand.ee\/wp-content\/uploads\/2025\/01\/Tatjana-trenn-Soodajarvel-17.04.2021_29-768x233.jpg 768w\" sizes=\"auto, (max-width: 1400px) 100vw, 1400px\" \/><\/p>\n<h2 dir=\"ltr\">4. INDIVIDUAALSED TRENNID<\/h2>\n<p><span style=\"font-weight: 400;\">M\u00f5nikord on vaja omaniku ja koera suhtesse natuke s\u00fcgavamalt sisse vaadata, et suhet ja koost\u00f6\u00f6d parandada. V\u00f5i on koera jaoks veel vara ja keeruline keskenduda olukorras, kus \u00fcmber on teised koerad. Kui soovid tulla oma koeraga ilma h\u00e4irijateta trenni, lepi aeg kokku. Eratrenni hind on 25 eurot.&nbsp;<\/span><\/p>\n<p dir=\"ltr\">Info tel <a href=\"callto:+3725040116\">5040116<\/a>, <a href=\"mailto:info@mybrand.ee\">info@mybrand.ee<\/a>.&nbsp;<\/p>\n<p dir=\"ltr\">&#x27a1;&#xfe0f; <strong><a href=\"https:\/\/docs.google.com\/spreadsheets\/d\/19spq-TAW7L4zlZjsLopCc_l6diuf1QGBjDvNYg7-lLM\/edit?usp=sharing\" target=\"_blank\" rel=\"noopener\">Eratrenni aja saad valida siit<\/a><\/strong><\/p>\n<h4>KOOLITAJAST<\/h4>\n<p>CV<\/p>\n<h4>GALERII<\/h4>\n<p>ngg_shortcode_1_placeholder<\/p>","protected":false},"excerpt":{"rendered":"<p>Pakume erineval tasemel koertele ja nende omanikele erinevaid koolitusi.&nbsp; 1. MB KUTSIKATE STARDIKOOLITUS (L1) Koolitus on m\u00f5eldud 2-6-kuustele kutsikatele, kelle omanikud soovivad luua koeraga \u00fchist suhtluskeelt ning kahepoolselt toimivat suhet.&nbsp; Kursuse teemad: koerte vajadused, kehakeel, suhtlemisviisid, erinevad signaalid kuidas kiita ja premeerida, millised on kuumad\/k\u00fclmad preemiad, millal maius toimib ja millal mitte kuidas \u00f5petada koerale [&hellip;]<\/p>\n","protected":false},"author":1,"featured_media":0,"parent":0,"menu_order":8,"comment_status":"closed","ping_status":"closed","template":"","meta":{"ngg_post_thumbnail":0,"footnotes":""},"class_list":["post-9845","page","type-page","status-publish","hentry"],"_links":{"self":[{"href":"https:\/\/vana.mybrand.ee\/et\/wp-json\/wp\/v2\/pages\/9845","targetHints":{"allow":["GET"]}}],"collection":[{"href":"https:\/\/vana.mybrand.ee\/et\/wp-json\/wp\/v2\/pages"}],"about":[{"href":"https:\/\/vana.mybrand.ee\/et\/wp-json\/wp\/v2\/types\/page"}],"author":[{"embeddable":true,"href":"https:\/\/vana.mybrand.ee\/et\/wp-json\/wp\/v2\/users\/1"}],"replies":[{"embeddable":true,"href":"https:\/\/vana.mybrand.ee\/et\/wp-json\/wp\/v2\/comments?post=9845"}],"version-history":[{"count":4,"href":"https:\/\/vana.mybrand.ee\/et\/wp-json\/wp\/v2\/pages\/9845\/revisions"}],"predecessor-version":[{"id":10248,"href":"https:\/\/vana.mybrand.ee\/et\/wp-json\/wp\/v2\/pages\/9845\/revisions\/10248"}],"wp:attachment":[{"href":"https:\/\/vana.mybrand.ee\/et\/wp-json\/wp\/v2\/media?parent=9845"}],"curies":[{"name":"wp","href":"https:\/\/api.w.org\/{rel}","templated":true}]}}